{"id":6645,"date":"2025-03-11T06:35:17","date_gmt":"2025-03-11T06:35:17","guid":{"rendered":"https:\/\/fmp-components.com\/product\/5-stage-hydraulic-hoist-cylinder-dump-truck-hydraulic-cylinder"},"modified":"2025-03-12T08:36:56","modified_gmt":"2025-03-12T08:36:56","slug":"5-stage-hydraulic-hoist-cylinder-dump-truck-hydraulic-cylinder","status":"publish","type":"product","link":"https:\/\/fmp-components.com\/fr\/product\/5-stage-hydraulic-hoist-cylinder-dump-truck-hydraulic-cylinder\/","title":{"rendered":"V\u00e9rin de levage hydraulique \u00e0 5 \u00e9tages pour camion \u00e0 benne basculante"},"content":{"rendered":"<h2>V\u00e9rin de levage hydraulique \u00e0 5 \u00e9tages pour camion \u00e0 benne basculante<\/h2>\n<p>Le v\u00e9rin hydraulique \u00e0 5 \u00e9tages pour camion-benne est un produit de pointe con\u00e7u pour offrir une efficacit\u00e9 et une puissance optimales. Sa conception fiable et robuste en fait un composant essentiel pour les ateliers de r\u00e9paration de machines, les exploitations agricoles, les secteurs de l'\u00e9nergie et des mines, ainsi que pour la fabrication et l'exploitation de machines.<\/p>\n<p><img loading=\"lazy\" decoding=\"async\" class=\"alignnone  wp-image-6664\" src=\"https:\/\/fmp-components.com\/wp-content\/uploads\/2025\/03\/telescopic-hydraulic-cylinder-8.webp\" alt=\"v\u00e9rin hydraulique t\u00e9lescopique\" width=\"861\" height=\"861\" title=\"\" srcset=\"https:\/\/fmp-components.com\/wp-content\/uploads\/2025\/03\/telescopic-hydraulic-cylinder-8.webp 861w, https:\/\/fmp-components.com\/wp-content\/uploads\/2025\/03\/telescopic-hydraulic-cylinder-8-480x480.webp 480w\" sizes=\"(min-width: 0px) and (max-width: 480px) 480px, (min-width: 481px) 861px, 100vw\" \/><\/p>\n<h3>Caract\u00e9ristiques et sp\u00e9cifications du produit<\/h3>\n<p>Ce v\u00e9rin hydraulique, d'un poids de 28 kg, est garanti 1 an. Il est dot\u00e9 d'une structure \u00e0 piston standard, actionn\u00e9e par l'\u00e9nergie hydraulique, et fabriqu\u00e9 en acier de haute qualit\u00e9 pour une durabilit\u00e9 maximale. Il offre une pouss\u00e9e maximale de 3\u00a0000 Nm et une force de traction maximale de 20 tonnes. De couleur noire, il s'agit d'un v\u00e9rin hydraulique multi-\u00e9tages.<\/p>\n<table style=\"width: 95.1506%; height: 115px;\" border=\"\">\n<tbody>\n<tr style=\"height: 23px;\">\n<th style=\"width: 43.5028%; height: 23px;\">Taille de l&#039;al\u00e9sage<\/th>\n<td style=\"width: 459.393%; height: 23px;\">2 \u00e0 6 pouces<\/td>\n<\/tr>\n<tr style=\"height: 23px;\">\n<th style=\"width: 43.5028%; height: 23px;\">Taille de la tige<\/th>\n<td style=\"width: 459.393%; height: 23px;\">1,125-4 pouces<\/td>\n<\/tr>\n<tr style=\"height: 23px;\">\n<th style=\"width: 43.5028%; height: 23px;\">Taille de la course<\/th>\n<td style=\"width: 459.393%; height: 23px;\">4 \u00e0 100 pouces<\/td>\n<\/tr>\n<tr style=\"height: 23px;\">\n<th style=\"width: 43.5028%; height: 23px;\">Taille de la broche<\/th>\n<td style=\"width: 459.393%; height: 23px;\">0,5 \u00e0 2 pouces<\/td>\n<\/tr>\n<tr style=\"height: 23px;\">\n<th style=\"width: 43.5028%; height: 23px;\">Ports<\/th>\n<td style=\"width: 459.393%; height: 23px;\">G\/SAE\/NPT\/M<\/td>\n<\/tr>\n<\/tbody>\n<\/table>\n<h2>Caract\u00e9ristiques et avantages uniques<\/h2>\n<p>Ce v\u00e9rin hydraulique est con\u00e7u pour optimiser l'efficacit\u00e9 \u00e9nerg\u00e9tique, la performance et la s\u00e9curit\u00e9, ce qui en fait un choix de premier plan sur le march\u00e9. Ses caract\u00e9ristiques innovantes garantissent un fonctionnement optimal tout en minimisant l'impact environnemental. En optimisant la conversion d'\u00e9nergie hydraulique, ce v\u00e9rin permet non seulement de r\u00e9duire les co\u00fbts \u00e9nerg\u00e9tiques, mais aussi de favoriser des pratiques durables. De plus, sa construction robuste et sa conception avanc\u00e9e offrent une grande tranquillit\u00e9 d'esprit, car il r\u00e9pond aux normes de s\u00e9curit\u00e9 les plus strictes et assure un fonctionnement fiable m\u00eame dans des conditions exigeantes.<\/p>\n<h3>Syst\u00e8mes hydrauliques et principes de fonctionnement<\/h3>\n<p>Le v\u00e9rin hydraulique fonctionne selon le principe fondamental de la conversion de l'\u00e9nergie hydraulique en mouvement m\u00e9canique. Ce processus consiste \u00e0 transformer la pression en force, ce qui permet au v\u00e9rin d'effectuer diverses t\u00e2ches m\u00e9caniques avec pr\u00e9cision. Lorsque le fluide hydraulique est sous pression, il exerce une pression sur un piston \u00e0 l'int\u00e9rieur du v\u00e9rin, g\u00e9n\u00e9rant un mouvement lin\u00e9aire. Cette conversion d'\u00e9nergie efficace fait des v\u00e9rins hydrauliques des composants essentiels dans de nombreuses applications de machines et d'ing\u00e9nierie, permettant aux op\u00e9rateurs de soulever, pousser ou tirer des charges lourdes avec aisance.<\/p>\n<p><img loading=\"lazy\" decoding=\"async\" class=\"alignnone  wp-image-6665\" src=\"https:\/\/fmp-components.com\/wp-content\/uploads\/2025\/03\/telescopic-hydraulic-cylinder-9.webp\" alt=\"v\u00e9rin hydraulique t\u00e9lescopique\" width=\"912\" height=\"912\" title=\"\" srcset=\"https:\/\/fmp-components.com\/wp-content\/uploads\/2025\/03\/telescopic-hydraulic-cylinder-9.webp 912w, https:\/\/fmp-components.com\/wp-content\/uploads\/2025\/03\/telescopic-hydraulic-cylinder-9-480x480.webp 480w\" sizes=\"(min-width: 0px) and (max-width: 480px) 480px, (min-width: 481px) 912px, 100vw\" \/><\/p>\n<h3>Sc\u00e9narios d'application<\/h3>\n<p>Ce v\u00e9rin hydraulique trouve de nombreuses applications dans divers secteurs, notamment\u00a0:<\/p>\n<ul>\n<li><strong>Ateliers de r\u00e9paration de machines :<\/strong> Dans les environnements de r\u00e9paration, les v\u00e9rins hydrauliques facilitent le levage et le positionnement des composants de machines lourdes, rationalisant ainsi les processus de maintenance et am\u00e9liorant l'efficacit\u00e9 op\u00e9rationnelle.<\/li>\n<li><strong>Agriculture:<\/strong> Dans le secteur agricole, ces v\u00e9rins sont indispensables au fonctionnement d'engins tels que les tracteurs et les moissonneuses-batteuses. Ils facilitent des t\u00e2ches comme le levage, le labour et le transport de marchandises, am\u00e9liorant ainsi consid\u00e9rablement la productivit\u00e9 des exploitations agricoles.<\/li>\n<li><strong>\u00c9nergie et mines :<\/strong> Les v\u00e9rins hydrauliques sont essentiels dans les secteurs de l'\u00e9nergie et des mines, o\u00f9 ils servent au forage, \u00e0 l'excavation et \u00e0 la manutention des mat\u00e9riaux. Leur capacit\u00e9 \u00e0 fonctionner de mani\u00e8re fiable dans des conditions difficiles les rend indispensables aux \u00e9quipements de ces industries.<\/li>\n<li><strong>Fabrication de machines :<\/strong> Dans le secteur manufacturier, les v\u00e9rins hydrauliques servent \u00e0 automatiser les processus, \u00e0 soulever des charges lourdes et \u00e0 alimenter les cha\u00eenes de montage. Leur efficacit\u00e9 contribue \u00e0 accro\u00eetre la productivit\u00e9 et la pr\u00e9cision de la production.<\/li>\n<li><strong>Usines de machines :<\/strong> Ces cylindres jouent un r\u00f4le cl\u00e9 dans l'assemblage et le fonctionnement de divers composants de machines, assurant des flux de travail fluides et une manutention efficace des mat\u00e9riaux en milieu industriel.<\/li>\n<\/ul>\n<h2>V\u00e9rins hydrauliques et groupes motopropulseurs<\/h2>\n<p>Les v\u00e9rins et les centrales hydrauliques sont des composants essentiels de tout syst\u00e8me hydraulique. Fonctionnant de concert, ils assurent une puissance et un contr\u00f4le fiables. Le v\u00e9rin hydraulique agit comme actionneur, convertissant l'\u00e9nergie hydraulique en mouvement m\u00e9canique, tandis que la centrale hydraulique g\u00e9n\u00e8re et r\u00e9gule la pression hydraulique n\u00e9cessaire au fonctionnement. Cette relation symbiotique permet une large application de la technologie hydraulique dans divers secteurs industriels, garantissant ainsi le fonctionnement optimal des \u00e9quipements m\u00e9caniques et d'ing\u00e9nierie. En int\u00e9grant des v\u00e9rins hydrauliques de haute qualit\u00e9 \u00e0 des centrales hydrauliques performantes, les entreprises peuvent optimiser les performances et la fiabilit\u00e9 de leurs op\u00e9rations, stimulant ainsi la productivit\u00e9 et l'innovation dans leurs domaines respectifs.<\/p>\n<h2>FAQ<\/h2>\n<p><b>Q : \u00cates-vous une soci\u00e9t\u00e9 commerciale ou un fabricant ?<\/b><br \/>\nA : Nous sommes une usine.<\/p>\n<p><b>Q : Quel est votre d\u00e9lai de livraison ?<\/b><br \/>\nR : En g\u00e9n\u00e9ral, cela prend entre 25 et 35 jours.<\/p>\n<p><b>Q\u00a0: Fournissez-vous des \u00e9chantillons\u00a0? Sont-ils gratuits ou en suppl\u00e9ment\u00a0?<\/b><br \/>\nR : Oui, nous pourrions proposer l&#039;\u00e9chantillon mais ce n&#039;est pas gratuit.<\/p>\n<h3>\u00c0 propos de FMP<\/h3>\n<p class=\"break-words\">FMP est un fabricant italien de premier plan sp\u00e9cialis\u00e9 dans la conception, le d\u00e9veloppement et la production de v\u00e9rins hydrauliques de haute qualit\u00e9. Forts d&#039;un riche h\u00e9ritage ancr\u00e9 dans des d\u00e9cennies d&#039;expertise, nous sommes fiers d&#039;allier savoir-faire italien et technologie de pointe pour proposer des solutions hydrauliques exceptionnelles, adapt\u00e9es aux besoins vari\u00e9s de notre client\u00e8le internationale. Bas\u00e9e en Italie, p\u00f4le d&#039;excellence en ing\u00e9nierie, FMP est une r\u00e9f\u00e9rence dans le secteur hydraulique, engag\u00e9e \u00e0 fournir des produits fiables, durables et innovants qui dynamisent les entreprises du monde entier.<\/p>\n<p class=\"break-words\">Notre entreprise allie le meilleur des traditions de fabrication de pointe \u00e0 une approche avant-gardiste. Forte de nombreuses ann\u00e9es d&#039;exp\u00e9rience dans les syst\u00e8mes hydrauliques, FMP est devenue une entreprise moderne qui excelle en recherche, conception et production. Nous proposons une large gamme de v\u00e9rins hydrauliques, notamment des v\u00e9rins \u00e0 double effet, des v\u00e9rins de levage pour automobiles et pour machines agricoles, ainsi que des solutions sur mesure pour diverses applications industrielles. Qu&#039;il s&#039;agisse de construction, d&#039;installations industrielles, d&#039;agriculture ou de machines lourdes, nos v\u00e9rins hydrauliques sont con\u00e7us pour fonctionner dans les conditions les plus difficiles, garantissant s\u00e9curit\u00e9, efficacit\u00e9 et long\u00e9vit\u00e9.<\/p>\n<p><img loading=\"lazy\" decoding=\"async\" class=\"alignnone size-full wp-image-6720\" src=\"https:\/\/fmp-components.com\/wp-content\/uploads\/2025\/03\/hydraulic-cylinder-8.webp\" alt=\"V\u00e9rins hydrauliques t\u00e9lescopiques\" width=\"933\" height=\"526\" title=\"\" srcset=\"https:\/\/fmp-components.com\/wp-content\/uploads\/2025\/03\/hydraulic-cylinder-8.webp 933w, https:\/\/fmp-components.com\/wp-content\/uploads\/2025\/03\/hydraulic-cylinder-8-480x271.webp 480w\" sizes=\"(min-width: 0px) and (max-width: 480px) 480px, (min-width: 481px) 933px, 100vw\" \/><\/p>\n<p class=\"break-words\">Chez FMP, nous sommes fiers de nos installations de production ultramodernes, \u00e9quip\u00e9es de machines de pr\u00e9cision et de syst\u00e8mes de test avanc\u00e9s. Nos processus de fabrication respectent des normes nationales et internationales rigoureuses, garantissant ainsi la qualit\u00e9 et la fiabilit\u00e9 de chaque v\u00e9rin hydraulique quittant notre usine. Notre \u00e9quipe technique qualifi\u00e9e, associ\u00e9e \u00e0 des \u00e9quipements de pointe, nous permet d&#039;assurer un contr\u00f4le qualit\u00e9 rigoureux \u00e0 chaque \u00e9tape de la production, de la s\u00e9lection des mati\u00e8res premi\u00e8res au contr\u00f4le final. Cette volont\u00e9 d&#039;excellence nous a valu des certifications et la reconnaissance des autorit\u00e9s du secteur, consolidant ainsi notre r\u00e9putation de partenaire fiable.<\/p>\n<p class=\"break-words\">Notre mission est simple et ambitieuse\u00a0: fournir \u00e0 nos clients des v\u00e9rins hydrauliques d\u00e9passant leurs attentes en termes de performances, de durabilit\u00e9 et de rapport qualit\u00e9-prix. Nous agissons selon les principes directeurs de professionnalisme, d&#039;int\u00e9grit\u00e9 et d&#039;orientation client. En favorisant une culture d&#039;innovation et de pr\u00e9cision, nous perfectionnons continuellement nos produits pour conserver une longueur d&#039;avance sur un march\u00e9 concurrentiel. Notre gamme compl\u00e8te de produits et notre capacit\u00e9 \u00e0 proposer des solutions sur mesure font de nous le choix incontournable des entreprises \u00e0 la recherche de v\u00e9rins hydrauliques hautes performances.<\/p>\n<p class=\"break-words\">FMP est plus qu&#039;un simple fabricant\u00a0: nous sommes le partenaire de votre r\u00e9ussite. Nous comprenons que nos clients comptent sur nous pour leur fournir des outils qui am\u00e9liorent leur productivit\u00e9 et leur s\u00e9curit\u00e9. C&#039;est pourquoi nous nous engageons \u00e0 offrir non seulement des produits haut de gamme, mais aussi un service exceptionnel. De la consultation initiale au service apr\u00e8s-vente, nous travaillons en \u00e9troite collaboration avec nos clients pour r\u00e9pondre \u00e0 leurs besoins avec professionnalisme et attention. Nos prix comp\u00e9titifs, associ\u00e9s \u00e0 notre engagement ind\u00e9fectible envers la qualit\u00e9, font de FMP le choix id\u00e9al pour les entreprises souhaitant investir dans des solutions hydrauliques fiables.<\/p>","protected":false},"excerpt":{"rendered":"<p>5 Stage Hydraulic Hoist Cylinder Dump Truck Hydraulic Cylinder The 5 Stage Hydraulic Hoist Cylinder Dump Truck hydraulic cylinder is a state-of-the-art product designed to provide the highest level of efficiency and power. Its reliable and durable design makes it an essential component in machinery repair shops, farms, energy and mining sectors, machinery manufacturing and [&hellip;]<\/p>","protected":false},"featured_media":6767,"comment_status":"closed","ping_status":"closed","template":"","meta":{"_et_pb_use_builder":"","_et_pb_old_content":"","_et_gb_content_width":""},"product_brand":[],"product_cat":[103],"product_tag":[34,105],"class_list":{"0":"post-6645","1":"product","2":"type-product","3":"status-publish","4":"has-post-thumbnail","6":"product_cat-telescopic-hydraulic-cylinders","7":"product_tag-hydraulic-cylinder","8":"product_tag-telescopic-hydraulic-cylinders","10":"first","11":"instock","12":"product-type-simple"},"_links":{"self":[{"href":"https:\/\/fmp-components.com\/fr\/wp-json\/wp\/v2\/product\/6645","targetHints":{"allow":["GET"]}}],"collection":[{"href":"https:\/\/fmp-components.com\/fr\/wp-json\/wp\/v2\/product"}],"about":[{"href":"https:\/\/fmp-components.com\/fr\/wp-json\/wp\/v2\/types\/product"}],"replies":[{"embeddable":true,"href":"https:\/\/fmp-components.com\/fr\/wp-json\/wp\/v2\/comments?post=6645"}],"wp:featuredmedia":[{"embeddable":true,"href":"https:\/\/fmp-components.com\/fr\/wp-json\/wp\/v2\/media\/6767"}],"wp:attachment":[{"href":"https:\/\/fmp-components.com\/fr\/wp-json\/wp\/v2\/media?parent=6645"}],"wp:term":[{"taxonomy":"product_brand","embeddable":true,"href":"https:\/\/fmp-components.com\/fr\/wp-json\/wp\/v2\/product_brand?post=6645"},{"taxonomy":"product_cat","embeddable":true,"href":"https:\/\/fmp-components.com\/fr\/wp-json\/wp\/v2\/product_cat?post=6645"},{"taxonomy":"product_tag","embeddable":true,"href":"https:\/\/fmp-components.com\/fr\/wp-json\/wp\/v2\/product_tag?post=6645"}],"curies":[{"name":"wp","href":"https:\/\/api.w.org\/{rel}","templated":true}]}}