{"id":6636,"date":"2025-03-11T06:35:17","date_gmt":"2025-03-11T06:35:17","guid":{"rendered":"https:\/\/fmp-components.com\/product\/factory-customized-small-multi-stage-dump-truck-hydraulic-cylinder"},"modified":"2025-03-12T08:57:19","modified_gmt":"2025-03-12T08:57:19","slug":"factory-customized-small-multi-stage-dump-truck-hydraulic-cylinder","status":"publish","type":"product","link":"https:\/\/fmp-components.com\/fr\/product\/factory-customized-small-multi-stage-dump-truck-hydraulic-cylinder\/","title":{"rendered":"V\u00e9rin hydraulique pour petit camion \u00e0 benne basculante multi-\u00e9tages, personnalis\u00e9 en usine"},"content":{"rendered":"<h2>V\u00e9rin hydraulique pour petit camion \u00e0 benne basculante multi-\u00e9tages, personnalis\u00e9 en usine<\/h2>\n<p>FMP vous propose un v\u00e9rin hydraulique personnalis\u00e9 pour petits camions-bennes multi-\u00e9tages, id\u00e9al pour les ateliers de r\u00e9paration de machines, les exploitations agricoles, les secteurs de l'\u00e9nergie, des mines, de la fabrication et des usines de machines. Ce v\u00e9rin hydraulique est non seulement tr\u00e8s efficace, mais aussi \u00e9conome en \u00e9nergie et s\u00fbr.<\/p>\n<h3>Caract\u00e9ristiques et fonctions du produit<\/h3>\n<p>Ce petit v\u00e9rin hydraulique multi-\u00e9tages pour camion-benne est con\u00e7u avec une structure \u00e0 piston standard et est aliment\u00e9 hydrauliquement. Son corps en acier offre une durabilit\u00e9 et une fiabilit\u00e9 maximales. Avec une pouss\u00e9e maximale de 3\u00a0000 kg et une traction maximale de 20 tonnes, ce v\u00e9rin hydraulique est con\u00e7u pour fonctionner en toutes conditions.<\/p>\n<h3>Sp\u00e9cifications du produit<\/h3>\n<p>Notre v\u00e9rin hydraulique est certifi\u00e9 ISO9001:2000, gage de qualit\u00e9 et de performance. D'un noir \u00e9l\u00e9gant, il p\u00e8se 28 kg. Son al\u00e9sage varie de 5 \u00e0 15 cm, sa tige de 29 cm \u00e0 10 cm et sa course de 10 \u00e0 254 cm. La taille de l'axe varie de 12,7 \u00e0 5 cm. Ce produit est garanti un an sur les composants principaux, tels que le roulement et le v\u00e9rin.<\/p>\n<table style=\"width: 97.4897%;\" border=\"1\">\n<tbody>\n<tr>\n<td style=\"width: 42.8571%;\"><i>Taille de l&#039;al\u00e9sage<\/i><\/td>\n<td style=\"width: 395.429%;\">2 \u00e0 6 pouces<\/td>\n<\/tr>\n<tr>\n<td style=\"width: 42.8571%;\"><i>Taille de la tige<\/i><\/td>\n<td style=\"width: 395.429%;\">1,125-4 pouces<\/td>\n<\/tr>\n<tr>\n<td style=\"width: 42.8571%;\"><i>Taille de la course<\/i><\/td>\n<td style=\"width: 395.429%;\">4 \u00e0 100 pouces<\/td>\n<\/tr>\n<tr>\n<td style=\"width: 42.8571%;\"><i>Taille de la broche<\/i><\/td>\n<td style=\"width: 395.429%;\">0,5 \u00e0 2 pouces<\/td>\n<\/tr>\n<tr>\n<td style=\"width: 42.8571%;\"><i>Ports<\/i><\/td>\n<td style=\"width: 395.429%;\">G\/SAE\/NPT\/M<\/td>\n<\/tr>\n<\/tbody>\n<\/table>\n<h2>Syst\u00e8mes hydrauliques et leur fonctionnement<\/h2>\n<p>Le v\u00e9rin hydraulique sert d'actionneur dans un syst\u00e8me hydraulique. Il convertit l'\u00e9nergie hydraulique en mouvement m\u00e9canique et transforme la pression en force. Le groupe motopropulseur, quant \u00e0 lui, est le c\u0153ur du syst\u00e8me, fournissant l'\u00e9nergie et les signaux de commande n\u00e9cessaires.<\/p>\n<p><img loading=\"lazy\" decoding=\"async\" class=\"alignnone  wp-image-6657\" src=\"https:\/\/fmp-components.com\/wp-content\/uploads\/2025\/03\/telescopic-hydraulic-cylinder-3.webp\" alt=\"v\u00e9rin hydraulique t\u00e9lescopique\" width=\"801\" height=\"801\" title=\"\" srcset=\"https:\/\/fmp-components.com\/wp-content\/uploads\/2025\/03\/telescopic-hydraulic-cylinder-3.webp 801w, https:\/\/fmp-components.com\/wp-content\/uploads\/2025\/03\/telescopic-hydraulic-cylinder-3-480x480.webp 480w\" sizes=\"(min-width: 0px) and (max-width: 480px) 480px, (min-width: 481px) 801px, 100vw\" \/><\/p>\n<h2>Applications des v\u00e9rins hydrauliques<\/h2>\n<p>Nos v\u00e9rins hydrauliques sont utilis\u00e9s dans un large \u00e9ventail de secteurs, notamment les ateliers de r\u00e9paration de machines, les exploitations agricoles, l'\u00e9nergie, l'exploitation mini\u00e8re, la fabrication de machines et les usines de machines. Ils sont utiles pour soulever des charges lourdes, pousser ou tirer des objets volumineux, et pour de nombreuses autres applications n\u00e9cessitant un contr\u00f4le puissant et pr\u00e9cis.<\/p>\n<h3>\u00c0 propos de FMP<\/h3>\n<p class=\"break-words\">FMP est un fabricant italien de premier plan sp\u00e9cialis\u00e9 dans la conception, le d\u00e9veloppement et la production de v\u00e9rins hydrauliques de haute qualit\u00e9. Forts d&#039;un riche h\u00e9ritage ancr\u00e9 dans des d\u00e9cennies d&#039;expertise, nous sommes fiers d&#039;allier savoir-faire italien et technologie de pointe pour proposer des solutions hydrauliques exceptionnelles, adapt\u00e9es aux besoins vari\u00e9s de notre client\u00e8le internationale. Bas\u00e9e en Italie, p\u00f4le d&#039;excellence en ing\u00e9nierie, FMP est une r\u00e9f\u00e9rence dans le secteur hydraulique, engag\u00e9e \u00e0 fournir des produits fiables, durables et innovants qui dynamisent les entreprises du monde entier.<\/p>\n<p class=\"break-words\">Notre entreprise allie le meilleur des traditions de fabrication de pointe \u00e0 une approche avant-gardiste. Forte de nombreuses ann\u00e9es d&#039;exp\u00e9rience dans les syst\u00e8mes hydrauliques, FMP est devenue une entreprise moderne qui excelle en recherche, conception et production. Nous proposons une large gamme de v\u00e9rins hydrauliques, notamment des v\u00e9rins \u00e0 double effet, des v\u00e9rins de levage pour automobiles et pour machines agricoles, ainsi que des solutions sur mesure pour diverses applications industrielles. Qu&#039;il s&#039;agisse de construction, d&#039;installations industrielles, d&#039;agriculture ou de machines lourdes, nos v\u00e9rins hydrauliques sont con\u00e7us pour fonctionner dans les conditions les plus difficiles, garantissant s\u00e9curit\u00e9, efficacit\u00e9 et long\u00e9vit\u00e9.<\/p>\n<p><img loading=\"lazy\" decoding=\"async\" class=\"alignnone size-full wp-image-6720\" src=\"https:\/\/fmp-components.com\/wp-content\/uploads\/2025\/03\/hydraulic-cylinder-8.webp\" alt=\"V\u00e9rins hydrauliques t\u00e9lescopiques\" width=\"933\" height=\"526\" title=\"\" srcset=\"https:\/\/fmp-components.com\/wp-content\/uploads\/2025\/03\/hydraulic-cylinder-8.webp 933w, https:\/\/fmp-components.com\/wp-content\/uploads\/2025\/03\/hydraulic-cylinder-8-480x271.webp 480w\" sizes=\"(min-width: 0px) and (max-width: 480px) 480px, (min-width: 481px) 933px, 100vw\" \/><\/p>\n<p class=\"break-words\">Chez FMP, nous sommes fiers de nos installations de production ultramodernes, \u00e9quip\u00e9es de machines de pr\u00e9cision et de syst\u00e8mes de test avanc\u00e9s. Nos processus de fabrication respectent des normes nationales et internationales rigoureuses, garantissant ainsi la qualit\u00e9 et la fiabilit\u00e9 de chaque v\u00e9rin hydraulique quittant notre usine. Notre \u00e9quipe technique qualifi\u00e9e, associ\u00e9e \u00e0 des \u00e9quipements de pointe, nous permet d&#039;assurer un contr\u00f4le qualit\u00e9 rigoureux \u00e0 chaque \u00e9tape de la production, de la s\u00e9lection des mati\u00e8res premi\u00e8res au contr\u00f4le final. Cette volont\u00e9 d&#039;excellence nous a valu des certifications et la reconnaissance des autorit\u00e9s du secteur, consolidant ainsi notre r\u00e9putation de partenaire fiable.<\/p>\n<p class=\"break-words\">Notre mission est simple et ambitieuse\u00a0: fournir \u00e0 nos clients des v\u00e9rins hydrauliques d\u00e9passant leurs attentes en termes de performances, de durabilit\u00e9 et de rapport qualit\u00e9-prix. Nous agissons selon les principes directeurs de professionnalisme, d&#039;int\u00e9grit\u00e9 et d&#039;orientation client. En favorisant une culture d&#039;innovation et de pr\u00e9cision, nous perfectionnons continuellement nos produits pour conserver une longueur d&#039;avance sur un march\u00e9 concurrentiel. Notre gamme compl\u00e8te de produits et notre capacit\u00e9 \u00e0 proposer des solutions sur mesure font de nous le choix incontournable des entreprises \u00e0 la recherche de v\u00e9rins hydrauliques hautes performances.<\/p>\n<p class=\"break-words\">FMP est plus qu&#039;un simple fabricant\u00a0: nous sommes le partenaire de votre r\u00e9ussite. Nous comprenons que nos clients comptent sur nous pour leur fournir des outils qui am\u00e9liorent leur productivit\u00e9 et leur s\u00e9curit\u00e9. C&#039;est pourquoi nous nous engageons \u00e0 offrir non seulement des produits haut de gamme, mais aussi un service exceptionnel. De la consultation initiale au service apr\u00e8s-vente, nous travaillons en \u00e9troite collaboration avec nos clients pour r\u00e9pondre \u00e0 leurs besoins avec professionnalisme et attention. Nos prix comp\u00e9titifs, associ\u00e9s \u00e0 notre engagement ind\u00e9fectible envers la qualit\u00e9, font de FMP le choix id\u00e9al pour les entreprises souhaitant investir dans des solutions hydrauliques fiables.<\/p>","protected":false},"excerpt":{"rendered":"<p>Factory Customized Small Multi Stage Dump Truck Hydraulic Cylinder FMP brings you a Factory Customized Small Multi Stage Dump Truck hydraulic cylinder, perfect for machinery repair shops, farms, energy, mining, machinery manufacturing, and machinery factories. This hydraulic cylinder is not only highly efficient but also energy-saving and safe. Product Features and Functions This small multi-stage [&hellip;]<\/p>","protected":false},"featured_media":6776,"comment_status":"closed","ping_status":"closed","template":"","meta":{"_et_pb_use_builder":"","_et_pb_old_content":"","_et_gb_content_width":""},"product_brand":[],"product_cat":[103],"product_tag":[34,105],"class_list":{"0":"post-6636","1":"product","2":"type-product","3":"status-publish","4":"has-post-thumbnail","6":"product_cat-telescopic-hydraulic-cylinders","7":"product_tag-hydraulic-cylinder","8":"product_tag-telescopic-hydraulic-cylinders","10":"first","11":"instock","12":"product-type-simple"},"_links":{"self":[{"href":"https:\/\/fmp-components.com\/fr\/wp-json\/wp\/v2\/product\/6636","targetHints":{"allow":["GET"]}}],"collection":[{"href":"https:\/\/fmp-components.com\/fr\/wp-json\/wp\/v2\/product"}],"about":[{"href":"https:\/\/fmp-components.com\/fr\/wp-json\/wp\/v2\/types\/product"}],"replies":[{"embeddable":true,"href":"https:\/\/fmp-components.com\/fr\/wp-json\/wp\/v2\/comments?post=6636"}],"wp:featuredmedia":[{"embeddable":true,"href":"https:\/\/fmp-components.com\/fr\/wp-json\/wp\/v2\/media\/6776"}],"wp:attachment":[{"href":"https:\/\/fmp-components.com\/fr\/wp-json\/wp\/v2\/media?parent=6636"}],"wp:term":[{"taxonomy":"product_brand","embeddable":true,"href":"https:\/\/fmp-components.com\/fr\/wp-json\/wp\/v2\/product_brand?post=6636"},{"taxonomy":"product_cat","embeddable":true,"href":"https:\/\/fmp-components.com\/fr\/wp-json\/wp\/v2\/product_cat?post=6636"},{"taxonomy":"product_tag","embeddable":true,"href":"https:\/\/fmp-components.com\/fr\/wp-json\/wp\/v2\/product_tag?post=6636"}],"curies":[{"name":"wp","href":"https:\/\/api.w.org\/{rel}","templated":true}]}}