{"id":6631,"date":"2025-03-11T06:35:17","date_gmt":"2025-03-11T06:35:17","guid":{"rendered":"https:\/\/fmp-components.com\/product\/3-stage-small-dump-truck-hydraulic-cylinder-for-dump-trailer"},"modified":"2025-03-12T08:41:53","modified_gmt":"2025-03-12T08:41:53","slug":"3-stage-small-dump-truck-hydraulic-cylinder-for-dump-trailer","status":"publish","type":"product","link":"https:\/\/fmp-components.com\/fr\/product\/3-stage-small-dump-truck-hydraulic-cylinder-for-dump-trailer\/","title":{"rendered":"V\u00e9rin hydraulique \u00e0 3 \u00e9tages pour camion \u00e0 benne basculante"},"content":{"rendered":"<h2>V\u00e9rin hydraulique \u00e0 3 \u00e9tages pour camion \u00e0 benne basculante<\/h2>\n<p>Ce v\u00e9rin hydraulique \u00e0 3 \u00e9tages pour petit camion benne est un syst\u00e8me hydraulique polyvalent et efficace, con\u00e7u pour les remorques \u00e0 benne. Fabriqu\u00e9 en acier robuste, il garantit durabilit\u00e9 et long\u00e9vit\u00e9. Avec une pouss\u00e9e maximale de 3\u00a0000 kg et une traction maximale de 20 tonnes, ce v\u00e9rin hydraulique offre des performances puissantes et fiables pour vos travaux lourds.<\/p>\n<h3>Fonctions et caract\u00e9ristiques<\/h3>\n<p>Le v\u00e9rin hydraulique est un \u00e9l\u00e9ment cl\u00e9 de vos machines, convertissant la puissance hydraulique en mouvement m\u00e9canique. Ce v\u00e9rin hydraulique multi-\u00e9tages offre diverses caract\u00e9ristiques\u00a0: standard ou non standard, structure \u00e0 piston plongeur, puissance hydraulique, al\u00e9sage de 5 \u00e0 15\u00a0cm, diam\u00e8tre de tige de 28 \u00e0 10\u00a0cm, course de 10 \u00e0 254\u00a0cm et diam\u00e8tre d'axe de 12,7 \u00e0 5\u00a0cm. Ces caract\u00e9ristiques en font une option fiable et efficace pour vos machines.<\/p>\n<h3>Sp\u00e9cifications du produit<\/h3>\n<table style=\"width: 95.4718%;\" border=\"\">\n<tbody>\n<tr>\n<td style=\"width: 42.8571%;\"><i>Taille de l&#039;al\u00e9sage<\/i><\/td>\n<td style=\"width: 386.286%;\">2 \u00e0 6 pouces<\/td>\n<\/tr>\n<tr>\n<td style=\"width: 42.8571%;\"><i>Taille de la tige<\/i><\/td>\n<td style=\"width: 386.286%;\">1,125-4 pouces<\/td>\n<\/tr>\n<tr>\n<td style=\"width: 42.8571%;\"><i>Taille de la course<\/i><\/td>\n<td style=\"width: 386.286%;\">4 \u00e0 100 pouces<\/td>\n<\/tr>\n<tr>\n<td style=\"width: 42.8571%;\"><i>Taille de la broche<\/i><\/td>\n<td style=\"width: 386.286%;\">0,5 \u00e0 2 pouces<\/td>\n<\/tr>\n<tr>\n<td style=\"width: 42.8571%;\"><i>Ports<\/i><\/td>\n<td style=\"width: 386.286%;\">G\/SAE\/NPT\/M<\/td>\n<\/tr>\n<\/tbody>\n<\/table>\n<h2>Caract\u00e9ristiques et avantages uniques<\/h2>\n<ul>\n<li>Efficacit\u00e9 \u00e9nerg\u00e9tique<\/li>\n<li>Haute performance<\/li>\n<li>Utilisation s\u00fbre<\/li>\n<li>Durable et durable<\/li>\n<\/ul>\n<p><img loading=\"lazy\" decoding=\"async\" class=\"alignnone  wp-image-6661\" src=\"https:\/\/fmp-components.com\/wp-content\/uploads\/2025\/03\/telescopic-hydraulic-cylinder-10.webp\" alt=\"v\u00e9rin hydraulique t\u00e9lescopique\" width=\"800\" height=\"800\" title=\"\" srcset=\"https:\/\/fmp-components.com\/wp-content\/uploads\/2025\/03\/telescopic-hydraulic-cylinder-10.webp 800w, https:\/\/fmp-components.com\/wp-content\/uploads\/2025\/03\/telescopic-hydraulic-cylinder-10-480x480.webp 480w\" sizes=\"(min-width: 0px) and (max-width: 480px) 480px, (min-width: 481px) 800px, 100vw\" \/><\/p>\n<h2>Syst\u00e8mes hydrauliques et principe de fonctionnement<\/h2>\n<p>Le v\u00e9rin hydraulique utilise la pression du fluide pour g\u00e9n\u00e9rer une force, qui est ensuite transform\u00e9e en mouvement lin\u00e9aire. Lorsque le fluide hydraulique est pomp\u00e9 dans le v\u00e9rin, il exerce une pression sur un piston situ\u00e9 \u00e0 l'int\u00e9rieur. Cette pression entra\u00eene le piston en mouvement, produisant un mouvement lin\u00e9aire exploitable pour r\u00e9aliser de nombreuses t\u00e2ches m\u00e9caniques. L'efficacit\u00e9 de ce syst\u00e8me r\u00e9side dans l'incompressibilit\u00e9 du fluide hydraulique, qui permet un contr\u00f4le pr\u00e9cis de la vitesse et de la force. Ainsi, les v\u00e9rins hydrauliques peuvent fournir une puissance importante tout en assurant des mouvements fluides et contr\u00f4l\u00e9s, ce qui les rend id\u00e9aux pour l'entra\u00eenement de divers types de machines et d'\u00e9quipements.<\/p>\n<p>En substance, la puissance hydraulique g\u00e9n\u00e9r\u00e9e par le v\u00e9rin est essentielle pour de nombreuses applications. En convertissant l'\u00e9nergie du fluide en force m\u00e9canique, les v\u00e9rins hydrauliques permettent aux machines de soulever, pousser, tirer ou faire pivoter des charges lourdes avec facilit\u00e9. Cette polyvalence explique en grande partie pourquoi les syst\u00e8mes hydrauliques sont largement utilis\u00e9s dans diff\u00e9rents secteurs, de la construction \u00e0 l'industrie manufacturi\u00e8re.<\/p>\n<h2>Application du v\u00e9rin hydraulique<\/h2>\n<p>Le v\u00e9rin hydraulique \u00e0 3 \u00e9tages pour petits camions-bennes est sp\u00e9cialement con\u00e7u pour diverses applications dans de nombreux secteurs, d\u00e9montrant ainsi son adaptabilit\u00e9 et son efficacit\u00e9. Parmi les secteurs les plus importants, on peut citer\u00a0:<\/p>\n<ul>\n<li><strong>Ateliers de r\u00e9paration de machines :<\/strong> Dans les environnements de r\u00e9paration, ce v\u00e9rin hydraulique joue un r\u00f4le essentiel pour le levage et le positionnement de composants lourds, facilitant ainsi les t\u00e2ches de maintenance et am\u00e9liorant l'efficacit\u00e9 des flux de travail. Sa capacit\u00e9 de levage puissante est essentielle pour manipuler en toute s\u00e9curit\u00e9 des pi\u00e8ces de machines volumineuses.<\/li>\n<li><strong>Fermes:<\/strong> Les exploitations agricoles b\u00e9n\u00e9ficient grandement de l'utilisation de ce v\u00e9rin hydraulique, utilis\u00e9 sur les camions-bennes et autres \u00e9quipements. Il facilite des t\u00e2ches telles que le transport de terre, de r\u00e9coltes et de mat\u00e9riaux, am\u00e9liorant ainsi l'efficacit\u00e9 et la productivit\u00e9 des op\u00e9rations agricoles.<\/li>\n<li><strong>\u00c9nergie et mines :<\/strong> Dans les secteurs de l'\u00e9nergie et des mines, les v\u00e9rins hydrauliques sont essentiels au fonctionnement des \u00e9quipements d'extraction et de manutention. Le v\u00e9rin hydraulique \u00e0 trois \u00e9tages pour petit tombereau est particuli\u00e8rement efficace dans ces applications, o\u00f9 il peut supporter de lourdes charges et fonctionner de mani\u00e8re fiable dans des environnements difficiles.<\/li>\n<li><strong>Fabrication de machines :<\/strong> Dans les usines de fabrication, ce v\u00e9rin hydraulique est utilis\u00e9 sur les cha\u00eenes de montage et les machines. Sa capacit\u00e9 \u00e0 assurer un mouvement fluide et puissant am\u00e9liore la productivit\u00e9 et la pr\u00e9cision, permettant aux fabricants d'optimiser leur production tout en maintenant des normes de qualit\u00e9 \u00e9lev\u00e9es.<\/li>\n<li><strong>Usines de machines :<\/strong> Dans les usines de fabrication de machines, les v\u00e9rins hydrauliques sont essentiels pour diverses t\u00e2ches de levage et de d\u00e9placement. Le v\u00e9rin hydraulique \u00e0 3 \u00e9tages pour petit tombereau assure le bon fonctionnement des \u00e9quipements, contribuant ainsi \u00e0 la rationalisation des processus de production et \u00e0 l'efficacit\u00e9 de la manutention.<\/li>\n<\/ul>\n<p>Dans l\u2019ensemble, la polyvalence et la fiabilit\u00e9 du v\u00e9rin hydraulique \u00e0 3 \u00e9tages pour petit camion \u00e0 benne basculante en font un composant indispensable dans de nombreuses industries, favorisant l\u2019efficacit\u00e9 et l\u2019efficience dans une large gamme d\u2019applications.<\/p>\n<h3>FAQ<\/h3>\n<p><b>Q : \u00cates-vous une soci\u00e9t\u00e9 commerciale ou un fabricant ?<\/b><br \/>\nA : Nous sommes une usine.<\/p>\n<p><b>Q : Quel est votre d\u00e9lai de livraison ?<\/b><br \/>\nR : En g\u00e9n\u00e9ral, cela prend entre 25 et 35 jours.<\/p>\n<p><b>Q\u00a0: Fournissez-vous des \u00e9chantillons\u00a0? Sont-ils gratuits ou en suppl\u00e9ment\u00a0?<\/b><br \/>\nR : Oui, nous pourrions proposer l&#039;\u00e9chantillon mais ce n&#039;est pas gratuit.<\/p>\n<h3>\u00c0 propos de FMP<\/h3>\n<p class=\"break-words\">FMP est un fabricant italien de premier plan sp\u00e9cialis\u00e9 dans la conception, le d\u00e9veloppement et la production de v\u00e9rins hydrauliques de haute qualit\u00e9. Forts d&#039;un riche h\u00e9ritage ancr\u00e9 dans des d\u00e9cennies d&#039;expertise, nous sommes fiers d&#039;allier savoir-faire italien et technologie de pointe pour proposer des solutions hydrauliques exceptionnelles, adapt\u00e9es aux besoins vari\u00e9s de notre client\u00e8le internationale. Bas\u00e9e en Italie, p\u00f4le d&#039;excellence en ing\u00e9nierie, FMP est une r\u00e9f\u00e9rence dans le secteur hydraulique, engag\u00e9e \u00e0 fournir des produits fiables, durables et innovants qui dynamisent les entreprises du monde entier.<\/p>\n<p class=\"break-words\">Notre entreprise allie le meilleur des traditions de fabrication de pointe \u00e0 une approche avant-gardiste. Forte de nombreuses ann\u00e9es d&#039;exp\u00e9rience dans les syst\u00e8mes hydrauliques, FMP est devenue une entreprise moderne qui excelle en recherche, conception et production. Nous proposons une large gamme de v\u00e9rins hydrauliques, notamment des v\u00e9rins \u00e0 double effet, des v\u00e9rins de levage pour automobiles et pour machines agricoles, ainsi que des solutions sur mesure pour diverses applications industrielles. Qu&#039;il s&#039;agisse de construction, d&#039;installations industrielles, d&#039;agriculture ou de machines lourdes, nos v\u00e9rins hydrauliques sont con\u00e7us pour fonctionner dans les conditions les plus difficiles, garantissant s\u00e9curit\u00e9, efficacit\u00e9 et long\u00e9vit\u00e9.<\/p>\n<p><img loading=\"lazy\" decoding=\"async\" class=\"alignnone size-full wp-image-6720\" src=\"https:\/\/fmp-components.com\/wp-content\/uploads\/2025\/03\/hydraulic-cylinder-8.webp\" alt=\"V\u00e9rins hydrauliques t\u00e9lescopiques\" width=\"933\" height=\"526\" title=\"\" srcset=\"https:\/\/fmp-components.com\/wp-content\/uploads\/2025\/03\/hydraulic-cylinder-8.webp 933w, https:\/\/fmp-components.com\/wp-content\/uploads\/2025\/03\/hydraulic-cylinder-8-480x271.webp 480w\" sizes=\"(min-width: 0px) and (max-width: 480px) 480px, (min-width: 481px) 933px, 100vw\" \/><\/p>\n<p class=\"break-words\">Chez FMP, nous sommes fiers de nos installations de production ultramodernes, \u00e9quip\u00e9es de machines de pr\u00e9cision et de syst\u00e8mes de test avanc\u00e9s. Nos processus de fabrication respectent des normes nationales et internationales rigoureuses, garantissant ainsi la qualit\u00e9 et la fiabilit\u00e9 de chaque v\u00e9rin hydraulique quittant notre usine. Notre \u00e9quipe technique qualifi\u00e9e, associ\u00e9e \u00e0 des \u00e9quipements de pointe, nous permet d&#039;assurer un contr\u00f4le qualit\u00e9 rigoureux \u00e0 chaque \u00e9tape de la production, de la s\u00e9lection des mati\u00e8res premi\u00e8res au contr\u00f4le final. Cette volont\u00e9 d&#039;excellence nous a valu des certifications et la reconnaissance des autorit\u00e9s du secteur, consolidant ainsi notre r\u00e9putation de partenaire fiable.<\/p>\n<p class=\"break-words\">Notre mission est simple et ambitieuse\u00a0: fournir \u00e0 nos clients des v\u00e9rins hydrauliques d\u00e9passant leurs attentes en termes de performances, de durabilit\u00e9 et de rapport qualit\u00e9-prix. Nous agissons selon les principes directeurs de professionnalisme, d&#039;int\u00e9grit\u00e9 et d&#039;orientation client. En favorisant une culture d&#039;innovation et de pr\u00e9cision, nous perfectionnons continuellement nos produits pour conserver une longueur d&#039;avance sur un march\u00e9 concurrentiel. Notre gamme compl\u00e8te de produits et notre capacit\u00e9 \u00e0 proposer des solutions sur mesure font de nous le choix incontournable des entreprises \u00e0 la recherche de v\u00e9rins hydrauliques hautes performances.<\/p>\n<p class=\"break-words\">FMP est plus qu&#039;un simple fabricant\u00a0: nous sommes le partenaire de votre r\u00e9ussite. Nous comprenons que nos clients comptent sur nous pour leur fournir des outils qui am\u00e9liorent leur productivit\u00e9 et leur s\u00e9curit\u00e9. C&#039;est pourquoi nous nous engageons \u00e0 offrir non seulement des produits haut de gamme, mais aussi un service exceptionnel. De la consultation initiale au service apr\u00e8s-vente, nous travaillons en \u00e9troite collaboration avec nos clients pour r\u00e9pondre \u00e0 leurs besoins avec professionnalisme et attention. Nos prix comp\u00e9titifs, associ\u00e9s \u00e0 notre engagement ind\u00e9fectible envers la qualit\u00e9, font de FMP le choix id\u00e9al pour les entreprises souhaitant investir dans des solutions hydrauliques fiables.<\/p>","protected":false},"excerpt":{"rendered":"<p>3 Stage Small Dump Truck Hydraulic Cylinder for Dump Trailer This 3 Stage Small Dump Truck Hydraulic Cylinder is a versatile and efficient hydraulic system designed for use in dump trailers. The cylinder is manufactured with a robust steel body material, ensuring durability and longevity. With a max thrust of 3000 and a max pull [&hellip;]<\/p>","protected":false},"featured_media":6770,"comment_status":"closed","ping_status":"closed","template":"","meta":{"_et_pb_use_builder":"","_et_pb_old_content":"","_et_gb_content_width":""},"product_brand":[],"product_cat":[103],"product_tag":[34,105],"class_list":{"0":"post-6631","1":"product","2":"type-product","3":"status-publish","4":"has-post-thumbnail","6":"product_cat-telescopic-hydraulic-cylinders","7":"product_tag-hydraulic-cylinder","8":"product_tag-telescopic-hydraulic-cylinders","10":"first","11":"instock","12":"product-type-simple"},"_links":{"self":[{"href":"https:\/\/fmp-components.com\/fr\/wp-json\/wp\/v2\/product\/6631","targetHints":{"allow":["GET"]}}],"collection":[{"href":"https:\/\/fmp-components.com\/fr\/wp-json\/wp\/v2\/product"}],"about":[{"href":"https:\/\/fmp-components.com\/fr\/wp-json\/wp\/v2\/types\/product"}],"replies":[{"embeddable":true,"href":"https:\/\/fmp-components.com\/fr\/wp-json\/wp\/v2\/comments?post=6631"}],"wp:featuredmedia":[{"embeddable":true,"href":"https:\/\/fmp-components.com\/fr\/wp-json\/wp\/v2\/media\/6770"}],"wp:attachment":[{"href":"https:\/\/fmp-components.com\/fr\/wp-json\/wp\/v2\/media?parent=6631"}],"wp:term":[{"taxonomy":"product_brand","embeddable":true,"href":"https:\/\/fmp-components.com\/fr\/wp-json\/wp\/v2\/product_brand?post=6631"},{"taxonomy":"product_cat","embeddable":true,"href":"https:\/\/fmp-components.com\/fr\/wp-json\/wp\/v2\/product_cat?post=6631"},{"taxonomy":"product_tag","embeddable":true,"href":"https:\/\/fmp-components.com\/fr\/wp-json\/wp\/v2\/product_tag?post=6631"}],"curies":[{"name":"wp","href":"https:\/\/api.w.org\/{rel}","templated":true}]}}