{"id":6627,"date":"2025-03-11T06:35:17","date_gmt":"2025-03-11T06:35:17","guid":{"rendered":"https:\/\/fmp-components.com\/product\/customized-small-multistage-dump-truck-hydraulic-cylinder"},"modified":"2025-03-14T00:34:14","modified_gmt":"2025-03-14T00:34:14","slug":"customized-small-multistage-dump-truck-hydraulic-cylinder","status":"publish","type":"product","link":"https:\/\/fmp-components.com\/fr\/product\/customized-small-multistage-dump-truck-hydraulic-cylinder\/","title":{"rendered":"Cylindre hydraulique multi-\u00e9tages personnalis\u00e9 pour petit camion-benne"},"content":{"rendered":"<h2>Cylindre hydraulique multi-\u00e9tages personnalis\u00e9 pour petit camion-benne<\/h2>\n<p>D\u00e9couvrez notre v\u00e9rin hydraulique multi-\u00e9tages haut de gamme pour camions-bennes compacts, un outil polyvalent et robuste con\u00e7u pour divers secteurs industriels. Id\u00e9al pour les ateliers de r\u00e9paration de machines, les exploitations agricoles, les secteurs de l'\u00e9nergie et des mines, la fabrication de machines et les usines de m\u00e9canique. Sa conception impeccable et sa fonctionnalit\u00e9 sup\u00e9rieure en font un atout indispensable pour les applications hydrauliques.<\/p>\n<h2>Sp\u00e9cifications du produit<\/h2>\n<p>Le v\u00e9rin hydraulique est garanti un an et p\u00e8se seulement 27 kg. De conception standard, il est dot\u00e9 d'un corps robuste en acier et supporte une pouss\u00e9e maximale de 3\u00a0000 Nm et une force de traction maximale de 20 tonnes. Certifi\u00e9 ISO 9001:2000, il est disponible en noir \u00e9l\u00e9gant.<\/p>\n<table style=\"width: 102.27%;\" border=\"\">\n<tbody>\n<tr>\n<th style=\"width: 17.0854%;\">Taille de l&#039;al\u00e9sage<\/th>\n<th style=\"width: 20.3518%;\">Taille de la tige<\/th>\n<th style=\"width: 19.8492%;\">Taille de la course<\/th>\n<th style=\"width: 16.3317%;\">Taille de la broche<\/th>\n<th style=\"width: 126.884%;\">Ports<\/th>\n<\/tr>\n<tr>\n<td style=\"width: 17.0854%;\">2 \u00e0 6 pouces<\/td>\n<td style=\"width: 20.3518%;\">1,125-4 pouces<\/td>\n<td style=\"width: 19.8492%;\">4 \u00e0 100 pouces<\/td>\n<td style=\"width: 16.3317%;\">0,5 \u00e0 2 pouces<\/td>\n<td style=\"width: 126.884%;\">G\/SAE\/NPT\/M<\/td>\n<\/tr>\n<\/tbody>\n<\/table>\n<h2>Caract\u00e9ristiques et avantages uniques<\/h2>\n<ul>\n<li>Efficacit\u00e9 \u00e9nerg\u00e9tique : Le v\u00e9rin hydraulique fonctionne avec une consommation d'\u00e9nergie minimale, ce qui maximise la productivit\u00e9 tout en minimisant les co\u00fbts.<\/li>\n<li>Haute efficacit\u00e9 : Sa conception \u00e0 plusieurs \u00e9tages garantit des performances et une efficacit\u00e9 optimales dans toutes les applications.<\/li>\n<li>S\u00e9curit\u00e9 : Nos v\u00e9rins hydrauliques sont con\u00e7us en accordant la priorit\u00e9 \u00e0 la s\u00e9curit\u00e9, garantissant un fonctionnement fiable et minimisant les risques d'accidents.<\/li>\n<\/ul>\n<h2>Comprendre les syst\u00e8mes hydrauliques<\/h2>\n<p>Le syst\u00e8me hydraulique fonctionne selon les principes de la m\u00e9canique des fluides. Le v\u00e9rin hydraulique multi-\u00e9tages est un composant essentiel qui convertit l'\u00e9nergie hydraulique en \u00e9nergie m\u00e9canique, fournissant ainsi la puissance n\u00e9cessaire aux diff\u00e9rentes machines et \u00e9quipements.<\/p>\n<h2>V\u00e9rins hydrauliques et groupes motopropulseurs<\/h2>\n<p>Le v\u00e9rin hydraulique et le groupe hydraulique sont des \u00e9l\u00e9ments essentiels d'un syst\u00e8me hydraulique. Leur synergie garantit la large application de la technologie hydraulique dans les secteurs industriels, assurant une alimentation et une commande fiables pour divers \u00e9quipements d'ing\u00e9nierie et machines. FMP propose \u00e9galement des groupes hydrauliques \u00e0 la vente.<\/p>\n<h2>Questions fr\u00e9quemment pos\u00e9es<\/h2>\n<ol>\n<li>Q : \u00cates-vous une soci\u00e9t\u00e9 commerciale ou un fabricant ?<br \/>\nA : Nous sommes une usine.<\/li>\n<li>Q : Quel est votre d\u00e9lai de livraison ?<br \/>\nR : En g\u00e9n\u00e9ral, cela prend entre 25 et 35 jours.<\/li>\n<li>Q : Pouvez-vous produire selon les \u00e9chantillons ?<br \/>\nR : Oui, nous pouvons produire \u00e0 partir de vos \u00e9chantillons ou de vos plans techniques. Nous pouvons fabriquer les moules et les montages.<\/li>\n<\/ol>\n<h3>\u00c0 propos de FMP<\/h3>\n<p class=\"break-words\">FMP est un fabricant italien de premier plan sp\u00e9cialis\u00e9 dans la conception, le d\u00e9veloppement et la production de v\u00e9rins hydrauliques de haute qualit\u00e9. Forts d&#039;un riche h\u00e9ritage ancr\u00e9 dans des d\u00e9cennies d&#039;expertise, nous sommes fiers d&#039;allier savoir-faire italien et technologie de pointe pour proposer des solutions hydrauliques exceptionnelles, adapt\u00e9es aux besoins vari\u00e9s de notre client\u00e8le internationale. Bas\u00e9e en Italie, p\u00f4le d&#039;excellence en ing\u00e9nierie, FMP est une r\u00e9f\u00e9rence dans le secteur hydraulique, engag\u00e9e \u00e0 fournir des produits fiables, durables et innovants qui dynamisent les entreprises du monde entier.<\/p>\n<p class=\"break-words\">Notre entreprise allie le meilleur des traditions de fabrication de pointe \u00e0 une approche avant-gardiste. Forte de nombreuses ann\u00e9es d&#039;exp\u00e9rience dans les syst\u00e8mes hydrauliques, FMP est devenue une entreprise moderne qui excelle en recherche, conception et production. Nous proposons une large gamme de v\u00e9rins hydrauliques, notamment des v\u00e9rins \u00e0 double effet, des v\u00e9rins de levage pour automobiles et pour machines agricoles, ainsi que des solutions sur mesure pour diverses applications industrielles. Qu&#039;il s&#039;agisse de construction, d&#039;installations industrielles, d&#039;agriculture ou de machines lourdes, nos v\u00e9rins hydrauliques sont con\u00e7us pour fonctionner dans les conditions les plus difficiles, garantissant s\u00e9curit\u00e9, efficacit\u00e9 et long\u00e9vit\u00e9.<\/p>\n<p><img loading=\"lazy\" decoding=\"async\" class=\"alignnone size-full wp-image-6720\" src=\"https:\/\/fmp-components.com\/wp-content\/uploads\/2025\/03\/hydraulic-cylinder-8.webp\" alt=\"V\u00e9rins hydrauliques t\u00e9lescopiques\" width=\"933\" height=\"526\" title=\"\" srcset=\"https:\/\/fmp-components.com\/wp-content\/uploads\/2025\/03\/hydraulic-cylinder-8.webp 933w, https:\/\/fmp-components.com\/wp-content\/uploads\/2025\/03\/hydraulic-cylinder-8-480x271.webp 480w\" sizes=\"(min-width: 0px) and (max-width: 480px) 480px, (min-width: 481px) 933px, 100vw\" \/><\/p>\n<p class=\"break-words\">Chez FMP, nous sommes fiers de nos installations de production ultramodernes, \u00e9quip\u00e9es de machines de pr\u00e9cision et de syst\u00e8mes de test avanc\u00e9s. Nos processus de fabrication respectent des normes nationales et internationales rigoureuses, garantissant ainsi la qualit\u00e9 et la fiabilit\u00e9 de chaque v\u00e9rin hydraulique quittant notre usine. Notre \u00e9quipe technique qualifi\u00e9e, associ\u00e9e \u00e0 des \u00e9quipements de pointe, nous permet d&#039;assurer un contr\u00f4le qualit\u00e9 rigoureux \u00e0 chaque \u00e9tape de la production, de la s\u00e9lection des mati\u00e8res premi\u00e8res au contr\u00f4le final. Cette volont\u00e9 d&#039;excellence nous a valu des certifications et la reconnaissance des autorit\u00e9s du secteur, consolidant ainsi notre r\u00e9putation de partenaire fiable.<\/p>\n<p class=\"break-words\">Notre mission est simple et ambitieuse\u00a0: fournir \u00e0 nos clients des v\u00e9rins hydrauliques d\u00e9passant leurs attentes en termes de performances, de durabilit\u00e9 et de rapport qualit\u00e9-prix. Nous agissons selon les principes directeurs de professionnalisme, d&#039;int\u00e9grit\u00e9 et d&#039;orientation client. En favorisant une culture d&#039;innovation et de pr\u00e9cision, nous perfectionnons continuellement nos produits pour conserver une longueur d&#039;avance sur un march\u00e9 concurrentiel. Notre gamme compl\u00e8te de produits et notre capacit\u00e9 \u00e0 proposer des solutions sur mesure font de nous le choix incontournable des entreprises \u00e0 la recherche de v\u00e9rins hydrauliques hautes performances.<\/p>\n<p class=\"break-words\">FMP est plus qu&#039;un simple fabricant\u00a0: nous sommes le partenaire de votre r\u00e9ussite. Nous comprenons que nos clients comptent sur nous pour leur fournir des outils qui am\u00e9liorent leur productivit\u00e9 et leur s\u00e9curit\u00e9. C&#039;est pourquoi nous nous engageons \u00e0 offrir non seulement des produits haut de gamme, mais aussi un service exceptionnel. De la consultation initiale au service apr\u00e8s-vente, nous travaillons en \u00e9troite collaboration avec nos clients pour r\u00e9pondre \u00e0 leurs besoins avec professionnalisme et attention. Nos prix comp\u00e9titifs, associ\u00e9s \u00e0 notre engagement ind\u00e9fectible envers la qualit\u00e9, font de FMP le choix id\u00e9al pour les entreprises souhaitant investir dans des solutions hydrauliques fiables.<\/p>","protected":false},"excerpt":{"rendered":"<p>Customized Small Multistage Dump Truck Hydraulic Cylinder Introducing our top-tier, Customized Small Multistage Dump Truck hydraulic cylinder, a versatile and robust tool engineered for various industrial sectors. Perfect for machinery repair shops, farms, energy &amp; mining sectors, machinery manufacturing, and machinery factories. Its impeccable design and superior functionality make it an indispensable asset in hydraulic [&hellip;]<\/p>","protected":false},"featured_media":6781,"comment_status":"closed","ping_status":"closed","template":"","meta":{"_et_pb_use_builder":"","_et_pb_old_content":"","_et_gb_content_width":""},"product_brand":[],"product_cat":[103],"product_tag":[34,105],"class_list":{"0":"post-6627","1":"product","2":"type-product","3":"status-publish","4":"has-post-thumbnail","6":"product_cat-telescopic-hydraulic-cylinders","7":"product_tag-hydraulic-cylinder","8":"product_tag-telescopic-hydraulic-cylinders","10":"first","11":"instock","12":"product-type-simple"},"_links":{"self":[{"href":"https:\/\/fmp-components.com\/fr\/wp-json\/wp\/v2\/product\/6627","targetHints":{"allow":["GET"]}}],"collection":[{"href":"https:\/\/fmp-components.com\/fr\/wp-json\/wp\/v2\/product"}],"about":[{"href":"https:\/\/fmp-components.com\/fr\/wp-json\/wp\/v2\/types\/product"}],"replies":[{"embeddable":true,"href":"https:\/\/fmp-components.com\/fr\/wp-json\/wp\/v2\/comments?post=6627"}],"wp:featuredmedia":[{"embeddable":true,"href":"https:\/\/fmp-components.com\/fr\/wp-json\/wp\/v2\/media\/6781"}],"wp:attachment":[{"href":"https:\/\/fmp-components.com\/fr\/wp-json\/wp\/v2\/media?parent=6627"}],"wp:term":[{"taxonomy":"product_brand","embeddable":true,"href":"https:\/\/fmp-components.com\/fr\/wp-json\/wp\/v2\/product_brand?post=6627"},{"taxonomy":"product_cat","embeddable":true,"href":"https:\/\/fmp-components.com\/fr\/wp-json\/wp\/v2\/product_cat?post=6627"},{"taxonomy":"product_tag","embeddable":true,"href":"https:\/\/fmp-components.com\/fr\/wp-json\/wp\/v2\/product_tag?post=6627"}],"curies":[{"name":"wp","href":"https:\/\/api.w.org\/{rel}","templated":true}]}}