{"id":6625,"date":"2025-03-11T06:33:57","date_gmt":"2025-03-11T06:33:57","guid":{"rendered":"https:\/\/fmp-components.com\/product\/professional-small-dump-truck-hydraulic-hoist-cylinder-multistage-hydraulic-cylinder"},"modified":"2025-03-14T01:51:38","modified_gmt":"2025-03-14T01:51:38","slug":"professional-small-dump-truck-hydraulic-hoist-cylinder-multistage-hydraulic-cylinder","status":"publish","type":"product","link":"https:\/\/fmp-components.com\/fr\/product\/professional-small-dump-truck-hydraulic-hoist-cylinder-multistage-hydraulic-cylinder\/","title":{"rendered":"V\u00e9rin hydraulique professionnel \u00e0 plusieurs \u00e9tages pour petit camion \u00e0 benne basculante"},"content":{"rendered":"<h2>V\u00e9rin hydraulique professionnel \u00e0 plusieurs \u00e9tages pour petit camion \u00e0 benne basculante<\/h2>\n<p>Notre v\u00e9rin hydraulique multi-\u00e9tag\u00e9 professionnel pour petit camion benne est un produit de pointe offrant une qualit\u00e9 et des performances in\u00e9gal\u00e9es. Con\u00e7u pour son efficacit\u00e9 et sa fiabilit\u00e9, ce v\u00e9rin hydraulique est id\u00e9al pour diverses applications dans les ateliers de r\u00e9paration de machines, les exploitations agricoles, les industries \u00e9nerg\u00e9tiques et mini\u00e8res, ainsi que dans la fabrication de machines et les usines.<\/p>\n<h3>Principales caract\u00e9ristiques et avantages<\/h3>\n<ul>\n<li>R\u00e9sistance sup\u00e9rieure : avec une pouss\u00e9e maximale de 3 000 et la capacit\u00e9 de tirer jusqu&#039;\u00e0 20 tonnes, ce v\u00e9rin hydraulique est une v\u00e9ritable centrale de r\u00e9sistance et de durabilit\u00e9.<\/li>\n<li>Mat\u00e9riaux de qualit\u00e9 : Fabriqu\u00e9 en acier de haute qualit\u00e9, il assure une utilisation durable et une r\u00e9sistance \u00e0 l&#039;usure.<\/li>\n<li>Haute efficacit\u00e9 : sa fonction \u00e0 plusieurs \u00e9tages permet une efficacit\u00e9 et une fonctionnalit\u00e9 accrues dans une vari\u00e9t\u00e9 de t\u00e2ches.<\/li>\n<li>\u00c9conomie d&#039;\u00e9nergie : notre v\u00e9rin hydraulique est con\u00e7u pour utiliser l&#039;\u00e9nergie de mani\u00e8re efficace, r\u00e9duisant ainsi la consommation d&#039;\u00e9nergie et les co\u00fbts d&#039;exploitation.<\/li>\n<li>S\u00e9curit\u00e9 : Il est livr\u00e9 avec une garantie d&#039;un an, garantissant la s\u00e9curit\u00e9 et les performances \u00e0 long terme de ses composants principaux.<\/li>\n<\/ul>\n<h3>Sp\u00e9cifications techniques<\/h3>\n<table style=\"width: 95.5978%;\" border=\"\">\n<tbody>\n<tr>\n<td style=\"width: 42.8571%;\"><i>Taille de l&#039;al\u00e9sage<\/i><\/td>\n<td style=\"width: 386.857%;\">2 \u00e0 6 pouces<\/td>\n<\/tr>\n<tr>\n<td style=\"width: 42.8571%;\"><i>Taille de la tige<\/i><\/td>\n<td style=\"width: 386.857%;\">1,125-4 pouces<\/td>\n<\/tr>\n<tr>\n<td style=\"width: 42.8571%;\"><i>Taille de la course<\/i><\/td>\n<td style=\"width: 386.857%;\">4 \u00e0 100 pouces<\/td>\n<\/tr>\n<tr>\n<td style=\"width: 42.8571%;\"><i>Taille de la broche<\/i><\/td>\n<td style=\"width: 386.857%;\">0,5 \u00e0 2 pouces<\/td>\n<\/tr>\n<tr>\n<td style=\"width: 42.8571%;\"><i>Ports<\/i><\/td>\n<td style=\"width: 386.857%;\">G\/SAE\/NPT\/M<\/td>\n<\/tr>\n<\/tbody>\n<\/table>\n<h2>Caract\u00e9ristiques et avantages uniques<\/h2>\n<ul>\n<li>\u00c9conomie d&#039;\u00e9nergie : la conception et le fonctionnement du v\u00e9rin hydraulique sont optimis\u00e9s pour l&#039;efficacit\u00e9 \u00e9nerg\u00e9tique.<\/li>\n<li>Haute efficacit\u00e9 : il ex\u00e9cute les t\u00e2ches avec rapidit\u00e9 et pr\u00e9cision, ce qui en fait un outil tr\u00e8s efficace.<\/li>\n<li>S\u00e9curit\u00e9 : Il est construit avec des dispositifs de s\u00e9curit\u00e9 pour prot\u00e9ger l&#039;utilisateur et les machines qu&#039;il utilise.<\/li>\n<\/ul>\n<h2>Syst\u00e8mes hydrauliques et principe de fonctionnement<\/h2>\n<p>Notre v\u00e9rin hydraulique fonctionne selon le principe fondamental de la conversion de l&#039;\u00e9nergie hydraulique en \u00e9nergie m\u00e9canique, un processus essentiel \u00e0 de nombreuses applications industrielles. Cette conversion s&#039;effectue gr\u00e2ce au mouvement d&#039;un fluide hydraulique sous pression, dirig\u00e9 vers le v\u00e9rin. En p\u00e9n\u00e9trant dans le v\u00e9rin, le fluide exerce une force sur le piston situ\u00e9 \u00e0 l&#039;int\u00e9rieur du v\u00e9rin. Cette force entra\u00eene le d\u00e9placement du piston, transformant l&#039;\u00e9nergie hydraulique en mouvement m\u00e9canique.<\/p>\n<p>Le mouvement du piston peut \u00eatre exploit\u00e9 pour effectuer des t\u00e2ches utiles, comme le levage de charges lourdes, l&#039;utilisation de pi\u00e8ces de machines ou m\u00eame des t\u00e2ches complexes dans les processus de fabrication. L&#039;efficacit\u00e9 de ce syst\u00e8me repose en grande partie sur l&#039;incompressibilit\u00e9 du fluide hydraulique, qui permet une puissante amplification de la force. Gr\u00e2ce \u00e0 des forces d&#039;entr\u00e9e relativement faibles, nos v\u00e9rins hydrauliques peuvent g\u00e9n\u00e9rer des forces de sortie importantes, ce qui les rend id\u00e9aux pour les t\u00e2ches exigeant force et pr\u00e9cision.<\/p>\n<p>Ce principe de fonctionnement hydraulique est non seulement efficace, mais offre \u00e9galement un niveau de contr\u00f4le difficile \u00e0 atteindre avec des syst\u00e8mes m\u00e9caniques seuls. Les op\u00e9rateurs peuvent facilement ajuster la pression et le d\u00e9bit du fluide hydraulique pour affiner le mouvement du piston, permettant ainsi des op\u00e9rations pr\u00e9cises dans des environnements vari\u00e9s.<\/p>\n<p><img loading=\"lazy\" decoding=\"async\" class=\"alignnone  wp-image-6664\" src=\"https:\/\/fmp-components.com\/wp-content\/uploads\/2025\/03\/telescopic-hydraulic-cylinder-8.webp\" alt=\"v\u00e9rin hydraulique t\u00e9lescopique\" width=\"778\" height=\"778\" title=\"\" srcset=\"https:\/\/fmp-components.com\/wp-content\/uploads\/2025\/03\/telescopic-hydraulic-cylinder-8.webp 778w, https:\/\/fmp-components.com\/wp-content\/uploads\/2025\/03\/telescopic-hydraulic-cylinder-8-480x480.webp 480w\" sizes=\"(min-width: 0px) and (max-width: 480px) 480px, (min-width: 481px) 778px, 100vw\" \/><\/p>\n<h2>Applications de notre v\u00e9rin hydraulique<\/h2>\n<p>Notre v\u00e9rin hydraulique est exceptionnellement polyvalent et peut \u00eatre utilis\u00e9 dans une large gamme d&#039;applications dans divers secteurs. Il est notamment utilis\u00e9 dans les ateliers de r\u00e9paration de machines, o\u00f9 il facilite le levage et le positionnement d&#039;\u00e9quipements lourds pour les t\u00e2ches de maintenance et de r\u00e9paration. La capacit\u00e9 \u00e0 soulever et \u00e0 man\u0153uvrer des composants volumineux en toute s\u00e9curit\u00e9 et efficacit\u00e9 est essentielle pour garantir le bon fonctionnement et le bon entretien des machines.<\/p>\n<p>Dans le secteur agricole, nos v\u00e9rins hydrauliques sont essentiels au fonctionnement des machines agricoles telles que les tracteurs, les charrues et les moissonneuses-batteuses. Ils permettent aux agriculteurs d&#039;effectuer facilement des t\u00e2ches telles que le levage des charrues et le r\u00e9glage des \u00e9quipements, am\u00e9liorant ainsi consid\u00e9rablement la productivit\u00e9 et r\u00e9duisant le travail manuel.<\/p>\n<p>Les secteurs de l&#039;\u00e9nergie et de l&#039;exploitation mini\u00e8re b\u00e9n\u00e9ficient \u00e9galement des performances robustes de nos v\u00e9rins hydrauliques. Dans ces secteurs, ils sont utilis\u00e9s pour actionner des engins lourds tels que des excavatrices et des foreuses, contribuant ainsi \u00e0 l&#039;extraction et au transport de mat\u00e9riaux. Leur robustesse et leur fiabilit\u00e9 dans des conditions extr\u00eames les rendent indispensables dans ces environnements exigeants.<\/p>\n<p>De plus, nos v\u00e9rins hydrauliques sont largement utilis\u00e9s dans la fabrication de machines et en usine. Ils sont essentiels sur les cha\u00eenes de montage, o\u00f9 ils facilitent le d\u00e9placement et le positionnement des composants, contribuant ainsi \u00e0 la rationalisation des processus de production. La pr\u00e9cision et la puissance de nos v\u00e9rins hydrauliques am\u00e9liorent l&#039;efficacit\u00e9 op\u00e9rationnelle globale, ce qui en fait un composant essentiel de l&#039;industrie manufacturi\u00e8re moderne.<\/p>\n<p>En r\u00e9sum\u00e9, nos v\u00e9rins hydrauliques sont con\u00e7us pour r\u00e9pondre aux besoins vari\u00e9s de divers secteurs industriels, offrant des solutions fiables et efficaces pour le levage, le d\u00e9placement et l&#039;utilisation de machines. Leur large gamme d&#039;applications souligne leur importance pour am\u00e9liorer la productivit\u00e9 et la s\u00e9curit\u00e9 dans de nombreux secteurs.<\/p>\n<h2>V\u00e9rins hydrauliques et groupes motopropulseurs<\/h2>\n<p>Les v\u00e9rins hydrauliques et les groupes motopropulseurs sont des composants indispensables des syst\u00e8mes hydrauliques. Leur action combin\u00e9e assure la g\u00e9n\u00e9ralisation de la technologie hydraulique dans le secteur industriel, fournissant une puissance et un contr\u00f4le fiables \u00e0 divers \u00e9quipements techniques et m\u00e9caniques. Le v\u00e9rin hydraulique, en tant qu&#039;actionneur, convertit l&#039;\u00e9nergie hydraulique en mouvement m\u00e9canique, transformant ainsi la pression en force. Le groupe motopropulseur est le c\u0153ur qui fournit l&#039;\u00e9nergie et les signaux de commande n\u00e9cessaires au syst\u00e8me hydraulique.<\/p>\n<h2>FAQ<\/h2>\n<dl>\n<dt>Q : \u00cates-vous une soci\u00e9t\u00e9 commerciale ou un fabricant ?<\/dt>\n<dd>R : Nous sommes un fabricant.<\/dd>\n<dt>Q : Quel est votre d\u00e9lai de livraison ?<\/dt>\n<dd>R : En g\u00e9n\u00e9ral, cela prend entre 25 et 35 jours.<\/dd>\n<dt>Q\u00a0: Fournissez-vous des \u00e9chantillons\u00a0? Sont-ils gratuits ou en suppl\u00e9ment\u00a0?<\/dt>\n<dd>R : Oui, nous pourrions proposer l&#039;\u00e9chantillon mais ce n&#039;est pas gratuit.<\/dd>\n<\/dl>\n<h3>\u00c0 propos de FMP<\/h3>\n<p class=\"break-words\">FMP est un fabricant italien de premier plan sp\u00e9cialis\u00e9 dans la conception, le d\u00e9veloppement et la production de v\u00e9rins hydrauliques de haute qualit\u00e9. Forts d&#039;un riche h\u00e9ritage ancr\u00e9 dans des d\u00e9cennies d&#039;expertise, nous sommes fiers d&#039;allier savoir-faire italien et technologie de pointe pour proposer des solutions hydrauliques exceptionnelles, adapt\u00e9es aux besoins vari\u00e9s de notre client\u00e8le internationale. Bas\u00e9e en Italie, p\u00f4le d&#039;excellence en ing\u00e9nierie, FMP est une r\u00e9f\u00e9rence dans le secteur hydraulique, engag\u00e9e \u00e0 fournir des produits fiables, durables et innovants qui dynamisent les entreprises du monde entier.<\/p>\n<p class=\"break-words\">Notre entreprise allie le meilleur des traditions de fabrication de pointe \u00e0 une approche avant-gardiste. Forte de nombreuses ann\u00e9es d&#039;exp\u00e9rience dans les syst\u00e8mes hydrauliques, FMP est devenue une entreprise moderne qui excelle en recherche, conception et production. Nous proposons une large gamme de v\u00e9rins hydrauliques, notamment des v\u00e9rins \u00e0 double effet, des v\u00e9rins de levage pour automobiles et pour machines agricoles, ainsi que des solutions sur mesure pour diverses applications industrielles. Qu&#039;il s&#039;agisse de construction, d&#039;installations industrielles, d&#039;agriculture ou de machines lourdes, nos v\u00e9rins hydrauliques sont con\u00e7us pour fonctionner dans les conditions les plus difficiles, garantissant s\u00e9curit\u00e9, efficacit\u00e9 et long\u00e9vit\u00e9.<\/p>\n<p><img loading=\"lazy\" decoding=\"async\" class=\"alignnone size-full wp-image-6720\" src=\"https:\/\/fmp-components.com\/wp-content\/uploads\/2025\/03\/hydraulic-cylinder-8.webp\" alt=\"V\u00e9rins hydrauliques t\u00e9lescopiques\" width=\"933\" height=\"526\" title=\"\" srcset=\"https:\/\/fmp-components.com\/wp-content\/uploads\/2025\/03\/hydraulic-cylinder-8.webp 933w, https:\/\/fmp-components.com\/wp-content\/uploads\/2025\/03\/hydraulic-cylinder-8-480x271.webp 480w\" sizes=\"(min-width: 0px) and (max-width: 480px) 480px, (min-width: 481px) 933px, 100vw\" \/><\/p>\n<p class=\"break-words\">Chez FMP, nous sommes fiers de nos installations de production ultramodernes, \u00e9quip\u00e9es de machines de pr\u00e9cision et de syst\u00e8mes de test avanc\u00e9s. Nos processus de fabrication respectent des normes nationales et internationales rigoureuses, garantissant ainsi la qualit\u00e9 et la fiabilit\u00e9 de chaque v\u00e9rin hydraulique quittant notre usine. Notre \u00e9quipe technique qualifi\u00e9e, associ\u00e9e \u00e0 des \u00e9quipements de pointe, nous permet d&#039;assurer un contr\u00f4le qualit\u00e9 rigoureux \u00e0 chaque \u00e9tape de la production, de la s\u00e9lection des mati\u00e8res premi\u00e8res au contr\u00f4le final. Cette volont\u00e9 d&#039;excellence nous a valu des certifications et la reconnaissance des autorit\u00e9s du secteur, consolidant ainsi notre r\u00e9putation de partenaire fiable.<\/p>\n<p class=\"break-words\">Notre mission est simple et ambitieuse\u00a0: fournir \u00e0 nos clients des v\u00e9rins hydrauliques d\u00e9passant leurs attentes en termes de performances, de durabilit\u00e9 et de rapport qualit\u00e9-prix. Nous agissons selon les principes directeurs de professionnalisme, d&#039;int\u00e9grit\u00e9 et d&#039;orientation client. En favorisant une culture d&#039;innovation et de pr\u00e9cision, nous perfectionnons continuellement nos produits pour conserver une longueur d&#039;avance sur un march\u00e9 concurrentiel. Notre gamme compl\u00e8te de produits et notre capacit\u00e9 \u00e0 proposer des solutions sur mesure font de nous le choix incontournable des entreprises \u00e0 la recherche de v\u00e9rins hydrauliques hautes performances.<\/p>\n<p class=\"break-words\">FMP est plus qu&#039;un simple fabricant\u00a0: nous sommes le partenaire de votre r\u00e9ussite. Nous comprenons que nos clients comptent sur nous pour leur fournir des outils qui am\u00e9liorent leur productivit\u00e9 et leur s\u00e9curit\u00e9. C&#039;est pourquoi nous nous engageons \u00e0 offrir non seulement des produits haut de gamme, mais aussi un service exceptionnel. De la consultation initiale au service apr\u00e8s-vente, nous travaillons en \u00e9troite collaboration avec nos clients pour r\u00e9pondre \u00e0 leurs besoins avec professionnalisme et attention. Nos prix comp\u00e9titifs, associ\u00e9s \u00e0 notre engagement ind\u00e9fectible envers la qualit\u00e9, font de FMP le choix id\u00e9al pour les entreprises souhaitant investir dans des solutions hydrauliques fiables.<\/p>","protected":false},"excerpt":{"rendered":"<p>Professional Small Dump Truck Hydraulic Hoist Cylinder Multistage Hydraulic Cylinder Our Professional Small Dump Truck Hydraulic Hoist Cylinder Multistage hydraulic cylinder is a state-of-the-art product that offers unparalleled quality and performance. Designed with efficiency and reliability in mind, this hydraulic cylinder is perfect for various applications in machinery repair shops, farms, energy and mining industries, [&hellip;]<\/p>","protected":false},"featured_media":6806,"comment_status":"closed","ping_status":"closed","template":"","meta":{"_et_pb_use_builder":"","_et_pb_old_content":"","_et_gb_content_width":""},"product_brand":[],"product_cat":[103],"product_tag":[34,105],"class_list":{"0":"post-6625","1":"product","2":"type-product","3":"status-publish","4":"has-post-thumbnail","6":"product_cat-telescopic-hydraulic-cylinders","7":"product_tag-hydraulic-cylinder","8":"product_tag-telescopic-hydraulic-cylinders","10":"first","11":"instock","12":"product-type-simple"},"_links":{"self":[{"href":"https:\/\/fmp-components.com\/fr\/wp-json\/wp\/v2\/product\/6625","targetHints":{"allow":["GET"]}}],"collection":[{"href":"https:\/\/fmp-components.com\/fr\/wp-json\/wp\/v2\/product"}],"about":[{"href":"https:\/\/fmp-components.com\/fr\/wp-json\/wp\/v2\/types\/product"}],"replies":[{"embeddable":true,"href":"https:\/\/fmp-components.com\/fr\/wp-json\/wp\/v2\/comments?post=6625"}],"wp:featuredmedia":[{"embeddable":true,"href":"https:\/\/fmp-components.com\/fr\/wp-json\/wp\/v2\/media\/6806"}],"wp:attachment":[{"href":"https:\/\/fmp-components.com\/fr\/wp-json\/wp\/v2\/media?parent=6625"}],"wp:term":[{"taxonomy":"product_brand","embeddable":true,"href":"https:\/\/fmp-components.com\/fr\/wp-json\/wp\/v2\/product_brand?post=6625"},{"taxonomy":"product_cat","embeddable":true,"href":"https:\/\/fmp-components.com\/fr\/wp-json\/wp\/v2\/product_cat?post=6625"},{"taxonomy":"product_tag","embeddable":true,"href":"https:\/\/fmp-components.com\/fr\/wp-json\/wp\/v2\/product_tag?post=6625"}],"curies":[{"name":"wp","href":"https:\/\/api.w.org\/{rel}","templated":true}]}}