{"id":6624,"date":"2025-03-11T06:33:57","date_gmt":"2025-03-11T06:33:57","guid":{"rendered":"https:\/\/fmp-components.com\/product\/quality-assurance-double-acting-dump-truck-hydraulic-hoist-cylinder-multistage-hydraulic-cylinder"},"modified":"2025-03-14T01:58:39","modified_gmt":"2025-03-14T01:58:39","slug":"quality-assurance-double-acting-dump-truck-hydraulic-hoist-cylinder-multistage-hydraulic-cylinder","status":"publish","type":"product","link":"https:\/\/fmp-components.com\/fr\/product\/quality-assurance-double-acting-dump-truck-hydraulic-hoist-cylinder-multistage-hydraulic-cylinder\/","title":{"rendered":"V\u00e9rin hydraulique \u00e0 double effet pour camion \u00e0 benne basculante, v\u00e9rin hydraulique \u00e0 plusieurs \u00e9tages, assurance qualit\u00e9"},"content":{"rendered":"<h2>V\u00e9rin hydraulique \u00e0 double effet pour camion \u00e0 benne basculante, v\u00e9rin hydraulique \u00e0 plusieurs \u00e9tages, assurance qualit\u00e9<\/h2>\n<p>D\u00e9couvrez le v\u00e9rin hydraulique \u00e0 double effet pour benne basculante, un nouveau produit FMP de qualit\u00e9 garantie. Cet \u00e9quipement innovant est con\u00e7u pour r\u00e9pondre aux besoins d'une large gamme de secteurs, tels que la r\u00e9paration de machines, l'agriculture, l'\u00e9nergie et les mines, la fabrication de machines et les usines de m\u00e9canique. Il est con\u00e7u pour vous offrir la puissance, l'efficacit\u00e9 et la robustesse n\u00e9cessaires \u00e0 vos travaux les plus exigeants.<\/p>\n<h3>Fonctions et caract\u00e9ristiques<\/h3>\n<p>Ce v\u00e9rin hydraulique multi-\u00e9tages est un v\u00e9rin \u00e0 piston standard con\u00e7u pour fournir une force de pouss\u00e9e et de traction maximale. Il offre une pouss\u00e9e maximale de 3\u00a0000 Nm et une force de traction maximale de 20 tonnes, ce qui le rend id\u00e9al pour les applications exigeantes. Fabriqu\u00e9 en acier robuste, il garantit durabilit\u00e9 et long\u00e9vit\u00e9.<\/p>\n<h3>Param\u00e8tres techniques<\/h3>\n<table style=\"width: 98.7515%;\" border=\"\">\n<tbody>\n<tr>\n<td style=\"width: 42.8571%;\"><i>Taille de l&#039;al\u00e9sage<\/i><\/td>\n<td style=\"width: 401.143%;\">2 \u00e0 6 pouces<\/td>\n<\/tr>\n<tr>\n<td style=\"width: 42.8571%;\"><i>Taille de la tige<\/i><\/td>\n<td style=\"width: 401.143%;\">1,125-4 pouces<\/td>\n<\/tr>\n<tr>\n<td style=\"width: 42.8571%;\"><i>Taille de la course<\/i><\/td>\n<td style=\"width: 401.143%;\">4 \u00e0 100 pouces<\/td>\n<\/tr>\n<tr>\n<td style=\"width: 42.8571%;\"><i>Taille de la broche<\/i><\/td>\n<td style=\"width: 401.143%;\">0,5 \u00e0 2 pouces<\/td>\n<\/tr>\n<tr>\n<td style=\"width: 42.8571%;\"><i>Ports<\/i><\/td>\n<td style=\"width: 401.143%;\">G\/SAE\/NPT\/M<\/td>\n<\/tr>\n<\/tbody>\n<\/table>\n<h3>Caract\u00e9ristiques et avantages uniques<\/h3>\n<ul>\n<li>\u00c9conome en \u00e9nergie : contribue \u00e0 r\u00e9duire la consommation et les co\u00fbts \u00e9nerg\u00e9tiques.<\/li>\n<li>Haute efficacit\u00e9 : Con\u00e7u pour offrir des performances optimales pour les t\u00e2ches exigeantes.<\/li>\n<li>S\u00fbr : Con\u00e7u avec des dispositifs de s\u00e9curit\u00e9 pour garantir la s\u00e9curit\u00e9 de l'utilisateur.<\/li>\n<\/ul>\n<h2>Syst\u00e8mes hydrauliques et principes de fonctionnement<\/h2>\n<p>Le v\u00e9rin hydraulique est un composant essentiel des syst\u00e8mes hydrauliques, convertissant l'\u00e9nergie hydraulique en \u00e9nergie m\u00e9canique. Il fonctionne de concert avec les groupes hydrauliques pour garantir un fonctionnement efficace et r\u00e9gulier dans diverses applications industrielles.<\/p>\n<p><img loading=\"lazy\" decoding=\"async\" class=\"alignnone  wp-image-6759\" src=\"https:\/\/fmp-components.com\/wp-content\/uploads\/2025\/03\/Telescopic-Hydraulic-Cylinders-116.webp\" alt=\"V\u00e9rins hydrauliques t\u00e9lescopiques\" width=\"785\" height=\"785\" title=\"\" srcset=\"https:\/\/fmp-components.com\/wp-content\/uploads\/2025\/03\/Telescopic-Hydraulic-Cylinders-116.webp 785w, https:\/\/fmp-components.com\/wp-content\/uploads\/2025\/03\/Telescopic-Hydraulic-Cylinders-116-480x480.webp 480w\" sizes=\"(min-width: 0px) and (max-width: 480px) 480px, (min-width: 481px) 785px, 100vw\" \/><\/p>\n<h2>Sc\u00e9narios d'application<\/h2>\n<p>Ce v\u00e9rin hydraulique est largement utilis\u00e9 dans les ateliers de r\u00e9paration de machines, les exploitations agricoles, les secteurs de l'\u00e9nergie et des mines, la fabrication de machines et les usines de m\u00e9canique. Il offre des performances fiables m\u00eame dans les conditions les plus exigeantes.<\/p>\n<h2>V\u00e9rins hydrauliques et groupes motopropulseurs<\/h2>\n<p>La synergie entre les v\u00e9rins hydrauliques et les centrales hydrauliques est essentielle \u00e0 la large application de la technologie hydraulique dans le secteur industriel. Le v\u00e9rin hydraulique convertit l'\u00e9nergie hydraulique en mouvement m\u00e9canique, tandis que la centrale hydraulique fournit l'\u00e9nergie et les signaux de commande n\u00e9cessaires. Leur fonctionnement coordonn\u00e9 garantit le bon fonctionnement des syst\u00e8mes hydrauliques. Chez FMP, nous proposons \u00e9galement des centrales hydrauliques \u00e0 la vente, vous assurant ainsi une solution compl\u00e8te pour vos syst\u00e8mes hydrauliques.<\/p>\n<h3>FAQ<\/h3>\n<p><b>Q : Quel est le d\u00e9lai de livraison ?<\/b><br \/>\nR : Le d\u00e9lai de livraison g\u00e9n\u00e9ral est de 25 \u00e0 35 jours.<\/p>\n<p><b>Q : Proposez-vous des \u00e9chantillons ?<\/b><br \/>\nR : Oui, nous proposons des \u00e9chantillons mais ils ne sont pas gratuits.<\/p>\n<p><b>Q : Pouvez-vous produire selon des \u00e9chantillons ?<\/b><br \/>\nR : Oui, nous pouvons produire \u00e0 partir de vos \u00e9chantillons ou de vos plans techniques. Nous pouvons fabriquer les moules et les montages.<\/p>\n<h3>\u00c0 propos de FMP<\/h3>\n<p class=\"break-words\">FMP est un fabricant italien de premier plan sp\u00e9cialis\u00e9 dans la conception, le d\u00e9veloppement et la production de v\u00e9rins hydrauliques de haute qualit\u00e9. Forts d&#039;un riche h\u00e9ritage ancr\u00e9 dans des d\u00e9cennies d&#039;expertise, nous sommes fiers d&#039;allier savoir-faire italien et technologie de pointe pour proposer des solutions hydrauliques exceptionnelles, adapt\u00e9es aux besoins vari\u00e9s de notre client\u00e8le internationale. Bas\u00e9e en Italie, p\u00f4le d&#039;excellence en ing\u00e9nierie, FMP est une r\u00e9f\u00e9rence dans le secteur hydraulique, engag\u00e9e \u00e0 fournir des produits fiables, durables et innovants qui dynamisent les entreprises du monde entier.<\/p>\n<p class=\"break-words\">Notre entreprise allie le meilleur des traditions de fabrication de pointe \u00e0 une approche avant-gardiste. Forte de nombreuses ann\u00e9es d&#039;exp\u00e9rience dans les syst\u00e8mes hydrauliques, FMP est devenue une entreprise moderne qui excelle en recherche, conception et production. Nous proposons une large gamme de v\u00e9rins hydrauliques, notamment des v\u00e9rins \u00e0 double effet, des v\u00e9rins de levage pour automobiles et pour machines agricoles, ainsi que des solutions sur mesure pour diverses applications industrielles. Qu&#039;il s&#039;agisse de construction, d&#039;installations industrielles, d&#039;agriculture ou de machines lourdes, nos v\u00e9rins hydrauliques sont con\u00e7us pour fonctionner dans les conditions les plus difficiles, garantissant s\u00e9curit\u00e9, efficacit\u00e9 et long\u00e9vit\u00e9.<\/p>\n<p><img loading=\"lazy\" decoding=\"async\" class=\"alignnone size-full wp-image-6720\" src=\"https:\/\/fmp-components.com\/wp-content\/uploads\/2025\/03\/hydraulic-cylinder-8.webp\" alt=\"V\u00e9rins hydrauliques t\u00e9lescopiques\" width=\"933\" height=\"526\" title=\"\" srcset=\"https:\/\/fmp-components.com\/wp-content\/uploads\/2025\/03\/hydraulic-cylinder-8.webp 933w, https:\/\/fmp-components.com\/wp-content\/uploads\/2025\/03\/hydraulic-cylinder-8-480x271.webp 480w\" sizes=\"(min-width: 0px) and (max-width: 480px) 480px, (min-width: 481px) 933px, 100vw\" \/><\/p>\n<p class=\"break-words\">Chez FMP, nous sommes fiers de nos installations de production ultramodernes, \u00e9quip\u00e9es de machines de pr\u00e9cision et de syst\u00e8mes de test avanc\u00e9s. Nos processus de fabrication respectent des normes nationales et internationales rigoureuses, garantissant ainsi la qualit\u00e9 et la fiabilit\u00e9 de chaque v\u00e9rin hydraulique quittant notre usine. Notre \u00e9quipe technique qualifi\u00e9e, associ\u00e9e \u00e0 des \u00e9quipements de pointe, nous permet d&#039;assurer un contr\u00f4le qualit\u00e9 rigoureux \u00e0 chaque \u00e9tape de la production, de la s\u00e9lection des mati\u00e8res premi\u00e8res au contr\u00f4le final. Cette volont\u00e9 d&#039;excellence nous a valu des certifications et la reconnaissance des autorit\u00e9s du secteur, consolidant ainsi notre r\u00e9putation de partenaire fiable.<\/p>\n<p class=\"break-words\">Notre mission est simple et ambitieuse\u00a0: fournir \u00e0 nos clients des v\u00e9rins hydrauliques d\u00e9passant leurs attentes en termes de performances, de durabilit\u00e9 et de rapport qualit\u00e9-prix. Nous agissons selon les principes directeurs de professionnalisme, d&#039;int\u00e9grit\u00e9 et d&#039;orientation client. En favorisant une culture d&#039;innovation et de pr\u00e9cision, nous perfectionnons continuellement nos produits pour conserver une longueur d&#039;avance sur un march\u00e9 concurrentiel. Notre gamme compl\u00e8te de produits et notre capacit\u00e9 \u00e0 proposer des solutions sur mesure font de nous le choix incontournable des entreprises \u00e0 la recherche de v\u00e9rins hydrauliques hautes performances.<\/p>\n<p class=\"break-words\">FMP est plus qu&#039;un simple fabricant\u00a0: nous sommes le partenaire de votre r\u00e9ussite. Nous comprenons que nos clients comptent sur nous pour leur fournir des outils qui am\u00e9liorent leur productivit\u00e9 et leur s\u00e9curit\u00e9. C&#039;est pourquoi nous nous engageons \u00e0 offrir non seulement des produits haut de gamme, mais aussi un service exceptionnel. De la consultation initiale au service apr\u00e8s-vente, nous travaillons en \u00e9troite collaboration avec nos clients pour r\u00e9pondre \u00e0 leurs besoins avec professionnalisme et attention. Nos prix comp\u00e9titifs, associ\u00e9s \u00e0 notre engagement ind\u00e9fectible envers la qualit\u00e9, font de FMP le choix id\u00e9al pour les entreprises souhaitant investir dans des solutions hydrauliques fiables.<\/p>","protected":false},"excerpt":{"rendered":"<p>Quality Assurance Double Acting Dump Truck Hydraulic Hoist Cylinder Multistage Hydraulic Cylinder Introducing the Quality Assurance Double Acting Dump Truck Hydraulic Hoist Cylinder Multistage Hydraulic Cylinder &#8211; a new, quality-assured product from FMP. This innovative equipment is designed to serve a wide array of industries such as machinery repair shops, farms, energy &amp; mining, machinery [&hellip;]<\/p>","protected":false},"featured_media":6803,"comment_status":"closed","ping_status":"closed","template":"","meta":{"_et_pb_use_builder":"","_et_pb_old_content":"","_et_gb_content_width":""},"product_brand":[],"product_cat":[103],"product_tag":[34,105],"class_list":{"0":"post-6624","1":"product","2":"type-product","3":"status-publish","4":"has-post-thumbnail","6":"product_cat-telescopic-hydraulic-cylinders","7":"product_tag-hydraulic-cylinder","8":"product_tag-telescopic-hydraulic-cylinders","10":"first","11":"instock","12":"product-type-simple"},"_links":{"self":[{"href":"https:\/\/fmp-components.com\/fr\/wp-json\/wp\/v2\/product\/6624","targetHints":{"allow":["GET"]}}],"collection":[{"href":"https:\/\/fmp-components.com\/fr\/wp-json\/wp\/v2\/product"}],"about":[{"href":"https:\/\/fmp-components.com\/fr\/wp-json\/wp\/v2\/types\/product"}],"replies":[{"embeddable":true,"href":"https:\/\/fmp-components.com\/fr\/wp-json\/wp\/v2\/comments?post=6624"}],"wp:featuredmedia":[{"embeddable":true,"href":"https:\/\/fmp-components.com\/fr\/wp-json\/wp\/v2\/media\/6803"}],"wp:attachment":[{"href":"https:\/\/fmp-components.com\/fr\/wp-json\/wp\/v2\/media?parent=6624"}],"wp:term":[{"taxonomy":"product_brand","embeddable":true,"href":"https:\/\/fmp-components.com\/fr\/wp-json\/wp\/v2\/product_brand?post=6624"},{"taxonomy":"product_cat","embeddable":true,"href":"https:\/\/fmp-components.com\/fr\/wp-json\/wp\/v2\/product_cat?post=6624"},{"taxonomy":"product_tag","embeddable":true,"href":"https:\/\/fmp-components.com\/fr\/wp-json\/wp\/v2\/product_tag?post=6624"}],"curies":[{"name":"wp","href":"https:\/\/api.w.org\/{rel}","templated":true}]}}