{"id":6621,"date":"2025-03-11T06:33:57","date_gmt":"2025-03-11T06:33:57","guid":{"rendered":"https:\/\/fmp-components.com\/product\/premium-quality-dump-truck-hydraulic-hoist-cylinder-double-acting-hydraulic-cylinder"},"modified":"2025-03-14T00:55:26","modified_gmt":"2025-03-14T00:55:26","slug":"premium-quality-dump-truck-hydraulic-hoist-cylinder-double-acting-hydraulic-cylinder","status":"publish","type":"product","link":"https:\/\/fmp-components.com\/fr\/product\/premium-quality-dump-truck-hydraulic-hoist-cylinder-double-acting-hydraulic-cylinder\/","title":{"rendered":"V\u00e9rin hydraulique de levage de camion-benne de qualit\u00e9 sup\u00e9rieure, v\u00e9rin hydraulique \u00e0 double effet"},"content":{"rendered":"<h2>V\u00e9rin hydraulique de levage de qualit\u00e9 sup\u00e9rieure pour camion-benne<\/h2>\n<p>Notre v\u00e9rin hydraulique de levage haut de gamme pour camions-bennes est un v\u00e9rin double effet offrant des performances optimales dans tous les secteurs d'activit\u00e9 concern\u00e9s. Que vous soyez dans la r\u00e9paration de machines, l'agriculture, l'\u00e9nergie, l'exploitation mini\u00e8re, la fabrication de machines ou que vous poss\u00e9diez une usine de machines, ce v\u00e9rin hydraulique est con\u00e7u pour r\u00e9pondre parfaitement \u00e0 vos besoins.<\/p>\n<h3>Sp\u00e9cifications du produit<\/h3>\n<p>Notre v\u00e9rin hydraulique est neuf et b\u00e9n\u00e9ficie d'une garantie d'un an. Il s'agit d'un v\u00e9rin hydraulique standard \u00e0 plusieurs \u00e9tages, de type piston. Son corps est en acier et il offre une pouss\u00e9e maximale de 3\u00a0000 Nm. Sa force de traction maximale est de 20 tonnes et il est certifi\u00e9 ISO 9001:2000.<\/p>\n<table style=\"width: 95.0781%;\" border=\"\">\n<tbody>\n<tr>\n<th style=\"width: 42.8571%;\">Taille de l&#039;al\u00e9sage<\/th>\n<th style=\"width: 396%;\">2 \u00e0 6 pouces<\/th>\n<\/tr>\n<tr>\n<th style=\"width: 42.8571%;\">Taille de la tige<\/th>\n<th style=\"width: 396%;\">1,125-4 pouces<\/th>\n<\/tr>\n<tr>\n<th style=\"width: 42.8571%;\">Taille de la course<\/th>\n<th style=\"width: 396%;\">4 \u00e0 100 pouces<\/th>\n<\/tr>\n<tr>\n<th style=\"width: 42.8571%;\">Taille de la broche<\/th>\n<th style=\"width: 396%;\">0,5 \u00e0 2 pouces<\/th>\n<\/tr>\n<tr>\n<th style=\"width: 42.8571%;\">Ports<\/th>\n<th style=\"width: 396%;\">G\/SAE\/NPT\/M<\/th>\n<\/tr>\n<\/tbody>\n<\/table>\n<h2>Caract\u00e9ristiques et avantages du produit<\/h2>\n<ul>\n<li>Efficacit\u00e9 \u00e9nerg\u00e9tique<\/li>\n<li>Tr\u00e8s efficace<\/li>\n<li>S\u00e9curit\u00e9 assur\u00e9e<\/li>\n<\/ul>\n<h2>Principe de fonctionnement du syst\u00e8me hydraulique<\/h2>\n<p>Notre v\u00e9rin hydraulique fonctionne selon le principe de la puissance fluidique, une technologie qui exploite l'incompressibilit\u00e9 du fluide hydraulique pour transmettre une force et r\u00e9aliser des t\u00e2ches m\u00e9caniques. Lorsque le fluide hydraulique est introduit sous pression dans le v\u00e9rin, il exerce une force sur le piston interne. Cette force provoque le d\u00e9placement du piston, qui \u00e0 son tour actionne la tige qui y est fix\u00e9e, permettant son extension ou sa r\u00e9traction. Le principe fondamental de ce fonctionnement repose sur la loi de Pascal, qui stipule que toute variation de pression appliqu\u00e9e \u00e0 un fluide incompressible se transmet int\u00e9gralement dans toutes les directions. Ceci permet \u00e0 une force d'entr\u00e9e relativement faible de g\u00e9n\u00e9rer une force de sortie beaucoup plus importante, rendant les syst\u00e8mes hydrauliques extr\u00eamement efficaces pour le levage et le d\u00e9placement de charges lourdes.<\/p>\n<p>La conception du v\u00e9rin hydraulique comprend divers composants, tels que des joints et des soupapes, qui contribuent \u00e0 contr\u00f4ler le d\u00e9bit du fluide et \u00e0 garantir un fonctionnement optimal. En r\u00e9gulant la pression et le d\u00e9bit du fluide hydraulique, les op\u00e9rateurs peuvent effectuer des mouvements pr\u00e9cis et ma\u00eetriser l'\u00e9quipement, ce qui rend les syst\u00e8mes hydrauliques parfaitement adapt\u00e9s aux t\u00e2ches exigeant \u00e0 la fois puissance et pr\u00e9cision.<\/p>\n<p><img loading=\"lazy\" decoding=\"async\" class=\"alignnone  wp-image-6663\" src=\"https:\/\/fmp-components.com\/wp-content\/uploads\/2025\/03\/telescopic-hydraulic-cylinder-11.webp\" alt=\"v\u00e9rin hydraulique t\u00e9lescopique\" width=\"784\" height=\"784\" title=\"\" srcset=\"https:\/\/fmp-components.com\/wp-content\/uploads\/2025\/03\/telescopic-hydraulic-cylinder-11.webp 784w, https:\/\/fmp-components.com\/wp-content\/uploads\/2025\/03\/telescopic-hydraulic-cylinder-11-480x480.webp 480w\" sizes=\"(min-width: 0px) and (max-width: 480px) 480px, (min-width: 481px) 784px, 100vw\" \/><\/p>\n<h3>Application du v\u00e9rin hydraulique<\/h3>\n<p>La polyvalence de notre v\u00e9rin hydraulique de levage en fait un composant essentiel dans de nombreuses applications, notamment dans les secteurs de la construction et du transport. Ce type de v\u00e9rin est couramment utilis\u00e9 sur les camions-bennes, o\u00f9 il joue un r\u00f4le crucial dans le levage de la benne pour faciliter le d\u00e9chargement de mat\u00e9riaux tels que le gravier, le sable ou les d\u00e9bris. La possibilit\u00e9 de lever et d'abaisser efficacement la benne am\u00e9liore la productivit\u00e9 et la s\u00e9curit\u00e9 sur les chantiers.<\/p>\n<p>Outre les camions-bennes, les v\u00e9rins hydrauliques sont largement utilis\u00e9s dans les pelles hydrauliques et les chargeuses. Dans les pelles hydrauliques, ces v\u00e9rins contr\u00f4lent les mouvements de la fl\u00e8che et du bras, permettant ainsi un creusement, un levage et un d\u00e9placement pr\u00e9cis des mat\u00e9riaux. De m\u00eame, dans les chargeuses, les v\u00e9rins hydrauliques permettent de lever et d'incliner le godet, facilitant le transport et le chargement des mat\u00e9riaux.<\/p>\n<p>L'utilisation des v\u00e9rins hydrauliques ne se limite pas aux engins de chantier\u00a0; on les retrouve \u00e9galement dans divers \u00e9quipements industriels, tels que les chariots \u00e9l\u00e9vateurs et les syst\u00e8mes de manutention, o\u00f9 ils fournissent la force n\u00e9cessaire pour soulever des charges lourdes et am\u00e9liorer l'efficacit\u00e9 des op\u00e9rations. Leur conception robuste et leur puissance \u00e9lev\u00e9e les rendent indispensables pour les t\u00e2ches n\u00e9cessitant le levage et le d\u00e9placement de charges importantes, garantissant ainsi un fonctionnement fluide et efficace des machines, m\u00eame dans des environnements exigeants.<\/p>\n<p>De mani\u00e8re g\u00e9n\u00e9rale, le v\u00e9rin de levage hydraulique illustre l'efficacit\u00e9 des syst\u00e8mes hydrauliques dans les machines modernes, d\u00e9montrant leur capacit\u00e9 \u00e0 effectuer des t\u00e2ches complexes avec fiabilit\u00e9 et pr\u00e9cision dans de nombreux secteurs d'activit\u00e9.<\/p>\n<p><img alt=\"\" \/><\/p>\n<h2>FAQ<\/h2>\n<p><span>Q : \u00cates-vous une soci\u00e9t\u00e9 commerciale ou un fabricant ?<\/span><br \/>\n<span>A : Nous sommes une usine.<\/span><br \/>\n<span>Q : Quel est votre d\u00e9lai de livraison ?<\/span><br \/>\n<span>R : En g\u00e9n\u00e9ral, cela prend entre 25 et 35 jours.<\/span><br \/>\n<span>Q\u00a0: Fournissez-vous des \u00e9chantillons\u00a0? Sont-ils gratuits ou en suppl\u00e9ment\u00a0?<\/span><br \/>\n<span>R : Oui, nous pourrions proposer l&#039;\u00e9chantillon mais ce n&#039;est pas gratuit.<\/span><\/p>\n<h3>\u00c0 propos de FMP<\/h3>\n<p class=\"break-words\">FMP est un fabricant italien de premier plan sp\u00e9cialis\u00e9 dans la conception, le d\u00e9veloppement et la production de v\u00e9rins hydrauliques de haute qualit\u00e9. Forts d&#039;un riche h\u00e9ritage ancr\u00e9 dans des d\u00e9cennies d&#039;expertise, nous sommes fiers d&#039;allier savoir-faire italien et technologie de pointe pour proposer des solutions hydrauliques exceptionnelles, adapt\u00e9es aux besoins vari\u00e9s de notre client\u00e8le internationale. Bas\u00e9e en Italie, p\u00f4le d&#039;excellence en ing\u00e9nierie, FMP est une r\u00e9f\u00e9rence dans le secteur hydraulique, engag\u00e9e \u00e0 fournir des produits fiables, durables et innovants qui dynamisent les entreprises du monde entier.<\/p>\n<p class=\"break-words\">Notre entreprise allie le meilleur des traditions de fabrication de pointe \u00e0 une approche avant-gardiste. Forte de nombreuses ann\u00e9es d&#039;exp\u00e9rience dans les syst\u00e8mes hydrauliques, FMP est devenue une entreprise moderne qui excelle en recherche, conception et production. Nous proposons une large gamme de v\u00e9rins hydrauliques, notamment des v\u00e9rins \u00e0 double effet, des v\u00e9rins de levage pour automobiles et pour machines agricoles, ainsi que des solutions sur mesure pour diverses applications industrielles. Qu&#039;il s&#039;agisse de construction, d&#039;installations industrielles, d&#039;agriculture ou de machines lourdes, nos v\u00e9rins hydrauliques sont con\u00e7us pour fonctionner dans les conditions les plus difficiles, garantissant s\u00e9curit\u00e9, efficacit\u00e9 et long\u00e9vit\u00e9.<\/p>\n<p><img loading=\"lazy\" decoding=\"async\" class=\"alignnone size-full wp-image-6720\" src=\"https:\/\/fmp-components.com\/wp-content\/uploads\/2025\/03\/hydraulic-cylinder-8.webp\" alt=\"V\u00e9rins hydrauliques t\u00e9lescopiques\" width=\"933\" height=\"526\" title=\"\" srcset=\"https:\/\/fmp-components.com\/wp-content\/uploads\/2025\/03\/hydraulic-cylinder-8.webp 933w, https:\/\/fmp-components.com\/wp-content\/uploads\/2025\/03\/hydraulic-cylinder-8-480x271.webp 480w\" sizes=\"(min-width: 0px) and (max-width: 480px) 480px, (min-width: 481px) 933px, 100vw\" \/><\/p>\n<p class=\"break-words\">Chez FMP, nous sommes fiers de nos installations de production ultramodernes, \u00e9quip\u00e9es de machines de pr\u00e9cision et de syst\u00e8mes de test avanc\u00e9s. Nos processus de fabrication respectent des normes nationales et internationales rigoureuses, garantissant ainsi la qualit\u00e9 et la fiabilit\u00e9 de chaque v\u00e9rin hydraulique quittant notre usine. Notre \u00e9quipe technique qualifi\u00e9e, associ\u00e9e \u00e0 des \u00e9quipements de pointe, nous permet d&#039;assurer un contr\u00f4le qualit\u00e9 rigoureux \u00e0 chaque \u00e9tape de la production, de la s\u00e9lection des mati\u00e8res premi\u00e8res au contr\u00f4le final. Cette volont\u00e9 d&#039;excellence nous a valu des certifications et la reconnaissance des autorit\u00e9s du secteur, consolidant ainsi notre r\u00e9putation de partenaire fiable.<\/p>\n<p class=\"break-words\">Notre mission est simple et ambitieuse\u00a0: fournir \u00e0 nos clients des v\u00e9rins hydrauliques d\u00e9passant leurs attentes en termes de performances, de durabilit\u00e9 et de rapport qualit\u00e9-prix. Nous agissons selon les principes directeurs de professionnalisme, d&#039;int\u00e9grit\u00e9 et d&#039;orientation client. En favorisant une culture d&#039;innovation et de pr\u00e9cision, nous perfectionnons continuellement nos produits pour conserver une longueur d&#039;avance sur un march\u00e9 concurrentiel. Notre gamme compl\u00e8te de produits et notre capacit\u00e9 \u00e0 proposer des solutions sur mesure font de nous le choix incontournable des entreprises \u00e0 la recherche de v\u00e9rins hydrauliques hautes performances.<\/p>\n<p class=\"break-words\">FMP est plus qu&#039;un simple fabricant\u00a0: nous sommes le partenaire de votre r\u00e9ussite. Nous comprenons que nos clients comptent sur nous pour leur fournir des outils qui am\u00e9liorent leur productivit\u00e9 et leur s\u00e9curit\u00e9. C&#039;est pourquoi nous nous engageons \u00e0 offrir non seulement des produits haut de gamme, mais aussi un service exceptionnel. De la consultation initiale au service apr\u00e8s-vente, nous travaillons en \u00e9troite collaboration avec nos clients pour r\u00e9pondre \u00e0 leurs besoins avec professionnalisme et attention. Nos prix comp\u00e9titifs, associ\u00e9s \u00e0 notre engagement ind\u00e9fectible envers la qualit\u00e9, font de FMP le choix id\u00e9al pour les entreprises souhaitant investir dans des solutions hydrauliques fiables.<\/p>","protected":false},"excerpt":{"rendered":"<p>Premium Quality Dump Truck Hydraulic Hoist Cylinder Our Premium Quality Dump Truck Hydraulic Hoist Cylinder is a double acting hydraulic cylinder that delivers top-notch performance in all applicable industries. Whether you are into machinery repair, farming, energy and mining, machinery manufacturing, or you own a machinery factory, this hydraulic cylinder is crafted to serve your [&hellip;]<\/p>","protected":false},"featured_media":6789,"comment_status":"closed","ping_status":"closed","template":"","meta":{"_et_pb_use_builder":"","_et_pb_old_content":"","_et_gb_content_width":""},"product_brand":[],"product_cat":[103],"product_tag":[34,105],"class_list":{"0":"post-6621","1":"product","2":"type-product","3":"status-publish","4":"has-post-thumbnail","6":"product_cat-telescopic-hydraulic-cylinders","7":"product_tag-hydraulic-cylinder","8":"product_tag-telescopic-hydraulic-cylinders","10":"first","11":"instock","12":"product-type-simple"},"_links":{"self":[{"href":"https:\/\/fmp-components.com\/fr\/wp-json\/wp\/v2\/product\/6621","targetHints":{"allow":["GET"]}}],"collection":[{"href":"https:\/\/fmp-components.com\/fr\/wp-json\/wp\/v2\/product"}],"about":[{"href":"https:\/\/fmp-components.com\/fr\/wp-json\/wp\/v2\/types\/product"}],"replies":[{"embeddable":true,"href":"https:\/\/fmp-components.com\/fr\/wp-json\/wp\/v2\/comments?post=6621"}],"wp:featuredmedia":[{"embeddable":true,"href":"https:\/\/fmp-components.com\/fr\/wp-json\/wp\/v2\/media\/6789"}],"wp:attachment":[{"href":"https:\/\/fmp-components.com\/fr\/wp-json\/wp\/v2\/media?parent=6621"}],"wp:term":[{"taxonomy":"product_brand","embeddable":true,"href":"https:\/\/fmp-components.com\/fr\/wp-json\/wp\/v2\/product_brand?post=6621"},{"taxonomy":"product_cat","embeddable":true,"href":"https:\/\/fmp-components.com\/fr\/wp-json\/wp\/v2\/product_cat?post=6621"},{"taxonomy":"product_tag","embeddable":true,"href":"https:\/\/fmp-components.com\/fr\/wp-json\/wp\/v2\/product_tag?post=6621"}],"curies":[{"name":"wp","href":"https:\/\/api.w.org\/{rel}","templated":true}]}}