{"id":6614,"date":"2025-03-11T06:33:57","date_gmt":"2025-03-11T06:33:57","guid":{"rendered":"https:\/\/fmp-components.com\/product\/quality-assurance-hydraulic-cylinder-double-acting-5-stage-hydraulic-telescopic-cylinder"},"modified":"2025-03-14T00:49:46","modified_gmt":"2025-03-14T00:49:46","slug":"quality-assurance-hydraulic-cylinder-double-acting-5-stage-hydraulic-telescopic-cylinder","status":"publish","type":"product","link":"https:\/\/fmp-components.com\/fr\/product\/quality-assurance-hydraulic-cylinder-double-acting-5-stage-hydraulic-telescopic-cylinder\/","title":{"rendered":"V\u00e9rin hydraulique t\u00e9lescopique \u00e0 double effet \u00e0 5 \u00e9tages, avec garantie de qualit\u00e9"},"content":{"rendered":"<h2>V\u00e9rin hydraulique t\u00e9lescopique \u00e0 double effet \u00e0 5 \u00e9tages, avec garantie de qualit\u00e9<\/h2>\n<p>D\u00e9couvrez notre v\u00e9rin hydraulique t\u00e9lescopique double effet \u00e0 5 \u00e9tages, garanti qualit\u00e9. Ce produit de pointe est con\u00e7u pour diverses applications dans des secteurs tels que les ateliers de r\u00e9paration de machines, l'agriculture, l'\u00e9nergie et l'exploitation mini\u00e8re, la fabrication de machines et les usines de machines. Fabriqu\u00e9 selon les normes de qualit\u00e9 les plus strictes, ce v\u00e9rin hydraulique garantit un fonctionnement robuste et fiable.<\/p>\n<h3>Caract\u00e9ristiques et avantages du produit<\/h3>\n<ul>\n<li>Double effet \u2013 permet de contr\u00f4ler \u00e0 la fois l'extension et la r\u00e9traction de la tige, offrant ainsi une s\u00e9curit\u00e9 et une pr\u00e9cision accrues lors du fonctionnement.<\/li>\n<li>Conception t\u00e9lescopique \u00e0 5 \u00e9tages \u2013 offre une course de travail plus longue qu'un v\u00e9rin \u00e0 un \u00e9tage de la m\u00eame longueur ferm\u00e9e.<\/li>\n<li>Mat\u00e9riau du corps en acier \u2013 garantit la durabilit\u00e9 et les performances \u00e0 long terme, m\u00eame dans des conditions de travail difficiles.<\/li>\n<li>Haute performance \u2013 avec une pouss\u00e9e maximale de 3 000 et une traction maximale de 20 tonnes, ce v\u00e9rin hydraulique peut g\u00e9rer des applications lourdes.<\/li>\n<li>Assurance qualit\u00e9 \u2013 notre v\u00e9rin hydraulique est livr\u00e9 avec une garantie d\u2019un an sur les composants de base, des rapports de test fournis et une certification ISO9001:2000.<\/li>\n<\/ul>\n<h3>Sp\u00e9cifications techniques<\/h3>\n<table style=\"width: 101.022%;\" border=\"\">\n<tbody>\n<tr>\n<td style=\"width: 42.8571%;\"><i>Taille de l&#039;al\u00e9sage<\/i><\/td>\n<td style=\"width: 411.429%;\">2 \u00e0 6 pouces<\/td>\n<\/tr>\n<tr>\n<td style=\"width: 42.8571%;\"><i>Taille de la tige<\/i><\/td>\n<td style=\"width: 411.429%;\">1,125-4 pouces<\/td>\n<\/tr>\n<tr>\n<td style=\"width: 42.8571%;\"><i>Taille de la course<\/i><\/td>\n<td style=\"width: 411.429%;\">4 \u00e0 100 pouces<\/td>\n<\/tr>\n<tr>\n<td style=\"width: 42.8571%;\"><i>Taille de la broche<\/i><\/td>\n<td style=\"width: 411.429%;\">0,5 \u00e0 2 pouces<\/td>\n<\/tr>\n<tr>\n<td style=\"width: 42.8571%;\"><i>Ports<\/i><\/td>\n<td style=\"width: 411.429%;\">G\/SAE\/NPT\/M<\/td>\n<\/tr>\n<\/tbody>\n<\/table>\n<h2>Application des v\u00e9rins hydrauliques<\/h2>\n<p>Nos v\u00e9rins hydrauliques sont largement utilis\u00e9s dans une grande vari\u00e9t\u00e9 d'applications, d\u00e9montrant leur polyvalence et leur efficacit\u00e9 dans divers secteurs. Des ateliers de r\u00e9paration de machines aux champs agricoles, en passant par la production d'\u00e9nergie, les op\u00e9rations mini\u00e8res, la fabrication de machines et les usines industrielles, ces v\u00e9rins jouent un r\u00f4le crucial pour faciliter les t\u00e2ches exigeant force et pr\u00e9cision.<\/p>\n<p>L'une des principales caract\u00e9ristiques de nos v\u00e9rins hydrauliques est leur conception multi-\u00e9tages, qui leur permet de g\u00e9n\u00e9rer une puissance \u00e9lev\u00e9e tout en conservant un format compact. Ils sont donc parfaitement adapt\u00e9s aux applications n\u00e9cessitant une force importante sur de longues distances. Par exemple, dans les ateliers de r\u00e9paration de machines, les v\u00e9rins hydrauliques sont utilis\u00e9s pour soulever des \u00e9quipements lourds lors des op\u00e9rations de maintenance et de r\u00e9paration, garantissant ainsi s\u00e9curit\u00e9 et efficacit\u00e9.<\/p>\n<p>Dans l'agriculture, ces v\u00e9rins facilitent le fonctionnement des machines agricoles, telles que les tracteurs et les moissonneuses-batteuses, permettant aux agriculteurs d'effectuer facilement des t\u00e2ches comme le levage des charrues ou le r\u00e9glage des \u00e9quipements. Le secteur agricole b\u00e9n\u00e9ficie grandement des puissantes capacit\u00e9s de levage des v\u00e9rins hydrauliques, am\u00e9liorant la productivit\u00e9 et r\u00e9duisant le travail manuel.<\/p>\n<p>Dans les secteurs de l'\u00e9nergie et des mines, les v\u00e9rins hydrauliques sont essentiels au fonctionnement des \u00e9quipements lourds utilis\u00e9s pour le forage, l'excavation et la manutention. Ils fournissent la force n\u00e9cessaire pour d\u00e9placer de grandes quantit\u00e9s de terre ou de mat\u00e9riaux, rendant les op\u00e9rations plus s\u00fbres et plus efficaces. De plus, dans les usines et la fabrication de machines, les v\u00e9rins hydrauliques sont essentiels aux cha\u00eenes de montage, o\u00f9 ils facilitent le d\u00e9placement et le positionnement des composants, contribuant ainsi \u00e0 la rationalisation des processus de production.<\/p>\n<p><img loading=\"lazy\" decoding=\"async\" class=\"alignnone size-full wp-image-6788\" src=\"https:\/\/fmp-components.com\/wp-content\/uploads\/2025\/03\/Telescopic-Hydraulic-Cylinders-4.webp\" alt=\"V\u00e9rins hydrauliques t\u00e9lescopiques\" width=\"800\" height=\"800\" title=\"\" srcset=\"https:\/\/fmp-components.com\/wp-content\/uploads\/2025\/03\/Telescopic-Hydraulic-Cylinders-4.webp 800w, https:\/\/fmp-components.com\/wp-content\/uploads\/2025\/03\/Telescopic-Hydraulic-Cylinders-4-480x480.webp 480w\" sizes=\"(min-width: 0px) and (max-width: 480px) 480px, (min-width: 481px) 800px, 100vw\" \/><\/p>\n<h2>V\u00e9rins hydrauliques et groupes motopropulseurs<\/h2>\n<p>Les v\u00e9rins hydrauliques et les groupes motopropulseurs sont des composants fondamentaux de tout syst\u00e8me hydraulique, fonctionnant en synergie pour optimiser l'efficacit\u00e9 de la technologie hydraulique dans les applications industrielles. Le v\u00e9rin hydraulique sert d'actionneur et convertit la pression hydraulique en mouvement m\u00e9canique, tandis que le groupe motopropulseur g\u00e9n\u00e8re et r\u00e9gule la pression du fluide hydraulique n\u00e9cessaire \u00e0 son fonctionnement.<\/p>\n<p>Ensemble, ces composants garantissent aux syst\u00e8mes hydrauliques une puissance fiable et un contr\u00f4le pr\u00e9cis pour divers \u00e9quipements techniques et m\u00e9caniques. La collaboration entre v\u00e9rins hydrauliques et groupes motopropulseurs permet une large gamme d'applications, du levage et de la pouss\u00e9e au serrage et au pliage, ce qui les rend indispensables dans les secteurs modernes de la fabrication, de la construction et de l'extraction des ressources.<\/p>\n<p>De plus, leur efficacit\u00e9 combin\u00e9e am\u00e9liore non seulement la productivit\u00e9, mais garantit \u00e9galement la s\u00e9curit\u00e9 et la pr\u00e9cision des op\u00e9rations. En exploitant les atouts de la technologie hydraulique, les industries peuvent atteindre des niveaux de performance sup\u00e9rieurs, r\u00e9duire les temps d'arr\u00eat et am\u00e9liorer l'efficacit\u00e9 op\u00e9rationnelle globale. Cette symbiose entre v\u00e9rins hydrauliques et groupes motopropulseurs illustre le r\u00f4le crucial des syst\u00e8mes hydrauliques dans le d\u00e9veloppement des capacit\u00e9s industrielles et l'innovation.<\/p>\n<h2>FAQ<\/h2>\n<p><b>Q : Quel est votre d\u00e9lai de livraison ?<\/b><br \/>\nR : En g\u00e9n\u00e9ral, cela prend entre 25 et 35 jours.<\/p>\n<p><b>Q\u00a0: Fournissez-vous des \u00e9chantillons\u00a0? Sont-ils gratuits ou en suppl\u00e9ment\u00a0?<\/b><br \/>\nR : Oui, nous pourrions proposer l&#039;\u00e9chantillon mais ce n&#039;est pas gratuit.<\/p>\n<p><b>Pouvez-vous produire selon les \u00e9chantillons ?<\/b><br \/>\nR : Oui, nous pouvons produire \u00e0 partir de vos \u00e9chantillons ou de vos plans techniques. Nous pouvons fabriquer les moules et les montages.<\/p>\n<h3>\u00c0 propos de FMP<\/h3>\n<p class=\"break-words\">FMP est un fabricant italien de premier plan sp\u00e9cialis\u00e9 dans la conception, le d\u00e9veloppement et la production de v\u00e9rins hydrauliques de haute qualit\u00e9. Forts d&#039;un riche h\u00e9ritage ancr\u00e9 dans des d\u00e9cennies d&#039;expertise, nous sommes fiers d&#039;allier savoir-faire italien et technologie de pointe pour proposer des solutions hydrauliques exceptionnelles, adapt\u00e9es aux besoins vari\u00e9s de notre client\u00e8le internationale. Bas\u00e9e en Italie, p\u00f4le d&#039;excellence en ing\u00e9nierie, FMP est une r\u00e9f\u00e9rence dans le secteur hydraulique, engag\u00e9e \u00e0 fournir des produits fiables, durables et innovants qui dynamisent les entreprises du monde entier.<\/p>\n<p class=\"break-words\">Notre entreprise allie le meilleur des traditions de fabrication de pointe \u00e0 une approche avant-gardiste. Forte de nombreuses ann\u00e9es d&#039;exp\u00e9rience dans les syst\u00e8mes hydrauliques, FMP est devenue une entreprise moderne qui excelle en recherche, conception et production. Nous proposons une large gamme de v\u00e9rins hydrauliques, notamment des v\u00e9rins \u00e0 double effet, des v\u00e9rins de levage pour automobiles et pour machines agricoles, ainsi que des solutions sur mesure pour diverses applications industrielles. Qu&#039;il s&#039;agisse de construction, d&#039;installations industrielles, d&#039;agriculture ou de machines lourdes, nos v\u00e9rins hydrauliques sont con\u00e7us pour fonctionner dans les conditions les plus difficiles, garantissant s\u00e9curit\u00e9, efficacit\u00e9 et long\u00e9vit\u00e9.<\/p>\n<p><img loading=\"lazy\" decoding=\"async\" class=\"alignnone size-full wp-image-6720\" src=\"https:\/\/fmp-components.com\/wp-content\/uploads\/2025\/03\/hydraulic-cylinder-8.webp\" alt=\"V\u00e9rins hydrauliques t\u00e9lescopiques\" width=\"933\" height=\"526\" title=\"\" srcset=\"https:\/\/fmp-components.com\/wp-content\/uploads\/2025\/03\/hydraulic-cylinder-8.webp 933w, https:\/\/fmp-components.com\/wp-content\/uploads\/2025\/03\/hydraulic-cylinder-8-480x271.webp 480w\" sizes=\"(min-width: 0px) and (max-width: 480px) 480px, (min-width: 481px) 933px, 100vw\" \/><\/p>\n<p class=\"break-words\">Chez FMP, nous sommes fiers de nos installations de production ultramodernes, \u00e9quip\u00e9es de machines de pr\u00e9cision et de syst\u00e8mes de test avanc\u00e9s. Nos processus de fabrication respectent des normes nationales et internationales rigoureuses, garantissant ainsi la qualit\u00e9 et la fiabilit\u00e9 de chaque v\u00e9rin hydraulique quittant notre usine. Notre \u00e9quipe technique qualifi\u00e9e, associ\u00e9e \u00e0 des \u00e9quipements de pointe, nous permet d&#039;assurer un contr\u00f4le qualit\u00e9 rigoureux \u00e0 chaque \u00e9tape de la production, de la s\u00e9lection des mati\u00e8res premi\u00e8res au contr\u00f4le final. Cette volont\u00e9 d&#039;excellence nous a valu des certifications et la reconnaissance des autorit\u00e9s du secteur, consolidant ainsi notre r\u00e9putation de partenaire fiable.<\/p>\n<p class=\"break-words\">Notre mission est simple et ambitieuse\u00a0: fournir \u00e0 nos clients des v\u00e9rins hydrauliques d\u00e9passant leurs attentes en termes de performances, de durabilit\u00e9 et de rapport qualit\u00e9-prix. Nous agissons selon les principes directeurs de professionnalisme, d&#039;int\u00e9grit\u00e9 et d&#039;orientation client. En favorisant une culture d&#039;innovation et de pr\u00e9cision, nous perfectionnons continuellement nos produits pour conserver une longueur d&#039;avance sur un march\u00e9 concurrentiel. Notre gamme compl\u00e8te de produits et notre capacit\u00e9 \u00e0 proposer des solutions sur mesure font de nous le choix incontournable des entreprises \u00e0 la recherche de v\u00e9rins hydrauliques hautes performances.<\/p>\n<p class=\"break-words\">FMP est plus qu&#039;un simple fabricant\u00a0: nous sommes le partenaire de votre r\u00e9ussite. Nous comprenons que nos clients comptent sur nous pour leur fournir des outils qui am\u00e9liorent leur productivit\u00e9 et leur s\u00e9curit\u00e9. C&#039;est pourquoi nous nous engageons \u00e0 offrir non seulement des produits haut de gamme, mais aussi un service exceptionnel. De la consultation initiale au service apr\u00e8s-vente, nous travaillons en \u00e9troite collaboration avec nos clients pour r\u00e9pondre \u00e0 leurs besoins avec professionnalisme et attention. Nos prix comp\u00e9titifs, associ\u00e9s \u00e0 notre engagement ind\u00e9fectible envers la qualit\u00e9, font de FMP le choix id\u00e9al pour les entreprises souhaitant investir dans des solutions hydrauliques fiables.<\/p>","protected":false},"excerpt":{"rendered":"<p>Quality Assurance Hydraulic Cylinder Double Acting 5 Stage Hydraulic Telescopic Cylinder Introducing our Quality Assurance hydraulic cylinder Double Acting 5 Stage Hydraulic Telescopic Cylinder, a state-of-the-art product designed for various applications in industries such as machinery repair shops, farms, energy &amp; mining, machinery manufacturing, and from machinery factories. This hydraulic cylinder is built with the [&hellip;]<\/p>","protected":false},"featured_media":6788,"comment_status":"closed","ping_status":"closed","template":"","meta":{"_et_pb_use_builder":"","_et_pb_old_content":"","_et_gb_content_width":""},"product_brand":[],"product_cat":[103],"product_tag":[34,105],"class_list":{"0":"post-6614","1":"product","2":"type-product","3":"status-publish","4":"has-post-thumbnail","6":"product_cat-telescopic-hydraulic-cylinders","7":"product_tag-hydraulic-cylinder","8":"product_tag-telescopic-hydraulic-cylinders","10":"first","11":"instock","12":"product-type-simple"},"_links":{"self":[{"href":"https:\/\/fmp-components.com\/fr\/wp-json\/wp\/v2\/product\/6614","targetHints":{"allow":["GET"]}}],"collection":[{"href":"https:\/\/fmp-components.com\/fr\/wp-json\/wp\/v2\/product"}],"about":[{"href":"https:\/\/fmp-components.com\/fr\/wp-json\/wp\/v2\/types\/product"}],"replies":[{"embeddable":true,"href":"https:\/\/fmp-components.com\/fr\/wp-json\/wp\/v2\/comments?post=6614"}],"wp:featuredmedia":[{"embeddable":true,"href":"https:\/\/fmp-components.com\/fr\/wp-json\/wp\/v2\/media\/6788"}],"wp:attachment":[{"href":"https:\/\/fmp-components.com\/fr\/wp-json\/wp\/v2\/media?parent=6614"}],"wp:term":[{"taxonomy":"product_brand","embeddable":true,"href":"https:\/\/fmp-components.com\/fr\/wp-json\/wp\/v2\/product_brand?post=6614"},{"taxonomy":"product_cat","embeddable":true,"href":"https:\/\/fmp-components.com\/fr\/wp-json\/wp\/v2\/product_cat?post=6614"},{"taxonomy":"product_tag","embeddable":true,"href":"https:\/\/fmp-components.com\/fr\/wp-json\/wp\/v2\/product_tag?post=6614"}],"curies":[{"name":"wp","href":"https:\/\/api.w.org\/{rel}","templated":true}]}}