{"id":6605,"date":"2025-03-11T06:32:38","date_gmt":"2025-03-11T06:32:38","guid":{"rendered":"https:\/\/fmp-components.com\/product\/italy-manufacturer-telescopic-single-acting-cylinder-used-for-dump-truck-and-trailer-from-fmp"},"modified":"2025-03-18T01:57:30","modified_gmt":"2025-03-18T01:57:30","slug":"italy-manufacturer-telescopic-single-acting-cylinder-used-for-dump-truck-and-trailer-from-fmp","status":"publish","type":"product","link":"https:\/\/fmp-components.com\/fr\/product\/italy-manufacturer-telescopic-single-acting-cylinder-used-for-dump-truck-and-trailer-from-fmp\/","title":{"rendered":"V\u00e9rin t\u00e9lescopique simple effet de fabrication italienne FMP, utilis\u00e9 pour camions-bennes et remorques."},"content":{"rendered":"<h2>V\u00e9rin t\u00e9lescopique simple effet de fabrication italienne FMP, utilis\u00e9 pour camions-bennes et remorques.<\/h2>\n<p>Optimisez l'efficacit\u00e9 et la puissance de vos engins lourds gr\u00e2ce au nouveau v\u00e9rin t\u00e9lescopique simple effet de pointe de FMP. Ce v\u00e9rin hydraulique est sp\u00e9cialement con\u00e7u pour les camions-bennes et les remorques, offrant une fonctionnalit\u00e9 et une fiabilit\u00e9 sup\u00e9rieures.<\/p>\n<h2>Caract\u00e9ristiques et avantages du produit<\/h2>\n<p>Le v\u00e9rin t\u00e9lescopique \u00e0 simple effet offre de multiples avantages qui en font un composant essentiel pour des secteurs tels que les usines de fabrication, les ateliers de r\u00e9paration de machines, les exploitations agricoles, l'\u00e9nergie et l'exploitation mini\u00e8re.<\/p>\n<ul>\n<li>Corps en acier robuste : Gr\u00e2ce \u00e0 son corps en acier, le cylindre promet durabilit\u00e9 et longue dur\u00e9e de vie.<\/li>\n<li>Pouss\u00e9e et traction \u00e9lev\u00e9es : La pouss\u00e9e maximale est de 3000 et la traction de 600, garantissant des performances \u00e9lev\u00e9es.<\/li>\n<li>Diam\u00e8tre d'al\u00e9sage personnalisable\u00a0: Le diam\u00e8tre d'al\u00e9sage du cylindre peut \u00eatre personnalis\u00e9 selon vos besoins.<\/li>\n<li>Certifi\u00e9 ISO : Ce produit est certifi\u00e9 ISO9001:2000, ce qui garantit sa qualit\u00e9 et sa fiabilit\u00e9.<\/li>\n<li>Fluide utilis\u00e9 : Le cylindre utilise de l'huile comme fluide, assurant un fonctionnement fluide.<\/li>\n<\/ul>\n<p><span style=\"color: #333333; font-size: 26px;\">Syst\u00e8me hydraulique et principe de fonctionnement<\/span><\/p>\n<p>Le v\u00e9rin t\u00e9lescopique simple effet fonctionne selon le principe de la puissance hydraulique. Lorsque l'huile est mise sous pression dans le v\u00e9rin, elle g\u00e9n\u00e8re une force qui d\u00e9place le piston. Ce mouvement est ensuite transmis \u00e0 la machine, lui permettant d'effectuer efficacement des t\u00e2ches exigeantes.<\/p>\n<p><img loading=\"lazy\" decoding=\"async\" class=\"alignnone wp-image-6754\" src=\"https:\/\/fmp-components.com\/wp-content\/uploads\/2025\/03\/Telescopic-Hydraulic-Cylinders-111.webp\" alt=\"V\u00e9rins hydrauliques t\u00e9lescopiques\" width=\"780\" height=\"780\" title=\"\" srcset=\"https:\/\/fmp-components.com\/wp-content\/uploads\/2025\/03\/Telescopic-Hydraulic-Cylinders-111.webp 780w, https:\/\/fmp-components.com\/wp-content\/uploads\/2025\/03\/Telescopic-Hydraulic-Cylinders-111-480x480.webp 480w\" sizes=\"(min-width: 0px) and (max-width: 480px) 480px, (min-width: 481px) 780px, 100vw\" \/><\/p>\n<h3>Sc\u00e9narios d'application<\/h3>\n<p>Le v\u00e9rin t\u00e9lescopique simple effet de FMP est utilis\u00e9 sur divers camions-bennes et remorques pour effectuer des t\u00e2ches telles que le levage, la pouss\u00e9e ou la traction de charges lourdes. Sa conception et sa qualit\u00e9 de fabrication sup\u00e9rieures garantissent des performances optimales m\u00eame dans des conditions exigeantes.<\/p>\n<h2>V\u00e9rins hydrauliques et groupes motopropulseurs<\/h2>\n<p>Les v\u00e9rins et les centrales hydrauliques sont des \u00e9l\u00e9ments essentiels d'un syst\u00e8me hydraulique. Fonctionnant de concert, ils convertissent l'\u00e9nergie hydraulique en mouvement m\u00e9canique, assurant ainsi une alimentation et un contr\u00f4le fiables pour diverses machines et projets d'ing\u00e9nierie. FMP propose \u00e9galement des centrales hydrauliques \u00e0 la vente, offrant ainsi une solution compl\u00e8te pour vos besoins hydrauliques.<\/p>\n<h2>FAQ<\/h2>\n<h3>Quelle est la dur\u00e9e de la garantie du v\u00e9rin t\u00e9lescopique simple effet\u00a0?<\/h3>\n<p>Ce produit est assorti d'une garantie d'un an, vous assurant un achat sans souci.<\/p>\n<h3>Est-il possible de personnaliser le diam\u00e8tre d'al\u00e9sage du cylindre\u00a0?<\/h3>\n<p>Oui, le diam\u00e8tre d'al\u00e9sage peut \u00eatre personnalis\u00e9 selon vos besoins.<\/p>\n<h3>Le produit est-il certifi\u00e9 ISO\u00a0?<\/h3>\n<p>Oui, le v\u00e9rin t\u00e9lescopique simple effet est certifi\u00e9 ISO9001:2000, ce qui confirme sa haute qualit\u00e9 et sa fiabilit\u00e9.<\/p>\n<h3>\u00c0 propos de FMP<\/h3>\n<p class=\"break-words\">FMP est un fabricant italien de premier plan sp\u00e9cialis\u00e9 dans la conception, le d\u00e9veloppement et la production de v\u00e9rins hydrauliques de haute qualit\u00e9. Forts d&#039;un riche h\u00e9ritage ancr\u00e9 dans des d\u00e9cennies d&#039;expertise, nous sommes fiers d&#039;allier savoir-faire italien et technologie de pointe pour proposer des solutions hydrauliques exceptionnelles, adapt\u00e9es aux besoins vari\u00e9s de notre client\u00e8le internationale. Bas\u00e9e en Italie, p\u00f4le d&#039;excellence en ing\u00e9nierie, FMP est une r\u00e9f\u00e9rence dans le secteur hydraulique, engag\u00e9e \u00e0 fournir des produits fiables, durables et innovants qui dynamisent les entreprises du monde entier.<\/p>\n<p class=\"break-words\">Notre entreprise allie le meilleur des traditions de fabrication de pointe \u00e0 une approche avant-gardiste. Forte de nombreuses ann\u00e9es d&#039;exp\u00e9rience dans les syst\u00e8mes hydrauliques, FMP est devenue une entreprise moderne qui excelle en recherche, conception et production. Nous proposons une large gamme de v\u00e9rins hydrauliques, notamment des v\u00e9rins \u00e0 double effet, des v\u00e9rins de levage pour automobiles et pour machines agricoles, ainsi que des solutions sur mesure pour diverses applications industrielles. Qu&#039;il s&#039;agisse de construction, d&#039;installations industrielles, d&#039;agriculture ou de machines lourdes, nos v\u00e9rins hydrauliques sont con\u00e7us pour fonctionner dans les conditions les plus difficiles, garantissant s\u00e9curit\u00e9, efficacit\u00e9 et long\u00e9vit\u00e9.<\/p>\n<p><img loading=\"lazy\" decoding=\"async\" class=\"alignnone size-full wp-image-6720\" src=\"https:\/\/fmp-components.com\/wp-content\/uploads\/2025\/03\/hydraulic-cylinder-8.webp\" alt=\"V\u00e9rins hydrauliques t\u00e9lescopiques\" width=\"933\" height=\"526\" title=\"\" srcset=\"https:\/\/fmp-components.com\/wp-content\/uploads\/2025\/03\/hydraulic-cylinder-8.webp 933w, https:\/\/fmp-components.com\/wp-content\/uploads\/2025\/03\/hydraulic-cylinder-8-480x271.webp 480w\" sizes=\"(min-width: 0px) and (max-width: 480px) 480px, (min-width: 481px) 933px, 100vw\" \/><\/p>\n<p class=\"break-words\">Chez FMP, nous sommes fiers de nos installations de production ultramodernes, \u00e9quip\u00e9es de machines de pr\u00e9cision et de syst\u00e8mes de test avanc\u00e9s. Nos processus de fabrication respectent des normes nationales et internationales rigoureuses, garantissant ainsi la qualit\u00e9 et la fiabilit\u00e9 de chaque v\u00e9rin hydraulique quittant notre usine. Notre \u00e9quipe technique qualifi\u00e9e, associ\u00e9e \u00e0 des \u00e9quipements de pointe, nous permet d&#039;assurer un contr\u00f4le qualit\u00e9 rigoureux \u00e0 chaque \u00e9tape de la production, de la s\u00e9lection des mati\u00e8res premi\u00e8res au contr\u00f4le final. Cette volont\u00e9 d&#039;excellence nous a valu des certifications et la reconnaissance des autorit\u00e9s du secteur, consolidant ainsi notre r\u00e9putation de partenaire fiable.<\/p>\n<p class=\"break-words\">Notre mission est simple et ambitieuse\u00a0: fournir \u00e0 nos clients des v\u00e9rins hydrauliques d\u00e9passant leurs attentes en termes de performances, de durabilit\u00e9 et de rapport qualit\u00e9-prix. Nous agissons selon les principes directeurs de professionnalisme, d&#039;int\u00e9grit\u00e9 et d&#039;orientation client. En favorisant une culture d&#039;innovation et de pr\u00e9cision, nous perfectionnons continuellement nos produits pour conserver une longueur d&#039;avance sur un march\u00e9 concurrentiel. Notre gamme compl\u00e8te de produits et notre capacit\u00e9 \u00e0 proposer des solutions sur mesure font de nous le choix incontournable des entreprises \u00e0 la recherche de v\u00e9rins hydrauliques hautes performances.<\/p>\n<p class=\"break-words\">FMP est plus qu&#039;un simple fabricant\u00a0: nous sommes le partenaire de votre r\u00e9ussite. Nous comprenons que nos clients comptent sur nous pour leur fournir des outils qui am\u00e9liorent leur productivit\u00e9 et leur s\u00e9curit\u00e9. C&#039;est pourquoi nous nous engageons \u00e0 offrir non seulement des produits haut de gamme, mais aussi un service exceptionnel. De la consultation initiale au service apr\u00e8s-vente, nous travaillons en \u00e9troite collaboration avec nos clients pour r\u00e9pondre \u00e0 leurs besoins avec professionnalisme et attention. Nos prix comp\u00e9titifs, associ\u00e9s \u00e0 notre engagement ind\u00e9fectible envers la qualit\u00e9, font de FMP le choix id\u00e9al pour les entreprises souhaitant investir dans des solutions hydrauliques fiables.<\/p>\n<p>&nbsp;<\/p>","protected":false},"excerpt":{"rendered":"<p>Italy Manufacturer Telescopic Single Acting Cylinder Used For Dump Truck and Trailer From FMP Bring efficiency and power to your heavy machinery with the new and advanced Telescopic Single Acting Cylinder From FMP. This hydraulic cylinder is specially designed for usage in Dump Trucks and Trailers, providing superior functionality and reliability. Product Features and Benefits [&hellip;]<\/p>","protected":false},"featured_media":6784,"comment_status":"closed","ping_status":"closed","template":"","meta":{"_et_pb_use_builder":"","_et_pb_old_content":"","_et_gb_content_width":""},"product_brand":[],"product_cat":[103],"product_tag":[34,105],"class_list":{"0":"post-6605","1":"product","2":"type-product","3":"status-publish","4":"has-post-thumbnail","6":"product_cat-telescopic-hydraulic-cylinders","7":"product_tag-hydraulic-cylinder","8":"product_tag-telescopic-hydraulic-cylinders","10":"first","11":"instock","12":"product-type-simple"},"_links":{"self":[{"href":"https:\/\/fmp-components.com\/fr\/wp-json\/wp\/v2\/product\/6605","targetHints":{"allow":["GET"]}}],"collection":[{"href":"https:\/\/fmp-components.com\/fr\/wp-json\/wp\/v2\/product"}],"about":[{"href":"https:\/\/fmp-components.com\/fr\/wp-json\/wp\/v2\/types\/product"}],"replies":[{"embeddable":true,"href":"https:\/\/fmp-components.com\/fr\/wp-json\/wp\/v2\/comments?post=6605"}],"wp:featuredmedia":[{"embeddable":true,"href":"https:\/\/fmp-components.com\/fr\/wp-json\/wp\/v2\/media\/6784"}],"wp:attachment":[{"href":"https:\/\/fmp-components.com\/fr\/wp-json\/wp\/v2\/media?parent=6605"}],"wp:term":[{"taxonomy":"product_brand","embeddable":true,"href":"https:\/\/fmp-components.com\/fr\/wp-json\/wp\/v2\/product_brand?post=6605"},{"taxonomy":"product_cat","embeddable":true,"href":"https:\/\/fmp-components.com\/fr\/wp-json\/wp\/v2\/product_cat?post=6605"},{"taxonomy":"product_tag","embeddable":true,"href":"https:\/\/fmp-components.com\/fr\/wp-json\/wp\/v2\/product_tag?post=6605"}],"curies":[{"name":"wp","href":"https:\/\/api.w.org\/{rel}","templated":true}]}}