{"id":6604,"date":"2025-03-11T06:32:38","date_gmt":"2025-03-11T06:32:38","guid":{"rendered":"https:\/\/fmp-components.com\/product\/italy-manufacture-trailer-telescopic-hydraulic-ram-for-agriculture-from-fmp"},"modified":"2025-03-14T02:09:39","modified_gmt":"2025-03-14T02:09:39","slug":"italy-manufacture-trailer-telescopic-hydraulic-ram-for-agriculture-from-fmp","status":"publish","type":"product","link":"https:\/\/fmp-components.com\/fr\/product\/italy-manufacture-trailer-telescopic-hydraulic-ram-for-agriculture-from-fmp\/","title":{"rendered":"B\u00e9lier hydraulique t\u00e9lescopique pour remorque agricole fabriqu\u00e9 en Italie par FMP"},"content":{"rendered":"<h2>B\u00e9lier hydraulique t\u00e9lescopique pour remorque agricole fabriqu\u00e9 en Italie par FMP<\/h2>\n<p>FMP, fabricant italien r\u00e9put\u00e9, est fier de pr\u00e9senter son v\u00e9rin hydraulique t\u00e9lescopique pour remorque, con\u00e7u avec soin pour les applications agricoles. Fond\u00e9 en 2006 et bas\u00e9 en Italie, FMP poss\u00e8de une expertise in\u00e9gal\u00e9e dans le domaine de la technologie hydraulique.<\/p>\n<h3>Description et fonctionnalit\u00e9 du produit<\/h3>\n<p>Le v\u00e9rin hydraulique t\u00e9lescopique pour remorque de FMP est un nouveau produit lanc\u00e9 en 2025. Ce v\u00e9rin \u00e0 piston non standard est aliment\u00e9 par un fluide hydraulique, plus pr\u00e9cis\u00e9ment de l'huile, et son corps est en acier robuste. Avec une pouss\u00e9e maximale de 3\u00a0000 et une traction maximale de 600, il est id\u00e9al pour les op\u00e9rations intensives. Certifi\u00e9 ISO\u00a09001:2000, ce v\u00e9rin hydraulique garantit sa haute qualit\u00e9 et sa fiabilit\u00e9.<\/p>\n<h3>Sp\u00e9cifications techniques<\/h3>\n<p>Le v\u00e9rin hydraulique p\u00e8se 12 kg et son diam\u00e8tre de cylindre varie de 20 \u00e0 250 mm. Disponible en version multi-\u00e9tages, son al\u00e9sage est r\u00e9glable selon vos besoins. Les principaux composants du v\u00e9rin hydraulique sont le palier et la tige, tous deux garantis un an.<\/p>\n<p><img loading=\"lazy\" decoding=\"async\" class=\"alignnone  wp-image-6665\" src=\"https:\/\/fmp-components.com\/wp-content\/uploads\/2025\/03\/telescopic-hydraulic-cylinder-9.webp\" alt=\"v\u00e9rin hydraulique t\u00e9lescopique\" width=\"810\" height=\"810\" title=\"\" srcset=\"https:\/\/fmp-components.com\/wp-content\/uploads\/2025\/03\/telescopic-hydraulic-cylinder-9.webp 810w, https:\/\/fmp-components.com\/wp-content\/uploads\/2025\/03\/telescopic-hydraulic-cylinder-9-480x480.webp 480w\" sizes=\"(min-width: 0px) and (max-width: 480px) 480px, (min-width: 481px) 810px, 100vw\" \/><\/p>\n<h2>Caract\u00e9ristiques et avantages uniques<\/h2>\n<p>Le v\u00e9rin hydraulique t\u00e9lescopique pour remorque FMP offre plusieurs caract\u00e9ristiques et avantages uniques :<\/p>\n<ul>\n<li>Efficacit\u00e9 \u00e9nerg\u00e9tique<\/li>\n<li>Tr\u00e8s efficace<\/li>\n<li>Utilisation s\u00fbre<\/li>\n<li>Con\u00e7u pour les op\u00e9rations intensives<\/li>\n<li>Al\u00e9sage r\u00e9glable<\/li>\n<li>Livr\u00e9 avec une garantie d'un an<\/li>\n<\/ul>\n<h2>Principe de fonctionnement et applications<\/h2>\n<p>Le v\u00e9rin hydraulique convertit l'\u00e9nergie hydraulique en mouvement m\u00e9canique, transformant ainsi la pression en force. Il est un composant essentiel dans de nombreux secteurs, tels que les usines, les ateliers de r\u00e9paration de machines, les exploitations agricoles et les exploitations mini\u00e8res et \u00e9nerg\u00e9tiques.<\/p>\n<h2>V\u00e9rins hydrauliques et groupes motopropulseurs<\/h2>\n<p>Le v\u00e9rin hydraulique et les groupes motopropulseurs sont des \u00e9l\u00e9ments indissociables du syst\u00e8me hydraulique. Ils fonctionnent en synergie pour garantir une large application de la technologie hydraulique dans divers secteurs industriels, fournissant une puissance et un contr\u00f4le fiables pour divers \u00e9quipements d'ing\u00e9nierie et m\u00e9caniques. Chez FMP, nous proposons \u00e9galement des groupes motopropulseurs \u00e0 la vente.<\/p>\n<h2>Questions fr\u00e9quemment pos\u00e9es<\/h2>\n<p><strong>Q : Quelle est la garantie sur les composants principaux ?<\/strong><\/p>\n<p>R : Les composants principaux sont garantis un an.<\/p>\n<p><strong>Q\u00a0:\u00a0La taille de l'al\u00e9sage peut-elle \u00eatre ajust\u00e9e\u00a0?<\/strong><\/p>\n<p>R : Oui, la taille de l\u2019al\u00e9sage peut \u00eatre ajust\u00e9e en fonction de vos besoins.<\/p>\n<p><strong>Q : Quelles industries peuvent b\u00e9n\u00e9ficier de ce b\u00e9lier hydraulique ?<\/strong><\/p>\n<p>R : Le v\u00e9rin hydraulique est id\u00e9al pour les usines de fabrication, les ateliers de r\u00e9paration de machines, les fermes et les op\u00e9rations \u00e9nerg\u00e9tiques et mini\u00e8res.<\/p>\n<h3>\u00c0 propos de FMP<\/h3>\n<p class=\"break-words\">FMP est un fabricant italien de premier plan sp\u00e9cialis\u00e9 dans la conception, le d\u00e9veloppement et la production de v\u00e9rins hydrauliques de haute qualit\u00e9. Forts d&#039;un riche h\u00e9ritage ancr\u00e9 dans des d\u00e9cennies d&#039;expertise, nous sommes fiers d&#039;allier savoir-faire italien et technologie de pointe pour proposer des solutions hydrauliques exceptionnelles, adapt\u00e9es aux besoins vari\u00e9s de notre client\u00e8le internationale. Bas\u00e9e en Italie, p\u00f4le d&#039;excellence en ing\u00e9nierie, FMP est une r\u00e9f\u00e9rence dans le secteur hydraulique, engag\u00e9e \u00e0 fournir des produits fiables, durables et innovants qui dynamisent les entreprises du monde entier.<\/p>\n<p class=\"break-words\">Notre entreprise allie le meilleur des traditions de fabrication de pointe \u00e0 une approche avant-gardiste. Forte de nombreuses ann\u00e9es d&#039;exp\u00e9rience dans les syst\u00e8mes hydrauliques, FMP est devenue une entreprise moderne qui excelle en recherche, conception et production. Nous proposons une large gamme de v\u00e9rins hydrauliques, notamment des v\u00e9rins \u00e0 double effet, des v\u00e9rins de levage pour automobiles et pour machines agricoles, ainsi que des solutions sur mesure pour diverses applications industrielles. Qu&#039;il s&#039;agisse de construction, d&#039;installations industrielles, d&#039;agriculture ou de machines lourdes, nos v\u00e9rins hydrauliques sont con\u00e7us pour fonctionner dans les conditions les plus difficiles, garantissant s\u00e9curit\u00e9, efficacit\u00e9 et long\u00e9vit\u00e9.<\/p>\n<p><img loading=\"lazy\" decoding=\"async\" class=\"alignnone size-full wp-image-6720\" src=\"https:\/\/fmp-components.com\/wp-content\/uploads\/2025\/03\/hydraulic-cylinder-8.webp\" alt=\"V\u00e9rins hydrauliques t\u00e9lescopiques\" width=\"933\" height=\"526\" title=\"\" srcset=\"https:\/\/fmp-components.com\/wp-content\/uploads\/2025\/03\/hydraulic-cylinder-8.webp 933w, https:\/\/fmp-components.com\/wp-content\/uploads\/2025\/03\/hydraulic-cylinder-8-480x271.webp 480w\" sizes=\"(min-width: 0px) and (max-width: 480px) 480px, (min-width: 481px) 933px, 100vw\" \/><\/p>\n<p class=\"break-words\">Chez FMP, nous sommes fiers de nos installations de production ultramodernes, \u00e9quip\u00e9es de machines de pr\u00e9cision et de syst\u00e8mes de test avanc\u00e9s. Nos processus de fabrication respectent des normes nationales et internationales rigoureuses, garantissant ainsi la qualit\u00e9 et la fiabilit\u00e9 de chaque v\u00e9rin hydraulique quittant notre usine. Notre \u00e9quipe technique qualifi\u00e9e, associ\u00e9e \u00e0 des \u00e9quipements de pointe, nous permet d&#039;assurer un contr\u00f4le qualit\u00e9 rigoureux \u00e0 chaque \u00e9tape de la production, de la s\u00e9lection des mati\u00e8res premi\u00e8res au contr\u00f4le final. Cette volont\u00e9 d&#039;excellence nous a valu des certifications et la reconnaissance des autorit\u00e9s du secteur, consolidant ainsi notre r\u00e9putation de partenaire fiable.<\/p>\n<p class=\"break-words\">Notre mission est simple et ambitieuse\u00a0: fournir \u00e0 nos clients des v\u00e9rins hydrauliques d\u00e9passant leurs attentes en termes de performances, de durabilit\u00e9 et de rapport qualit\u00e9-prix. Nous agissons selon les principes directeurs de professionnalisme, d&#039;int\u00e9grit\u00e9 et d&#039;orientation client. En favorisant une culture d&#039;innovation et de pr\u00e9cision, nous perfectionnons continuellement nos produits pour conserver une longueur d&#039;avance sur un march\u00e9 concurrentiel. Notre gamme compl\u00e8te de produits et notre capacit\u00e9 \u00e0 proposer des solutions sur mesure font de nous le choix incontournable des entreprises \u00e0 la recherche de v\u00e9rins hydrauliques hautes performances.<\/p>\n<p class=\"break-words\">FMP est plus qu&#039;un simple fabricant\u00a0: nous sommes le partenaire de votre r\u00e9ussite. Nous comprenons que nos clients comptent sur nous pour leur fournir des outils qui am\u00e9liorent leur productivit\u00e9 et leur s\u00e9curit\u00e9. C&#039;est pourquoi nous nous engageons \u00e0 offrir non seulement des produits haut de gamme, mais aussi un service exceptionnel. De la consultation initiale au service apr\u00e8s-vente, nous travaillons en \u00e9troite collaboration avec nos clients pour r\u00e9pondre \u00e0 leurs besoins avec professionnalisme et attention. Nos prix comp\u00e9titifs, associ\u00e9s \u00e0 notre engagement ind\u00e9fectible envers la qualit\u00e9, font de FMP le choix id\u00e9al pour les entreprises souhaitant investir dans des solutions hydrauliques fiables.<\/p>","protected":false},"excerpt":{"rendered":"<p>Italy Manufacture Trailer Telescopic Hydraulic Ram For Agriculture From FMP FMP, an esteemed manufacturer based in Italy, is proud to present its Trailer Telescopic Hydraulic Ram, meticulously designed for agricultural applications. Established in 2006 and operating from its base in Italy, FMP offers unparalleled expertise in the field of hydraulic technology. Product Description and Functionality [&hellip;]<\/p>","protected":false},"featured_media":6799,"comment_status":"closed","ping_status":"closed","template":"","meta":{"_et_pb_use_builder":"","_et_pb_old_content":"","_et_gb_content_width":""},"product_brand":[],"product_cat":[103],"product_tag":[34,105],"class_list":{"0":"post-6604","1":"product","2":"type-product","3":"status-publish","4":"has-post-thumbnail","6":"product_cat-telescopic-hydraulic-cylinders","7":"product_tag-hydraulic-cylinder","8":"product_tag-telescopic-hydraulic-cylinders","10":"first","11":"instock","12":"product-type-simple"},"_links":{"self":[{"href":"https:\/\/fmp-components.com\/fr\/wp-json\/wp\/v2\/product\/6604","targetHints":{"allow":["GET"]}}],"collection":[{"href":"https:\/\/fmp-components.com\/fr\/wp-json\/wp\/v2\/product"}],"about":[{"href":"https:\/\/fmp-components.com\/fr\/wp-json\/wp\/v2\/types\/product"}],"replies":[{"embeddable":true,"href":"https:\/\/fmp-components.com\/fr\/wp-json\/wp\/v2\/comments?post=6604"}],"wp:featuredmedia":[{"embeddable":true,"href":"https:\/\/fmp-components.com\/fr\/wp-json\/wp\/v2\/media\/6799"}],"wp:attachment":[{"href":"https:\/\/fmp-components.com\/fr\/wp-json\/wp\/v2\/media?parent=6604"}],"wp:term":[{"taxonomy":"product_brand","embeddable":true,"href":"https:\/\/fmp-components.com\/fr\/wp-json\/wp\/v2\/product_brand?post=6604"},{"taxonomy":"product_cat","embeddable":true,"href":"https:\/\/fmp-components.com\/fr\/wp-json\/wp\/v2\/product_cat?post=6604"},{"taxonomy":"product_tag","embeddable":true,"href":"https:\/\/fmp-components.com\/fr\/wp-json\/wp\/v2\/product_tag?post=6604"}],"curies":[{"name":"wp","href":"https:\/\/api.w.org\/{rel}","templated":true}]}}