{"id":6600,"date":"2025-03-11T06:32:38","date_gmt":"2025-03-11T06:32:38","guid":{"rendered":"https:\/\/fmp-components.com\/product\/3tons-5tons-7tons-12-tons-telescopic-multistages-tipper-truck-hydraulic-cylinder-from-fmp"},"modified":"2025-03-12T03:14:59","modified_gmt":"2025-03-12T03:14:59","slug":"3tons-5tons-7tons-12-tons-telescopic-multistages-tipper-truck-hydraulic-cylinder-from-fmp","status":"publish","type":"product","link":"https:\/\/fmp-components.com\/fr\/product\/3tons-5tons-7tons-12-tons-telescopic-multistages-tipper-truck-hydraulic-cylinder-from-fmp\/","title":{"rendered":"V\u00e9rin hydraulique pour camions \u00e0 benne basculante t\u00e9lescopique\/multi-\u00e9tages de 3 tonnes, 5 tonnes, 7 tonnes, 12 tonnes de FMP"},"content":{"rendered":"<h2>V\u00e9rin hydraulique pour camions \u00e0 benne basculante t\u00e9lescopique\/multi-\u00e9tages de 3 tonnes, 5 tonnes, 7 tonnes, 12 tonnes de FMP<\/h2>\n<p>Le v\u00e9rin hydraulique t\u00e9lescopique\/multi-\u00e9tages de FMP est une solution innovante pour les camions-bennes. Con\u00e7u pour les camions de 3, 5, 7 et 12 tonnes, ce v\u00e9rin offre une puissance et une pr\u00e9cision exceptionnelles. Fabriqu\u00e9 en acier de haute qualit\u00e9, il garantit des performances optimales et une grande durabilit\u00e9.<\/p>\n<h3>Caract\u00e9ristiques et fonctions<\/h3>\n<p>Nos v\u00e9rins hydrauliques sont certifi\u00e9s ISO 9001:2000, gage de qualit\u00e9 et de performance sup\u00e9rieures et t\u00e9moignant de notre engagement envers l'excellence de la fabrication. Avec une pouss\u00e9e maximale impressionnante de 3\u00a0000 Nm et une force de traction maximale de 600 Nm, ces v\u00e9rins offrent des performances exceptionnelles adapt\u00e9es \u00e0 une large gamme d'applications industrielles. Leur diam\u00e8tre, de 20 mm \u00e0 250 mm, offre une polyvalence in\u00e9gal\u00e9e pour r\u00e9pondre \u00e0 diverses exigences op\u00e9rationnelles. Que vous ayez besoin d'une solution compacte pour les espaces restreints ou d'un v\u00e9rin plus imposant pour les travaux intensifs, nos produits peuvent \u00eatre con\u00e7us sur mesure pour r\u00e9pondre \u00e0 vos besoins sp\u00e9cifiques.<\/p>\n<p><img loading=\"lazy\" decoding=\"async\" class=\"alignnone  wp-image-6657\" src=\"https:\/\/fmp-components.com\/wp-content\/uploads\/2025\/03\/telescopic-hydraulic-cylinder-3.webp\" alt=\"v\u00e9rin hydraulique t\u00e9lescopique\" width=\"902\" height=\"902\" title=\"\" srcset=\"https:\/\/fmp-components.com\/wp-content\/uploads\/2025\/03\/telescopic-hydraulic-cylinder-3.webp 902w, https:\/\/fmp-components.com\/wp-content\/uploads\/2025\/03\/telescopic-hydraulic-cylinder-3-480x480.webp 480w\" sizes=\"(min-width: 0px) and (max-width: 480px) 480px, (min-width: 481px) 902px, 100vw\" \/><\/p>\n<h3>Sp\u00e9cifications du produit<\/h3>\n<p>Chaque v\u00e9rin hydraulique est con\u00e7u et fabriqu\u00e9 avec expertise selon des sp\u00e9cifications pr\u00e9cises. Le diam\u00e8tre d'al\u00e9sage est enti\u00e8rement personnalisable, vous permettant de choisir les dimensions les mieux adapt\u00e9es \u00e0 votre application. Cette flexibilit\u00e9 vous garantit un produit parfaitement adapt\u00e9 \u00e0 vos exigences op\u00e9rationnelles. De plus, ces v\u00e9rins sont \u00e9quip\u00e9s de roulements de haute qualit\u00e9, composants essentiels qui am\u00e9liorent consid\u00e9rablement leurs performances et leur durabilit\u00e9. L'utilisation de roulements r\u00e9duit la friction et l'usure, assurant un fonctionnement plus fluide et prolongeant la dur\u00e9e de vie du v\u00e9rin hydraulique.<\/p>\n<h3>Caract\u00e9ristiques uniques<\/h3>\n<ul>\n<li><strong>\u00c9conomie d'\u00e9nergie :<\/strong> Nos v\u00e9rins hydrauliques sont con\u00e7us dans un souci d'\u00e9conomie d'\u00e9nergie. Cette conception permet non seulement de r\u00e9duire les co\u00fbts d'exploitation, mais aussi de contribuer au d\u00e9veloppement durable en minimisant le gaspillage d'\u00e9nergie lors de leur fonctionnement. En optimisant l'utilisation du fluide hydraulique, nos v\u00e9rins permettent aux entreprises d'atteindre leurs objectifs efficacement tout en ma\u00eetrisant leur consommation d'\u00e9nergie.<\/li>\n<li><strong>Efficace:<\/strong> Gr\u00e2ce \u00e0 une technologie hydraulique de pointe, nos v\u00e9rins offrent un rendement et des performances exceptionnels. Ce rendement se traduit par des cycles plus rapides et une productivit\u00e9 accrue, permettant aux industries d'optimiser leurs processus et d'am\u00e9liorer leur efficacit\u00e9 op\u00e9rationnelle globale.<\/li>\n<li><strong>S\u00e9curit\u00e9:<\/strong> La s\u00e9curit\u00e9 est primordiale dans les applications industrielles, et nos v\u00e9rins hydrauliques sont fabriqu\u00e9s avec des mat\u00e9riaux de haute qualit\u00e9 qui garantissent leur durabilit\u00e9, m\u00eame dans les conditions de travail les plus exigeantes. Des tests rigoureux et des protocoles d'assurance qualit\u00e9 sont mis en \u0153uvre pour garantir que nos produits r\u00e9pondent aux normes de s\u00e9curit\u00e9 les plus strictes. Cette construction robuste prot\u00e8ge non seulement les op\u00e9rateurs, mais am\u00e9liore \u00e9galement la fiabilit\u00e9 des machines, contribuant ainsi \u00e0 un environnement de travail plus s\u00fbr.<\/li>\n<\/ul>\n<p>Nos v\u00e9rins hydrauliques sont con\u00e7us pour offrir des performances, une s\u00e9curit\u00e9 et une efficacit\u00e9 optimales, ce qui en fait le choix id\u00e9al pour diverses applications industrielles. Gr\u00e2ce \u00e0 des sp\u00e9cifications personnalisables et \u00e0 notre engagement envers la qualit\u00e9, nous fournissons des solutions qui permettent aux entreprises de fonctionner efficacement et en toute s\u00e9curit\u00e9.<\/p>\n<h3>\u00c0 propos de FMP<\/h3>\n<p class=\"break-words\">FMP est un fabricant italien de premier plan sp\u00e9cialis\u00e9 dans la conception, le d\u00e9veloppement et la production de v\u00e9rins hydrauliques de haute qualit\u00e9. Forts d&#039;un riche h\u00e9ritage ancr\u00e9 dans des d\u00e9cennies d&#039;expertise, nous sommes fiers d&#039;allier savoir-faire italien et technologie de pointe pour proposer des solutions hydrauliques exceptionnelles, adapt\u00e9es aux besoins vari\u00e9s de notre client\u00e8le internationale. Bas\u00e9e en Italie, p\u00f4le d&#039;excellence en ing\u00e9nierie, FMP est une r\u00e9f\u00e9rence dans le secteur hydraulique, engag\u00e9e \u00e0 fournir des produits fiables, durables et innovants qui dynamisent les entreprises du monde entier.<\/p>\n<p class=\"break-words\">Notre entreprise allie le meilleur des traditions de fabrication de pointe \u00e0 une approche avant-gardiste. Forte de nombreuses ann\u00e9es d&#039;exp\u00e9rience dans les syst\u00e8mes hydrauliques, FMP est devenue une entreprise moderne qui excelle en recherche, conception et production. Nous proposons une large gamme de v\u00e9rins hydrauliques, notamment des v\u00e9rins \u00e0 double effet, des v\u00e9rins de levage pour automobiles et pour machines agricoles, ainsi que des solutions sur mesure pour diverses applications industrielles. Qu&#039;il s&#039;agisse de construction, d&#039;installations industrielles, d&#039;agriculture ou de machines lourdes, nos v\u00e9rins hydrauliques sont con\u00e7us pour fonctionner dans les conditions les plus difficiles, garantissant s\u00e9curit\u00e9, efficacit\u00e9 et long\u00e9vit\u00e9.<\/p>\n<p><img loading=\"lazy\" decoding=\"async\" class=\"alignnone size-full wp-image-6720\" src=\"https:\/\/fmp-components.com\/wp-content\/uploads\/2025\/03\/hydraulic-cylinder-8.webp\" alt=\"V\u00e9rins hydrauliques t\u00e9lescopiques\" width=\"933\" height=\"526\" title=\"\" srcset=\"https:\/\/fmp-components.com\/wp-content\/uploads\/2025\/03\/hydraulic-cylinder-8.webp 933w, https:\/\/fmp-components.com\/wp-content\/uploads\/2025\/03\/hydraulic-cylinder-8-480x271.webp 480w\" sizes=\"(min-width: 0px) and (max-width: 480px) 480px, (min-width: 481px) 933px, 100vw\" \/><\/p>\n<p class=\"break-words\">Chez FMP, nous sommes fiers de nos installations de production ultramodernes, \u00e9quip\u00e9es de machines de pr\u00e9cision et de syst\u00e8mes de test avanc\u00e9s. Nos processus de fabrication respectent des normes nationales et internationales rigoureuses, garantissant ainsi la qualit\u00e9 et la fiabilit\u00e9 de chaque v\u00e9rin hydraulique quittant notre usine. Notre \u00e9quipe technique qualifi\u00e9e, associ\u00e9e \u00e0 des \u00e9quipements de pointe, nous permet d&#039;assurer un contr\u00f4le qualit\u00e9 rigoureux \u00e0 chaque \u00e9tape de la production, de la s\u00e9lection des mati\u00e8res premi\u00e8res au contr\u00f4le final. Cette volont\u00e9 d&#039;excellence nous a valu des certifications et la reconnaissance des autorit\u00e9s du secteur, consolidant ainsi notre r\u00e9putation de partenaire fiable.<\/p>\n<p class=\"break-words\">Notre mission est simple et ambitieuse\u00a0: fournir \u00e0 nos clients des v\u00e9rins hydrauliques d\u00e9passant leurs attentes en termes de performances, de durabilit\u00e9 et de rapport qualit\u00e9-prix. Nous agissons selon les principes directeurs de professionnalisme, d&#039;int\u00e9grit\u00e9 et d&#039;orientation client. En favorisant une culture d&#039;innovation et de pr\u00e9cision, nous perfectionnons continuellement nos produits pour conserver une longueur d&#039;avance sur un march\u00e9 concurrentiel. Notre gamme compl\u00e8te de produits et notre capacit\u00e9 \u00e0 proposer des solutions sur mesure font de nous le choix incontournable des entreprises \u00e0 la recherche de v\u00e9rins hydrauliques hautes performances.<\/p>\n<p class=\"break-words\">FMP est plus qu&#039;un simple fabricant\u00a0: nous sommes le partenaire de votre r\u00e9ussite. Nous comprenons que nos clients comptent sur nous pour leur fournir des outils qui am\u00e9liorent leur productivit\u00e9 et leur s\u00e9curit\u00e9. C&#039;est pourquoi nous nous engageons \u00e0 offrir non seulement des produits haut de gamme, mais aussi un service exceptionnel. De la consultation initiale au service apr\u00e8s-vente, nous travaillons en \u00e9troite collaboration avec nos clients pour r\u00e9pondre \u00e0 leurs besoins avec professionnalisme et attention. Nos prix comp\u00e9titifs, associ\u00e9s \u00e0 notre engagement ind\u00e9fectible envers la qualit\u00e9, font de FMP le choix id\u00e9al pour les entreprises souhaitant investir dans des solutions hydrauliques fiables.<\/p>\n<h2>FAQ<\/h2>\n<h3>Q1 : Quelle est la garantie des v\u00e9rins hydrauliques ?<\/h3>\n<p>Nous offrons une garantie d'un an sur nos v\u00e9rins hydrauliques, assurant ainsi leur qualit\u00e9 et leurs performances.<\/p>\n<h3>Q2 : Puis-je personnaliser le diam\u00e8tre d'al\u00e9sage du v\u00e9rin hydraulique ?<\/h3>\n<p>Oui, le diam\u00e8tre d'al\u00e9sage de nos v\u00e9rins hydrauliques est personnalisable selon vos besoins sp\u00e9cifiques.<\/p>\n<h3>Q3 : Quelle est la pouss\u00e9e et la traction maximales des v\u00e9rins hydrauliques ?<\/h3>\n<p>La pouss\u00e9e maximale de nos v\u00e9rins hydrauliques est de 3000 et la traction maximale est de 600.<\/p>\n<p><img loading=\"lazy\" decoding=\"async\" class=\"alignnone  wp-image-6717\" src=\"https:\/\/fmp-components.com\/wp-content\/uploads\/2025\/03\/hydraulic-cylinder-211.webp\" alt=\"V\u00e9rins hydrauliques\" width=\"893\" height=\"895\" title=\"\" srcset=\"https:\/\/fmp-components.com\/wp-content\/uploads\/2025\/03\/hydraulic-cylinder-211.webp 893w, https:\/\/fmp-components.com\/wp-content\/uploads\/2025\/03\/hydraulic-cylinder-211-480x481.webp 480w\" sizes=\"(min-width: 0px) and (max-width: 480px) 480px, (min-width: 481px) 893px, 100vw\" \/><\/p>","protected":false},"excerpt":{"rendered":"<p>3tons 5tons 7tons 12 tons Telescopic \/MultiStages Tipper Truck Hydraulic Cylinder From FMP The Telescopic\/MultiStages hydraulic cylinder From FMP is an innovative solution for tipper trucks. This hydraulic cylinder is designed for 3-ton, 5-ton, 7-ton, and 12-ton trucks, providing exceptional power and precision. Manufactured with high-quality steel, these hydraulic cylinders ensure optimal performance and durability. [&hellip;]<\/p>","protected":false},"featured_media":6710,"comment_status":"closed","ping_status":"closed","template":"","meta":{"_et_pb_use_builder":"","_et_pb_old_content":"","_et_gb_content_width":""},"product_brand":[],"product_cat":[103],"product_tag":[34,105],"class_list":{"0":"post-6600","1":"product","2":"type-product","3":"status-publish","4":"has-post-thumbnail","6":"product_cat-telescopic-hydraulic-cylinders","7":"product_tag-hydraulic-cylinder","8":"product_tag-telescopic-hydraulic-cylinders","10":"first","11":"instock","12":"product-type-simple"},"_links":{"self":[{"href":"https:\/\/fmp-components.com\/fr\/wp-json\/wp\/v2\/product\/6600","targetHints":{"allow":["GET"]}}],"collection":[{"href":"https:\/\/fmp-components.com\/fr\/wp-json\/wp\/v2\/product"}],"about":[{"href":"https:\/\/fmp-components.com\/fr\/wp-json\/wp\/v2\/types\/product"}],"replies":[{"embeddable":true,"href":"https:\/\/fmp-components.com\/fr\/wp-json\/wp\/v2\/comments?post=6600"}],"wp:featuredmedia":[{"embeddable":true,"href":"https:\/\/fmp-components.com\/fr\/wp-json\/wp\/v2\/media\/6710"}],"wp:attachment":[{"href":"https:\/\/fmp-components.com\/fr\/wp-json\/wp\/v2\/media?parent=6600"}],"wp:term":[{"taxonomy":"product_brand","embeddable":true,"href":"https:\/\/fmp-components.com\/fr\/wp-json\/wp\/v2\/product_brand?post=6600"},{"taxonomy":"product_cat","embeddable":true,"href":"https:\/\/fmp-components.com\/fr\/wp-json\/wp\/v2\/product_cat?post=6600"},{"taxonomy":"product_tag","embeddable":true,"href":"https:\/\/fmp-components.com\/fr\/wp-json\/wp\/v2\/product_tag?post=6600"}],"curies":[{"name":"wp","href":"https:\/\/api.w.org\/{rel}","templated":true}]}}