{"id":6599,"date":"2025-03-11T06:32:38","date_gmt":"2025-03-11T06:32:38","guid":{"rendered":"https:\/\/fmp-components.com\/product\/telescopic-multi-stages-tipper-truck-hydraulic-cylinder-from-fmp"},"modified":"2025-03-12T03:13:48","modified_gmt":"2025-03-12T03:13:48","slug":"telescopic-multi-stages-tipper-truck-hydraulic-cylinder-from-fmp","status":"publish","type":"product","link":"https:\/\/fmp-components.com\/fr\/product\/telescopic-multi-stages-tipper-truck-hydraulic-cylinder-from-fmp\/","title":{"rendered":"V\u00e9rin hydraulique pour camion \u00e0 benne basculante t\u00e9lescopique multi-\u00e9tages de FMP"},"content":{"rendered":"<h2>V\u00e9rin hydraulique pour camion \u00e0 benne basculante t\u00e9lescopique multi-\u00e9tages de FMP<\/h2>\n<p>D\u00e9couvrez la puissance de l'hydraulique avec notre v\u00e9rin hydraulique t\u00e9lescopique multi-\u00e9tages pour camions-bennes. Ce produit innovant de FMP est con\u00e7u pour offrir d'excellentes performances, une grande fiabilit\u00e9 et une longue dur\u00e9e de vie, ce qui en fait un atout pr\u00e9cieux pour divers secteurs d'activit\u00e9 tels que les usines de fabrication, les ateliers de r\u00e9paration de machines, les exploitations agricoles et le secteur de l'\u00e9nergie et des mines.<\/p>\n<h2>Caract\u00e9ristiques et sp\u00e9cifications du produit<\/h2>\n<p>Notre v\u00e9rin hydraulique t\u00e9lescopique multi-\u00e9tages pour camion-benne poss\u00e8de de nombreuses caract\u00e9ristiques qui le distinguent sur le march\u00e9. Voici un aper\u00e7u d\u00e9taill\u00e9 de ses sp\u00e9cifications\u00a0:<\/p>\n<ul>\n<li>\u00c9tat : Neuf<\/li>\n<li>Garantie : 1 an<\/li>\n<li>Secteurs d'activit\u00e9 concern\u00e9s\u00a0: usines de fabrication, ateliers de r\u00e9paration de machines, exploitations agricoles, \u00e9nergie et mines<\/li>\n<li>Inspection vid\u00e9o avant d\u00e9part\u00a0: fournie<\/li>\n<li>Rapport d'essai de la machine\u00a0: Fourni<\/li>\n<li>Type de marketing : Nouveau produit 2021<\/li>\n<li>Garantie des composants principaux : 1 an<\/li>\n<li>Composants principaux : Roulement<\/li>\n<li>Standard ou non standard : Standard<\/li>\n<li>Structure : Cylindre \u00e0 piston<\/li>\n<li>Puissance : hydraulique<\/li>\n<li>Mat\u00e9riau du corps : acier<\/li>\n<li>Pouss\u00e9e maximale : 3000<\/li>\n<li>Type : Petits v\u00e9rins hydrauliques<\/li>\n<li>Diam\u00e8tre d'al\u00e9sage\u00a0: selon vos besoins<\/li>\n<li>Traction maximale : 600<\/li>\n<li>Certification : ISO9001:2000<\/li>\n<li>Fluide : Huile<\/li>\n<li>Diam\u00e8tre du cylindre : 20 \u00e0 250 mm<\/li>\n<li>D\u00e9tails de l'emballage\u00a0: Caisse en fer, caisse en contreplaqu\u00e9 ou bo\u00eete en carton<\/li>\n<\/ul>\n<h2>Caract\u00e9ristiques et avantages uniques<\/h2>\n<p>Notre v\u00e9rin hydraulique t\u00e9lescopique multi-\u00e9tages pour camion-benne offre des caract\u00e9ristiques et des avantages uniques, tels que l'efficacit\u00e9 \u00e9nerg\u00e9tique, des performances \u00e9lev\u00e9es, une s\u00e9curit\u00e9 renforc\u00e9e et bien plus encore. Il garantit un fonctionnement fluide, permettant aux entreprises d'optimiser leur productivit\u00e9 et de minimiser les temps d'arr\u00eat.<\/p>\n<h2>Syst\u00e8mes hydrauliques et principes de fonctionnement<\/h2>\n<p>Notre v\u00e9rin hydraulique fonctionne selon des principes simples\u00a0: la puissance du fluide sous pression est utilis\u00e9e pour g\u00e9n\u00e9rer un mouvement lin\u00e9aire. Ce m\u00e9canisme offre des performances robustes et fiables, ce qui en fait un \u00e9l\u00e9ment indispensable de nombreuses applications industrielles.<\/p>\n<p><img loading=\"lazy\" decoding=\"async\" class=\"alignnone  wp-image-6658\" src=\"https:\/\/fmp-components.com\/wp-content\/uploads\/2025\/03\/telescopic-hydraulic-cylinder-6.webp\" alt=\"v\u00e9rin hydraulique t\u00e9lescopique\" width=\"928\" height=\"928\" title=\"\" srcset=\"https:\/\/fmp-components.com\/wp-content\/uploads\/2025\/03\/telescopic-hydraulic-cylinder-6.webp 928w, https:\/\/fmp-components.com\/wp-content\/uploads\/2025\/03\/telescopic-hydraulic-cylinder-6-480x480.webp 480w\" sizes=\"(min-width: 0px) and (max-width: 480px) 480px, (min-width: 481px) 928px, 100vw\" \/><\/p>\n<h2>V\u00e9rins hydrauliques et groupes motopropulseurs<\/h2>\n<p>Les v\u00e9rins hydrauliques et les centrales hydrauliques sont des composants essentiels d'un syst\u00e8me hydraulique. Leur synergie garantit la large applicabilit\u00e9 de la technologie hydraulique dans le secteur industriel, en fournissant une alimentation et une commande fiables pour divers \u00e9quipements d'ing\u00e9nierie et de machines. Le v\u00e9rin hydraulique, en tant qu'actionneur, convertit l'\u00e9nergie hydraulique en mouvement m\u00e9canique, transformant la pression en force. La centrale hydraulique, quant \u00e0 elle, est le c\u0153ur du syst\u00e8me et fournit l'\u00e9nergie et les signaux de commande n\u00e9cessaires \u00e0 son fonctionnement. Leur fonctionnement coordonn\u00e9 assure le bon fonctionnement du syst\u00e8me hydraulique. Chez FMP, nous proposons \u00e9galement des centrales hydrauliques \u00e0 la vente.<\/p>\n<h2>FAQ<\/h2>\n<p><strong>Q1 : Quelle est la p\u00e9riode de garantie du v\u00e9rin hydraulique t\u00e9lescopique multi-\u00e9tages pour camion-benne ?<\/strong><br \/>\nA1 : La p\u00e9riode de garantie du produit est de 1 an.<\/p>\n<p><strong>Q2 : Le v\u00e9rin hydraulique peut-il \u00eatre personnalis\u00e9 selon nos exigences ?<\/strong><br \/>\nA2 : Oui, nous pouvons concevoir le v\u00e9rin hydraulique pour vous selon votre demande.<\/p>\n<p><strong>Q3 : Quels sont les composants principaux du v\u00e9rin hydraulique ?<\/strong><br \/>\nA3 : Le composant principal du v\u00e9rin hydraulique est le roulement.<\/p>\n<h3>\u00c0 propos de FMP<\/h3>\n<p class=\"break-words\">FMP est un fabricant italien de premier plan sp\u00e9cialis\u00e9 dans la conception, le d\u00e9veloppement et la production de v\u00e9rins hydrauliques de haute qualit\u00e9. Forts d&#039;un riche h\u00e9ritage ancr\u00e9 dans des d\u00e9cennies d&#039;expertise, nous sommes fiers d&#039;allier savoir-faire italien et technologie de pointe pour proposer des solutions hydrauliques exceptionnelles, adapt\u00e9es aux besoins vari\u00e9s de notre client\u00e8le internationale. Bas\u00e9e en Italie, p\u00f4le d&#039;excellence en ing\u00e9nierie, FMP est une r\u00e9f\u00e9rence dans le secteur hydraulique, engag\u00e9e \u00e0 fournir des produits fiables, durables et innovants qui dynamisent les entreprises du monde entier.<\/p>\n<p class=\"break-words\">Notre entreprise allie le meilleur des traditions de fabrication de pointe \u00e0 une approche avant-gardiste. Forte de nombreuses ann\u00e9es d&#039;exp\u00e9rience dans les syst\u00e8mes hydrauliques, FMP est devenue une entreprise moderne qui excelle en recherche, conception et production. Nous proposons une large gamme de v\u00e9rins hydrauliques, notamment des v\u00e9rins \u00e0 double effet, des v\u00e9rins de levage pour automobiles et pour machines agricoles, ainsi que des solutions sur mesure pour diverses applications industrielles. Qu&#039;il s&#039;agisse de construction, d&#039;installations industrielles, d&#039;agriculture ou de machines lourdes, nos v\u00e9rins hydrauliques sont con\u00e7us pour fonctionner dans les conditions les plus difficiles, garantissant s\u00e9curit\u00e9, efficacit\u00e9 et long\u00e9vit\u00e9.<\/p>\n<p><img loading=\"lazy\" decoding=\"async\" class=\"alignnone size-full wp-image-6720\" src=\"https:\/\/fmp-components.com\/wp-content\/uploads\/2025\/03\/hydraulic-cylinder-8.webp\" alt=\"V\u00e9rins hydrauliques t\u00e9lescopiques\" width=\"933\" height=\"526\" title=\"\" srcset=\"https:\/\/fmp-components.com\/wp-content\/uploads\/2025\/03\/hydraulic-cylinder-8.webp 933w, https:\/\/fmp-components.com\/wp-content\/uploads\/2025\/03\/hydraulic-cylinder-8-480x271.webp 480w\" sizes=\"(min-width: 0px) and (max-width: 480px) 480px, (min-width: 481px) 933px, 100vw\" \/><\/p>\n<p class=\"break-words\">Chez FMP, nous sommes fiers de nos installations de production ultramodernes, \u00e9quip\u00e9es de machines de pr\u00e9cision et de syst\u00e8mes de test avanc\u00e9s. Nos processus de fabrication respectent des normes nationales et internationales rigoureuses, garantissant ainsi la qualit\u00e9 et la fiabilit\u00e9 de chaque v\u00e9rin hydraulique quittant notre usine. Notre \u00e9quipe technique qualifi\u00e9e, associ\u00e9e \u00e0 des \u00e9quipements de pointe, nous permet d&#039;assurer un contr\u00f4le qualit\u00e9 rigoureux \u00e0 chaque \u00e9tape de la production, de la s\u00e9lection des mati\u00e8res premi\u00e8res au contr\u00f4le final. Cette volont\u00e9 d&#039;excellence nous a valu des certifications et la reconnaissance des autorit\u00e9s du secteur, consolidant ainsi notre r\u00e9putation de partenaire fiable.<\/p>\n<p class=\"break-words\">Notre mission est simple et ambitieuse\u00a0: fournir \u00e0 nos clients des v\u00e9rins hydrauliques d\u00e9passant leurs attentes en termes de performances, de durabilit\u00e9 et de rapport qualit\u00e9-prix. Nous agissons selon les principes directeurs de professionnalisme, d&#039;int\u00e9grit\u00e9 et d&#039;orientation client. En favorisant une culture d&#039;innovation et de pr\u00e9cision, nous perfectionnons continuellement nos produits pour conserver une longueur d&#039;avance sur un march\u00e9 concurrentiel. Notre gamme compl\u00e8te de produits et notre capacit\u00e9 \u00e0 proposer des solutions sur mesure font de nous le choix incontournable des entreprises \u00e0 la recherche de v\u00e9rins hydrauliques hautes performances.<\/p>\n<p class=\"break-words\">FMP est plus qu&#039;un simple fabricant\u00a0: nous sommes le partenaire de votre r\u00e9ussite. Nous comprenons que nos clients comptent sur nous pour leur fournir des outils qui am\u00e9liorent leur productivit\u00e9 et leur s\u00e9curit\u00e9. C&#039;est pourquoi nous nous engageons \u00e0 offrir non seulement des produits haut de gamme, mais aussi un service exceptionnel. De la consultation initiale au service apr\u00e8s-vente, nous travaillons en \u00e9troite collaboration avec nos clients pour r\u00e9pondre \u00e0 leurs besoins avec professionnalisme et attention. Nos prix comp\u00e9titifs, associ\u00e9s \u00e0 notre engagement ind\u00e9fectible envers la qualit\u00e9, font de FMP le choix id\u00e9al pour les entreprises souhaitant investir dans des solutions hydrauliques fiables.<\/p>","protected":false},"excerpt":{"rendered":"<p>Telescopic Multi Stages Tipper Truck Hydraulic Cylinder From FMP Discover the power of hydraulics with our Telescopic Multi Stages Tipper Truck Hydraulic Cylinder. This innovative product From FMP is designed to offer excellent performance, reliability, and longevity, making it a valuable addition to various industries such as manufacturing plants, machinery repair shops, farms, and the [&hellip;]<\/p>","protected":false},"featured_media":6709,"comment_status":"closed","ping_status":"closed","template":"","meta":{"_et_pb_use_builder":"","_et_pb_old_content":"","_et_gb_content_width":""},"product_brand":[],"product_cat":[103],"product_tag":[34,105],"class_list":{"0":"post-6599","1":"product","2":"type-product","3":"status-publish","4":"has-post-thumbnail","6":"product_cat-telescopic-hydraulic-cylinders","7":"product_tag-hydraulic-cylinder","8":"product_tag-telescopic-hydraulic-cylinders","10":"first","11":"instock","12":"product-type-simple"},"_links":{"self":[{"href":"https:\/\/fmp-components.com\/fr\/wp-json\/wp\/v2\/product\/6599","targetHints":{"allow":["GET"]}}],"collection":[{"href":"https:\/\/fmp-components.com\/fr\/wp-json\/wp\/v2\/product"}],"about":[{"href":"https:\/\/fmp-components.com\/fr\/wp-json\/wp\/v2\/types\/product"}],"replies":[{"embeddable":true,"href":"https:\/\/fmp-components.com\/fr\/wp-json\/wp\/v2\/comments?post=6599"}],"wp:featuredmedia":[{"embeddable":true,"href":"https:\/\/fmp-components.com\/fr\/wp-json\/wp\/v2\/media\/6709"}],"wp:attachment":[{"href":"https:\/\/fmp-components.com\/fr\/wp-json\/wp\/v2\/media?parent=6599"}],"wp:term":[{"taxonomy":"product_brand","embeddable":true,"href":"https:\/\/fmp-components.com\/fr\/wp-json\/wp\/v2\/product_brand?post=6599"},{"taxonomy":"product_cat","embeddable":true,"href":"https:\/\/fmp-components.com\/fr\/wp-json\/wp\/v2\/product_cat?post=6599"},{"taxonomy":"product_tag","embeddable":true,"href":"https:\/\/fmp-components.com\/fr\/wp-json\/wp\/v2\/product_tag?post=6599"}],"curies":[{"name":"wp","href":"https:\/\/api.w.org\/{rel}","templated":true}]}}