{"id":6597,"date":"2025-03-11T06:32:38","date_gmt":"2025-03-11T06:32:38","guid":{"rendered":"https:\/\/fmp-components.com\/product\/italy-manufacture-telescopic-multi-stages-hydraulic-cylinder-for-dump-truck-trailer-and-tipper-truck-from-fmp"},"modified":"2025-03-12T03:03:04","modified_gmt":"2025-03-12T03:03:04","slug":"italy-manufacture-telescopic-multi-stages-hydraulic-cylinder-for-dump-truck-trailer-and-tipper-truck-from-fmp","status":"publish","type":"product","link":"https:\/\/fmp-components.com\/fr\/product\/italy-manufacture-telescopic-multi-stages-hydraulic-cylinder-for-dump-truck-trailer-and-tipper-truck-from-fmp\/","title":{"rendered":"Fabrication italienne de v\u00e9rins hydrauliques t\u00e9lescopiques\/multi-\u00e9tages pour camions \u00e0 benne basculante\/remorque et camion \u00e0 benne basculante de FMP"},"content":{"rendered":"<h2>Fabrication italienne de v\u00e9rins hydrauliques t\u00e9lescopiques\/multi-\u00e9tages pour camions \u00e0 benne basculante\/remorque et camion \u00e0 benne basculante de FMP<\/h2>\n<p>FMP vous propose le v\u00e9rin hydraulique t\u00e9lescopique\/multi-\u00e9tages le plus performant et le plus puissant, une solution id\u00e9ale pour les camions-bennes, les remorques et les camions \u00e0 benne basculante. Ce v\u00e9rin hydraulique de qualit\u00e9 industrielle est con\u00e7u pour offrir des performances et une robustesse in\u00e9gal\u00e9es. Nouveaut\u00e9 2021, il promet une technologie et une qualit\u00e9 de pointe.<\/p>\n<h3>Caract\u00e9ristiques et sp\u00e9cifications du produit<\/h3>\n<p>Ce v\u00e9rin hydraulique est garanti un an et ses composants sont de la plus haute qualit\u00e9. Fabriqu\u00e9 avec un corps en acier robuste, il fonctionne \u00e0 l'huile et est certifi\u00e9 ISO9001:2000. Sa puissance hydraulique en fait un choix id\u00e9al pour divers secteurs, notamment les usines, les ateliers de r\u00e9paration de machines, les exploitations agricoles, ainsi que les secteurs de l'\u00e9nergie et des mines.<\/p>\n<p><img loading=\"lazy\" decoding=\"async\" class=\"alignnone  wp-image-6661\" src=\"https:\/\/fmp-components.com\/wp-content\/uploads\/2025\/03\/telescopic-hydraulic-cylinder-10.webp\" alt=\"v\u00e9rin hydraulique t\u00e9lescopique\" width=\"901\" height=\"901\" title=\"\" srcset=\"https:\/\/fmp-components.com\/wp-content\/uploads\/2025\/03\/telescopic-hydraulic-cylinder-10.webp 901w, https:\/\/fmp-components.com\/wp-content\/uploads\/2025\/03\/telescopic-hydraulic-cylinder-10-480x480.webp 480w\" sizes=\"(min-width: 0px) and (max-width: 480px) 480px, (min-width: 481px) 901px, 100vw\" \/><\/p>\n<h3>Caract\u00e9ristiques et avantages uniques<\/h3>\n<ul>\n<li>\u00c9conome en \u00e9nergie et tr\u00e8s efficace<\/li>\n<li>S\u00fbr et fiable pour les machines lourdes<\/li>\n<li>Personnalisable pour r\u00e9pondre \u00e0 des besoins sp\u00e9cifiques<\/li>\n<li>Durable avec une longue dur\u00e9e de vie<\/li>\n<\/ul>\n<h2>Syst\u00e8me hydraulique et principe de fonctionnement<\/h2>\n<p>Le v\u00e9rin hydraulique fonctionne selon le principe fondamental de la conversion de la puissance hydraulique en mouvement m\u00e9canique. Lorsqu'il est rempli de fluide hydraulique et mis sous pression, le v\u00e9rin g\u00e9n\u00e8re une force capable de d\u00e9placer efficacement une charge. Ce m\u00e9canisme est particuli\u00e8rement utile dans de nombreuses applications, comme le levage d'objets lourds ou l'utilisation de machines industrielles complexes. Ce principe repose sur la loi de Pascal, qui stipule que la pression appliqu\u00e9e \u00e0 un fluide enferm\u00e9 est transmise uniform\u00e9ment dans toutes les directions. Ainsi, m\u00eame une faible quantit\u00e9 de fluide hydraulique peut produire une puissance de levage importante, ce qui rend les v\u00e9rins hydrauliques indispensables pour les t\u00e2ches exigeant \u00e0 la fois r\u00e9sistance et pr\u00e9cision.<\/p>\n<h2>Application du v\u00e9rin hydraulique<\/h2>\n<p>Le v\u00e9rin hydraulique FMP offre un large \u00e9ventail d'applications dans de nombreux secteurs. Il est particuli\u00e8rement efficace dans les camions-bennes et les remorques, o\u00f9 il facilite les m\u00e9canismes de levage et d'inclinaison n\u00e9cessaires au d\u00e9chargement de mat\u00e9riaux tels que le gravier, la terre ou les d\u00e9bris. Dans les engins de chantier, les v\u00e9rins hydrauliques sont essentiels au fonctionnement d'\u00e9quipements tels que les excavatrices, les r\u00e9trocaveuses et les bulldozers, leur permettant d'effectuer des t\u00e2ches n\u00e9cessitant des levages lourds et des mouvements pr\u00e9cis.<\/p>\n<p>De plus, ces v\u00e9rins sont largement utilis\u00e9s dans les machines agricoles, notamment pour le levage de charrues, de semoirs et d'autres outils essentiels aux op\u00e9rations agricoles. La polyvalence des v\u00e9rins hydrauliques s'\u00e9tend \u00e0 divers secteurs, notamment les usines de fabrication, o\u00f9 ils sont utilis\u00e9s dans les cha\u00eenes de montage et les processus automatis\u00e9s, ainsi que dans les ateliers de r\u00e9paration de machines, o\u00f9 ils facilitent le levage et le positionnement d'\u00e9quipements lourds pour la maintenance. Les secteurs de l'\u00e9nergie et des mines font \u00e9galement appel aux v\u00e9rins hydrauliques pour des t\u00e2ches telles que le forage et la manutention, d\u00e9montrant ainsi leur r\u00f4le indispensable dans les applications industrielles modernes.<\/p>\n<p><img loading=\"lazy\" decoding=\"async\" class=\"alignnone size-full wp-image-6660\" src=\"https:\/\/fmp-components.com\/wp-content\/uploads\/2025\/03\/hydraulic-cylinder-workshop-4.webp\" alt=\"v\u00e9rin hydraulique t\u00e9lescopique\" width=\"914\" height=\"733\" title=\"\" srcset=\"https:\/\/fmp-components.com\/wp-content\/uploads\/2025\/03\/hydraulic-cylinder-workshop-4.webp 914w, https:\/\/fmp-components.com\/wp-content\/uploads\/2025\/03\/hydraulic-cylinder-workshop-4-480x385.webp 480w\" sizes=\"(min-width: 0px) and (max-width: 480px) 480px, (min-width: 481px) 914px, 100vw\" \/><\/p>\n<h2>V\u00e9rins hydrauliques et groupes motopropulseurs<\/h2>\n<p>Les v\u00e9rins hydrauliques et les groupes motopropulseurs sont des composants indispensables de tout syst\u00e8me hydraulique. Leur fonctionnement coordonn\u00e9 est essentiel \u00e0 l'application efficace de la technologie hydraulique dans le secteur industriel, fournissant une puissance et un contr\u00f4le fiables pour une large gamme d'\u00e9quipements m\u00e9caniques et d'ing\u00e9nierie. Le v\u00e9rin hydraulique agit comme actionneur, convertissant l'\u00e9nergie hydraulique en mouvement m\u00e9canique, ex\u00e9cutant ainsi les t\u00e2ches requises avec pr\u00e9cision.<\/p>\n<p>\u00c0 l'inverse, le groupe motopropulseur est le moteur du syst\u00e8me hydraulique, g\u00e9n\u00e9rant la pression hydraulique n\u00e9cessaire pour propulser le fluide et maintenir des d\u00e9bits optimaux. G\u00e9n\u00e9ralement compos\u00e9 d'un moteur, d'une pompe, d'un r\u00e9servoir et de vannes de r\u00e9gulation, le groupe motopropulseur assure le fonctionnement fluide et efficace du v\u00e9rin hydraulique. Cette synergie entre le v\u00e9rin et le groupe motopropulseur est essentielle au bon fonctionnement des syst\u00e8mes hydrauliques, permettant aux industries d'exploiter tout le potentiel de la technologie hydraulique. Chez FMP, nous proposons \u00e9galement des groupes motopropulseurs de haute qualit\u00e9 \u00e0 la vente, permettant \u00e0 nos clients de cr\u00e9er des syst\u00e8mes hydrauliques enti\u00e8rement int\u00e9gr\u00e9s, adapt\u00e9s \u00e0 leurs besoins op\u00e9rationnels sp\u00e9cifiques.<\/p>\n<h2>FAQ<\/h2>\n<ol>\n<li>Q : Quelle est la p\u00e9riode de garantie du v\u00e9rin hydraulique ?<br \/>\nR : Nous offrons une garantie d\u2019un an pour notre v\u00e9rin hydraulique.<\/li>\n<li>Q : Le v\u00e9rin hydraulique peut-il \u00eatre personnalis\u00e9 ?<br \/>\nR : Oui, nous pouvons concevoir et fabriquer le v\u00e9rin hydraulique en fonction de vos besoins sp\u00e9cifiques.<\/li>\n<li>Q : Quelles industries peuvent utiliser ce v\u00e9rin hydraulique ?<br \/>\nR : Le v\u00e9rin hydraulique peut \u00eatre utilis\u00e9 dans une vari\u00e9t\u00e9 d\u2019industries telles que les usines de fabrication, les ateliers de r\u00e9paration de machines, les fermes, les secteurs de l\u2019\u00e9nergie et des mines.<\/li>\n<\/ol>\n<h3>\u00c0 propos de FMP<\/h3>\n<p class=\"break-words\">FMP est un fabricant italien de premier plan sp\u00e9cialis\u00e9 dans la conception, le d\u00e9veloppement et la production de v\u00e9rins hydrauliques de haute qualit\u00e9. Forts d&#039;un riche h\u00e9ritage ancr\u00e9 dans des d\u00e9cennies d&#039;expertise, nous sommes fiers d&#039;allier savoir-faire italien et technologie de pointe pour proposer des solutions hydrauliques exceptionnelles, adapt\u00e9es aux besoins vari\u00e9s de notre client\u00e8le internationale. Bas\u00e9e en Italie, p\u00f4le d&#039;excellence en ing\u00e9nierie, FMP est une r\u00e9f\u00e9rence dans le secteur hydraulique, engag\u00e9e \u00e0 fournir des produits fiables, durables et innovants qui dynamisent les entreprises du monde entier.<\/p>\n<p class=\"break-words\">Notre entreprise allie le meilleur des traditions de fabrication de pointe \u00e0 une approche avant-gardiste. Forte de nombreuses ann\u00e9es d&#039;exp\u00e9rience dans les syst\u00e8mes hydrauliques, FMP est devenue une entreprise moderne qui excelle en recherche, conception et production. Nous proposons une large gamme de v\u00e9rins hydrauliques, notamment des v\u00e9rins \u00e0 double effet, des v\u00e9rins de levage pour automobiles et pour machines agricoles, ainsi que des solutions sur mesure pour diverses applications industrielles. Qu&#039;il s&#039;agisse de construction, d&#039;installations industrielles, d&#039;agriculture ou de machines lourdes, nos v\u00e9rins hydrauliques sont con\u00e7us pour fonctionner dans les conditions les plus difficiles, garantissant s\u00e9curit\u00e9, efficacit\u00e9 et long\u00e9vit\u00e9.<\/p>\n<p><img loading=\"lazy\" decoding=\"async\" class=\"alignnone size-full wp-image-6720\" src=\"https:\/\/fmp-components.com\/wp-content\/uploads\/2025\/03\/hydraulic-cylinder-8.webp\" alt=\"V\u00e9rins hydrauliques t\u00e9lescopiques\" width=\"933\" height=\"526\" title=\"\" srcset=\"https:\/\/fmp-components.com\/wp-content\/uploads\/2025\/03\/hydraulic-cylinder-8.webp 933w, https:\/\/fmp-components.com\/wp-content\/uploads\/2025\/03\/hydraulic-cylinder-8-480x271.webp 480w\" sizes=\"(min-width: 0px) and (max-width: 480px) 480px, (min-width: 481px) 933px, 100vw\" \/><\/p>\n<p class=\"break-words\">Chez FMP, nous sommes fiers de nos installations de production ultramodernes, \u00e9quip\u00e9es de machines de pr\u00e9cision et de syst\u00e8mes de test avanc\u00e9s. Nos processus de fabrication respectent des normes nationales et internationales rigoureuses, garantissant ainsi la qualit\u00e9 et la fiabilit\u00e9 de chaque v\u00e9rin hydraulique quittant notre usine. Notre \u00e9quipe technique qualifi\u00e9e, associ\u00e9e \u00e0 des \u00e9quipements de pointe, nous permet d&#039;assurer un contr\u00f4le qualit\u00e9 rigoureux \u00e0 chaque \u00e9tape de la production, de la s\u00e9lection des mati\u00e8res premi\u00e8res au contr\u00f4le final. Cette volont\u00e9 d&#039;excellence nous a valu des certifications et la reconnaissance des autorit\u00e9s du secteur, consolidant ainsi notre r\u00e9putation de partenaire fiable.<\/p>\n<p class=\"break-words\">Notre mission est simple et ambitieuse\u00a0: fournir \u00e0 nos clients des v\u00e9rins hydrauliques d\u00e9passant leurs attentes en termes de performances, de durabilit\u00e9 et de rapport qualit\u00e9-prix. Nous agissons selon les principes directeurs de professionnalisme, d&#039;int\u00e9grit\u00e9 et d&#039;orientation client. En favorisant une culture d&#039;innovation et de pr\u00e9cision, nous perfectionnons continuellement nos produits pour conserver une longueur d&#039;avance sur un march\u00e9 concurrentiel. Notre gamme compl\u00e8te de produits et notre capacit\u00e9 \u00e0 proposer des solutions sur mesure font de nous le choix incontournable des entreprises \u00e0 la recherche de v\u00e9rins hydrauliques hautes performances.<\/p>\n<p class=\"break-words\">FMP est plus qu&#039;un simple fabricant\u00a0: nous sommes le partenaire de votre r\u00e9ussite. Nous comprenons que nos clients comptent sur nous pour leur fournir des outils qui am\u00e9liorent leur productivit\u00e9 et leur s\u00e9curit\u00e9. C&#039;est pourquoi nous nous engageons \u00e0 offrir non seulement des produits haut de gamme, mais aussi un service exceptionnel. De la consultation initiale au service apr\u00e8s-vente, nous travaillons en \u00e9troite collaboration avec nos clients pour r\u00e9pondre \u00e0 leurs besoins avec professionnalisme et attention. Nos prix comp\u00e9titifs, associ\u00e9s \u00e0 notre engagement ind\u00e9fectible envers la qualit\u00e9, font de FMP le choix id\u00e9al pour les entreprises souhaitant investir dans des solutions hydrauliques fiables.<\/p>","protected":false},"excerpt":{"rendered":"<p>Italy Manufacture Telescopic \/Multi Stages Hydraulic Cylinder For Dump Truck \/Trailer and Tipper Truck From FMP FMP brings you the most efficient and powerful Telescopic\/Multi Stages Hydraulic Cylinder, a perfect solution for dump truck, trailer, and tipper truck. This industry-grade hydraulic cylinder is designed to provide unmatched performance and sturdiness. It&#8217;s a new product of [&hellip;]<\/p>","protected":false},"featured_media":6707,"comment_status":"closed","ping_status":"closed","template":"","meta":{"_et_pb_use_builder":"","_et_pb_old_content":"","_et_gb_content_width":""},"product_brand":[],"product_cat":[103],"product_tag":[34,105],"class_list":{"0":"post-6597","1":"product","2":"type-product","3":"status-publish","4":"has-post-thumbnail","6":"product_cat-telescopic-hydraulic-cylinders","7":"product_tag-hydraulic-cylinder","8":"product_tag-telescopic-hydraulic-cylinders","10":"first","11":"instock","12":"product-type-simple"},"_links":{"self":[{"href":"https:\/\/fmp-components.com\/fr\/wp-json\/wp\/v2\/product\/6597","targetHints":{"allow":["GET"]}}],"collection":[{"href":"https:\/\/fmp-components.com\/fr\/wp-json\/wp\/v2\/product"}],"about":[{"href":"https:\/\/fmp-components.com\/fr\/wp-json\/wp\/v2\/types\/product"}],"replies":[{"embeddable":true,"href":"https:\/\/fmp-components.com\/fr\/wp-json\/wp\/v2\/comments?post=6597"}],"wp:featuredmedia":[{"embeddable":true,"href":"https:\/\/fmp-components.com\/fr\/wp-json\/wp\/v2\/media\/6707"}],"wp:attachment":[{"href":"https:\/\/fmp-components.com\/fr\/wp-json\/wp\/v2\/media?parent=6597"}],"wp:term":[{"taxonomy":"product_brand","embeddable":true,"href":"https:\/\/fmp-components.com\/fr\/wp-json\/wp\/v2\/product_brand?post=6597"},{"taxonomy":"product_cat","embeddable":true,"href":"https:\/\/fmp-components.com\/fr\/wp-json\/wp\/v2\/product_cat?post=6597"},{"taxonomy":"product_tag","embeddable":true,"href":"https:\/\/fmp-components.com\/fr\/wp-json\/wp\/v2\/product_tag?post=6597"}],"curies":[{"name":"wp","href":"https:\/\/api.w.org\/{rel}","templated":true}]}}