{"id":6594,"date":"2025-03-11T06:32:38","date_gmt":"2025-03-11T06:32:38","guid":{"rendered":"https:\/\/fmp-components.com\/product\/good-quality-stainless-steel-multistage-hydraulic-cylinder-for-dump-trailer"},"modified":"2025-03-12T02:43:38","modified_gmt":"2025-03-12T02:43:38","slug":"good-quality-stainless-steel-multistage-hydraulic-cylinder-for-dump-trailer","status":"publish","type":"product","link":"https:\/\/fmp-components.com\/fr\/product\/good-quality-stainless-steel-multistage-hydraulic-cylinder-for-dump-trailer\/","title":{"rendered":"V\u00e9rin hydraulique multicellulaire en acier inoxydable de haute qualit\u00e9 pour remorque benne"},"content":{"rendered":"<h2>V\u00e9rin hydraulique multicellulaire en acier inoxydable de haute qualit\u00e9 pour remorque benne<\/h2>\n<p>Nos v\u00e9rins hydrauliques multicellulaires en acier inoxydable sont con\u00e7us pour offrir qualit\u00e9 et performance. Fabriqu\u00e9s en acier inoxydable robuste et durable, ces v\u00e9rins sont id\u00e9aux pour les bennes basculantes et garantissent une efficacit\u00e9 et une fiabilit\u00e9 \u00e9lev\u00e9es pour diverses industries, notamment les ateliers de r\u00e9paration de machines, les exploitations agricoles, l'\u00e9nergie et les mines, la fabrication de machines et les usines de m\u00e9canique.<\/p>\n<h3>Caract\u00e9ristiques et sp\u00e9cifications<\/h3>\n<table style=\"width: 94.7139%;\" border=\"\">\n<tbody>\n<tr>\n<th style=\"width: 43.5028%;\">Taille de l&#039;al\u00e9sage<\/th>\n<td style=\"width: 457.062%;\">2 \u00e0 6 pouces<\/td>\n<\/tr>\n<tr>\n<th style=\"width: 43.5028%;\">Taille de la tige<\/th>\n<td style=\"width: 457.062%;\">1,125-4 pouces<\/td>\n<\/tr>\n<tr>\n<th style=\"width: 43.5028%;\">Taille de la course<\/th>\n<td style=\"width: 457.062%;\">4 \u00e0 100 pouces<\/td>\n<\/tr>\n<tr>\n<th style=\"width: 43.5028%;\">Taille de la broche<\/th>\n<td style=\"width: 457.062%;\">0,5 \u00e0 2 pouces<\/td>\n<\/tr>\n<tr>\n<th style=\"width: 43.5028%;\">Ports<\/th>\n<td style=\"width: 457.062%;\">G\/SAE\/NPT\/M<\/td>\n<\/tr>\n<\/tbody>\n<\/table>\n<h3>Caract\u00e9ristiques et avantages uniques<\/h3>\n<ul>\n<li>\u00c9conome en \u00e9nergie : Nos cylindres sont con\u00e7us pour maximiser la puissance tout en minimisant la consommation d'\u00e9nergie.<\/li>\n<li>Haute performance : Avec une pouss\u00e9e maximale de 3000 et une force de traction maximale de 20 tonnes, ces v\u00e9rins promettent des performances sup\u00e9rieures.<\/li>\n<li>S\u00e9curit\u00e9 : Certifi\u00e9s ISO9001:2000, ces cylindres r\u00e9pondent aux normes de s\u00e9curit\u00e9 internationales et sont fiables pour les op\u00e9rations intensives.<\/li>\n<\/ul>\n<h2>Comprendre le syst\u00e8me hydraulique et son principe de fonctionnement<\/h2>\n<p>Les syst\u00e8mes hydrauliques fonctionnent selon le principe fondamental de la transmission de puissance par la pression d'un fluide contenu dans un espace clos. Cette approche novatrice permet aux v\u00e9rins hydrauliques de g\u00e9n\u00e9rer efficacement un mouvement lin\u00e9aire et une force consid\u00e9rable. Lorsqu'un fluide hydraulique est mis sous pression dans un espace restreint, il cr\u00e9e une force qui peut \u00eatre dirig\u00e9e vers l'ex\u00e9cution de t\u00e2ches sp\u00e9cifiques. C'est ce principe qui permet aux v\u00e9rins hydrauliques d'effectuer des travaux exigeants avec une pr\u00e9cision et un contr\u00f4le remarquables, ce qui en fait des outils indispensables dans de nombreux secteurs industriels.<\/p>\n<p>L'efficacit\u00e9 des syst\u00e8mes hydrauliques repose sur leur capacit\u00e9 \u00e0 exploiter la puissance des fluides, permettant des mouvements puissants sans effort physique excessif. Lorsque le fluide hydraulique est pomp\u00e9 dans le cylindre, il exerce une pression sur le piston, qui la convertit en mouvement lin\u00e9aire. Cette capacit\u00e9 est essentielle pour diverses applications n\u00e9cessitant de soulever, pousser ou tirer des objets lourds, et garantit l'ex\u00e9cution rapide et pr\u00e9cise des t\u00e2ches.<\/p>\n<p><img loading=\"lazy\" decoding=\"async\" class=\"alignnone  wp-image-6717\" src=\"https:\/\/fmp-components.com\/wp-content\/uploads\/2025\/03\/hydraulic-cylinder-211.webp\" alt=\"V\u00e9rins hydrauliques\" width=\"925\" height=\"927\" title=\"\" srcset=\"https:\/\/fmp-components.com\/wp-content\/uploads\/2025\/03\/hydraulic-cylinder-211.webp 925w, https:\/\/fmp-components.com\/wp-content\/uploads\/2025\/03\/hydraulic-cylinder-211-480x481.webp 480w\" sizes=\"(min-width: 0px) and (max-width: 480px) 480px, (min-width: 481px) 925px, 100vw\" \/><\/p>\n<h3>Applications du v\u00e9rin hydraulique<\/h3>\n<p>Nos v\u00e9rins hydrauliques sont particuli\u00e8rement adapt\u00e9s aux bennes basculantes, o\u00f9 ils fournissent la puissance et le contr\u00f4le n\u00e9cessaires \u00e0 la manutention efficace de charges lourdes. Dans ces applications, ils facilitent le basculement, permettant un d\u00e9chargement efficace de mat\u00e9riaux tels que le gravier, le sable ou les d\u00e9bris. Cette fonctionnalit\u00e9 am\u00e9liore la productivit\u00e9 et garantit un fonctionnement s\u00fbr et fiable.<\/p>\n<p>Outre les bennes basculantes, les v\u00e9rins hydrauliques sont largement utilis\u00e9s dans de nombreux autres secteurs. Dans les ateliers de r\u00e9paration de machines, ils facilitent le levage et le positionnement des \u00e9quipements lourds pour la maintenance. En agriculture, les v\u00e9rins hydrauliques \u00e9quipent les tracteurs et autres machines agricoles pour des t\u00e2ches telles que le levage des charrues et autres outils. Les secteurs de l'\u00e9nergie et des mines b\u00e9n\u00e9ficient \u00e9galement des v\u00e9rins hydrauliques, utilis\u00e9s dans les \u00e9quipements de forage, d'excavation et de manutention. De plus, dans la fabrication de machines, les v\u00e9rins hydrauliques jouent un r\u00f4le essentiel dans les cha\u00eenes de montage et les processus de production, permettant des mouvements pr\u00e9cis et le levage de charges lourdes.<\/p>\n<p><img loading=\"lazy\" decoding=\"async\" class=\"alignnone  wp-image-6665\" src=\"https:\/\/fmp-components.com\/wp-content\/uploads\/2025\/03\/telescopic-hydraulic-cylinder-9.webp\" alt=\"v\u00e9rin hydraulique t\u00e9lescopique\" width=\"942\" height=\"942\" title=\"\" srcset=\"https:\/\/fmp-components.com\/wp-content\/uploads\/2025\/03\/telescopic-hydraulic-cylinder-9.webp 942w, https:\/\/fmp-components.com\/wp-content\/uploads\/2025\/03\/telescopic-hydraulic-cylinder-9-480x480.webp 480w\" sizes=\"(min-width: 0px) and (max-width: 480px) 480px, (min-width: 481px) 942px, 100vw\" \/><\/p>\n<h2>V\u00e9rins hydrauliques et groupes motopropulseurs<\/h2>\n<p>Les v\u00e9rins et les centrales hydrauliques sont des composants essentiels de tout syst\u00e8me hydraulique. Leur fonctionnement conjoint assure la large application de la technologie hydraulique dans le secteur industriel, en fournissant une alimentation et un contr\u00f4le fiables \u00e0 divers \u00e9quipements m\u00e9caniques et d'ing\u00e9nierie.<\/p>\n<h3>\u00c0 propos de FMP<\/h3>\n<p class=\"break-words\">FMP est un fabricant italien de premier plan sp\u00e9cialis\u00e9 dans la conception, le d\u00e9veloppement et la production de v\u00e9rins hydrauliques de haute qualit\u00e9. Forts d&#039;un riche h\u00e9ritage ancr\u00e9 dans des d\u00e9cennies d&#039;expertise, nous sommes fiers d&#039;allier savoir-faire italien et technologie de pointe pour proposer des solutions hydrauliques exceptionnelles, adapt\u00e9es aux besoins vari\u00e9s de notre client\u00e8le internationale. Bas\u00e9e en Italie, p\u00f4le d&#039;excellence en ing\u00e9nierie, FMP est une r\u00e9f\u00e9rence dans le secteur hydraulique, engag\u00e9e \u00e0 fournir des produits fiables, durables et innovants qui dynamisent les entreprises du monde entier.<\/p>\n<p class=\"break-words\">Notre entreprise allie le meilleur des traditions de fabrication de pointe \u00e0 une approche avant-gardiste. Forte de nombreuses ann\u00e9es d&#039;exp\u00e9rience dans les syst\u00e8mes hydrauliques, FMP est devenue une entreprise moderne qui excelle en recherche, conception et production. Nous proposons une large gamme de v\u00e9rins hydrauliques, notamment des v\u00e9rins \u00e0 double effet, des v\u00e9rins de levage pour automobiles et pour machines agricoles, ainsi que des solutions sur mesure pour diverses applications industrielles. Qu&#039;il s&#039;agisse de construction, d&#039;installations industrielles, d&#039;agriculture ou de machines lourdes, nos v\u00e9rins hydrauliques sont con\u00e7us pour fonctionner dans les conditions les plus difficiles, garantissant s\u00e9curit\u00e9, efficacit\u00e9 et long\u00e9vit\u00e9.<\/p>\n<p><img loading=\"lazy\" decoding=\"async\" class=\"alignnone size-full wp-image-6720\" src=\"https:\/\/fmp-components.com\/wp-content\/uploads\/2025\/03\/hydraulic-cylinder-8.webp\" alt=\"V\u00e9rins hydrauliques t\u00e9lescopiques\" width=\"933\" height=\"526\" title=\"\" srcset=\"https:\/\/fmp-components.com\/wp-content\/uploads\/2025\/03\/hydraulic-cylinder-8.webp 933w, https:\/\/fmp-components.com\/wp-content\/uploads\/2025\/03\/hydraulic-cylinder-8-480x271.webp 480w\" sizes=\"(min-width: 0px) and (max-width: 480px) 480px, (min-width: 481px) 933px, 100vw\" \/><\/p>\n<p class=\"break-words\">Chez FMP, nous sommes fiers de nos installations de production ultramodernes, \u00e9quip\u00e9es de machines de pr\u00e9cision et de syst\u00e8mes de test avanc\u00e9s. Nos processus de fabrication respectent des normes nationales et internationales rigoureuses, garantissant ainsi la qualit\u00e9 et la fiabilit\u00e9 de chaque v\u00e9rin hydraulique quittant notre usine. Notre \u00e9quipe technique qualifi\u00e9e, associ\u00e9e \u00e0 des \u00e9quipements de pointe, nous permet d&#039;assurer un contr\u00f4le qualit\u00e9 rigoureux \u00e0 chaque \u00e9tape de la production, de la s\u00e9lection des mati\u00e8res premi\u00e8res au contr\u00f4le final. Cette volont\u00e9 d&#039;excellence nous a valu des certifications et la reconnaissance des autorit\u00e9s du secteur, consolidant ainsi notre r\u00e9putation de partenaire fiable.<\/p>\n<p class=\"break-words\">Notre mission est simple et ambitieuse\u00a0: fournir \u00e0 nos clients des v\u00e9rins hydrauliques d\u00e9passant leurs attentes en termes de performances, de durabilit\u00e9 et de rapport qualit\u00e9-prix. Nous agissons selon les principes directeurs de professionnalisme, d&#039;int\u00e9grit\u00e9 et d&#039;orientation client. En favorisant une culture d&#039;innovation et de pr\u00e9cision, nous perfectionnons continuellement nos produits pour conserver une longueur d&#039;avance sur un march\u00e9 concurrentiel. Notre gamme compl\u00e8te de produits et notre capacit\u00e9 \u00e0 proposer des solutions sur mesure font de nous le choix incontournable des entreprises \u00e0 la recherche de v\u00e9rins hydrauliques hautes performances.<\/p>\n<p class=\"break-words\">FMP est plus qu&#039;un simple fabricant\u00a0: nous sommes le partenaire de votre r\u00e9ussite. Nous comprenons que nos clients comptent sur nous pour leur fournir des outils qui am\u00e9liorent leur productivit\u00e9 et leur s\u00e9curit\u00e9. C&#039;est pourquoi nous nous engageons \u00e0 offrir non seulement des produits haut de gamme, mais aussi un service exceptionnel. De la consultation initiale au service apr\u00e8s-vente, nous travaillons en \u00e9troite collaboration avec nos clients pour r\u00e9pondre \u00e0 leurs besoins avec professionnalisme et attention. Nos prix comp\u00e9titifs, associ\u00e9s \u00e0 notre engagement ind\u00e9fectible envers la qualit\u00e9, font de FMP le choix id\u00e9al pour les entreprises souhaitant investir dans des solutions hydrauliques fiables.<\/p>","protected":false},"excerpt":{"rendered":"<p>Good Quality Stainless Steel Multistage Hydraulic Cylinder for Dump Trailer Our stainless steel multistage hydraulic cylinders are designed with a focus on quality and performance. Built with robust and durable stainless steel, these hydraulic cylinders are ideal for dump trailers, offering high efficiency and reliability for various industries including machinery repair shops, farms, energy and [&hellip;]<\/p>","protected":false},"featured_media":6704,"comment_status":"closed","ping_status":"closed","template":"","meta":{"_et_pb_use_builder":"","_et_pb_old_content":"","_et_gb_content_width":""},"product_brand":[],"product_cat":[103],"product_tag":[34,105],"class_list":{"0":"post-6594","1":"product","2":"type-product","3":"status-publish","4":"has-post-thumbnail","6":"product_cat-telescopic-hydraulic-cylinders","7":"product_tag-hydraulic-cylinder","8":"product_tag-telescopic-hydraulic-cylinders","10":"first","11":"instock","12":"product-type-simple"},"_links":{"self":[{"href":"https:\/\/fmp-components.com\/fr\/wp-json\/wp\/v2\/product\/6594","targetHints":{"allow":["GET"]}}],"collection":[{"href":"https:\/\/fmp-components.com\/fr\/wp-json\/wp\/v2\/product"}],"about":[{"href":"https:\/\/fmp-components.com\/fr\/wp-json\/wp\/v2\/types\/product"}],"replies":[{"embeddable":true,"href":"https:\/\/fmp-components.com\/fr\/wp-json\/wp\/v2\/comments?post=6594"}],"wp:featuredmedia":[{"embeddable":true,"href":"https:\/\/fmp-components.com\/fr\/wp-json\/wp\/v2\/media\/6704"}],"wp:attachment":[{"href":"https:\/\/fmp-components.com\/fr\/wp-json\/wp\/v2\/media?parent=6594"}],"wp:term":[{"taxonomy":"product_brand","embeddable":true,"href":"https:\/\/fmp-components.com\/fr\/wp-json\/wp\/v2\/product_brand?post=6594"},{"taxonomy":"product_cat","embeddable":true,"href":"https:\/\/fmp-components.com\/fr\/wp-json\/wp\/v2\/product_cat?post=6594"},{"taxonomy":"product_tag","embeddable":true,"href":"https:\/\/fmp-components.com\/fr\/wp-json\/wp\/v2\/product_tag?post=6594"}],"curies":[{"name":"wp","href":"https:\/\/api.w.org\/{rel}","templated":true}]}}