{"id":6585,"date":"2025-03-11T06:31:13","date_gmt":"2025-03-11T06:31:13","guid":{"rendered":"https:\/\/fmp-components.com\/product\/quality-assurance-multistage-hydraulic-cylinder-for-dump-trailer"},"modified":"2025-03-12T05:57:30","modified_gmt":"2025-03-12T05:57:30","slug":"quality-assurance-multistage-hydraulic-cylinder-for-dump-trailer","status":"publish","type":"product","link":"https:\/\/fmp-components.com\/fr\/product\/quality-assurance-multistage-hydraulic-cylinder-for-dump-trailer\/","title":{"rendered":"V\u00e9rin hydraulique multi-\u00e9tages pour remorque \u00e0 benne basculante, garantie qualit\u00e9"},"content":{"rendered":"<h2>V\u00e9rin hydraulique multi-\u00e9tages pour remorque \u00e0 benne basculante, garantie qualit\u00e9<\/h2>\n<p>D\u00e9couvrez notre v\u00e9rin hydraulique multicellulaire pour benne basculante, un produit de qualit\u00e9 garantie con\u00e7u pour r\u00e9pondre \u00e0 vos besoins en engins lourds. Ce produit est parfaitement adapt\u00e9 \u00e0 divers secteurs, notamment les ateliers de r\u00e9paration de machines, les exploitations agricoles, l'\u00e9nergie et les mines, la fabrication de machines et les usines de m\u00e9canique.<\/p>\n<h3>Caract\u00e9ristiques et sp\u00e9cifications du produit<\/h3>\n<p>Notre v\u00e9rin hydraulique multicellulaire pour benne basculante offre une efficacit\u00e9 et une fiabilit\u00e9 accrues. De type standard \u00e0 piston, il est aliment\u00e9 par une source hydraulique. Son corps en acier robuste garantit une grande solidit\u00e9 et une longue dur\u00e9e de vie. Il d\u00e9veloppe une pouss\u00e9e maximale de 3\u00a0000 Nm et une force de traction maximale de 20 tonnes.<\/p>\n<h3>D\u00e9tails techniques<\/h3>\n<table style=\"width: 99.7507%;\" border=\"\">\n<tbody>\n<tr>\n<td style=\"width: 42.9379%;\"><i>Taille de l&#039;al\u00e9sage<\/i><\/td>\n<td style=\"width: 472.881%;\">2 \u00e0 6 pouces<\/td>\n<\/tr>\n<tr>\n<td style=\"width: 42.9379%;\"><i>Taille de la tige<\/i><\/td>\n<td style=\"width: 472.881%;\">1,125-4 pouces<\/td>\n<\/tr>\n<tr>\n<td style=\"width: 42.9379%;\"><i>Taille de la course<\/i><\/td>\n<td style=\"width: 472.881%;\">4 \u00e0 100 pouces<\/td>\n<\/tr>\n<tr>\n<td style=\"width: 42.9379%;\"><i>Taille de la broche<\/i><\/td>\n<td style=\"width: 472.881%;\">0,5 \u00e0 2 pouces<\/td>\n<\/tr>\n<tr>\n<td style=\"width: 42.9379%;\"><i>Ports<\/i><\/td>\n<td style=\"width: 472.881%;\">G\/SAE\/NPT\/M<\/td>\n<\/tr>\n<\/tbody>\n<\/table>\n<h2>Avantages uniques du produit<\/h2>\n<ul>\n<li>\u00c9conomies d'\u00e9nergie : Gr\u00e2ce \u00e0 notre v\u00e9rin hydraulique multi-\u00e9tages, vous pouvez atteindre une efficacit\u00e9 \u00e9nerg\u00e9tique optimale sans compromettre les performances.<\/li>\n<li>Haute efficacit\u00e9 : Ce produit garantit une productivit\u00e9 maximale gr\u00e2ce \u00e0 sa puissance hydraulique haute performance.<\/li>\n<li>S\u00e9curit\u00e9 : Votre s\u00e9curit\u00e9 est notre priorit\u00e9. C'est pourquoi notre v\u00e9rin hydraulique multi-\u00e9tages est con\u00e7u avec des caract\u00e9ristiques sup\u00e9rieures qui garantissent un fonctionnement s\u00fbr en toutes circonstances.<\/li>\n<\/ul>\n<p><img loading=\"lazy\" decoding=\"async\" class=\"alignnone  wp-image-6663\" src=\"https:\/\/fmp-components.com\/wp-content\/uploads\/2025\/03\/telescopic-hydraulic-cylinder-11.webp\" alt=\"v\u00e9rin hydraulique t\u00e9lescopique\" width=\"956\" height=\"956\" title=\"\" srcset=\"https:\/\/fmp-components.com\/wp-content\/uploads\/2025\/03\/telescopic-hydraulic-cylinder-11.webp 956w, https:\/\/fmp-components.com\/wp-content\/uploads\/2025\/03\/telescopic-hydraulic-cylinder-11-480x480.webp 480w\" sizes=\"(min-width: 0px) and (max-width: 480px) 480px, (min-width: 481px) 956px, 100vw\" \/><\/p>\n<h2>Comprendre le syst\u00e8me hydraulique et son principe de fonctionnement<\/h2>\n<p>Les syst\u00e8mes hydrauliques sont essentiels dans de nombreux secteurs industriels en raison de leurs multiples applications. Notre v\u00e9rin hydraulique multicellulaire pour benne basculante, composant de ce syst\u00e8me, joue un r\u00f4le primordial dans la conversion de l'\u00e9nergie hydraulique en mouvements m\u00e9caniques, garantissant ainsi un fonctionnement optimal de votre activit\u00e9.<\/p>\n<h2>Applications du produit<\/h2>\n<p>Le v\u00e9rin hydraulique multicellulaire pour benne basculante est un produit polyvalent id\u00e9al pour diverses applications, notamment les ateliers de r\u00e9paration de machines, les exploitations agricoles, les secteurs de l'\u00e9nergie et des mines, ainsi que les usines de machines. Sa construction robuste lui permet de r\u00e9sister aux t\u00e2ches exigeantes et aux conditions difficiles.<\/p>\n<h2>V\u00e9rins hydrauliques et groupes motopropulseurs<\/h2>\n<p>Les v\u00e9rins hydrauliques et les centrales hydrauliques sont des composants indispensables des syst\u00e8mes hydrauliques. Leur fonctionnement synergique garantit la large application de la technologie hydraulique dans le secteur industriel, assurant une alimentation et une commande fiables pour divers \u00e9quipements m\u00e9caniques et d'ing\u00e9nierie. Le v\u00e9rin hydraulique, en tant qu'actionneur, convertit l'\u00e9nergie hydraulique en mouvement m\u00e9canique, transformant la pression en force. La centrale hydraulique, quant \u00e0 elle, est le c\u0153ur du syst\u00e8me hydraulique\u00a0; elle fournit l'\u00e9nergie et les signaux de commande n\u00e9cessaires \u00e0 son fonctionnement. La coop\u00e9ration coordonn\u00e9e entre les deux garantit le bon fonctionnement du syst\u00e8me hydraulique. FMP propose \u00e9galement des centrales hydrauliques \u00e0 la vente.<\/p>\n<h3>\u00c0 propos de FMP<\/h3>\n<p class=\"break-words\">FMP est un fabricant italien de premier plan sp\u00e9cialis\u00e9 dans la conception, le d\u00e9veloppement et la production de v\u00e9rins hydrauliques de haute qualit\u00e9. Forts d&#039;un riche h\u00e9ritage ancr\u00e9 dans des d\u00e9cennies d&#039;expertise, nous sommes fiers d&#039;allier savoir-faire italien et technologie de pointe pour proposer des solutions hydrauliques exceptionnelles, adapt\u00e9es aux besoins vari\u00e9s de notre client\u00e8le internationale. Bas\u00e9e en Italie, p\u00f4le d&#039;excellence en ing\u00e9nierie, FMP est une r\u00e9f\u00e9rence dans le secteur hydraulique, engag\u00e9e \u00e0 fournir des produits fiables, durables et innovants qui dynamisent les entreprises du monde entier.<\/p>\n<p class=\"break-words\">Notre entreprise allie le meilleur des traditions de fabrication de pointe \u00e0 une approche avant-gardiste. Forte de nombreuses ann\u00e9es d&#039;exp\u00e9rience dans les syst\u00e8mes hydrauliques, FMP est devenue une entreprise moderne qui excelle en recherche, conception et production. Nous proposons une large gamme de v\u00e9rins hydrauliques, notamment des v\u00e9rins \u00e0 double effet, des v\u00e9rins de levage pour automobiles et pour machines agricoles, ainsi que des solutions sur mesure pour diverses applications industrielles. Qu&#039;il s&#039;agisse de construction, d&#039;installations industrielles, d&#039;agriculture ou de machines lourdes, nos v\u00e9rins hydrauliques sont con\u00e7us pour fonctionner dans les conditions les plus difficiles, garantissant s\u00e9curit\u00e9, efficacit\u00e9 et long\u00e9vit\u00e9.<\/p>\n<p><img loading=\"lazy\" decoding=\"async\" class=\"alignnone size-full wp-image-6720\" src=\"https:\/\/fmp-components.com\/wp-content\/uploads\/2025\/03\/hydraulic-cylinder-8.webp\" alt=\"V\u00e9rins hydrauliques t\u00e9lescopiques\" width=\"933\" height=\"526\" title=\"\" srcset=\"https:\/\/fmp-components.com\/wp-content\/uploads\/2025\/03\/hydraulic-cylinder-8.webp 933w, https:\/\/fmp-components.com\/wp-content\/uploads\/2025\/03\/hydraulic-cylinder-8-480x271.webp 480w\" sizes=\"(min-width: 0px) and (max-width: 480px) 480px, (min-width: 481px) 933px, 100vw\" \/><\/p>\n<p class=\"break-words\">Chez FMP, nous sommes fiers de nos installations de production ultramodernes, \u00e9quip\u00e9es de machines de pr\u00e9cision et de syst\u00e8mes de test avanc\u00e9s. Nos processus de fabrication respectent des normes nationales et internationales rigoureuses, garantissant ainsi la qualit\u00e9 et la fiabilit\u00e9 de chaque v\u00e9rin hydraulique quittant notre usine. Notre \u00e9quipe technique qualifi\u00e9e, associ\u00e9e \u00e0 des \u00e9quipements de pointe, nous permet d&#039;assurer un contr\u00f4le qualit\u00e9 rigoureux \u00e0 chaque \u00e9tape de la production, de la s\u00e9lection des mati\u00e8res premi\u00e8res au contr\u00f4le final. Cette volont\u00e9 d&#039;excellence nous a valu des certifications et la reconnaissance des autorit\u00e9s du secteur, consolidant ainsi notre r\u00e9putation de partenaire fiable.<\/p>\n<p class=\"break-words\">Notre mission est simple et ambitieuse\u00a0: fournir \u00e0 nos clients des v\u00e9rins hydrauliques d\u00e9passant leurs attentes en termes de performances, de durabilit\u00e9 et de rapport qualit\u00e9-prix. Nous agissons selon les principes directeurs de professionnalisme, d&#039;int\u00e9grit\u00e9 et d&#039;orientation client. En favorisant une culture d&#039;innovation et de pr\u00e9cision, nous perfectionnons continuellement nos produits pour conserver une longueur d&#039;avance sur un march\u00e9 concurrentiel. Notre gamme compl\u00e8te de produits et notre capacit\u00e9 \u00e0 proposer des solutions sur mesure font de nous le choix incontournable des entreprises \u00e0 la recherche de v\u00e9rins hydrauliques hautes performances.<\/p>\n<p class=\"break-words\">FMP est plus qu&#039;un simple fabricant\u00a0: nous sommes le partenaire de votre r\u00e9ussite. Nous comprenons que nos clients comptent sur nous pour leur fournir des outils qui am\u00e9liorent leur productivit\u00e9 et leur s\u00e9curit\u00e9. C&#039;est pourquoi nous nous engageons \u00e0 offrir non seulement des produits haut de gamme, mais aussi un service exceptionnel. De la consultation initiale au service apr\u00e8s-vente, nous travaillons en \u00e9troite collaboration avec nos clients pour r\u00e9pondre \u00e0 leurs besoins avec professionnalisme et attention. Nos prix comp\u00e9titifs, associ\u00e9s \u00e0 notre engagement ind\u00e9fectible envers la qualit\u00e9, font de FMP le choix id\u00e9al pour les entreprises souhaitant investir dans des solutions hydrauliques fiables.<\/p>","protected":false},"excerpt":{"rendered":"<p>Quality Assurance Multistage Hydraulic Cylinder for Dump Trailer Introducing our Multistage Hydraulic Cylinder for Dump Trailer, a quality-assured product designed to meet your heavy machinery needs. This product is a perfect fit for various industries, including machinery repair shops, farms, energy &amp; mining, machinery manufacturing, and machinery factories. Product Features and Specifications Our Multistage Hydraulic [&hellip;]<\/p>","protected":false},"featured_media":6729,"comment_status":"closed","ping_status":"closed","template":"","meta":{"_et_pb_use_builder":"","_et_pb_old_content":"","_et_gb_content_width":""},"product_brand":[],"product_cat":[103],"product_tag":[34,105],"class_list":{"0":"post-6585","1":"product","2":"type-product","3":"status-publish","4":"has-post-thumbnail","6":"product_cat-telescopic-hydraulic-cylinders","7":"product_tag-hydraulic-cylinder","8":"product_tag-telescopic-hydraulic-cylinders","10":"first","11":"instock","12":"product-type-simple"},"_links":{"self":[{"href":"https:\/\/fmp-components.com\/fr\/wp-json\/wp\/v2\/product\/6585","targetHints":{"allow":["GET"]}}],"collection":[{"href":"https:\/\/fmp-components.com\/fr\/wp-json\/wp\/v2\/product"}],"about":[{"href":"https:\/\/fmp-components.com\/fr\/wp-json\/wp\/v2\/types\/product"}],"replies":[{"embeddable":true,"href":"https:\/\/fmp-components.com\/fr\/wp-json\/wp\/v2\/comments?post=6585"}],"wp:featuredmedia":[{"embeddable":true,"href":"https:\/\/fmp-components.com\/fr\/wp-json\/wp\/v2\/media\/6729"}],"wp:attachment":[{"href":"https:\/\/fmp-components.com\/fr\/wp-json\/wp\/v2\/media?parent=6585"}],"wp:term":[{"taxonomy":"product_brand","embeddable":true,"href":"https:\/\/fmp-components.com\/fr\/wp-json\/wp\/v2\/product_brand?post=6585"},{"taxonomy":"product_cat","embeddable":true,"href":"https:\/\/fmp-components.com\/fr\/wp-json\/wp\/v2\/product_cat?post=6585"},{"taxonomy":"product_tag","embeddable":true,"href":"https:\/\/fmp-components.com\/fr\/wp-json\/wp\/v2\/product_tag?post=6585"}],"curies":[{"name":"wp","href":"https:\/\/api.w.org\/{rel}","templated":true}]}}