{"id":6584,"date":"2025-03-11T06:31:13","date_gmt":"2025-03-11T06:31:13","guid":{"rendered":"https:\/\/fmp-components.com\/product\/quality-manufacturing-flatbed-tow-truck-dump-truck-hydraulic-cylinder"},"modified":"2025-03-12T05:45:44","modified_gmt":"2025-03-12T05:45:44","slug":"quality-manufacturing-flatbed-tow-truck-dump-truck-hydraulic-cylinder","status":"publish","type":"product","link":"https:\/\/fmp-components.com\/fr\/product\/quality-manufacturing-flatbed-tow-truck-dump-truck-hydraulic-cylinder\/","title":{"rendered":"Fabrication de qualit\u00e9 pour camion \u00e0 plateau, d\u00e9panneuse, camion \u00e0 benne basculante, v\u00e9rin hydraulique"},"content":{"rendered":"<h2>Fabrication de qualit\u00e9 pour camion \u00e0 plateau, d\u00e9panneuse, camion \u00e0 benne basculante, v\u00e9rin hydraulique<\/h2>\n<p>D\u00e9couvrez la qualit\u00e9 de nos v\u00e9rins hydrauliques FMP, con\u00e7us pour les d\u00e9panneuses \u00e0 plateau et les camions-bennes, et largement utilis\u00e9s dans de nombreux secteurs, notamment les ateliers de r\u00e9paration de machines, les exploitations agricoles, l'\u00e9nergie et les mines, la fabrication de machines et les usines de machines.<\/p>\n<h3>Caract\u00e9ristiques du produit<\/h3>\n<p>Nos v\u00e9rins hydrauliques offrent de nombreuses caract\u00e9ristiques qui les distinguent de la concurrence. De conception standard, ils utilisent un piston \u00e0 commande hydraulique. Fabriqu\u00e9s en acier robuste, ils offrent une pouss\u00e9e maximale de 3\u00a0000 Nm et une force de traction maximale de 20 tonnes. Ce v\u00e9rin hydraulique multi-\u00e9tages est \u00e9galement conforme \u00e0 la norme de certification ISO\u00a09001:2000.<\/p>\n<h3>Sp\u00e9cifications techniques<\/h3>\n<table style=\"width: 99.5341%; height: 115px;\" border=\"\">\n<tbody>\n<tr style=\"height: 23px;\">\n<td style=\"width: 42.9379%; height: 23px;\"><i>Taille de l&#039;al\u00e9sage<\/i><\/td>\n<td style=\"width: 471.751%; height: 23px;\">2 \u00e0 6 pouces<\/td>\n<\/tr>\n<tr style=\"height: 23px;\">\n<td style=\"width: 42.9379%; height: 23px;\"><i>Taille de la tige<\/i><\/td>\n<td style=\"width: 471.751%; height: 23px;\">1,125-4 pouces<\/td>\n<\/tr>\n<tr style=\"height: 23px;\">\n<td style=\"width: 42.9379%; height: 23px;\"><i>Taille de la course<\/i><\/td>\n<td style=\"width: 471.751%; height: 23px;\">4 \u00e0 100 pouces<\/td>\n<\/tr>\n<tr style=\"height: 23px;\">\n<td style=\"width: 42.9379%; height: 23px;\"><i>Taille de la broche<\/i><\/td>\n<td style=\"width: 471.751%; height: 23px;\">0,5 \u00e0 2 pouces<\/td>\n<\/tr>\n<tr style=\"height: 23px;\">\n<td style=\"width: 42.9379%; height: 23px;\"><i>Ports<\/i><\/td>\n<td style=\"width: 471.751%; height: 23px;\">G\/SAE\/NPT\/M<\/td>\n<\/tr>\n<\/tbody>\n<\/table>\n<h2>Avantages uniques<\/h2>\n<ul>\n<li>\u00c9conomie d'\u00e9nergie<\/li>\n<li>Haute efficacit\u00e9<\/li>\n<li>Assurance de s\u00e9curit\u00e9<\/li>\n<\/ul>\n<p><img loading=\"lazy\" decoding=\"async\" class=\"alignnone  wp-image-6658\" src=\"https:\/\/fmp-components.com\/wp-content\/uploads\/2025\/03\/telescopic-hydraulic-cylinder-6.webp\" alt=\"v\u00e9rin hydraulique t\u00e9lescopique\" width=\"969\" height=\"969\" title=\"\" srcset=\"https:\/\/fmp-components.com\/wp-content\/uploads\/2025\/03\/telescopic-hydraulic-cylinder-6.webp 969w, https:\/\/fmp-components.com\/wp-content\/uploads\/2025\/03\/telescopic-hydraulic-cylinder-6-480x480.webp 480w\" sizes=\"(min-width: 0px) and (max-width: 480px) 480px, (min-width: 481px) 969px, 100vw\" \/><\/p>\n<h2>Syst\u00e8me hydraulique et principe de fonctionnement<\/h2>\n<p>Nos v\u00e9rins hydrauliques sont des composants essentiels des syst\u00e8mes hydrauliques, jouant un r\u00f4le crucial dans la conversion de l'\u00e9nergie hydraulique en mouvement m\u00e9canique. Ce processus consiste \u00e0 transformer la pression du fluide en force, permettant ainsi \u00e0 divers types de machines d'accomplir des t\u00e2ches essentielles. Le principe de fonctionnement repose sur le mouvement du fluide hydraulique, dirig\u00e9 vers le v\u00e9rin. Lorsque le fluide remplit le v\u00e9rin, il exerce une pression sur le piston, provoquant son d\u00e9placement. Ce mouvement lin\u00e9aire peut ensuite \u00eatre exploit\u00e9 pour soulever, pousser, tirer ou manipuler des charges lourdes avec une pr\u00e9cision et un contr\u00f4le remarquables.<\/p>\n<p>L'efficacit\u00e9 des syst\u00e8mes hydrauliques repose en grande partie sur les propri\u00e9t\u00e9s du fluide hydraulique, incompressible et capable de transmettre la puissance sur de longues distances sans perte significative. Ceci rend les v\u00e9rins hydrauliques particuli\u00e8rement performants dans les applications exigeant une force et une fiabilit\u00e9 \u00e9lev\u00e9es, garantissant ainsi des performances optimales dans divers environnements industriels.<\/p>\n<h2>Application des v\u00e9rins hydrauliques<\/h2>\n<p>Ces v\u00e9rins hydrauliques sont exceptionnellement polyvalents et conviennent parfaitement \u00e0 une large gamme d'industries. Dans les ateliers de r\u00e9paration de machines, ils facilitent le levage et le positionnement d'\u00e9quipements lourds, rendant les op\u00e9rations de maintenance plus simples et plus efficaces. Leur conception robuste leur permet de supporter les contraintes li\u00e9es au levage de charges lourdes, garantissant ainsi s\u00e9curit\u00e9 et fiabilit\u00e9 lors des interventions.<\/p>\n<p>En agriculture, les v\u00e9rins hydrauliques sont indispensables au fonctionnement des tracteurs et autres machines agricoles. Ils permettent aux agriculteurs d'effectuer des t\u00e2ches telles que le levage et l'inclinaison du mat\u00e9riel, le transport de mat\u00e9riaux et m\u00eame la manipulation d'accessoires comme les charrues et les herses. Cette capacit\u00e9 am\u00e9liore la productivit\u00e9 et l'efficacit\u00e9 des exploitations, faisant des v\u00e9rins hydrauliques un outil essentiel de l'agriculture moderne.<\/p>\n<p>Dans les secteurs de l'\u00e9nergie et des mines, ces v\u00e9rins sont utilis\u00e9s dans diverses applications, notamment le forage, l'excavation et la manutention de mat\u00e9riaux. Leur capacit\u00e9 \u00e0 g\u00e9n\u00e9rer une force importante les rend parfaitement adapt\u00e9s aux t\u00e2ches exigeantes souvent rencontr\u00e9es dans ces secteurs, o\u00f9 la fiabilit\u00e9 et la performance sont essentielles.<\/p>\n<p>De plus, les v\u00e9rins hydrauliques jouent un r\u00f4le essentiel dans la fabrication de machines et les usines. Ils sont utilis\u00e9s sur les cha\u00eenes de montage, les presses et les syst\u00e8mes automatis\u00e9s, o\u00f9 ils contribuent \u00e0 rationaliser les op\u00e9rations et \u00e0 am\u00e9liorer l'efficacit\u00e9 de la production. Leur adaptabilit\u00e9 et leur robustesse en font un \u00e9l\u00e9ment cl\u00e9 pour garantir le bon fonctionnement des machines dans diverses applications industrielles.<\/p>\n<h3>Q : \u00cates-vous une soci\u00e9t\u00e9 commerciale ou un fabricant ?<\/h3>\n<p>A : Nous sommes une usine.<\/p>\n<h3>Q : Quel est votre d\u00e9lai de livraison ?<\/h3>\n<p>R : En g\u00e9n\u00e9ral, cela prend entre 25 et 35 jours.<\/p>\n<h3>Q\u00a0: Fournissez-vous des \u00e9chantillons\u00a0? Sont-ils gratuits ou en suppl\u00e9ment\u00a0?<\/h3>\n<p>R : Oui, nous pourrions proposer l&#039;\u00e9chantillon mais ce n&#039;est pas gratuit.<\/p>\n<h3>\u00c0 propos de FMP<\/h3>\n<p class=\"break-words\">FMP est un fabricant italien de premier plan sp\u00e9cialis\u00e9 dans la conception, le d\u00e9veloppement et la production de v\u00e9rins hydrauliques de haute qualit\u00e9. Forts d&#039;un riche h\u00e9ritage ancr\u00e9 dans des d\u00e9cennies d&#039;expertise, nous sommes fiers d&#039;allier savoir-faire italien et technologie de pointe pour proposer des solutions hydrauliques exceptionnelles, adapt\u00e9es aux besoins vari\u00e9s de notre client\u00e8le internationale. Bas\u00e9e en Italie, p\u00f4le d&#039;excellence en ing\u00e9nierie, FMP est une r\u00e9f\u00e9rence dans le secteur hydraulique, engag\u00e9e \u00e0 fournir des produits fiables, durables et innovants qui dynamisent les entreprises du monde entier.<\/p>\n<p class=\"break-words\">Notre entreprise allie le meilleur des traditions de fabrication de pointe \u00e0 une approche avant-gardiste. Forte de nombreuses ann\u00e9es d&#039;exp\u00e9rience dans les syst\u00e8mes hydrauliques, FMP est devenue une entreprise moderne qui excelle en recherche, conception et production. Nous proposons une large gamme de v\u00e9rins hydrauliques, notamment des v\u00e9rins \u00e0 double effet, des v\u00e9rins de levage pour automobiles et pour machines agricoles, ainsi que des solutions sur mesure pour diverses applications industrielles. Qu&#039;il s&#039;agisse de construction, d&#039;installations industrielles, d&#039;agriculture ou de machines lourdes, nos v\u00e9rins hydrauliques sont con\u00e7us pour fonctionner dans les conditions les plus difficiles, garantissant s\u00e9curit\u00e9, efficacit\u00e9 et long\u00e9vit\u00e9.<\/p>\n<p><img loading=\"lazy\" decoding=\"async\" class=\"alignnone size-full wp-image-6720\" src=\"https:\/\/fmp-components.com\/wp-content\/uploads\/2025\/03\/hydraulic-cylinder-8.webp\" alt=\"V\u00e9rins hydrauliques t\u00e9lescopiques\" width=\"933\" height=\"526\" title=\"\" srcset=\"https:\/\/fmp-components.com\/wp-content\/uploads\/2025\/03\/hydraulic-cylinder-8.webp 933w, https:\/\/fmp-components.com\/wp-content\/uploads\/2025\/03\/hydraulic-cylinder-8-480x271.webp 480w\" sizes=\"(min-width: 0px) and (max-width: 480px) 480px, (min-width: 481px) 933px, 100vw\" \/><\/p>\n<p class=\"break-words\">Chez FMP, nous sommes fiers de nos installations de production ultramodernes, \u00e9quip\u00e9es de machines de pr\u00e9cision et de syst\u00e8mes de test avanc\u00e9s. Nos processus de fabrication respectent des normes nationales et internationales rigoureuses, garantissant ainsi la qualit\u00e9 et la fiabilit\u00e9 de chaque v\u00e9rin hydraulique quittant notre usine. Notre \u00e9quipe technique qualifi\u00e9e, associ\u00e9e \u00e0 des \u00e9quipements de pointe, nous permet d&#039;assurer un contr\u00f4le qualit\u00e9 rigoureux \u00e0 chaque \u00e9tape de la production, de la s\u00e9lection des mati\u00e8res premi\u00e8res au contr\u00f4le final. Cette volont\u00e9 d&#039;excellence nous a valu des certifications et la reconnaissance des autorit\u00e9s du secteur, consolidant ainsi notre r\u00e9putation de partenaire fiable.<\/p>\n<p class=\"break-words\">Notre mission est simple et ambitieuse\u00a0: fournir \u00e0 nos clients des v\u00e9rins hydrauliques d\u00e9passant leurs attentes en termes de performances, de durabilit\u00e9 et de rapport qualit\u00e9-prix. Nous agissons selon les principes directeurs de professionnalisme, d&#039;int\u00e9grit\u00e9 et d&#039;orientation client. En favorisant une culture d&#039;innovation et de pr\u00e9cision, nous perfectionnons continuellement nos produits pour conserver une longueur d&#039;avance sur un march\u00e9 concurrentiel. Notre gamme compl\u00e8te de produits et notre capacit\u00e9 \u00e0 proposer des solutions sur mesure font de nous le choix incontournable des entreprises \u00e0 la recherche de v\u00e9rins hydrauliques hautes performances.<\/p>\n<p class=\"break-words\">FMP est plus qu&#039;un simple fabricant\u00a0: nous sommes le partenaire de votre r\u00e9ussite. Nous comprenons que nos clients comptent sur nous pour leur fournir des outils qui am\u00e9liorent leur productivit\u00e9 et leur s\u00e9curit\u00e9. C&#039;est pourquoi nous nous engageons \u00e0 offrir non seulement des produits haut de gamme, mais aussi un service exceptionnel. De la consultation initiale au service apr\u00e8s-vente, nous travaillons en \u00e9troite collaboration avec nos clients pour r\u00e9pondre \u00e0 leurs besoins avec professionnalisme et attention. Nos prix comp\u00e9titifs, associ\u00e9s \u00e0 notre engagement ind\u00e9fectible envers la qualit\u00e9, font de FMP le choix id\u00e9al pour les entreprises souhaitant investir dans des solutions hydrauliques fiables.<\/p>","protected":false},"excerpt":{"rendered":"<p>Quality Manufacturing Flatbed Tow Truck Dump Truck Hydraulic Cylinder Discover the quality of our FMP hydraulic cylinders, designed for use in flatbed tow trucks and dump trucks, and widely applied in a range of industries, including machinery repair shops, farms, energy &amp; mining, machinery manufacturing, and machinery factories. Product Features Our hydraulic cylinders offer a [&hellip;]<\/p>","protected":false},"featured_media":6727,"comment_status":"closed","ping_status":"closed","template":"","meta":{"_et_pb_use_builder":"","_et_pb_old_content":"","_et_gb_content_width":""},"product_brand":[],"product_cat":[103],"product_tag":[34,105],"class_list":{"0":"post-6584","1":"product","2":"type-product","3":"status-publish","4":"has-post-thumbnail","6":"product_cat-telescopic-hydraulic-cylinders","7":"product_tag-hydraulic-cylinder","8":"product_tag-telescopic-hydraulic-cylinders","10":"first","11":"instock","12":"product-type-simple"},"_links":{"self":[{"href":"https:\/\/fmp-components.com\/fr\/wp-json\/wp\/v2\/product\/6584","targetHints":{"allow":["GET"]}}],"collection":[{"href":"https:\/\/fmp-components.com\/fr\/wp-json\/wp\/v2\/product"}],"about":[{"href":"https:\/\/fmp-components.com\/fr\/wp-json\/wp\/v2\/types\/product"}],"replies":[{"embeddable":true,"href":"https:\/\/fmp-components.com\/fr\/wp-json\/wp\/v2\/comments?post=6584"}],"wp:featuredmedia":[{"embeddable":true,"href":"https:\/\/fmp-components.com\/fr\/wp-json\/wp\/v2\/media\/6727"}],"wp:attachment":[{"href":"https:\/\/fmp-components.com\/fr\/wp-json\/wp\/v2\/media?parent=6584"}],"wp:term":[{"taxonomy":"product_brand","embeddable":true,"href":"https:\/\/fmp-components.com\/fr\/wp-json\/wp\/v2\/product_brand?post=6584"},{"taxonomy":"product_cat","embeddable":true,"href":"https:\/\/fmp-components.com\/fr\/wp-json\/wp\/v2\/product_cat?post=6584"},{"taxonomy":"product_tag","embeddable":true,"href":"https:\/\/fmp-components.com\/fr\/wp-json\/wp\/v2\/product_tag?post=6584"}],"curies":[{"name":"wp","href":"https:\/\/api.w.org\/{rel}","templated":true}]}}