{"id":6582,"date":"2025-03-11T06:31:13","date_gmt":"2025-03-11T06:31:13","guid":{"rendered":"https:\/\/fmp-components.com\/product\/professional-craftsmanship-4-stage-dump-truck-stainless-steel-hydraulic-cylinder"},"modified":"2025-03-12T05:36:17","modified_gmt":"2025-03-12T05:36:17","slug":"professional-craftsmanship-4-stage-dump-truck-stainless-steel-hydraulic-cylinder","status":"publish","type":"product","link":"https:\/\/fmp-components.com\/fr\/product\/professional-craftsmanship-4-stage-dump-truck-stainless-steel-hydraulic-cylinder\/","title":{"rendered":"V\u00e9rin hydraulique en acier inoxydable pour camion \u00e0 benne basculante \u00e0 4 \u00e9tages, fabrication professionnelle"},"content":{"rendered":"<h2>V\u00e9rin hydraulique en acier inoxydable pour camion \u00e0 benne basculante \u00e0 4 \u00e9tages, fabrication professionnelle<\/h2>\n<p>Voici un v\u00e9rin hydraulique neuf de qualit\u00e9 professionnelle, \u00e0 quatre \u00e9tages, en acier inoxydable, con\u00e7u pour les tombereaux. Il est id\u00e9al pour diverses applications telles que la r\u00e9paration de machines, l'agriculture, l'\u00e9nergie, l'exploitation mini\u00e8re, la fabrication de machines et les usines de m\u00e9canique. Ce v\u00e9rin hydraulique multi-\u00e9tages est garanti un an sur ses composants principaux, notamment le roulement et le v\u00e9rin lui-m\u00eame.<\/p>\n<h3>Caract\u00e9ristiques et sp\u00e9cifications principales<\/h3>\n<p>Ce v\u00e9rin hydraulique, de conception classique (v\u00e9rin \u00e0 piston), est de type hydraulique et son corps est en acier. Il offre une pouss\u00e9e maximale de 3\u00a0000 Nm et une force de traction maximale de 20 tonnes. Certifi\u00e9 ISO 9001:2000, il est un gage de qualit\u00e9 et de fiabilit\u00e9.<\/p>\n<h3>D\u00e9tails techniques<\/h3>\n<table style=\"width: 99.3161%;\" border=\"\">\n<tbody>\n<tr>\n<td style=\"width: 42.9379%;\"><i>Taille de l&#039;al\u00e9sage<\/i><\/td>\n<td style=\"width: 470.621%;\">2 \u00e0 6 pouces<\/td>\n<\/tr>\n<tr>\n<td style=\"width: 42.9379%;\"><i>Taille de la tige<\/i><\/td>\n<td style=\"width: 470.621%;\">1,125-4 pouces<\/td>\n<\/tr>\n<tr>\n<td style=\"width: 42.9379%;\"><i>Taille de la course<\/i><\/td>\n<td style=\"width: 470.621%;\">4 \u00e0 100 pouces<\/td>\n<\/tr>\n<tr>\n<td style=\"width: 42.9379%;\"><i>Taille de la broche<\/i><\/td>\n<td style=\"width: 470.621%;\">0,5 \u00e0 2 pouces<\/td>\n<\/tr>\n<tr>\n<td style=\"width: 42.9379%;\"><i>Ports<\/i><\/td>\n<td style=\"width: 470.621%;\">G\/SAE\/NPT\/M<\/td>\n<\/tr>\n<\/tbody>\n<\/table>\n<h2>Caract\u00e9ristiques et avantages uniques<\/h2>\n<ul>\n<li>\u00c9conomie d'\u00e9nergie<\/li>\n<li>Tr\u00e8s efficace<\/li>\n<li>Utilisation s\u00fbre<\/li>\n<\/ul>\n<h2>Analyse approfondie des syst\u00e8mes hydrauliques et de leur principe de fonctionnement<\/h2>\n<p>Le v\u00e9rin hydraulique est l'\u00e9l\u00e9ment moteur des camions-bennes et de nombreuses autres machines. Son fonctionnement repose sur le principe de l'utilisation d'un fluide sous pression pour g\u00e9n\u00e9rer une force et un mouvement lin\u00e9aires. Au sein d'un syst\u00e8me hydraulique, le v\u00e9rin joue un r\u00f4le crucial, transformant l'\u00e9nergie contenue dans le fluide hydraulique en travail m\u00e9canique. Lorsque le fluide hydraulique est pomp\u00e9 dans le v\u00e9rin, il cr\u00e9e une pression qui force le piston \u00e0 se d\u00e9placer, produisant ainsi le mouvement lin\u00e9aire souhait\u00e9. Ce principe est non seulement fondamental pour le fonctionnement des camions-bennes, mais il am\u00e9liore \u00e9galement la fonctionnalit\u00e9 d'une large gamme d'\u00e9quipements, rendant les v\u00e9rins hydrauliques indispensables dans de nombreuses applications industrielles.<\/p>\n<p><img loading=\"lazy\" decoding=\"async\" class=\"alignnone  wp-image-6659\" src=\"https:\/\/fmp-components.com\/wp-content\/uploads\/2025\/03\/telescopic-hydraulic-cylinder-12.webp\" alt=\"v\u00e9rin hydraulique t\u00e9lescopique\" width=\"912\" height=\"912\" title=\"\" srcset=\"https:\/\/fmp-components.com\/wp-content\/uploads\/2025\/03\/telescopic-hydraulic-cylinder-12.webp 912w, https:\/\/fmp-components.com\/wp-content\/uploads\/2025\/03\/telescopic-hydraulic-cylinder-12-480x480.webp 480w\" sizes=\"(min-width: 0px) and (max-width: 480px) 480px, (min-width: 481px) 912px, 100vw\" \/><\/p>\n<h2>Application du v\u00e9rin hydraulique<\/h2>\n<p>La polyvalence du v\u00e9rin hydraulique est manifeste dans son utilisation r\u00e9pandue dans de nombreux secteurs industriels. Dans les ateliers de r\u00e9paration de machines, ces v\u00e9rins facilitent le levage et le positionnement d'\u00e9quipements lourds, permettant ainsi un entretien et des r\u00e9parations efficaces. Dans les exploitations agricoles, les v\u00e9rins hydrauliques sont utilis\u00e9s sur les tracteurs et autres machines agricoles pour lever, incliner et transporter des mat\u00e9riaux, ce qui accro\u00eet consid\u00e9rablement la productivit\u00e9 des travaux agricoles.<\/p>\n<p>Dans les secteurs de l'\u00e9nergie et des mines, les v\u00e9rins hydrauliques jouent un r\u00f4le essentiel dans des op\u00e9rations telles que le forage, l'excavation et la manutention de mat\u00e9riaux, o\u00f9 puissance et fiabilit\u00e9 sont primordiales. De plus, dans la fabrication de machines et les usines, ils sont indispensables aux cha\u00eenes de montage et \u00e0 divers processus automatis\u00e9s, optimisant la production et am\u00e9liorant l'efficacit\u00e9 op\u00e9rationnelle. Si les camions-bennes constituent une application courante, l'utilisation des v\u00e9rins hydrauliques s'\u00e9tend \u00e0 d'autres engins lourds n\u00e9cessitant une force et un mouvement lin\u00e9aires fiables, ce qui les rend incontournables dans de nombreux environnements industriels.<\/p>\n<h2>V\u00e9rins hydrauliques et groupes motopropulseurs<\/h2>\n<p>Les v\u00e9rins et les centrales hydrauliques sont des composants essentiels de tout syst\u00e8me hydraulique. Fonctionnant de concert, ils garantissent des performances et une fiabilit\u00e9 optimales. Le v\u00e9rin hydraulique, en tant qu'actionneur, convertit l'\u00e9nergie hydraulique en mouvement m\u00e9canique, transformant la pression en force. Cette capacit\u00e9 lui permet d'ex\u00e9cuter des t\u00e2ches, notamment le d\u00e9placement de charges lourdes et la r\u00e9alisation de missions critiques.<\/p>\n<p>Le groupe hydraulique, quant \u00e0 lui, constitue le c\u0153ur du syst\u00e8me hydraulique, fournissant l'\u00e9nergie et les signaux de commande n\u00e9cessaires. Il comprend g\u00e9n\u00e9ralement un moteur, une pompe, un r\u00e9servoir et des distributeurs, qui fonctionnent de concert pour maintenir une pression et un d\u00e9bit constants. La coordination entre le v\u00e9rin hydraulique et le groupe hydraulique est essentielle au bon fonctionnement du syst\u00e8me hydraulique, garantissant ainsi l'harmonie de tous les composants et la fiabilit\u00e9 de la puissance et de la commande.<\/p>\n<p>Chez FMP, nous nous engageons \u00e0 fournir des solutions hydrauliques compl\u00e8tes, incluant la vente de groupes hydrauliques. Ainsi, nos clients ont acc\u00e8s \u00e0 la fois \u00e0 des v\u00e9rins et \u00e0 des groupes hydrauliques, permettant une int\u00e9gration optimale des composants dans leurs syst\u00e8mes hydrauliques. En fournissant ces \u00e9l\u00e9ments essentiels, nous contribuons au fonctionnement efficace et performant de divers \u00e9quipements m\u00e9caniques et d'ing\u00e9nierie dans de nombreuses applications industrielles.<\/p>\n<p><img loading=\"lazy\" decoding=\"async\" class=\"alignnone size-full wp-image-6660\" src=\"https:\/\/fmp-components.com\/wp-content\/uploads\/2025\/03\/hydraulic-cylinder-workshop-4.webp\" alt=\"v\u00e9rin hydraulique t\u00e9lescopique\" width=\"914\" height=\"733\" title=\"\" srcset=\"https:\/\/fmp-components.com\/wp-content\/uploads\/2025\/03\/hydraulic-cylinder-workshop-4.webp 914w, https:\/\/fmp-components.com\/wp-content\/uploads\/2025\/03\/hydraulic-cylinder-workshop-4-480x385.webp 480w\" sizes=\"(min-width: 0px) and (max-width: 480px) 480px, (min-width: 481px) 914px, 100vw\" \/><\/p>\n<h2>Questions fr\u00e9quemment pos\u00e9es<\/h2>\n<p><span>Q : \u00cates-vous une soci\u00e9t\u00e9 commerciale ou un fabricant ?<\/span><br \/>\n<span>A : Nous sommes une usine.<\/span><br \/>\n<span>Q : Quel est votre d\u00e9lai de livraison ?<\/span><br \/>\n<span>R : En g\u00e9n\u00e9ral, cela prend entre 25 et 35 jours.<\/span><br \/>\n<span>Q\u00a0: Fournissez-vous des \u00e9chantillons\u00a0? Sont-ils gratuits ou en suppl\u00e9ment\u00a0?<\/span><br \/>\n<span>R : Oui, nous pourrions proposer l&#039;\u00e9chantillon mais ce n&#039;est pas gratuit.<\/span><\/p>\n<h3>\u00c0 propos de FMP<\/h3>\n<p class=\"break-words\">FMP est un fabricant italien de premier plan sp\u00e9cialis\u00e9 dans la conception, le d\u00e9veloppement et la production de v\u00e9rins hydrauliques de haute qualit\u00e9. Forts d&#039;un riche h\u00e9ritage ancr\u00e9 dans des d\u00e9cennies d&#039;expertise, nous sommes fiers d&#039;allier savoir-faire italien et technologie de pointe pour proposer des solutions hydrauliques exceptionnelles, adapt\u00e9es aux besoins vari\u00e9s de notre client\u00e8le internationale. Bas\u00e9e en Italie, p\u00f4le d&#039;excellence en ing\u00e9nierie, FMP est une r\u00e9f\u00e9rence dans le secteur hydraulique, engag\u00e9e \u00e0 fournir des produits fiables, durables et innovants qui dynamisent les entreprises du monde entier.<\/p>\n<p class=\"break-words\">Notre entreprise allie le meilleur des traditions de fabrication de pointe \u00e0 une approche avant-gardiste. Forte de nombreuses ann\u00e9es d&#039;exp\u00e9rience dans les syst\u00e8mes hydrauliques, FMP est devenue une entreprise moderne qui excelle en recherche, conception et production. Nous proposons une large gamme de v\u00e9rins hydrauliques, notamment des v\u00e9rins \u00e0 double effet, des v\u00e9rins de levage pour automobiles et pour machines agricoles, ainsi que des solutions sur mesure pour diverses applications industrielles. Qu&#039;il s&#039;agisse de construction, d&#039;installations industrielles, d&#039;agriculture ou de machines lourdes, nos v\u00e9rins hydrauliques sont con\u00e7us pour fonctionner dans les conditions les plus difficiles, garantissant s\u00e9curit\u00e9, efficacit\u00e9 et long\u00e9vit\u00e9.<\/p>\n<p><img loading=\"lazy\" decoding=\"async\" class=\"alignnone size-full wp-image-6720\" src=\"https:\/\/fmp-components.com\/wp-content\/uploads\/2025\/03\/hydraulic-cylinder-8.webp\" alt=\"V\u00e9rins hydrauliques t\u00e9lescopiques\" width=\"933\" height=\"526\" title=\"\" srcset=\"https:\/\/fmp-components.com\/wp-content\/uploads\/2025\/03\/hydraulic-cylinder-8.webp 933w, https:\/\/fmp-components.com\/wp-content\/uploads\/2025\/03\/hydraulic-cylinder-8-480x271.webp 480w\" sizes=\"(min-width: 0px) and (max-width: 480px) 480px, (min-width: 481px) 933px, 100vw\" \/><\/p>\n<p class=\"break-words\">Chez FMP, nous sommes fiers de nos installations de production ultramodernes, \u00e9quip\u00e9es de machines de pr\u00e9cision et de syst\u00e8mes de test avanc\u00e9s. Nos processus de fabrication respectent des normes nationales et internationales rigoureuses, garantissant ainsi la qualit\u00e9 et la fiabilit\u00e9 de chaque v\u00e9rin hydraulique quittant notre usine. Notre \u00e9quipe technique qualifi\u00e9e, associ\u00e9e \u00e0 des \u00e9quipements de pointe, nous permet d&#039;assurer un contr\u00f4le qualit\u00e9 rigoureux \u00e0 chaque \u00e9tape de la production, de la s\u00e9lection des mati\u00e8res premi\u00e8res au contr\u00f4le final. Cette volont\u00e9 d&#039;excellence nous a valu des certifications et la reconnaissance des autorit\u00e9s du secteur, consolidant ainsi notre r\u00e9putation de partenaire fiable.<\/p>\n<p class=\"break-words\">Notre mission est simple et ambitieuse\u00a0: fournir \u00e0 nos clients des v\u00e9rins hydrauliques d\u00e9passant leurs attentes en termes de performances, de durabilit\u00e9 et de rapport qualit\u00e9-prix. Nous agissons selon les principes directeurs de professionnalisme, d&#039;int\u00e9grit\u00e9 et d&#039;orientation client. En favorisant une culture d&#039;innovation et de pr\u00e9cision, nous perfectionnons continuellement nos produits pour conserver une longueur d&#039;avance sur un march\u00e9 concurrentiel. Notre gamme compl\u00e8te de produits et notre capacit\u00e9 \u00e0 proposer des solutions sur mesure font de nous le choix incontournable des entreprises \u00e0 la recherche de v\u00e9rins hydrauliques hautes performances.<\/p>\n<p class=\"break-words\">FMP est plus qu&#039;un simple fabricant\u00a0: nous sommes le partenaire de votre r\u00e9ussite. Nous comprenons que nos clients comptent sur nous pour leur fournir des outils qui am\u00e9liorent leur productivit\u00e9 et leur s\u00e9curit\u00e9. C&#039;est pourquoi nous nous engageons \u00e0 offrir non seulement des produits haut de gamme, mais aussi un service exceptionnel. De la consultation initiale au service apr\u00e8s-vente, nous travaillons en \u00e9troite collaboration avec nos clients pour r\u00e9pondre \u00e0 leurs besoins avec professionnalisme et attention. Nos prix comp\u00e9titifs, associ\u00e9s \u00e0 notre engagement ind\u00e9fectible envers la qualit\u00e9, font de FMP le choix id\u00e9al pour les entreprises souhaitant investir dans des solutions hydrauliques fiables.<\/p>","protected":false},"excerpt":{"rendered":"<p>Professional Craftsmanship 4 Stage Dump Truck Stainless Steel Hydraulic Cylinder This is a brand new Professional Craftsmanship 4 Stage Dump Truck Stainless Steel hydraulic cylinder, built to serve you in various industries such as machinery repair shops, farms, energy and mining, machinery manufacturing and machinery factories. This multistage hydraulic cylinder comes with a one-year warranty [&hellip;]<\/p>","protected":false},"featured_media":6725,"comment_status":"closed","ping_status":"closed","template":"","meta":{"_et_pb_use_builder":"","_et_pb_old_content":"","_et_gb_content_width":""},"product_brand":[],"product_cat":[103],"product_tag":[34,105],"class_list":{"0":"post-6582","1":"product","2":"type-product","3":"status-publish","4":"has-post-thumbnail","6":"product_cat-telescopic-hydraulic-cylinders","7":"product_tag-hydraulic-cylinder","8":"product_tag-telescopic-hydraulic-cylinders","10":"first","11":"instock","12":"product-type-simple"},"_links":{"self":[{"href":"https:\/\/fmp-components.com\/fr\/wp-json\/wp\/v2\/product\/6582","targetHints":{"allow":["GET"]}}],"collection":[{"href":"https:\/\/fmp-components.com\/fr\/wp-json\/wp\/v2\/product"}],"about":[{"href":"https:\/\/fmp-components.com\/fr\/wp-json\/wp\/v2\/types\/product"}],"replies":[{"embeddable":true,"href":"https:\/\/fmp-components.com\/fr\/wp-json\/wp\/v2\/comments?post=6582"}],"wp:featuredmedia":[{"embeddable":true,"href":"https:\/\/fmp-components.com\/fr\/wp-json\/wp\/v2\/media\/6725"}],"wp:attachment":[{"href":"https:\/\/fmp-components.com\/fr\/wp-json\/wp\/v2\/media?parent=6582"}],"wp:term":[{"taxonomy":"product_brand","embeddable":true,"href":"https:\/\/fmp-components.com\/fr\/wp-json\/wp\/v2\/product_brand?post=6582"},{"taxonomy":"product_cat","embeddable":true,"href":"https:\/\/fmp-components.com\/fr\/wp-json\/wp\/v2\/product_cat?post=6582"},{"taxonomy":"product_tag","embeddable":true,"href":"https:\/\/fmp-components.com\/fr\/wp-json\/wp\/v2\/product_tag?post=6582"}],"curies":[{"name":"wp","href":"https:\/\/api.w.org\/{rel}","templated":true}]}}