{"id":6578,"date":"2025-03-11T06:31:13","date_gmt":"2025-03-11T06:31:13","guid":{"rendered":"https:\/\/fmp-components.com\/product\/low-price-small-dump-truck-hydraulic-hoist-cylinder"},"modified":"2025-03-18T01:03:51","modified_gmt":"2025-03-18T01:03:51","slug":"low-price-small-dump-truck-hydraulic-hoist-cylinder","status":"publish","type":"product","link":"https:\/\/fmp-components.com\/fr\/product\/low-price-small-dump-truck-hydraulic-hoist-cylinder\/","title":{"rendered":"V\u00e9rin de levage hydraulique \u00e0 bas prix pour petit camion \u00e0 benne basculante"},"content":{"rendered":"<h2>V\u00e9rin de levage hydraulique \u00e0 bas prix pour petit camion \u00e0 benne basculante<\/h2>\n<p>D\u00e9couvrez notre v\u00e9rin hydraulique de levage pour camions-bennes compacts \u00e0 prix avantageux, une nouveaut\u00e9 2025. Ce v\u00e9rin hydraulique multicellulaire standard de haute qualit\u00e9 est con\u00e7u pour les applications intensives. Il est principalement utilis\u00e9 dans les ateliers de r\u00e9paration de machines, les exploitations agricoles, les secteurs de l'\u00e9nergie et des mines, ainsi que dans la fabrication et l'industrie des machines. Le v\u00e9rin hydraulique est un composant essentiel pour fournir une puissance efficace et fiable \u00e0 vos machines.<\/p>\n<h3>Caract\u00e9ristiques et sp\u00e9cifications du produit<\/h3>\n<p>Le v\u00e9rin hydraulique de levage, de conception unique avec une structure \u00e0 piston et aliment\u00e9 par \u00e9nergie hydraulique, est fabriqu\u00e9 en acier robuste, garantissant durabilit\u00e9 et r\u00e9sistance aux conditions de travail les plus extr\u00eames. Il offre une pouss\u00e9e maximale de 3\u00a0000 Nm et une force de traction maximale de 20 tonnes. Certifi\u00e9 ISO 9001:2000, il assure une qualit\u00e9 et des performances optimales.<\/p>\n<table style=\"width: 96.9279%;\" border=\"\">\n<tbody>\n<tr>\n<td style=\"width: 42.9379%;\"><i>Taille de l&#039;al\u00e9sage<\/i><\/td>\n<td style=\"width: 458.192%;\">2 \u00e0 6 pouces<\/td>\n<\/tr>\n<tr>\n<td style=\"width: 42.9379%;\"><i>Taille de la tige<\/i><\/td>\n<td style=\"width: 458.192%;\">1,125-4 pouces<\/td>\n<\/tr>\n<tr>\n<td style=\"width: 42.9379%;\"><i>Taille de la course<\/i><\/td>\n<td style=\"width: 458.192%;\">4 \u00e0 100 pouces<\/td>\n<\/tr>\n<tr>\n<td style=\"width: 42.9379%;\"><i>Taille de la broche<\/i><\/td>\n<td style=\"width: 458.192%;\">0,5 \u00e0 2 pouces<\/td>\n<\/tr>\n<tr>\n<td style=\"width: 42.9379%;\"><i>Ports<\/i><\/td>\n<td style=\"width: 458.192%;\">G\/SAE\/NPT\/M<\/td>\n<\/tr>\n<\/tbody>\n<\/table>\n<h3>Avantages et b\u00e9n\u00e9fices uniques<\/h3>\n<p>Le v\u00e9rin hydraulique pr\u00e9sente plusieurs avantages uniques. Il est \u00e9conome en \u00e9nergie, performant et s\u00fbr. Sa conception sup\u00e9rieure garantit une perte d'\u00e9nergie minimale, tandis que son rendement \u00e9lev\u00e9 assure des performances optimales. Il garantit \u00e9galement un fonctionnement s\u00fbr et s\u00e9curis\u00e9, r\u00e9duisant ainsi les risques d'accidents et de blessures.<\/p>\n<h2>Syst\u00e8me hydraulique et principe de fonctionnement<\/h2>\n<p>Le v\u00e9rin hydraulique fonctionne selon les principes de la m\u00e9canique des fluides. Il utilise l'\u00e9nergie hydraulique pour cr\u00e9er un mouvement lin\u00e9aire et une force, convertissant ainsi la pression hydraulique en \u00e9nergie m\u00e9canique. Cela lui permet d'effectuer facilement des t\u00e2ches exigeantes.<\/p>\n<h2>Application du v\u00e9rin hydraulique<\/h2>\n<p>Le v\u00e9rin hydraulique trouve de nombreuses applications dans divers secteurs industriels. Il est particuli\u00e8rement utile dans les ateliers de r\u00e9paration de machines, les exploitations agricoles, les secteurs de l'\u00e9nergie et des mines, la fabrication de machines et les usines de m\u00e9canique.<\/p>\n<p><img loading=\"lazy\" decoding=\"async\" class=\"alignnone wp-image-6717\" src=\"https:\/\/fmp-components.com\/wp-content\/uploads\/2025\/03\/hydraulic-cylinder-211.webp\" alt=\"V\u00e9rins hydrauliques\" width=\"946\" height=\"948\" title=\"\" srcset=\"https:\/\/fmp-components.com\/wp-content\/uploads\/2025\/03\/hydraulic-cylinder-211.webp 946w, https:\/\/fmp-components.com\/wp-content\/uploads\/2025\/03\/hydraulic-cylinder-211-480x481.webp 480w\" sizes=\"(min-width: 0px) and (max-width: 480px) 480px, (min-width: 481px) 946px, 100vw\" \/><\/p>\n<h2>V\u00e9rins hydrauliques et groupes motopropulseurs<\/h2>\n<p>Les v\u00e9rins hydrauliques et les centrales hydrauliques sont des \u00e9l\u00e9ments essentiels d'un syst\u00e8me hydraulique. Leur fonctionnement coordonn\u00e9 garantit la large application de la technologie hydraulique dans le secteur industriel, en fournissant une alimentation et une commande fiables \u00e0 divers \u00e9quipements m\u00e9caniques et d'ing\u00e9nierie. Le v\u00e9rin hydraulique, en tant qu'actionneur, convertit l'\u00e9nergie hydraulique en mouvement m\u00e9canique, transformant la pression en force. La centrale hydraulique, quant \u00e0 elle, est le c\u0153ur du syst\u00e8me hydraulique\u00a0; elle fournit l'\u00e9nergie et les signaux de commande n\u00e9cessaires \u00e0 son fonctionnement. La coordination entre les deux assure le bon fonctionnement du syst\u00e8me hydraulique. Chez FMP, nous proposons \u00e9galement des centrales hydrauliques \u00e0 la vente.<\/p>\n<h2>Questions fr\u00e9quemment pos\u00e9es<\/h2>\n<p><b>Q : \u00cates-vous une soci\u00e9t\u00e9 commerciale ou un fabricant ?<\/b><br \/>\nA : Nous sommes une usine.<\/p>\n<p><b>Q : Quel est votre d\u00e9lai de livraison ?<\/b><br \/>\nR : En g\u00e9n\u00e9ral, cela prend entre 25 et 35 jours.<\/p>\n<p><b>Q\u00a0: Fournissez-vous des \u00e9chantillons\u00a0? Sont-ils gratuits ou en suppl\u00e9ment\u00a0?<\/b><br \/>\nR : Oui, nous pourrions proposer l\u2019\u00e9chantillon, mais il n\u2019est pas gratuit.<\/p>\n<h3>\u00c0 propos de FMP<\/h3>\n<p>FMP est un fabricant italien de premier plan sp\u00e9cialis\u00e9 dans la conception, le d\u00e9veloppement et la production de v\u00e9rins hydrauliques de haute qualit\u00e9. Forts de d\u00e9cennies d'expertise, nous allions avec brio savoir-faire italien et technologies innovantes pour proposer des solutions hydrauliques exceptionnelles, adapt\u00e9es aux besoins vari\u00e9s de nos clients internationaux. Implant\u00e9e en Italie, p\u00f4le d'excellence en ing\u00e9nierie, FMP est une r\u00e9f\u00e9rence dans le secteur hydraulique, s'engageant \u00e0 fournir des produits fiables, durables et innovants qui dynamisent les entreprises du monde entier.<\/p>\n<p>Notre entreprise allie tradition de fabrication avanc\u00e9e et approche avant-gardiste. Forte de nombreuses ann\u00e9es d'exp\u00e9rience dans les syst\u00e8mes hydrauliques, FMP est devenue une entreprise moderne, excellant en recherche, conception et production. Nous proposons une large gamme de v\u00e9rins hydrauliques, notamment des v\u00e9rins \u00e0 double effet, des v\u00e9rins de levage pour automobiles et pour machines agricoles, ainsi que des solutions sur mesure pour diverses applications industrielles. Qu'ils soient destin\u00e9s \u00e0 la construction, aux installations industrielles, \u00e0 l'agriculture ou aux machines lourdes, nos v\u00e9rins hydrauliques sont con\u00e7us pour fonctionner dans les conditions les plus exigeantes, garantissant s\u00e9curit\u00e9, efficacit\u00e9 et long\u00e9vit\u00e9.<\/p>\n<p>Chez FMP, nous sommes fiers de nos installations de production ultramodernes, \u00e9quip\u00e9es de machines de pr\u00e9cision et de syst\u00e8mes de test avanc\u00e9s. Nos processus de fabrication respectent des normes nationales et internationales strictes, garantissant que chaque v\u00e9rin hydraulique produit r\u00e9pond aux normes de qualit\u00e9 et de fiabilit\u00e9 les plus strictes. Notre \u00e9quipe technique qualifi\u00e9e, soutenue par des \u00e9quipements de pointe, nous permet d'assurer un contr\u00f4le qualit\u00e9 rigoureux \u00e0 chaque \u00e9tape de la production, de la s\u00e9lection des mati\u00e8res premi\u00e8res au contr\u00f4le final. Cet engagement envers l'excellence nous a valu des certifications et la reconnaissance des autorit\u00e9s du secteur, consolidant ainsi notre r\u00e9putation de partenaire fiable.<\/p>\n<p><img loading=\"lazy\" decoding=\"async\" class=\"alignnone size-full wp-image-6720\" src=\"https:\/\/fmp-components.com\/wp-content\/uploads\/2025\/03\/hydraulic-cylinder-8.webp\" alt=\"V\u00e9rins hydrauliques t\u00e9lescopiques\" width=\"933\" height=\"526\" title=\"\" srcset=\"https:\/\/fmp-components.com\/wp-content\/uploads\/2025\/03\/hydraulic-cylinder-8.webp 933w, https:\/\/fmp-components.com\/wp-content\/uploads\/2025\/03\/hydraulic-cylinder-8-480x271.webp 480w\" sizes=\"(min-width: 0px) and (max-width: 480px) 480px, (min-width: 481px) 933px, 100vw\" \/><\/p>\n<p>Notre mission est simple et ambitieuse\u00a0: fournir des v\u00e9rins hydrauliques qui surpassent les attentes en termes de performance, de durabilit\u00e9 et de rapport qualit\u00e9-prix. Guid\u00e9s par des principes de professionnalisme, d'int\u00e9grit\u00e9 et d'orientation client, nous cultivons une culture d'innovation et de pr\u00e9cision, perfectionnant continuellement nos produits pour rester comp\u00e9titifs sur le march\u00e9. Notre gamme compl\u00e8te de produits et notre capacit\u00e9 \u00e0 fournir des solutions sur mesure font de nous le choix privil\u00e9gi\u00e9 des entreprises \u00e0 la recherche de v\u00e9rins hydrauliques hautes performances.<\/p>\n<p>FMP est plus qu'un simple fabricant\u00a0; nous sommes le partenaire de votre r\u00e9ussite. Nous comprenons que nos clients comptent sur nous pour des outils am\u00e9liorant la productivit\u00e9 et la s\u00e9curit\u00e9. C'est pourquoi nous nous engageons \u00e0 fournir non seulement des produits haut de gamme, mais aussi un service exceptionnel. De la consultation initiale au service apr\u00e8s-vente, nous collaborons \u00e9troitement avec nos clients pour r\u00e9pondre \u00e0 leurs besoins avec professionnalisme et attention. Nos prix comp\u00e9titifs, associ\u00e9s \u00e0 un engagement ind\u00e9fectible envers la qualit\u00e9, font de FMP le choix id\u00e9al pour les entreprises souhaitant investir dans des solutions hydrauliques fiables.<\/p>","protected":false},"excerpt":{"rendered":"<p>Low Price Small Dump Truck Hydraulic Hoist Cylinder Introducing our Low Price Small Dump Truck Hydraulic Hoist Cylinder, a new product for 2025. This high-quality, standard multistage hydraulic cylinder is designed for heavy-duty applications. Its primary use is in machinery repair shops, farms, energy and mining sectors, machinery manufacturing, and machinery factories. The Hydraulic Cylinder [&hellip;]<\/p>","protected":false},"featured_media":6721,"comment_status":"closed","ping_status":"closed","template":"","meta":{"_et_pb_use_builder":"","_et_pb_old_content":"","_et_gb_content_width":""},"product_brand":[],"product_cat":[103],"product_tag":[34,105],"class_list":{"0":"post-6578","1":"product","2":"type-product","3":"status-publish","4":"has-post-thumbnail","6":"product_cat-telescopic-hydraulic-cylinders","7":"product_tag-hydraulic-cylinder","8":"product_tag-telescopic-hydraulic-cylinders","10":"first","11":"instock","12":"product-type-simple"},"_links":{"self":[{"href":"https:\/\/fmp-components.com\/fr\/wp-json\/wp\/v2\/product\/6578","targetHints":{"allow":["GET"]}}],"collection":[{"href":"https:\/\/fmp-components.com\/fr\/wp-json\/wp\/v2\/product"}],"about":[{"href":"https:\/\/fmp-components.com\/fr\/wp-json\/wp\/v2\/types\/product"}],"replies":[{"embeddable":true,"href":"https:\/\/fmp-components.com\/fr\/wp-json\/wp\/v2\/comments?post=6578"}],"wp:featuredmedia":[{"embeddable":true,"href":"https:\/\/fmp-components.com\/fr\/wp-json\/wp\/v2\/media\/6721"}],"wp:attachment":[{"href":"https:\/\/fmp-components.com\/fr\/wp-json\/wp\/v2\/media?parent=6578"}],"wp:term":[{"taxonomy":"product_brand","embeddable":true,"href":"https:\/\/fmp-components.com\/fr\/wp-json\/wp\/v2\/product_brand?post=6578"},{"taxonomy":"product_cat","embeddable":true,"href":"https:\/\/fmp-components.com\/fr\/wp-json\/wp\/v2\/product_cat?post=6578"},{"taxonomy":"product_tag","embeddable":true,"href":"https:\/\/fmp-components.com\/fr\/wp-json\/wp\/v2\/product_tag?post=6578"}],"curies":[{"name":"wp","href":"https:\/\/api.w.org\/{rel}","templated":true}]}}