{"id":6576,"date":"2025-03-11T06:31:13","date_gmt":"2025-03-11T06:31:13","guid":{"rendered":"https:\/\/fmp-components.com\/product\/high-quality-mini-dump-truck-hydraulic-hoist-cylinder-telescopic-hydraulic-cylinder"},"modified":"2025-03-12T05:08:32","modified_gmt":"2025-03-12T05:08:32","slug":"high-quality-mini-dump-truck-hydraulic-hoist-cylinder-telescopic-hydraulic-cylinder","status":"publish","type":"product","link":"https:\/\/fmp-components.com\/fr\/product\/high-quality-mini-dump-truck-hydraulic-hoist-cylinder-telescopic-hydraulic-cylinder\/","title":{"rendered":"V\u00e9rin hydraulique t\u00e9lescopique de haute qualit\u00e9 pour mini-camion \u00e0 benne basculante"},"content":{"rendered":"<h2>V\u00e9rin hydraulique t\u00e9lescopique de haute qualit\u00e9 pour mini-camion \u00e0 benne basculante<\/h2>\n<p>Le v\u00e9rin hydraulique t\u00e9lescopique de haute qualit\u00e9 pour mini-camion-benne est un produit haut de gamme garantissant une fonctionnalit\u00e9 et une long\u00e9vit\u00e9 optimales. Principalement utilis\u00e9 dans les ateliers de r\u00e9paration de machines, les exploitations agricoles, les secteurs de l'\u00e9nergie et des mines, ainsi que dans la fabrication de machines et les usines, ce v\u00e9rin hydraulique est con\u00e7u pour offrir des performances in\u00e9gal\u00e9es.<\/p>\n<p><img loading=\"lazy\" decoding=\"async\" class=\"alignnone  wp-image-6657\" src=\"https:\/\/fmp-components.com\/wp-content\/uploads\/2025\/03\/telescopic-hydraulic-cylinder-3.webp\" alt=\"v\u00e9rin hydraulique t\u00e9lescopique\" width=\"911\" height=\"911\" title=\"\" srcset=\"https:\/\/fmp-components.com\/wp-content\/uploads\/2025\/03\/telescopic-hydraulic-cylinder-3.webp 911w, https:\/\/fmp-components.com\/wp-content\/uploads\/2025\/03\/telescopic-hydraulic-cylinder-3-480x480.webp 480w\" sizes=\"(min-width: 0px) and (max-width: 480px) 480px, (min-width: 481px) 911px, 100vw\" \/><\/p>\n<h3>Sp\u00e9cifications du produit<\/h3>\n<p>Notre v\u00e9rin hydraulique \u00e0 piston, de conception standard, est dot\u00e9 d'un corps robuste en acier et offre une pouss\u00e9e maximale de 3\u00a0000 Nm. Certifi\u00e9 ISO 9001:2000, il garantit une qualit\u00e9 optimale.<\/p>\n<table style=\"width: 97.2621%;\" border=\"\">\n<tbody>\n<tr>\n<td style=\"width: 43.5028%;\"><b>Taille de l&#039;al\u00e9sage<\/b><\/td>\n<td style=\"width: 470.621%;\">2 \u00e0 6 pouces<\/td>\n<\/tr>\n<tr>\n<td style=\"width: 43.5028%;\"><b>Taille de la tige<\/b><\/td>\n<td style=\"width: 470.621%;\">1,125-4 pouces<\/td>\n<\/tr>\n<tr>\n<td style=\"width: 43.5028%;\"><b>Taille de la course<\/b><\/td>\n<td style=\"width: 470.621%;\">4 \u00e0 100 pouces<\/td>\n<\/tr>\n<tr>\n<td style=\"width: 43.5028%;\"><b>Taille de la broche<\/b><\/td>\n<td style=\"width: 470.621%;\">0,5 \u00e0 2 pouces<\/td>\n<\/tr>\n<tr>\n<td style=\"width: 43.5028%;\"><b>Ports<\/b><\/td>\n<td style=\"width: 470.621%;\">G\/SAE\/NPT\/M<\/td>\n<\/tr>\n<\/tbody>\n<\/table>\n<h3>Caract\u00e9ristiques et avantages distinctifs<\/h3>\n<ul>\n<li>Haute performance : Avec une pouss\u00e9e maximale de 3000 et une force de traction maximale de 20 tonnes, ce v\u00e9rin hydraulique garantit des performances de haut niveau.<\/li>\n<li>S\u00e9curit\u00e9 : Notre v\u00e9rin hydraulique est conforme aux normes de certification ISO9001:2000, garantissant ainsi le plus haut niveau de s\u00e9curit\u00e9.<\/li>\n<li>\u00c9conome en \u00e9nergie : Le v\u00e9rin hydraulique t\u00e9lescopique de haute qualit\u00e9 pour mini-camion-benne est con\u00e7u pour une efficacit\u00e9 \u00e9nerg\u00e9tique optimale, garantissant ainsi la rentabilit\u00e9 de vos op\u00e9rations.<\/li>\n<\/ul>\n<h2>Syst\u00e8mes hydrauliques et principe de fonctionnement<\/h2>\n<p>Le principe de fonctionnement de notre v\u00e9rin hydraulique est d'une simplicit\u00e9 \u00e9l\u00e9gante\u00a0: il convertit l'\u00e9nergie hydraulique en mouvement m\u00e9canique, transformant ainsi la pression hydraulique en force. Ce principe fondamental est la base des syst\u00e8mes hydrauliques, permettant une transmission efficace de la puissance. La conception du v\u00e9rin joue un r\u00f4le crucial dans ce processus, car elle maximise la surface de pression du fluide hydraulique, augmentant ainsi la force g\u00e9n\u00e9r\u00e9e. Cette combinaison d'ing\u00e9nierie et de fonctionnalit\u00e9 permet \u00e0 nos v\u00e9rins hydrauliques d'\u00eatre largement utilis\u00e9s dans de nombreux secteurs d'activit\u00e9, de la construction \u00e0 la production industrielle, o\u00f9 des performances fiables et puissantes sont essentielles.<\/p>\n<p><img loading=\"lazy\" decoding=\"async\" class=\"alignnone  wp-image-6658\" src=\"https:\/\/fmp-components.com\/wp-content\/uploads\/2025\/03\/telescopic-hydraulic-cylinder-6.webp\" alt=\"v\u00e9rin hydraulique t\u00e9lescopique\" width=\"938\" height=\"938\" title=\"\" srcset=\"https:\/\/fmp-components.com\/wp-content\/uploads\/2025\/03\/telescopic-hydraulic-cylinder-6.webp 938w, https:\/\/fmp-components.com\/wp-content\/uploads\/2025\/03\/telescopic-hydraulic-cylinder-6-480x480.webp 480w\" sizes=\"(min-width: 0px) and (max-width: 480px) 480px, (min-width: 481px) 938px, 100vw\" \/><\/p>\n<h2>Sc\u00e9narios d'application<\/h2>\n<p>Le v\u00e9rin hydraulique de levage pour mini-camion-benne de haute qualit\u00e9, notamment gr\u00e2ce \u00e0 sa conception t\u00e9lescopique, est extr\u00eamement polyvalent et convient \u00e0 de nombreuses applications. Dans les ateliers de r\u00e9paration de machines, il est indispensable pour lever et man\u0153uvrer des \u00e9quipements lourds, garantissant ainsi des op\u00e9rations de maintenance efficaces et s\u00e9curis\u00e9es. Dans les exploitations agricoles, ce v\u00e9rin hydraulique est utilis\u00e9 sur les machines agricoles pour des t\u00e2ches telles que le levage de charges, le basculement et le d\u00e9chargement de mat\u00e9riaux, optimisant ainsi les op\u00e9rations agricoles.<\/p>\n<p>Dans les secteurs de l'\u00e9nergie et des mines, le v\u00e9rin hydraulique de levage est indispensable pour les applications d'excavation, de forage et de manutention, o\u00f9 la robustesse et la fiabilit\u00e9 sont primordiales. De plus, dans la fabrication de machines et les usines, ce v\u00e9rin hydraulique est utilis\u00e9 sur les cha\u00eenes de montage et les \u00e9quipements automatis\u00e9s, contribuant ainsi \u00e0 l'optimisation des processus de production et \u00e0 l'am\u00e9lioration de l'efficacit\u00e9 op\u00e9rationnelle. Son adaptabilit\u00e9 et sa robustesse en font un choix id\u00e9al pour tout environnement industriel n\u00e9cessitant des capacit\u00e9s de levage et de d\u00e9placement fiables, garantissant ainsi le bon fonctionnement des entreprises dans leurs secteurs respectifs.<\/p>\n<h2>FAQ<\/h2>\n<p><b>Q:<\/b> Etes-vous une soci\u00e9t\u00e9 commerciale ou un fabricant ?<br \/>\n<b>UN:<\/b> Nous sommes un fabricant.<\/p>\n<p><b>Q:<\/b> Quel est votre d\u00e9lai de livraison ?<br \/>\n<b>UN:<\/b> Le d\u00e9lai de livraison est g\u00e9n\u00e9ralement de 25 \u00e0 35 jours.<\/p>\n<p><b>Q:<\/b> Fournissez-vous des \u00e9chantillons\u00a0? Sont-ils gratuits ou en suppl\u00e9ment\u00a0?<br \/>\n<b>UN:<\/b> Oui, nous fournissons des \u00e9chantillons, mais ils ne sont pas gratuits.<\/p>\n<h3>\u00c0 propos de FMP<\/h3>\n<p>FMP est un fabricant italien de premier plan sp\u00e9cialis\u00e9 dans la conception, le d\u00e9veloppement et la production de v\u00e9rins hydrauliques de haute qualit\u00e9. Forts de d\u00e9cennies d'expertise, nous allions avec brio savoir-faire italien et technologies innovantes pour proposer des solutions hydrauliques exceptionnelles, adapt\u00e9es aux besoins vari\u00e9s de nos clients internationaux. Implant\u00e9e en Italie, p\u00f4le d'excellence en ing\u00e9nierie, FMP est une r\u00e9f\u00e9rence dans le secteur hydraulique, s'engageant \u00e0 fournir des produits fiables, durables et innovants qui dynamisent les entreprises du monde entier.<\/p>\n<p>Notre entreprise allie tradition de fabrication avanc\u00e9e et approche avant-gardiste. Forte de nombreuses ann\u00e9es d'exp\u00e9rience dans les syst\u00e8mes hydrauliques, FMP est devenue une entreprise moderne, excellant en recherche, conception et production. Nous proposons une large gamme de v\u00e9rins hydrauliques, notamment des v\u00e9rins \u00e0 double effet, des v\u00e9rins de levage pour automobiles et pour machines agricoles, ainsi que des solutions sur mesure pour diverses applications industrielles. Qu'ils soient destin\u00e9s \u00e0 la construction, aux installations industrielles, \u00e0 l'agriculture ou aux machines lourdes, nos v\u00e9rins hydrauliques sont con\u00e7us pour fonctionner dans les conditions les plus exigeantes, garantissant s\u00e9curit\u00e9, efficacit\u00e9 et long\u00e9vit\u00e9.<\/p>\n<p>Chez FMP, nous sommes fiers de nos installations de production ultramodernes, \u00e9quip\u00e9es de machines de pr\u00e9cision et de syst\u00e8mes de test avanc\u00e9s. Nos processus de fabrication respectent des normes nationales et internationales strictes, garantissant que chaque v\u00e9rin hydraulique produit r\u00e9pond aux normes de qualit\u00e9 et de fiabilit\u00e9 les plus strictes. Notre \u00e9quipe technique qualifi\u00e9e, soutenue par des \u00e9quipements de pointe, nous permet d'assurer un contr\u00f4le qualit\u00e9 rigoureux \u00e0 chaque \u00e9tape de la production, de la s\u00e9lection des mati\u00e8res premi\u00e8res au contr\u00f4le final. Cet engagement envers l'excellence nous a valu des certifications et la reconnaissance des autorit\u00e9s du secteur, consolidant ainsi notre r\u00e9putation de partenaire fiable.<\/p>\n<p><img loading=\"lazy\" decoding=\"async\" class=\"alignnone size-full wp-image-6720\" src=\"https:\/\/fmp-components.com\/wp-content\/uploads\/2025\/03\/hydraulic-cylinder-8.webp\" alt=\"V\u00e9rins hydrauliques t\u00e9lescopiques\" width=\"933\" height=\"526\" title=\"\" srcset=\"https:\/\/fmp-components.com\/wp-content\/uploads\/2025\/03\/hydraulic-cylinder-8.webp 933w, https:\/\/fmp-components.com\/wp-content\/uploads\/2025\/03\/hydraulic-cylinder-8-480x271.webp 480w\" sizes=\"(min-width: 0px) and (max-width: 480px) 480px, (min-width: 481px) 933px, 100vw\" \/><\/p>\n<p>Notre mission est simple et ambitieuse\u00a0: fournir des v\u00e9rins hydrauliques qui surpassent les attentes en termes de performance, de durabilit\u00e9 et de rapport qualit\u00e9-prix. Guid\u00e9s par des principes de professionnalisme, d'int\u00e9grit\u00e9 et d'orientation client, nous cultivons une culture d'innovation et de pr\u00e9cision, perfectionnant continuellement nos produits pour rester comp\u00e9titifs sur le march\u00e9. Notre gamme compl\u00e8te de produits et notre capacit\u00e9 \u00e0 fournir des solutions sur mesure font de nous le choix privil\u00e9gi\u00e9 des entreprises \u00e0 la recherche de v\u00e9rins hydrauliques hautes performances.<\/p>\n<p>FMP est plus qu'un simple fabricant\u00a0; nous sommes le partenaire de votre r\u00e9ussite. Nous comprenons que nos clients comptent sur nous pour des outils am\u00e9liorant la productivit\u00e9 et la s\u00e9curit\u00e9. C'est pourquoi nous nous engageons \u00e0 fournir non seulement des produits haut de gamme, mais aussi un service exceptionnel. De la consultation initiale au service apr\u00e8s-vente, nous collaborons \u00e9troitement avec nos clients pour r\u00e9pondre \u00e0 leurs besoins avec professionnalisme et attention. Nos prix comp\u00e9titifs, associ\u00e9s \u00e0 un engagement ind\u00e9fectible envers la qualit\u00e9, font de FMP le choix id\u00e9al pour les entreprises souhaitant investir dans des solutions hydrauliques fiables.<\/p>","protected":false},"excerpt":{"rendered":"<p>High Quality Mini Dump Truck Hydraulic Hoist Cylinder Telescopic Hydraulic Cylinder The High Quality Mini Dump Truck Hydraulic Hoist Cylinder Telescopic Hydraulic Cylinder is a top-tier product that ensures optimal functionality and longevity. Primarily used in machinery repair shops, farms, energy and mining sectors, machinery manufacturing and factories, this hydraulic cylinder is designed to deliver [&hellip;]<\/p>","protected":false},"featured_media":6718,"comment_status":"closed","ping_status":"closed","template":"","meta":{"_et_pb_use_builder":"","_et_pb_old_content":"","_et_gb_content_width":""},"product_brand":[],"product_cat":[103],"product_tag":[34,105],"class_list":{"0":"post-6576","1":"product","2":"type-product","3":"status-publish","4":"has-post-thumbnail","6":"product_cat-telescopic-hydraulic-cylinders","7":"product_tag-hydraulic-cylinder","8":"product_tag-telescopic-hydraulic-cylinders","10":"first","11":"instock","12":"product-type-simple"},"_links":{"self":[{"href":"https:\/\/fmp-components.com\/fr\/wp-json\/wp\/v2\/product\/6576","targetHints":{"allow":["GET"]}}],"collection":[{"href":"https:\/\/fmp-components.com\/fr\/wp-json\/wp\/v2\/product"}],"about":[{"href":"https:\/\/fmp-components.com\/fr\/wp-json\/wp\/v2\/types\/product"}],"replies":[{"embeddable":true,"href":"https:\/\/fmp-components.com\/fr\/wp-json\/wp\/v2\/comments?post=6576"}],"wp:featuredmedia":[{"embeddable":true,"href":"https:\/\/fmp-components.com\/fr\/wp-json\/wp\/v2\/media\/6718"}],"wp:attachment":[{"href":"https:\/\/fmp-components.com\/fr\/wp-json\/wp\/v2\/media?parent=6576"}],"wp:term":[{"taxonomy":"product_brand","embeddable":true,"href":"https:\/\/fmp-components.com\/fr\/wp-json\/wp\/v2\/product_brand?post=6576"},{"taxonomy":"product_cat","embeddable":true,"href":"https:\/\/fmp-components.com\/fr\/wp-json\/wp\/v2\/product_cat?post=6576"},{"taxonomy":"product_tag","embeddable":true,"href":"https:\/\/fmp-components.com\/fr\/wp-json\/wp\/v2\/product_tag?post=6576"}],"curies":[{"name":"wp","href":"https:\/\/api.w.org\/{rel}","templated":true}]}}