{"id":6574,"date":"2025-03-11T06:31:13","date_gmt":"2025-03-11T06:31:13","guid":{"rendered":"https:\/\/fmp-components.com\/product\/factory-direct-sale-dump-truck-hoist-hydraulic-cylinder"},"modified":"2025-03-12T05:02:44","modified_gmt":"2025-03-12T05:02:44","slug":"factory-direct-sale-dump-truck-hoist-hydraulic-cylinder","status":"publish","type":"product","link":"https:\/\/fmp-components.com\/fr\/product\/factory-direct-sale-dump-truck-hoist-hydraulic-cylinder\/","title":{"rendered":"V\u00e9rin hydraulique pour camion \u00e0 benne basculante, vente directe d'usine"},"content":{"rendered":"<h2>V\u00e9rin hydraulique pour camion \u00e0 benne basculante, vente directe d'usine<\/h2>\n<p>Bienvenue dans l'univers des v\u00e9rins hydrauliques ! D\u00e9couvrez notre nouveau produit : le v\u00e9rin hydraulique pour camion-benne, disponible en vente directe d'usine. V\u00e9ritable chef-d'\u0153uvre d'ing\u00e9nierie, ce v\u00e9rin hydraulique est con\u00e7u pour offrir performance, efficacit\u00e9 et durabilit\u00e9. C'est la solution id\u00e9ale pour les ateliers de r\u00e9paration de machines, les exploitations agricoles, les secteurs de l'\u00e9nergie, des mines, de la fabrication et des usines de machines.<\/p>\n<h3>Fonction et importance<\/h3>\n<p>Le v\u00e9rin hydraulique de levage de camion-benne joue un r\u00f4le crucial dans le fonctionnement de vos machines. Il transforme la puissance hydraulique en puissance m\u00e9canique, rendant votre travail plus facile et plus efficace.<\/p>\n<h3>Sp\u00e9cifications du produit<\/h3>\n<p>Notre v\u00e9rin hydraulique est fabriqu\u00e9 en acier de haute qualit\u00e9, garantissant une durabilit\u00e9 et une fiabilit\u00e9 maximales. Il est garanti un an pour votre tranquillit\u00e9 d'esprit.<\/p>\n<table style=\"width: 96.7113%;\" border=\"\">\n<tbody>\n<tr>\n<td style=\"width: 42.9379%;\">Taille de l&#039;al\u00e9sage<\/td>\n<td style=\"width: 457.062%;\">2 \u00e0 6 pouces<\/td>\n<\/tr>\n<tr>\n<td style=\"width: 42.9379%;\">Taille de la tige<\/td>\n<td style=\"width: 457.062%;\">1,125-4 pouces<\/td>\n<\/tr>\n<tr>\n<td style=\"width: 42.9379%;\">Taille de la course<\/td>\n<td style=\"width: 457.062%;\">4 \u00e0 100 pouces<\/td>\n<\/tr>\n<tr>\n<td style=\"width: 42.9379%;\">Taille de la broche<\/td>\n<td style=\"width: 457.062%;\">0,5 \u00e0 2 pouces<\/td>\n<\/tr>\n<tr>\n<td style=\"width: 42.9379%;\">Ports<\/td>\n<td style=\"width: 457.062%;\">G\/SAE\/NPT\/M<\/td>\n<\/tr>\n<\/tbody>\n<\/table>\n<h2>Principales caract\u00e9ristiques et avantages<\/h2>\n<ul>\n<li>Efficacit\u00e9 \u00e9nerg\u00e9tique : notre v\u00e9rin hydraulique offre des performances maximales avec une consommation d'\u00e9nergie minimale.<\/li>\n<li>Durable : Fabriqu\u00e9 en acier de haute qualit\u00e9, il peut r\u00e9sister \u00e0 des conditions difficiles et durer des ann\u00e9es.<\/li>\n<li>Haute performance : Avec une pouss\u00e9e maximale de 3000 et une traction maximale de 20 tonnes, il assure des performances \u00e9lev\u00e9es dans diverses applications.<\/li>\n<\/ul>\n<h2>Syst\u00e8mes hydrauliques et principes de fonctionnement<\/h2>\n<p>Le v\u00e9rin hydraulique de levage de camion-benne est un composant essentiel d'un syst\u00e8me hydraulique. Il fonctionne en transformant l'\u00e9nergie hydraulique en mouvement m\u00e9canique. Ce processus g\u00e9n\u00e8re une force sur la tige du v\u00e9rin, lui permettant de se d\u00e9placer et d'ex\u00e9cuter efficacement diverses t\u00e2ches.<\/p>\n<p><img loading=\"lazy\" decoding=\"async\" class=\"alignnone wp-image-6661\" src=\"https:\/\/fmp-components.com\/wp-content\/uploads\/2025\/03\/telescopic-hydraulic-cylinder-10.webp\" alt=\"v\u00e9rin hydraulique t\u00e9lescopique\" width=\"919\" height=\"919\" title=\"\" srcset=\"https:\/\/fmp-components.com\/wp-content\/uploads\/2025\/03\/telescopic-hydraulic-cylinder-10.webp 919w, https:\/\/fmp-components.com\/wp-content\/uploads\/2025\/03\/telescopic-hydraulic-cylinder-10-480x480.webp 480w\" sizes=\"(min-width: 0px) and (max-width: 480px) 480px, (min-width: 481px) 919px, 100vw\" \/><\/p>\n<h2>V\u00e9rins hydrauliques et groupes motopropulseurs<\/h2>\n<p>Les v\u00e9rins hydrauliques et les groupes motopropulseurs sont des \u00e9l\u00e9ments fondamentaux d'un syst\u00e8me hydraulique. Leur parfaite synergie garantit une large application de la technologie hydraulique dans de nombreux secteurs. Cette collaboration assure une puissance et un contr\u00f4le fiables pour divers \u00e9quipements techniques et m\u00e9caniques. Les v\u00e9rins hydrauliques agissent comme des actionneurs, convertissant l'\u00e9nergie hydraulique en mouvement m\u00e9canique par la transformation de la pression en force. Le groupe motopropulseur, quant \u00e0 lui, constitue le c\u0153ur du syst\u00e8me, fournissant l'\u00e9nergie et les signaux de commande n\u00e9cessaires. Cette coordination est essentielle au bon fonctionnement du syst\u00e8me hydraulique. Chez FMP, nous sommes fiers de proposer \u00e0 la fois des v\u00e9rins hydrauliques et des groupes motopropulseurs, garantissant ainsi \u00e0 nos clients des solutions compl\u00e8tes pour leurs besoins hydrauliques.<\/p>\n<h2>FAQ<\/h2>\n<p>Q : Quel est votre d\u00e9lai de livraison ?<br \/>\nR : En g\u00e9n\u00e9ral, cela prend entre 25 et 35 jours.<\/p>\n<p>Q : Fournissez-vous des \u00e9chantillons ?<br \/>\nR : Oui, nous pourrions proposer l&#039;\u00e9chantillon mais ce n&#039;est pas gratuit.<\/p>\n<p>Q : Pouvez-vous produire selon les \u00e9chantillons ?<br \/>\nR : Oui, nous pouvons produire \u00e0 partir de vos \u00e9chantillons ou de vos plans techniques. Nous pouvons fabriquer les moules et les montages.<\/p>\n<p><img loading=\"lazy\" decoding=\"async\" class=\"alignnone size-full wp-image-6660\" src=\"https:\/\/fmp-components.com\/wp-content\/uploads\/2025\/03\/hydraulic-cylinder-workshop-4.webp\" alt=\"v\u00e9rin hydraulique t\u00e9lescopique\" width=\"914\" height=\"733\" title=\"\" srcset=\"https:\/\/fmp-components.com\/wp-content\/uploads\/2025\/03\/hydraulic-cylinder-workshop-4.webp 914w, https:\/\/fmp-components.com\/wp-content\/uploads\/2025\/03\/hydraulic-cylinder-workshop-4-480x385.webp 480w\" sizes=\"(min-width: 0px) and (max-width: 480px) 480px, (min-width: 481px) 914px, 100vw\" \/><\/p>\n<h3>\u00c0 propos de FMP<\/h3>\n<p>FMP est un fabricant italien de premier plan sp\u00e9cialis\u00e9 dans la conception, le d\u00e9veloppement et la production de v\u00e9rins hydrauliques de haute qualit\u00e9. Forts de d\u00e9cennies d'expertise, nous allions avec brio savoir-faire italien et technologies innovantes pour proposer des solutions hydrauliques exceptionnelles, adapt\u00e9es aux besoins vari\u00e9s de nos clients internationaux. Implant\u00e9e en Italie, p\u00f4le d'excellence en ing\u00e9nierie, FMP est une r\u00e9f\u00e9rence dans le secteur hydraulique, s'engageant \u00e0 fournir des produits fiables, durables et innovants qui dynamisent les entreprises du monde entier.<\/p>\n<p>Notre entreprise allie tradition de fabrication avanc\u00e9e et approche avant-gardiste. Forte de nombreuses ann\u00e9es d'exp\u00e9rience dans les syst\u00e8mes hydrauliques, FMP est devenue une entreprise moderne, excellant en recherche, conception et production. Nous proposons une large gamme de v\u00e9rins hydrauliques, notamment des v\u00e9rins \u00e0 double effet, des v\u00e9rins de levage pour automobiles et pour machines agricoles, ainsi que des solutions sur mesure pour diverses applications industrielles. Qu'ils soient destin\u00e9s \u00e0 la construction, aux installations industrielles, \u00e0 l'agriculture ou aux machines lourdes, nos v\u00e9rins hydrauliques sont con\u00e7us pour fonctionner dans les conditions les plus exigeantes, garantissant s\u00e9curit\u00e9, efficacit\u00e9 et long\u00e9vit\u00e9.<\/p>\n<p>Chez FMP, nous sommes fiers de nos installations de production ultramodernes, \u00e9quip\u00e9es de machines de pr\u00e9cision et de syst\u00e8mes de test avanc\u00e9s. Nos processus de fabrication respectent des normes nationales et internationales strictes, garantissant que chaque v\u00e9rin hydraulique produit r\u00e9pond aux normes de qualit\u00e9 et de fiabilit\u00e9 les plus strictes. Notre \u00e9quipe technique qualifi\u00e9e, soutenue par des \u00e9quipements de pointe, nous permet d'assurer un contr\u00f4le qualit\u00e9 rigoureux \u00e0 chaque \u00e9tape de la production, de la s\u00e9lection des mati\u00e8res premi\u00e8res au contr\u00f4le final. Cet engagement envers l'excellence nous a valu des certifications et la reconnaissance des autorit\u00e9s du secteur, consolidant ainsi notre r\u00e9putation de partenaire fiable.<\/p>\n<p><img loading=\"lazy\" decoding=\"async\" class=\"alignnone size-full wp-image-6720\" src=\"https:\/\/fmp-components.com\/wp-content\/uploads\/2025\/03\/hydraulic-cylinder-8.webp\" alt=\"V\u00e9rins hydrauliques t\u00e9lescopiques\" width=\"933\" height=\"526\" title=\"\" srcset=\"https:\/\/fmp-components.com\/wp-content\/uploads\/2025\/03\/hydraulic-cylinder-8.webp 933w, https:\/\/fmp-components.com\/wp-content\/uploads\/2025\/03\/hydraulic-cylinder-8-480x271.webp 480w\" sizes=\"(min-width: 0px) and (max-width: 480px) 480px, (min-width: 481px) 933px, 100vw\" \/><\/p>\n<p>Notre mission est simple et ambitieuse\u00a0: fournir des v\u00e9rins hydrauliques qui surpassent les attentes en termes de performance, de durabilit\u00e9 et de rapport qualit\u00e9-prix. Guid\u00e9s par des principes de professionnalisme, d'int\u00e9grit\u00e9 et d'orientation client, nous cultivons une culture d'innovation et de pr\u00e9cision, perfectionnant continuellement nos produits pour rester comp\u00e9titifs sur le march\u00e9. Notre gamme compl\u00e8te de produits et notre capacit\u00e9 \u00e0 fournir des solutions sur mesure font de nous le choix privil\u00e9gi\u00e9 des entreprises \u00e0 la recherche de v\u00e9rins hydrauliques hautes performances.<\/p>\n<p>FMP est plus qu'un simple fabricant\u00a0; nous sommes le partenaire de votre r\u00e9ussite. Nous comprenons que nos clients comptent sur nous pour des outils am\u00e9liorant la productivit\u00e9 et la s\u00e9curit\u00e9. C'est pourquoi nous nous engageons \u00e0 fournir non seulement des produits haut de gamme, mais aussi un service exceptionnel. De la consultation initiale au service apr\u00e8s-vente, nous collaborons \u00e9troitement avec nos clients pour r\u00e9pondre \u00e0 leurs besoins avec professionnalisme et attention. Nos prix comp\u00e9titifs, associ\u00e9s \u00e0 un engagement ind\u00e9fectible envers la qualit\u00e9, font de FMP le choix id\u00e9al pour les entreprises souhaitant investir dans des solutions hydrauliques fiables.<\/p>","protected":false},"excerpt":{"rendered":"<p>Factory Direct Sale Dump Truck Hoist Hydraulic Cylinder Welcome to the world of hydraulic cylinders! Introducing our new product &#8211; the Factory Direct Sale Dump Truck Hoist Hydraulic Cylinder. A masterpiece of engineering, this hydraulic cylinder is designed for high performance, efficiency, and durability. It&#8217;s the ultimate solution for machinery repair shops, farms, energy, mining, [&hellip;]<\/p>","protected":false},"featured_media":6715,"comment_status":"closed","ping_status":"closed","template":"","meta":{"_et_pb_use_builder":"","_et_pb_old_content":"","_et_gb_content_width":""},"product_brand":[],"product_cat":[103],"product_tag":[34,105],"class_list":{"0":"post-6574","1":"product","2":"type-product","3":"status-publish","4":"has-post-thumbnail","6":"product_cat-telescopic-hydraulic-cylinders","7":"product_tag-hydraulic-cylinder","8":"product_tag-telescopic-hydraulic-cylinders","10":"first","11":"instock","12":"product-type-simple"},"_links":{"self":[{"href":"https:\/\/fmp-components.com\/fr\/wp-json\/wp\/v2\/product\/6574","targetHints":{"allow":["GET"]}}],"collection":[{"href":"https:\/\/fmp-components.com\/fr\/wp-json\/wp\/v2\/product"}],"about":[{"href":"https:\/\/fmp-components.com\/fr\/wp-json\/wp\/v2\/types\/product"}],"replies":[{"embeddable":true,"href":"https:\/\/fmp-components.com\/fr\/wp-json\/wp\/v2\/comments?post=6574"}],"wp:featuredmedia":[{"embeddable":true,"href":"https:\/\/fmp-components.com\/fr\/wp-json\/wp\/v2\/media\/6715"}],"wp:attachment":[{"href":"https:\/\/fmp-components.com\/fr\/wp-json\/wp\/v2\/media?parent=6574"}],"wp:term":[{"taxonomy":"product_brand","embeddable":true,"href":"https:\/\/fmp-components.com\/fr\/wp-json\/wp\/v2\/product_brand?post=6574"},{"taxonomy":"product_cat","embeddable":true,"href":"https:\/\/fmp-components.com\/fr\/wp-json\/wp\/v2\/product_cat?post=6574"},{"taxonomy":"product_tag","embeddable":true,"href":"https:\/\/fmp-components.com\/fr\/wp-json\/wp\/v2\/product_tag?post=6574"}],"curies":[{"name":"wp","href":"https:\/\/api.w.org\/{rel}","templated":true}]}}