{"id":6571,"date":"2025-03-11T06:31:13","date_gmt":"2025-03-11T06:31:13","guid":{"rendered":"https:\/\/fmp-components.com\/product\/high-quality-stainless-steel-dump-truck-hydraulic-hoist-cylinder-telescopic-hydraulic-cylinder"},"modified":"2025-03-12T03:40:17","modified_gmt":"2025-03-12T03:40:17","slug":"high-quality-stainless-steel-dump-truck-hydraulic-hoist-cylinder-telescopic-hydraulic-cylinder","status":"publish","type":"product","link":"https:\/\/fmp-components.com\/fr\/product\/high-quality-stainless-steel-dump-truck-hydraulic-hoist-cylinder-telescopic-hydraulic-cylinder\/","title":{"rendered":"V\u00e9rin hydraulique t\u00e9lescopique en acier inoxydable de haute qualit\u00e9 pour camion-benne"},"content":{"rendered":"<h2>V\u00e9rin hydraulique t\u00e9lescopique en acier inoxydable de haute qualit\u00e9 pour camion-benne<\/h2>\n<p>D\u00e9couvrez notre v\u00e9rin hydraulique t\u00e9lescopique r\u00e9volutionnaire en acier inoxydable de haute qualit\u00e9 pour bennes basculantes. Ce produit de pointe est con\u00e7u pour optimiser l'efficacit\u00e9 et la pr\u00e9cision de vos op\u00e9rations industrielles.<\/p>\n<h3>Fonctionnalit\u00e9s et importance<\/h3>\n<p>Le v\u00e9rin hydraulique est un composant essentiel dans divers secteurs d'activit\u00e9 tels que la r\u00e9paration de machines, l'agriculture, l'\u00e9nergie, l'exploitation mini\u00e8re, la fabrication de machines et les usines de m\u00e9canique. Con\u00e7u pour supporter une pouss\u00e9e maximale de 3\u00a0000\u00a0Nm et une traction maximale de 20\u00a0tonnes, il est un outil indispensable pour les op\u00e9rations exigeantes.<\/p>\n<h3>Sp\u00e9cifications du produit<\/h3>\n<table style=\"width: 95.0331%;\" border=\"\">\n<tbody>\n<tr>\n<td style=\"width: 43.5028%;\"><b>Taille de l&#039;al\u00e9sage<\/b><\/td>\n<td style=\"width: 458.757%;\">2 \u00e0 6 pouces<\/td>\n<\/tr>\n<tr>\n<td style=\"width: 43.5028%;\"><b>Taille de la tige<\/b><\/td>\n<td style=\"width: 458.757%;\">1,125-4 pouces<\/td>\n<\/tr>\n<tr>\n<td style=\"width: 43.5028%;\"><b>Taille de la course<\/b><\/td>\n<td style=\"width: 458.757%;\">4 \u00e0 100 pouces<\/td>\n<\/tr>\n<tr>\n<td style=\"width: 43.5028%;\"><b>Taille de la broche<\/b><\/td>\n<td style=\"width: 458.757%;\">0,5 \u00e0 2 pouces<\/td>\n<\/tr>\n<tr>\n<td style=\"width: 43.5028%;\"><b>Ports<\/b><\/td>\n<td style=\"width: 458.757%;\">G\/SAE\/NPT\/M<\/td>\n<\/tr>\n<\/tbody>\n<\/table>\n<h2>Caract\u00e9ristiques et avantages uniques<\/h2>\n<p>Notre v\u00e9rin hydraulique est con\u00e7u pour offrir efficacit\u00e9 \u00e9nerg\u00e9tique, hautes performances, s\u00e9curit\u00e9 et fiabilit\u00e9. Certifi\u00e9 ISO 9001:2000, il r\u00e9pond aux normes de qualit\u00e9 internationales. Fabriqu\u00e9 en acier robuste avec une finition noire, il garantit une longue dur\u00e9e de vie et une r\u00e9sistance aux conditions difficiles.<\/p>\n<h3>Syst\u00e8mes hydrauliques et principes de fonctionnement<\/h3>\n<p>Les v\u00e9rins hydrauliques fonctionnent selon le principe de la conversion de la pression hydraulique en force m\u00e9canique. Cette conversion est rendue possible par la circulation contr\u00f4l\u00e9e d'un fluide hydraulique sous pression. Lorsque le fluide hydraulique est dirig\u00e9 vers le v\u00e9rin, il cr\u00e9e une pression qui agit sur le piston interne, g\u00e9n\u00e9rant une force qui se traduit par un mouvement lin\u00e9aire. Ce mouvement est essentiel pour r\u00e9aliser divers travaux, tels que le levage, la pouss\u00e9e ou la traction de charges lourdes. L'efficacit\u00e9 des syst\u00e8mes hydrauliques r\u00e9side dans leur capacit\u00e9 \u00e0 transmettre la puissance par l'interm\u00e9diaire des fluides, permettant ainsi de manipuler des forces importantes avec une relative facilit\u00e9. Gr\u00e2ce \u00e0 l'incompressibilit\u00e9 des liquides, les v\u00e9rins hydrauliques peuvent atteindre des niveaux de force \u00e9lev\u00e9s avec une consommation d'\u00e9nergie minimale, ce qui en fait des composants indispensables dans de nombreuses applications industrielles.<\/p>\n<p><img loading=\"lazy\" decoding=\"async\" class=\"alignnone wp-image-6663\" src=\"https:\/\/fmp-components.com\/wp-content\/uploads\/2025\/03\/telescopic-hydraulic-cylinder-11.webp\" alt=\"v\u00e9rin hydraulique t\u00e9lescopique\" width=\"881\" height=\"881\" title=\"\" srcset=\"https:\/\/fmp-components.com\/wp-content\/uploads\/2025\/03\/telescopic-hydraulic-cylinder-11.webp 881w, https:\/\/fmp-components.com\/wp-content\/uploads\/2025\/03\/telescopic-hydraulic-cylinder-11-480x480.webp 480w\" sizes=\"(min-width: 0px) and (max-width: 480px) 480px, (min-width: 481px) 881px, 100vw\" \/><\/p>\n<h2>Applications du produit<\/h2>\n<p>Nos v\u00e9rins hydrauliques sont polyvalents et adapt\u00e9s \u00e0 une vaste gamme d'applications dans divers secteurs industriels. Dans les ateliers de r\u00e9paration de machines, ils sont indispensables pour le levage et le positionnement d'\u00e9quipements lourds lors des op\u00e9rations de maintenance, garantissant ainsi des r\u00e9parations s\u00fbres et efficaces. En agriculture, les v\u00e9rins hydrauliques \u00e9quipent les tracteurs et autres machines agricoles pour faciliter des t\u00e2ches essentielles telles que le labour, la r\u00e9colte et le transport de mat\u00e9riaux.<\/p>\n<p>Les secteurs de l'\u00e9nergie et des mines b\u00e9n\u00e9ficient grandement de nos v\u00e9rins hydrauliques, utilis\u00e9s notamment pour le forage, l'excavation et la manutention de mat\u00e9riaux. De plus, dans la fabrication de machines et les usines, ces v\u00e9rins jouent un r\u00f4le crucial dans l'automatisation des processus, contribuant \u00e0 rationaliser la production et \u00e0 am\u00e9liorer l'efficacit\u00e9 op\u00e9rationnelle. Leur conception robuste et leur fiabilit\u00e9 en font un choix id\u00e9al pour toute application exigeant puissance, pr\u00e9cision et durabilit\u00e9.<\/p>\n<h2>V\u00e9rins hydrauliques et groupes motopropulseurs<\/h2>\n<p>Les v\u00e9rins et les centrales hydrauliques sont des composants essentiels des syst\u00e8mes hydrauliques, fonctionnant de concert pour garantir des performances et une fiabilit\u00e9 optimales. Le v\u00e9rin hydraulique agit comme actionneur, convertissant l'\u00e9nergie hydraulique en mouvement m\u00e9canique, tandis que la centrale hydraulique fournit la pression hydraulique n\u00e9cessaire \u00e0 la circulation du fluide dans le syst\u00e8me.<\/p>\n<p>Cette collaboration permet une large application de la technologie hydraulique dans le secteur industriel, assurant une alimentation et un contr\u00f4le fiables pour une vari\u00e9t\u00e9 d'\u00e9quipements m\u00e9caniques et d'ing\u00e9nierie. Le groupe hydraulique comprend g\u00e9n\u00e9ralement des composants tels qu'un moteur, une pompe, un r\u00e9servoir et des distributeurs, qui fonctionnent de concert pour maintenir une pression et un d\u00e9bit constants. Cette synergie entre les v\u00e9rins hydrauliques et les groupes hydrauliques am\u00e9liore non seulement l'efficacit\u00e9 des op\u00e9rations, mais accro\u00eet \u00e9galement la productivit\u00e9 globale des machines et des \u00e9quipements.<\/p>\n<p>L'association de v\u00e9rins hydrauliques et de groupes hydrauliques cr\u00e9e un syst\u00e8me hydraulique robuste et efficace, essentiel pour une multitude d'applications industrielles, garantissant ainsi aux entreprises un fonctionnement efficace et s\u00fbr dans leurs domaines respectifs.<\/p>\n<p><img loading=\"lazy\" decoding=\"async\" class=\"alignnone wp-image-6662\" src=\"https:\/\/fmp-components.com\/wp-content\/uploads\/2025\/03\/telescopic-hydraulic-cylinder-4.webp\" alt=\"v\u00e9rin hydraulique t\u00e9lescopique\" width=\"930\" height=\"930\" title=\"\" srcset=\"https:\/\/fmp-components.com\/wp-content\/uploads\/2025\/03\/telescopic-hydraulic-cylinder-4.webp 930w, https:\/\/fmp-components.com\/wp-content\/uploads\/2025\/03\/telescopic-hydraulic-cylinder-4-480x480.webp 480w\" sizes=\"(min-width: 0px) and (max-width: 480px) 480px, (min-width: 481px) 930px, 100vw\" \/><\/p>\n<h2>Questions fr\u00e9quemment pos\u00e9es<\/h2>\n<p><b>Q : \u00cates-vous une soci\u00e9t\u00e9 commerciale ou un fabricant ?<\/b><br \/>\nA : Nous sommes une usine.<\/p>\n<p><b>Q : Quel est votre d\u00e9lai de livraison ?<\/b><br \/>\nR : En g\u00e9n\u00e9ral, cela prend entre 25 et 35 jours.<\/p>\n<p><b>Q\u00a0: Fournissez-vous des \u00e9chantillons\u00a0? Sont-ils gratuits ou en suppl\u00e9ment\u00a0?<\/b><br \/>\nR : Oui, nous pourrions proposer l&#039;\u00e9chantillon mais ce n&#039;est pas gratuit.<\/p>\n<h3>\u00c0 propos de FMP<\/h3>\n<p>FMP est un fabricant italien de premier plan sp\u00e9cialis\u00e9 dans la conception, le d\u00e9veloppement et la production de v\u00e9rins hydrauliques de haute qualit\u00e9. Forts de d\u00e9cennies d'expertise, nous allions avec brio savoir-faire italien et technologies innovantes pour proposer des solutions hydrauliques exceptionnelles, adapt\u00e9es aux besoins vari\u00e9s de nos clients internationaux. Implant\u00e9e en Italie, p\u00f4le d'excellence en ing\u00e9nierie, FMP est une r\u00e9f\u00e9rence dans le secteur hydraulique, s'engageant \u00e0 fournir des produits fiables, durables et innovants qui dynamisent les entreprises du monde entier.<\/p>\n<p>Notre entreprise allie tradition de fabrication avanc\u00e9e et approche avant-gardiste. Forte de nombreuses ann\u00e9es d'exp\u00e9rience dans les syst\u00e8mes hydrauliques, FMP est devenue une entreprise moderne, excellant en recherche, conception et production. Nous proposons une large gamme de v\u00e9rins hydrauliques, notamment des v\u00e9rins \u00e0 double effet, des v\u00e9rins de levage pour automobiles et pour machines agricoles, ainsi que des solutions sur mesure pour diverses applications industrielles. Qu'ils soient destin\u00e9s \u00e0 la construction, aux installations industrielles, \u00e0 l'agriculture ou aux machines lourdes, nos v\u00e9rins hydrauliques sont con\u00e7us pour fonctionner dans les conditions les plus exigeantes, garantissant s\u00e9curit\u00e9, efficacit\u00e9 et long\u00e9vit\u00e9.<\/p>\n<p>Chez FMP, nous sommes fiers de nos installations de production ultramodernes, \u00e9quip\u00e9es de machines de pr\u00e9cision et de syst\u00e8mes de test avanc\u00e9s. Nos processus de fabrication respectent des normes nationales et internationales strictes, garantissant que chaque v\u00e9rin hydraulique produit r\u00e9pond aux normes de qualit\u00e9 et de fiabilit\u00e9 les plus strictes. Notre \u00e9quipe technique qualifi\u00e9e, soutenue par des \u00e9quipements de pointe, nous permet d'assurer un contr\u00f4le qualit\u00e9 rigoureux \u00e0 chaque \u00e9tape de la production, de la s\u00e9lection des mati\u00e8res premi\u00e8res au contr\u00f4le final. Cet engagement envers l'excellence nous a valu des certifications et la reconnaissance des autorit\u00e9s du secteur, consolidant ainsi notre r\u00e9putation de partenaire fiable.<\/p>\n<p><img loading=\"lazy\" decoding=\"async\" class=\"alignnone size-full wp-image-6720\" src=\"https:\/\/fmp-components.com\/wp-content\/uploads\/2025\/03\/hydraulic-cylinder-8.webp\" alt=\"V\u00e9rins hydrauliques t\u00e9lescopiques\" width=\"933\" height=\"526\" title=\"\" srcset=\"https:\/\/fmp-components.com\/wp-content\/uploads\/2025\/03\/hydraulic-cylinder-8.webp 933w, https:\/\/fmp-components.com\/wp-content\/uploads\/2025\/03\/hydraulic-cylinder-8-480x271.webp 480w\" sizes=\"(min-width: 0px) and (max-width: 480px) 480px, (min-width: 481px) 933px, 100vw\" \/><\/p>\n<p>Notre mission est simple et ambitieuse\u00a0: fournir des v\u00e9rins hydrauliques qui surpassent les attentes en termes de performance, de durabilit\u00e9 et de rapport qualit\u00e9-prix. Guid\u00e9s par des principes de professionnalisme, d'int\u00e9grit\u00e9 et d'orientation client, nous cultivons une culture d'innovation et de pr\u00e9cision, perfectionnant continuellement nos produits pour rester comp\u00e9titifs sur le march\u00e9. Notre gamme compl\u00e8te de produits et notre capacit\u00e9 \u00e0 fournir des solutions sur mesure font de nous le choix privil\u00e9gi\u00e9 des entreprises \u00e0 la recherche de v\u00e9rins hydrauliques hautes performances.<\/p>\n<p>FMP est plus qu'un simple fabricant\u00a0; nous sommes le partenaire de votre r\u00e9ussite. Nous comprenons que nos clients comptent sur nous pour des outils am\u00e9liorant la productivit\u00e9 et la s\u00e9curit\u00e9. C'est pourquoi nous nous engageons \u00e0 fournir non seulement des produits haut de gamme, mais aussi un service exceptionnel. De la consultation initiale au service apr\u00e8s-vente, nous collaborons \u00e9troitement avec nos clients pour r\u00e9pondre \u00e0 leurs besoins avec professionnalisme et attention. Nos prix comp\u00e9titifs, associ\u00e9s \u00e0 un engagement ind\u00e9fectible envers la qualit\u00e9, font de FMP le choix id\u00e9al pour les entreprises souhaitant investir dans des solutions hydrauliques fiables.<\/p>","protected":false},"excerpt":{"rendered":"<p>High Quality Stainless Steel Dump Truck Hydraulic Hoist Cylinder Telescopic Hydraulic Cylinder Presenting our revolutionary, high-quality stainless steel dump truck hydraulic hoist cylinder, also known as a telescopic hydraulic cylinder. This state-of-the-art product is designed to bring efficiency and precision to your industrial operations. Functionality and Importance The hydraulic cylinder is a vital component in [&hellip;]<\/p>","protected":false},"featured_media":6714,"comment_status":"closed","ping_status":"closed","template":"","meta":{"_et_pb_use_builder":"","_et_pb_old_content":"","_et_gb_content_width":""},"product_brand":[],"product_cat":[103],"product_tag":[34,105],"class_list":{"0":"post-6571","1":"product","2":"type-product","3":"status-publish","4":"has-post-thumbnail","6":"product_cat-telescopic-hydraulic-cylinders","7":"product_tag-hydraulic-cylinder","8":"product_tag-telescopic-hydraulic-cylinders","10":"first","11":"instock","12":"product-type-simple"},"_links":{"self":[{"href":"https:\/\/fmp-components.com\/fr\/wp-json\/wp\/v2\/product\/6571","targetHints":{"allow":["GET"]}}],"collection":[{"href":"https:\/\/fmp-components.com\/fr\/wp-json\/wp\/v2\/product"}],"about":[{"href":"https:\/\/fmp-components.com\/fr\/wp-json\/wp\/v2\/types\/product"}],"replies":[{"embeddable":true,"href":"https:\/\/fmp-components.com\/fr\/wp-json\/wp\/v2\/comments?post=6571"}],"wp:featuredmedia":[{"embeddable":true,"href":"https:\/\/fmp-components.com\/fr\/wp-json\/wp\/v2\/media\/6714"}],"wp:attachment":[{"href":"https:\/\/fmp-components.com\/fr\/wp-json\/wp\/v2\/media?parent=6571"}],"wp:term":[{"taxonomy":"product_brand","embeddable":true,"href":"https:\/\/fmp-components.com\/fr\/wp-json\/wp\/v2\/product_brand?post=6571"},{"taxonomy":"product_cat","embeddable":true,"href":"https:\/\/fmp-components.com\/fr\/wp-json\/wp\/v2\/product_cat?post=6571"},{"taxonomy":"product_tag","embeddable":true,"href":"https:\/\/fmp-components.com\/fr\/wp-json\/wp\/v2\/product_tag?post=6571"}],"curies":[{"name":"wp","href":"https:\/\/api.w.org\/{rel}","templated":true}]}}