{"id":6570,"date":"2025-03-11T06:31:13","date_gmt":"2025-03-11T06:31:13","guid":{"rendered":"https:\/\/fmp-components.com\/product\/quality-assurance-flatbed-tow-truck-telescopic-hydraulic-cylinder"},"modified":"2025-03-12T03:20:24","modified_gmt":"2025-03-12T03:20:24","slug":"quality-assurance-flatbed-tow-truck-telescopic-hydraulic-cylinder","status":"publish","type":"product","link":"https:\/\/fmp-components.com\/fr\/product\/quality-assurance-flatbed-tow-truck-telescopic-hydraulic-cylinder\/","title":{"rendered":"V\u00e9rin hydraulique t\u00e9lescopique pour d\u00e9panneuse \u00e0 plateau, assurance qualit\u00e9"},"content":{"rendered":"<h2>V\u00e9rin hydraulique t\u00e9lescopique pour d\u00e9panneuse \u00e0 plateau, assurance qualit\u00e9<\/h2>\n<p>Ce v\u00e9rin hydraulique neuf et de haute qualit\u00e9 est id\u00e9al pour les ateliers de r\u00e9paration de machines, les exploitations agricoles, les secteurs de l'\u00e9nergie et des mines, ainsi que la fabrication de machines et les usines. De conception standard, il p\u00e8se 31 kg et offre une pouss\u00e9e maximale de 3\u00a0000 Nm. Son corps est en acier et il s'agit d'un v\u00e9rin hydraulique multi-\u00e9tages. Il est certifi\u00e9 ISO 9001:2000.<\/p>\n<p><img loading=\"lazy\" decoding=\"async\" class=\"alignnone  wp-image-6662\" src=\"https:\/\/fmp-components.com\/wp-content\/uploads\/2025\/03\/telescopic-hydraulic-cylinder-4.webp\" alt=\"v\u00e9rin hydraulique t\u00e9lescopique\" width=\"902\" height=\"902\" title=\"\" srcset=\"https:\/\/fmp-components.com\/wp-content\/uploads\/2025\/03\/telescopic-hydraulic-cylinder-4.webp 902w, https:\/\/fmp-components.com\/wp-content\/uploads\/2025\/03\/telescopic-hydraulic-cylinder-4-480x480.webp 480w\" sizes=\"(min-width: 0px) and (max-width: 480px) 480px, (min-width: 481px) 902px, 100vw\" \/><\/p>\n<h3>Caract\u00e9ristiques et importance du produit<\/h3>\n<p>Notre v\u00e9rin hydraulique t\u00e9lescopique pour d\u00e9panneuse \u00e0 plateau est un outil indispensable pour la r\u00e9paration de machines, les secteurs de l'\u00e9nergie et des mines, ainsi que pour l'industrie de la construction m\u00e9canique. Sa structure robuste en acier lui conf\u00e8re une longue dur\u00e9e de vie et une grande r\u00e9sistance \u00e0 l'usure. Sa conception multi-\u00e9tages lui permet de s'adapter \u00e0 une large gamme d'applications et d'offrir des performances sup\u00e9rieures.<\/p>\n<h3>Sp\u00e9cifications du produit<\/h3>\n<p>Vous trouverez ci-dessous les sp\u00e9cifications techniques d\u00e9taill\u00e9es de notre produit\u00a0:<\/p>\n<table style=\"width: 100.211%; height: 92px;\" border=\"\">\n<tbody>\n<tr>\n<td colspan=\"\" rowspan=\"\"><i>Taille de l&#039;al\u00e9sage<\/i><\/td>\n<td colspan=\"\" rowspan=\"\">2 \u00e0 6 pouces<\/td>\n<\/tr>\n<tr>\n<td colspan=\"\" rowspan=\"\"><i>Taille de la tige<\/i><\/td>\n<td colspan=\"\" rowspan=\"\">1,125-4 pouces<\/td>\n<\/tr>\n<tr>\n<td colspan=\"\" rowspan=\"\"><i>Taille de la course<\/i><\/td>\n<td colspan=\"\" rowspan=\"\">4 \u00e0 100 pouces<\/td>\n<\/tr>\n<tr>\n<td colspan=\"\" rowspan=\"\"><i>Taille de la broche<\/i><\/td>\n<td colspan=\"\" rowspan=\"\">0,5 \u00e0 2 pouces<\/td>\n<\/tr>\n<tr>\n<td colspan=\"\" rowspan=\"\"><i>Ports<\/i><\/td>\n<td colspan=\"\" rowspan=\"\">G\/SAE\/NPT\/M<\/td>\n<\/tr>\n<\/tbody>\n<\/table>\n<h2>Caract\u00e9ristiques et avantages uniques<\/h2>\n<ul>\n<li>\u00c9conome en \u00e9nergie : Le v\u00e9rin hydraulique est con\u00e7u pour fournir une puissance maximale avec une consommation d'\u00e9nergie minimale.<\/li>\n<li>Haute efficacit\u00e9 : Sa conception \u00e0 plusieurs \u00e9tages permet une large gamme d'applications et des performances sup\u00e9rieures.<\/li>\n<li>S\u00e9curit\u00e9 : Fabriqu\u00e9 avec un corps en acier robuste et durable pour garantir une longue dur\u00e9e de vie et une haute r\u00e9sistance \u00e0 l'usure.<\/li>\n<\/ul>\n<h2>Syst\u00e8me hydraulique et principe de fonctionnement<\/h2>\n<p>Le v\u00e9rin hydraulique fonctionne en convertissant l'\u00e9nergie hydraulique en mouvement m\u00e9canique. Pour ce faire, le fluide hydraulique p\u00e9n\u00e8tre dans le v\u00e9rin, ce qui pousse le piston et cr\u00e9e le mouvement m\u00e9canique.<\/p>\n<p><img loading=\"lazy\" decoding=\"async\" class=\"alignnone  wp-image-6663\" src=\"https:\/\/fmp-components.com\/wp-content\/uploads\/2025\/03\/telescopic-hydraulic-cylinder-11.webp\" alt=\"v\u00e9rin hydraulique t\u00e9lescopique\" width=\"1009\" height=\"1009\" title=\"\" srcset=\"https:\/\/fmp-components.com\/wp-content\/uploads\/2025\/03\/telescopic-hydraulic-cylinder-11.webp 1009w, https:\/\/fmp-components.com\/wp-content\/uploads\/2025\/03\/telescopic-hydraulic-cylinder-11-480x480.webp 480w\" sizes=\"(min-width: 0px) and (max-width: 480px) 480px, (min-width: 481px) 1009px, 100vw\" \/><\/p>\n<h2>Sc\u00e9narios d'application<\/h2>\n<p>Notre v\u00e9rin hydraulique est largement utilis\u00e9 dans les ateliers de r\u00e9paration de machines, les exploitations agricoles, les secteurs de l'\u00e9nergie et des mines, ainsi que dans l'industrie de la fabrication de machines. Il est parfaitement adapt\u00e9 aux applications exigeant une force \u00e9lev\u00e9e et des charges importantes.<\/p>\n<h2>V\u00e9rins hydrauliques et groupes motopropulseurs<\/h2>\n<p>Le v\u00e9rin hydraulique et le groupe hydraulique sont deux composants indispensables du syst\u00e8me hydraulique. Leur fonctionnement coordonn\u00e9 garantit la large application de la technologie hydraulique dans le domaine industriel, en fournissant une alimentation et un contr\u00f4le fiables \u00e0 divers \u00e9quipements m\u00e9caniques et d'ing\u00e9nierie.<\/p>\n<h3>\u00c0 propos de FMP<\/h3>\n<p class=\"break-words\">FMP est un fabricant italien de premier plan sp\u00e9cialis\u00e9 dans la conception, le d\u00e9veloppement et la production de v\u00e9rins hydrauliques de haute qualit\u00e9. Forts d&#039;un riche h\u00e9ritage ancr\u00e9 dans des d\u00e9cennies d&#039;expertise, nous sommes fiers d&#039;allier savoir-faire italien et technologie de pointe pour proposer des solutions hydrauliques exceptionnelles, adapt\u00e9es aux besoins vari\u00e9s de notre client\u00e8le internationale. Bas\u00e9e en Italie, p\u00f4le d&#039;excellence en ing\u00e9nierie, FMP est une r\u00e9f\u00e9rence dans le secteur hydraulique, engag\u00e9e \u00e0 fournir des produits fiables, durables et innovants qui dynamisent les entreprises du monde entier.<\/p>\n<p class=\"break-words\">Notre entreprise allie le meilleur des traditions de fabrication de pointe \u00e0 une approche avant-gardiste. Forte de nombreuses ann\u00e9es d&#039;exp\u00e9rience dans les syst\u00e8mes hydrauliques, FMP est devenue une entreprise moderne qui excelle en recherche, conception et production. Nous proposons une large gamme de v\u00e9rins hydrauliques, notamment des v\u00e9rins \u00e0 double effet, des v\u00e9rins de levage pour automobiles et pour machines agricoles, ainsi que des solutions sur mesure pour diverses applications industrielles. Qu&#039;il s&#039;agisse de construction, d&#039;installations industrielles, d&#039;agriculture ou de machines lourdes, nos v\u00e9rins hydrauliques sont con\u00e7us pour fonctionner dans les conditions les plus difficiles, garantissant s\u00e9curit\u00e9, efficacit\u00e9 et long\u00e9vit\u00e9.<\/p>\n<p><img loading=\"lazy\" decoding=\"async\" class=\"alignnone size-full wp-image-6720\" src=\"https:\/\/fmp-components.com\/wp-content\/uploads\/2025\/03\/hydraulic-cylinder-8.webp\" alt=\"V\u00e9rins hydrauliques t\u00e9lescopiques\" width=\"933\" height=\"526\" title=\"\" srcset=\"https:\/\/fmp-components.com\/wp-content\/uploads\/2025\/03\/hydraulic-cylinder-8.webp 933w, https:\/\/fmp-components.com\/wp-content\/uploads\/2025\/03\/hydraulic-cylinder-8-480x271.webp 480w\" sizes=\"(min-width: 0px) and (max-width: 480px) 480px, (min-width: 481px) 933px, 100vw\" \/><\/p>\n<p class=\"break-words\">Chez FMP, nous sommes fiers de nos installations de production ultramodernes, \u00e9quip\u00e9es de machines de pr\u00e9cision et de syst\u00e8mes de test avanc\u00e9s. Nos processus de fabrication respectent des normes nationales et internationales rigoureuses, garantissant ainsi la qualit\u00e9 et la fiabilit\u00e9 de chaque v\u00e9rin hydraulique quittant notre usine. Notre \u00e9quipe technique qualifi\u00e9e, associ\u00e9e \u00e0 des \u00e9quipements de pointe, nous permet d&#039;assurer un contr\u00f4le qualit\u00e9 rigoureux \u00e0 chaque \u00e9tape de la production, de la s\u00e9lection des mati\u00e8res premi\u00e8res au contr\u00f4le final. Cette volont\u00e9 d&#039;excellence nous a valu des certifications et la reconnaissance des autorit\u00e9s du secteur, consolidant ainsi notre r\u00e9putation de partenaire fiable.<\/p>\n<p class=\"break-words\">Notre mission est simple et ambitieuse\u00a0: fournir \u00e0 nos clients des v\u00e9rins hydrauliques d\u00e9passant leurs attentes en termes de performances, de durabilit\u00e9 et de rapport qualit\u00e9-prix. Nous agissons selon les principes directeurs de professionnalisme, d&#039;int\u00e9grit\u00e9 et d&#039;orientation client. En favorisant une culture d&#039;innovation et de pr\u00e9cision, nous perfectionnons continuellement nos produits pour conserver une longueur d&#039;avance sur un march\u00e9 concurrentiel. Notre gamme compl\u00e8te de produits et notre capacit\u00e9 \u00e0 proposer des solutions sur mesure font de nous le choix incontournable des entreprises \u00e0 la recherche de v\u00e9rins hydrauliques hautes performances.<\/p>\n<p class=\"break-words\">FMP est plus qu&#039;un simple fabricant\u00a0: nous sommes le partenaire de votre r\u00e9ussite. Nous comprenons que nos clients comptent sur nous pour leur fournir des outils qui am\u00e9liorent leur productivit\u00e9 et leur s\u00e9curit\u00e9. C&#039;est pourquoi nous nous engageons \u00e0 offrir non seulement des produits haut de gamme, mais aussi un service exceptionnel. De la consultation initiale au service apr\u00e8s-vente, nous travaillons en \u00e9troite collaboration avec nos clients pour r\u00e9pondre \u00e0 leurs besoins avec professionnalisme et attention. Nos prix comp\u00e9titifs, associ\u00e9s \u00e0 notre engagement ind\u00e9fectible envers la qualit\u00e9, font de FMP le choix id\u00e9al pour les entreprises souhaitant investir dans des solutions hydrauliques fiables.<\/p>","protected":false},"excerpt":{"rendered":"<p>Quality Assurance Flatbed Tow Truck Telescopic Hydraulic Cylinder This is a brand new and high quality hydraulic cylinder, perfect for use in machinery repair shops, farms, energy &amp; mining and machinery manufacturing and factory. It&#8217;s a standard product with a weight of 31 KG and a maximum thrust of 3000. The body material is steel [&hellip;]<\/p>","protected":false},"featured_media":6712,"comment_status":"closed","ping_status":"closed","template":"","meta":{"_et_pb_use_builder":"","_et_pb_old_content":"","_et_gb_content_width":""},"product_brand":[],"product_cat":[103],"product_tag":[34,105],"class_list":{"0":"post-6570","1":"product","2":"type-product","3":"status-publish","4":"has-post-thumbnail","6":"product_cat-telescopic-hydraulic-cylinders","7":"product_tag-hydraulic-cylinder","8":"product_tag-telescopic-hydraulic-cylinders","10":"first","11":"instock","12":"product-type-simple"},"_links":{"self":[{"href":"https:\/\/fmp-components.com\/fr\/wp-json\/wp\/v2\/product\/6570","targetHints":{"allow":["GET"]}}],"collection":[{"href":"https:\/\/fmp-components.com\/fr\/wp-json\/wp\/v2\/product"}],"about":[{"href":"https:\/\/fmp-components.com\/fr\/wp-json\/wp\/v2\/types\/product"}],"replies":[{"embeddable":true,"href":"https:\/\/fmp-components.com\/fr\/wp-json\/wp\/v2\/comments?post=6570"}],"wp:featuredmedia":[{"embeddable":true,"href":"https:\/\/fmp-components.com\/fr\/wp-json\/wp\/v2\/media\/6712"}],"wp:attachment":[{"href":"https:\/\/fmp-components.com\/fr\/wp-json\/wp\/v2\/media?parent=6570"}],"wp:term":[{"taxonomy":"product_brand","embeddable":true,"href":"https:\/\/fmp-components.com\/fr\/wp-json\/wp\/v2\/product_brand?post=6570"},{"taxonomy":"product_cat","embeddable":true,"href":"https:\/\/fmp-components.com\/fr\/wp-json\/wp\/v2\/product_cat?post=6570"},{"taxonomy":"product_tag","embeddable":true,"href":"https:\/\/fmp-components.com\/fr\/wp-json\/wp\/v2\/product_tag?post=6570"}],"curies":[{"name":"wp","href":"https:\/\/api.w.org\/{rel}","templated":true}]}}