{"id":6561,"date":"2025-03-11T06:29:39","date_gmt":"2025-03-11T06:29:39","guid":{"rendered":"https:\/\/fmp-components.com\/product\/hot-sale-3-stage-trailer-hydraulic-telescopic-cylinder"},"modified":"2025-03-18T01:05:50","modified_gmt":"2025-03-18T01:05:50","slug":"hot-sale-3-stage-trailer-hydraulic-telescopic-cylinder","status":"publish","type":"product","link":"https:\/\/fmp-components.com\/fr\/product\/hot-sale-3-stage-trailer-hydraulic-telescopic-cylinder\/","title":{"rendered":"Vente chaude v\u00e9rin t\u00e9lescopique hydraulique de remorque \u00e0 3 \u00e9tages"},"content":{"rendered":"<h2>Vente chaude v\u00e9rin t\u00e9lescopique hydraulique de remorque \u00e0 3 \u00e9tages<\/h2>\n<p>D\u00e9couvrez notre v\u00e9rin hydraulique t\u00e9lescopique \u00e0 3 \u00e9tages pour remorques, un mod\u00e8le phare de notre gamme. Ce v\u00e9rin \u00e0 piston \u00e0 structure en acier standard fonctionne gr\u00e2ce \u00e0 l'\u00e9nergie hydraulique. Nouveaut\u00e9 2025, ce v\u00e9rin hydraulique multi-\u00e9tages est con\u00e7u pour offrir un fonctionnement robuste et efficace dans divers secteurs d'activit\u00e9 tels que la r\u00e9paration de machines, l'agriculture, l'\u00e9nergie et les mines, la fabrication de machines et les usines de m\u00e9canique.<\/p>\n<h2>Sp\u00e9cifications et d\u00e9tails du produit<\/h2>\n<table style=\"width: 93.3339%;\" border=\"\">\n<tbody>\n<tr>\n<th style=\"width: 43.5028%;\">Taille de l&#039;al\u00e9sage<\/th>\n<td style=\"width: 449.718%;\">2 \u00e0 6 pouces<\/td>\n<\/tr>\n<tr>\n<th style=\"width: 43.5028%;\">Taille de la tige<\/th>\n<td style=\"width: 449.718%;\">1,125-4 pouces<\/td>\n<\/tr>\n<tr>\n<th style=\"width: 43.5028%;\">Taille de la course<\/th>\n<td style=\"width: 449.718%;\">4 \u00e0 100 pouces<\/td>\n<\/tr>\n<tr>\n<th style=\"width: 43.5028%;\">Taille de la broche<\/th>\n<td style=\"width: 449.718%;\">0,5 \u00e0 2 pouces<\/td>\n<\/tr>\n<tr>\n<th style=\"width: 43.5028%;\">Ports<\/th>\n<td style=\"width: 449.718%;\">G\/SAE\/NPT\/M<\/td>\n<\/tr>\n<\/tbody>\n<\/table>\n<h2>Principales caract\u00e9ristiques et avantages<\/h2>\n<ul>\n<li>\u00e9conome en \u00e9nergie et haute performance<\/li>\n<li>fonctionnement s\u00fbr et fiable<\/li>\n<li>Corps en acier robuste et durable<\/li>\n<li>Garantie des composants principaux pendant 1 an<\/li>\n<li>Pouss\u00e9e maximale de 3000 et traction maximale de 20 tonnes<\/li>\n<li>Certification ISO 9001:2000<\/li>\n<\/ul>\n<p><img loading=\"lazy\" decoding=\"async\" class=\"alignnone wp-image-6662\" src=\"https:\/\/fmp-components.com\/wp-content\/uploads\/2025\/03\/telescopic-hydraulic-cylinder-4.webp\" alt=\"v\u00e9rin hydraulique t\u00e9lescopique\" width=\"894\" height=\"894\" title=\"\" srcset=\"https:\/\/fmp-components.com\/wp-content\/uploads\/2025\/03\/telescopic-hydraulic-cylinder-4.webp 894w, https:\/\/fmp-components.com\/wp-content\/uploads\/2025\/03\/telescopic-hydraulic-cylinder-4-480x480.webp 480w\" sizes=\"(min-width: 0px) and (max-width: 480px) 480px, (min-width: 481px) 894px, 100vw\" \/><\/p>\n<h2>Syst\u00e8me hydraulique et principe de fonctionnement<\/h2>\n<p>Le v\u00e9rin t\u00e9lescopique hydraulique fonctionne en convertissant l'\u00e9nergie hydraulique en mouvement m\u00e9canique, transformant ainsi la pression en force. Ce processus est fondamental au fonctionnement des syst\u00e8mes hydrauliques, o\u00f9 le v\u00e9rin constitue un composant essentiel qui alimente et contr\u00f4le une grande vari\u00e9t\u00e9 de machines et d'\u00e9quipements dans les applications industrielles. Lorsque le fluide hydraulique est pomp\u00e9 dans le v\u00e9rin, il cr\u00e9e une pression qui d\u00e9ploie les sections internes de celui-ci, permettant un mouvement lin\u00e9aire important. Cette conception unique permet au v\u00e9rin t\u00e9lescopique d'atteindre des longueurs d'extension impressionnantes tout en conservant un encombrement r\u00e9duit lorsqu'il n'est pas utilis\u00e9.<\/p>\n<p>La capacit\u00e9 \u00e0 g\u00e9n\u00e9rer une force importante avec pr\u00e9cision rend les v\u00e9rins t\u00e9lescopiques hydrauliques indispensables dans de nombreux domaines. En contr\u00f4lant le d\u00e9bit et la pression du fluide hydraulique, les op\u00e9rateurs obtiennent des mouvements fluides et ma\u00eetris\u00e9s, ce qui les rend id\u00e9aux pour les t\u00e2ches exigeant \u00e0 la fois puissance et pr\u00e9cision. Cette polyvalence garantit que les v\u00e9rins t\u00e9lescopiques hydrauliques s'adaptent \u00e0 un large \u00e9ventail de besoins op\u00e9rationnels, am\u00e9liorant ainsi l'efficacit\u00e9 des \u00e9quipements qu'ils actionnent.<\/p>\n<h2>Applications<\/h2>\n<p>Notre v\u00e9rin t\u00e9lescopique hydraulique est largement utilis\u00e9 dans divers secteurs, notamment la r\u00e9paration de machines, l'agriculture, l'\u00e9nergie et les mines, la fabrication de machines et les usines de m\u00e9canique. Dans les ateliers de r\u00e9paration, ces v\u00e9rins sont indispensables pour le levage d'\u00e9quipements lourds et la r\u00e9alisation d'op\u00e9rations de maintenance, permettant ainsi aux techniciens de travailler efficacement et en toute s\u00e9curit\u00e9.<\/p>\n<p>Dans les exploitations agricoles, les v\u00e9rins t\u00e9lescopiques hydrauliques sont utilis\u00e9s sur les tracteurs et autres machines agricoles pour effectuer des t\u00e2ches telles que le levage, le basculement et le d\u00e9versement de mat\u00e9riaux. Cette fonctionnalit\u00e9 am\u00e9liore consid\u00e9rablement la productivit\u00e9 des op\u00e9rations agricoles, permettant aux agriculteurs de g\u00e9rer leurs t\u00e2ches avec facilit\u00e9 et efficacit\u00e9.<\/p>\n<p>Dans les secteurs de l'\u00e9nergie et des mines, notre v\u00e9rin t\u00e9lescopique hydraulique joue un r\u00f4le essentiel dans des applications telles que le forage, l'excavation et la manutention de mat\u00e9riaux. Sa conception robuste et sa capacit\u00e9 \u00e0 g\u00e9n\u00e9rer une force \u00e9lev\u00e9e le rendent parfaitement adapt\u00e9 aux environnements exigeants de ces industries, o\u00f9 la fiabilit\u00e9 et la performance sont primordiales.<\/p>\n<p>Dans les secteurs de la fabrication de machines et en usine, les v\u00e9rins t\u00e9lescopiques hydrauliques sont indispensables aux cha\u00eenes de montage et aux syst\u00e8mes automatis\u00e9s. Ils permettent un contr\u00f4le pr\u00e9cis des mouvements, contribuant ainsi \u00e0 l'optimisation des processus de production et \u00e0 l'efficacit\u00e9 op\u00e9rationnelle globale. Qu'il s'agisse de lever des charges lourdes, de contr\u00f4ler des machines ou de faire fonctionner des syst\u00e8mes hydrauliques complexes, notre v\u00e9rin t\u00e9lescopique hydraulique offre des performances et une fiabilit\u00e9 in\u00e9gal\u00e9es, ce qui en fait un choix de confiance pour les professionnels de divers secteurs.<\/p>\n<p><img loading=\"lazy\" decoding=\"async\" class=\"alignnone wp-image-6663\" src=\"https:\/\/fmp-components.com\/wp-content\/uploads\/2025\/03\/telescopic-hydraulic-cylinder-11.webp\" alt=\"v\u00e9rin hydraulique t\u00e9lescopique\" width=\"955\" height=\"955\" title=\"\" srcset=\"https:\/\/fmp-components.com\/wp-content\/uploads\/2025\/03\/telescopic-hydraulic-cylinder-11.webp 955w, https:\/\/fmp-components.com\/wp-content\/uploads\/2025\/03\/telescopic-hydraulic-cylinder-11-480x480.webp 480w\" sizes=\"(min-width: 0px) and (max-width: 480px) 480px, (min-width: 481px) 955px, 100vw\" \/><\/p>\n<h2>V\u00e9rins hydrauliques et groupes motopropulseurs<\/h2>\n<p>Les v\u00e9rins et les centrales hydrauliques sont des composants indispensables des syst\u00e8mes hydrauliques. Leur fonctionnement conjoint garantit la large application de la technologie hydraulique dans le secteur industriel, en fournissant une alimentation et une commande fiables pour divers \u00e9quipements m\u00e9caniques et d'ing\u00e9nierie. Chez FMP, nous proposons \u00e9galement des centrales hydrauliques \u00e0 la vente.<\/p>\n<h2>FAQ<\/h2>\n<h3>Q : \u00cates-vous une soci\u00e9t\u00e9 commerciale ou un fabricant ?<\/h3>\n<p>A : Nous sommes une usine.<\/p>\n<h3>Q : Quel est votre d\u00e9lai de livraison ?<\/h3>\n<p>R : En g\u00e9n\u00e9ral, cela prend entre 25 et 35 jours.<\/p>\n<h3>Q : Pouvez-vous produire selon les \u00e9chantillons ?<\/h3>\n<p>R : Oui, nous pouvons produire \u00e0 partir de vos \u00e9chantillons ou de vos plans techniques. Nous pouvons fabriquer les moules et les montages.<\/p>\n<h3>\u00c0 propos de FMP<\/h3>\n<p class=\"break-words\">FMP est un fabricant italien de premier plan sp\u00e9cialis\u00e9 dans la conception, le d\u00e9veloppement et la production de v\u00e9rins hydrauliques de haute qualit\u00e9. Forts d&#039;un riche h\u00e9ritage ancr\u00e9 dans des d\u00e9cennies d&#039;expertise, nous sommes fiers d&#039;allier savoir-faire italien et technologie de pointe pour proposer des solutions hydrauliques exceptionnelles, adapt\u00e9es aux besoins vari\u00e9s de notre client\u00e8le internationale. Bas\u00e9e en Italie, p\u00f4le d&#039;excellence en ing\u00e9nierie, FMP est une r\u00e9f\u00e9rence dans le secteur hydraulique, engag\u00e9e \u00e0 fournir des produits fiables, durables et innovants qui dynamisent les entreprises du monde entier.<\/p>\n<p class=\"break-words\">Notre entreprise allie le meilleur des traditions de fabrication de pointe \u00e0 une approche avant-gardiste. Forte de nombreuses ann\u00e9es d&#039;exp\u00e9rience dans les syst\u00e8mes hydrauliques, FMP est devenue une entreprise moderne qui excelle en recherche, conception et production. Nous proposons une large gamme de v\u00e9rins hydrauliques, notamment des v\u00e9rins \u00e0 double effet, des v\u00e9rins de levage pour automobiles et pour machines agricoles, ainsi que des solutions sur mesure pour diverses applications industrielles. Qu&#039;il s&#039;agisse de construction, d&#039;installations industrielles, d&#039;agriculture ou de machines lourdes, nos v\u00e9rins hydrauliques sont con\u00e7us pour fonctionner dans les conditions les plus difficiles, garantissant s\u00e9curit\u00e9, efficacit\u00e9 et long\u00e9vit\u00e9.<\/p>\n<p><img loading=\"lazy\" decoding=\"async\" class=\"alignnone size-full wp-image-6720\" src=\"https:\/\/fmp-components.com\/wp-content\/uploads\/2025\/03\/hydraulic-cylinder-8.webp\" alt=\"V\u00e9rins hydrauliques t\u00e9lescopiques\" width=\"933\" height=\"526\" title=\"\" srcset=\"https:\/\/fmp-components.com\/wp-content\/uploads\/2025\/03\/hydraulic-cylinder-8.webp 933w, https:\/\/fmp-components.com\/wp-content\/uploads\/2025\/03\/hydraulic-cylinder-8-480x271.webp 480w\" sizes=\"(min-width: 0px) and (max-width: 480px) 480px, (min-width: 481px) 933px, 100vw\" \/><\/p>\n<p class=\"break-words\">Chez FMP, nous sommes fiers de nos installations de production ultramodernes, \u00e9quip\u00e9es de machines de pr\u00e9cision et de syst\u00e8mes de test avanc\u00e9s. Nos processus de fabrication respectent des normes nationales et internationales rigoureuses, garantissant ainsi la qualit\u00e9 et la fiabilit\u00e9 de chaque v\u00e9rin hydraulique quittant notre usine. Notre \u00e9quipe technique qualifi\u00e9e, associ\u00e9e \u00e0 des \u00e9quipements de pointe, nous permet d&#039;assurer un contr\u00f4le qualit\u00e9 rigoureux \u00e0 chaque \u00e9tape de la production, de la s\u00e9lection des mati\u00e8res premi\u00e8res au contr\u00f4le final. Cette volont\u00e9 d&#039;excellence nous a valu des certifications et la reconnaissance des autorit\u00e9s du secteur, consolidant ainsi notre r\u00e9putation de partenaire fiable.<\/p>\n<p class=\"break-words\">Notre mission est simple et ambitieuse\u00a0: fournir \u00e0 nos clients des v\u00e9rins hydrauliques d\u00e9passant leurs attentes en termes de performances, de durabilit\u00e9 et de rapport qualit\u00e9-prix. Nous agissons selon les principes directeurs de professionnalisme, d&#039;int\u00e9grit\u00e9 et d&#039;orientation client. En favorisant une culture d&#039;innovation et de pr\u00e9cision, nous perfectionnons continuellement nos produits pour conserver une longueur d&#039;avance sur un march\u00e9 concurrentiel. Notre gamme compl\u00e8te de produits et notre capacit\u00e9 \u00e0 proposer des solutions sur mesure font de nous le choix incontournable des entreprises \u00e0 la recherche de v\u00e9rins hydrauliques hautes performances.<\/p>\n<p class=\"break-words\">FMP est plus qu&#039;un simple fabricant\u00a0: nous sommes le partenaire de votre r\u00e9ussite. Nous comprenons que nos clients comptent sur nous pour leur fournir des outils qui am\u00e9liorent leur productivit\u00e9 et leur s\u00e9curit\u00e9. C&#039;est pourquoi nous nous engageons \u00e0 offrir non seulement des produits haut de gamme, mais aussi un service exceptionnel. De la consultation initiale au service apr\u00e8s-vente, nous travaillons en \u00e9troite collaboration avec nos clients pour r\u00e9pondre \u00e0 leurs besoins avec professionnalisme et attention. Nos prix comp\u00e9titifs, associ\u00e9s \u00e0 notre engagement ind\u00e9fectible envers la qualit\u00e9, font de FMP le choix id\u00e9al pour les entreprises souhaitant investir dans des solutions hydrauliques fiables.<\/p>","protected":false},"excerpt":{"rendered":"<p>Hot Sale 3 Stage Trailer Hydraulic Telescopic Cylinder Introducing our Hot Sale 3 Stage Trailer Hydraulic Telescopic Cylinder, a standard steel structure plunger cylinder that operates under hydraulic power. This multistage hydraulic cylinder is a new product for 2025 that is designed to provide robust and efficient operation across various industries such as Machinery Repair [&hellip;]<\/p>","protected":false},"featured_media":6736,"comment_status":"closed","ping_status":"closed","template":"","meta":{"_et_pb_use_builder":"","_et_pb_old_content":"","_et_gb_content_width":""},"product_brand":[],"product_cat":[103],"product_tag":[34,105],"class_list":{"0":"post-6561","1":"product","2":"type-product","3":"status-publish","4":"has-post-thumbnail","6":"product_cat-telescopic-hydraulic-cylinders","7":"product_tag-hydraulic-cylinder","8":"product_tag-telescopic-hydraulic-cylinders","10":"first","11":"instock","12":"product-type-simple"},"_links":{"self":[{"href":"https:\/\/fmp-components.com\/fr\/wp-json\/wp\/v2\/product\/6561","targetHints":{"allow":["GET"]}}],"collection":[{"href":"https:\/\/fmp-components.com\/fr\/wp-json\/wp\/v2\/product"}],"about":[{"href":"https:\/\/fmp-components.com\/fr\/wp-json\/wp\/v2\/types\/product"}],"replies":[{"embeddable":true,"href":"https:\/\/fmp-components.com\/fr\/wp-json\/wp\/v2\/comments?post=6561"}],"wp:featuredmedia":[{"embeddable":true,"href":"https:\/\/fmp-components.com\/fr\/wp-json\/wp\/v2\/media\/6736"}],"wp:attachment":[{"href":"https:\/\/fmp-components.com\/fr\/wp-json\/wp\/v2\/media?parent=6561"}],"wp:term":[{"taxonomy":"product_brand","embeddable":true,"href":"https:\/\/fmp-components.com\/fr\/wp-json\/wp\/v2\/product_brand?post=6561"},{"taxonomy":"product_cat","embeddable":true,"href":"https:\/\/fmp-components.com\/fr\/wp-json\/wp\/v2\/product_cat?post=6561"},{"taxonomy":"product_tag","embeddable":true,"href":"https:\/\/fmp-components.com\/fr\/wp-json\/wp\/v2\/product_tag?post=6561"}],"curies":[{"name":"wp","href":"https:\/\/api.w.org\/{rel}","templated":true}]}}