{"id":6557,"date":"2025-03-11T06:29:39","date_gmt":"2025-03-11T06:29:39","guid":{"rendered":"https:\/\/fmp-components.com\/product\/factory-price-telescopic-two-stage-multistage-hydraulic-cylinder-for-sale"},"modified":"2025-03-12T06:06:13","modified_gmt":"2025-03-12T06:06:13","slug":"factory-price-telescopic-two-stage-multistage-hydraulic-cylinder-for-sale","status":"publish","type":"product","link":"https:\/\/fmp-components.com\/fr\/product\/factory-price-telescopic-two-stage-multistage-hydraulic-cylinder-for-sale\/","title":{"rendered":"V\u00e9rin hydraulique t\u00e9lescopique \u00e0 deux \u00e9tages, prix d&#039;usine, \u00e0 vendre"},"content":{"rendered":"<h2>V\u00e9rin hydraulique t\u00e9lescopique \u00e0 deux \u00e9tages, prix d&#039;usine, \u00e0 vendre<\/h2>\n<p>Profitez d'une offre exceptionnelle sur notre v\u00e9rin hydraulique t\u00e9lescopique bi-\u00e9tag\u00e9 de haute qualit\u00e9 \u00e0 un prix abordable. Robuste et performant, ce v\u00e9rin hydraulique est con\u00e7u pour r\u00e9pondre aux besoins des ateliers de r\u00e9paration de machines, des exploitations agricoles, des industries \u00e9nerg\u00e9tiques et mini\u00e8res, ainsi que des fabricants de machines. Il garantit une efficacit\u00e9 maximale pour vos op\u00e9rations.<\/p>\n<h3>Principales caract\u00e9ristiques et avantages<\/h3>\n<ul>\n<li>Conception et structure standardis\u00e9es<\/li>\n<li>Pouss\u00e9e maximale impressionnante de 3000<\/li>\n<li>Capacit\u00e9 de traction maximale \u00e9lev\u00e9e de 20 tonnes<\/li>\n<li>Caract\u00e9ristiques d'\u00e9conomie d'\u00e9nergie efficaces<\/li>\n<li>S\u00e9curit\u00e9 et fiabilit\u00e9 garanties gr\u00e2ce \u00e0 la certification ISO9001:2000<\/li>\n<li>Disponible dans une \u00e9l\u00e9gante couleur noire professionnelle<\/li>\n<\/ul>\n<p><img loading=\"lazy\" decoding=\"async\" class=\"alignnone  wp-image-6664\" src=\"https:\/\/fmp-components.com\/wp-content\/uploads\/2025\/03\/telescopic-hydraulic-cylinder-8.webp\" alt=\"v\u00e9rin hydraulique t\u00e9lescopique\" width=\"878\" height=\"878\" title=\"\" srcset=\"https:\/\/fmp-components.com\/wp-content\/uploads\/2025\/03\/telescopic-hydraulic-cylinder-8.webp 878w, https:\/\/fmp-components.com\/wp-content\/uploads\/2025\/03\/telescopic-hydraulic-cylinder-8-480x480.webp 480w\" sizes=\"(min-width: 0px) and (max-width: 480px) 480px, (min-width: 481px) 878px, 100vw\" \/><\/p>\n<h3>Sp\u00e9cifications du produit<\/h3>\n<table style=\"width: 96.4947%;\" border=\"\">\n<tbody>\n<tr>\n<td style=\"width: 42.9379%;\"><i>Taille de l&#039;al\u00e9sage<\/i><\/td>\n<td style=\"width: 455.932%;\">2 \u00e0 6 pouces<\/td>\n<\/tr>\n<tr>\n<td style=\"width: 42.9379%;\"><i>Taille de la tige<\/i><\/td>\n<td style=\"width: 455.932%;\">1,125-4 pouces<\/td>\n<\/tr>\n<tr>\n<td style=\"width: 42.9379%;\"><i>Taille de la course<\/i><\/td>\n<td style=\"width: 455.932%;\">4 \u00e0 100 pouces<\/td>\n<\/tr>\n<tr>\n<td style=\"width: 42.9379%;\"><i>Taille de la broche<\/i><\/td>\n<td style=\"width: 455.932%;\">0,5 \u00e0 2 pouces<\/td>\n<\/tr>\n<tr>\n<td style=\"width: 42.9379%;\"><i>Ports<\/i><\/td>\n<td style=\"width: 455.932%;\">G\/SAE\/NPT\/M<\/td>\n<\/tr>\n<\/tbody>\n<\/table>\n<h2>Comprendre le syst\u00e8me hydraulique<\/h2>\n<p>Notre v\u00e9rin hydraulique fonctionne selon le principe de la diff\u00e9rence de pression. Lorsque le fluide hydraulique est pomp\u00e9 dans le v\u00e9rin, il cr\u00e9e une diff\u00e9rence de pression entre l'int\u00e9rieur du v\u00e9rin et l'environnement ext\u00e9rieur. Cette diff\u00e9rence de pression actionne le piston. Le d\u00e9placement du piston convertit l'\u00e9nergie hydraulique en mouvement m\u00e9canique, lequel est ensuite transmis \u00e0 la machine qui y est raccord\u00e9e. Ce processus fournit la puissance n\u00e9cessaire au fonctionnement de divers \u00e9quipements et \u00e0 l'ex\u00e9cution de t\u00e2ches exigeant une force importante, garantissant ainsi l'efficacit\u00e9 et la performance des op\u00e9rations.<\/p>\n<p>La capacit\u00e9 des syst\u00e8mes hydrauliques \u00e0 exploiter et \u00e0 manipuler la puissance des fluides leur permet d'accomplir une vaste gamme de t\u00e2ches, du levage de charges lourdes aux mouvements pr\u00e9cis dans des machines complexes. Ce principe de fonctionnement fondamental fait des v\u00e9rins hydrauliques des composants essentiels dans de nombreuses applications et secteurs d'activit\u00e9.<\/p>\n<h2>Applications du v\u00e9rin hydraulique<\/h2>\n<p>La polyvalence de notre v\u00e9rin hydraulique multicellulaire lui permet d'\u00eatre utilis\u00e9 dans de nombreux domaines, ce qui en fait un outil indispensable dans diverses industries. Dans les ateliers de r\u00e9paration de machines, il facilite le levage et le positionnement d'\u00e9quipements lourds, optimisant ainsi les op\u00e9rations de maintenance et de r\u00e9paration. Dans les exploitations agricoles, il joue un r\u00f4le crucial dans la conduite des tracteurs et autres machines agricoles, permettant aux agriculteurs d'effectuer facilement des t\u00e2ches telles que le levage, l'inclinaison et le transport de mat\u00e9riaux.<\/p>\n<p>Dans les secteurs de l'\u00e9nergie et des mines, le v\u00e9rin hydraulique est indispensable au forage, \u00e0 l'excavation et \u00e0 la manutention de mat\u00e9riaux, o\u00f9 la robustesse et la fiabilit\u00e9 sont primordiales. Sa conception lui permet de supporter des charges lourdes, garantissant ainsi sa r\u00e9sistance aux environnements les plus exigeants sans compromettre la s\u00e9curit\u00e9 ni l'efficacit\u00e9.<\/p>\n<p>Dans le secteur de la construction m\u00e9canique, les v\u00e9rins hydrauliques sont indispensables aux cha\u00eenes de montage et aux syst\u00e8mes automatis\u00e9s, contribuant ainsi \u00e0 une productivit\u00e9 et une efficacit\u00e9 op\u00e9rationnelle accrues. Leur conception robuste et leurs performances fiables garantissent la fiabilit\u00e9 requise pour les applications critiques, faisant d'eux un choix de confiance pour les professionnels de divers secteurs.<\/p>\n<h2>V\u00e9rins hydrauliques et groupes motopropulseurs<\/h2>\n<p>Les v\u00e9rins et les centrales hydrauliques sont des composants indissociables de tout syst\u00e8me hydraulique. Leur fonctionnement conjoint garantit l'efficacit\u00e9 de la technologie hydraulique dans le secteur industriel. Le v\u00e9rin hydraulique, en tant qu'actionneur, convertit l'\u00e9nergie hydraulique en mouvement m\u00e9canique, transformant ainsi la pression du fluide en force. Cette capacit\u00e9 lui permet d'effectuer une grande vari\u00e9t\u00e9 de t\u00e2ches, du levage et de la pouss\u00e9e au serrage et \u00e0 l'inclinaison.<\/p>\n<p>Les groupes hydrauliques, quant \u00e0 eux, constituent la source d'\u00e9nergie du syst\u00e8me hydraulique. Ils se composent g\u00e9n\u00e9ralement d'une pompe hydraulique, d'un moteur, d'un r\u00e9servoir et de distributeurs, qui fonctionnent de concert pour maintenir la pression et le d\u00e9bit n\u00e9cessaires. La coordination entre les v\u00e9rins hydrauliques et les groupes hydrauliques est essentielle\u00a0; elle garantit le bon fonctionnement et l'efficacit\u00e9 de l'ensemble du syst\u00e8me hydraulique, assurant ainsi une alimentation et une commande fiables pour divers \u00e9quipements m\u00e9caniques et d'ing\u00e9nierie.<\/p>\n<p>Chez FMP, nous comprenons l'importance de cette synergie et proposons une gamme de groupes hydrauliques \u00e0 la vente. En fournissant \u00e0 la fois des v\u00e9rins et des groupes hydrauliques, nous permettons \u00e0 nos clients d'acc\u00e9der \u00e0 des solutions hydrauliques compl\u00e8tes et adapt\u00e9es \u00e0 leurs besoins sp\u00e9cifiques. Cette approche globale am\u00e9liore les performances et la fiabilit\u00e9 des syst\u00e8mes hydrauliques, et prend en charge un large \u00e9ventail d'applications dans divers secteurs d'activit\u00e9.<\/p>\n<p><img loading=\"lazy\" decoding=\"async\" class=\"alignnone  wp-image-6717\" src=\"https:\/\/fmp-components.com\/wp-content\/uploads\/2025\/03\/hydraulic-cylinder-211.webp\" alt=\"V\u00e9rins hydrauliques\" width=\"917\" height=\"919\" title=\"\" srcset=\"https:\/\/fmp-components.com\/wp-content\/uploads\/2025\/03\/hydraulic-cylinder-211.webp 917w, https:\/\/fmp-components.com\/wp-content\/uploads\/2025\/03\/hydraulic-cylinder-211-480x481.webp 480w\" sizes=\"(min-width: 0px) and (max-width: 480px) 480px, (min-width: 481px) 917px, 100vw\" \/><\/p>\n<h3>\u00c0 propos de FMP<\/h3>\n<p class=\"break-words\">FMP est un fabricant italien de premier plan sp\u00e9cialis\u00e9 dans la conception, le d\u00e9veloppement et la production de v\u00e9rins hydrauliques de haute qualit\u00e9. Forts d&#039;un riche h\u00e9ritage ancr\u00e9 dans des d\u00e9cennies d&#039;expertise, nous sommes fiers d&#039;allier savoir-faire italien et technologie de pointe pour proposer des solutions hydrauliques exceptionnelles, adapt\u00e9es aux besoins vari\u00e9s de notre client\u00e8le internationale. Bas\u00e9e en Italie, p\u00f4le d&#039;excellence en ing\u00e9nierie, FMP est une r\u00e9f\u00e9rence dans le secteur hydraulique, engag\u00e9e \u00e0 fournir des produits fiables, durables et innovants qui dynamisent les entreprises du monde entier.<\/p>\n<p class=\"break-words\">Notre entreprise allie le meilleur des traditions de fabrication de pointe \u00e0 une approche avant-gardiste. Forte de nombreuses ann\u00e9es d&#039;exp\u00e9rience dans les syst\u00e8mes hydrauliques, FMP est devenue une entreprise moderne qui excelle en recherche, conception et production. Nous proposons une large gamme de v\u00e9rins hydrauliques, notamment des v\u00e9rins \u00e0 double effet, des v\u00e9rins de levage pour automobiles et pour machines agricoles, ainsi que des solutions sur mesure pour diverses applications industrielles. Qu&#039;il s&#039;agisse de construction, d&#039;installations industrielles, d&#039;agriculture ou de machines lourdes, nos v\u00e9rins hydrauliques sont con\u00e7us pour fonctionner dans les conditions les plus difficiles, garantissant s\u00e9curit\u00e9, efficacit\u00e9 et long\u00e9vit\u00e9.<\/p>\n<p><img loading=\"lazy\" decoding=\"async\" class=\"alignnone size-full wp-image-6720\" src=\"https:\/\/fmp-components.com\/wp-content\/uploads\/2025\/03\/hydraulic-cylinder-8.webp\" alt=\"V\u00e9rins hydrauliques t\u00e9lescopiques\" width=\"933\" height=\"526\" title=\"\" srcset=\"https:\/\/fmp-components.com\/wp-content\/uploads\/2025\/03\/hydraulic-cylinder-8.webp 933w, https:\/\/fmp-components.com\/wp-content\/uploads\/2025\/03\/hydraulic-cylinder-8-480x271.webp 480w\" sizes=\"(min-width: 0px) and (max-width: 480px) 480px, (min-width: 481px) 933px, 100vw\" \/><\/p>\n<p class=\"break-words\">Chez FMP, nous sommes fiers de nos installations de production ultramodernes, \u00e9quip\u00e9es de machines de pr\u00e9cision et de syst\u00e8mes de test avanc\u00e9s. Nos processus de fabrication respectent des normes nationales et internationales rigoureuses, garantissant ainsi la qualit\u00e9 et la fiabilit\u00e9 de chaque v\u00e9rin hydraulique quittant notre usine. Notre \u00e9quipe technique qualifi\u00e9e, associ\u00e9e \u00e0 des \u00e9quipements de pointe, nous permet d&#039;assurer un contr\u00f4le qualit\u00e9 rigoureux \u00e0 chaque \u00e9tape de la production, de la s\u00e9lection des mati\u00e8res premi\u00e8res au contr\u00f4le final. Cette volont\u00e9 d&#039;excellence nous a valu des certifications et la reconnaissance des autorit\u00e9s du secteur, consolidant ainsi notre r\u00e9putation de partenaire fiable.<\/p>\n<p class=\"break-words\">Notre mission est simple et ambitieuse\u00a0: fournir \u00e0 nos clients des v\u00e9rins hydrauliques d\u00e9passant leurs attentes en termes de performances, de durabilit\u00e9 et de rapport qualit\u00e9-prix. Nous agissons selon les principes directeurs de professionnalisme, d&#039;int\u00e9grit\u00e9 et d&#039;orientation client. En favorisant une culture d&#039;innovation et de pr\u00e9cision, nous perfectionnons continuellement nos produits pour conserver une longueur d&#039;avance sur un march\u00e9 concurrentiel. Notre gamme compl\u00e8te de produits et notre capacit\u00e9 \u00e0 proposer des solutions sur mesure font de nous le choix incontournable des entreprises \u00e0 la recherche de v\u00e9rins hydrauliques hautes performances.<\/p>\n<p class=\"break-words\">FMP est plus qu&#039;un simple fabricant\u00a0: nous sommes le partenaire de votre r\u00e9ussite. Nous comprenons que nos clients comptent sur nous pour leur fournir des outils qui am\u00e9liorent leur productivit\u00e9 et leur s\u00e9curit\u00e9. C&#039;est pourquoi nous nous engageons \u00e0 offrir non seulement des produits haut de gamme, mais aussi un service exceptionnel. De la consultation initiale au service apr\u00e8s-vente, nous travaillons en \u00e9troite collaboration avec nos clients pour r\u00e9pondre \u00e0 leurs besoins avec professionnalisme et attention. Nos prix comp\u00e9titifs, associ\u00e9s \u00e0 notre engagement ind\u00e9fectible envers la qualit\u00e9, font de FMP le choix id\u00e9al pour les entreprises souhaitant investir dans des solutions hydrauliques fiables.<\/p>","protected":false},"excerpt":{"rendered":"<p>Factory Price Telescopic Two Stage Multistage Hydraulic Cylinder for Sale Get the best deal with our affordable, top-quality Telescopic Two Stage Multistage Hydraulic Cylinder. This robust hydraulic cylinder is designed with the needs of machinery repair shops, farms, energy and mining industries, and machinery manufacturing in mind. It delivers exceptional performance, ensuring maximum efficiency in [&hellip;]<\/p>","protected":false},"featured_media":6732,"comment_status":"closed","ping_status":"closed","template":"","meta":{"_et_pb_use_builder":"","_et_pb_old_content":"","_et_gb_content_width":""},"product_brand":[],"product_cat":[103],"product_tag":[34,105],"class_list":{"0":"post-6557","1":"product","2":"type-product","3":"status-publish","4":"has-post-thumbnail","6":"product_cat-telescopic-hydraulic-cylinders","7":"product_tag-hydraulic-cylinder","8":"product_tag-telescopic-hydraulic-cylinders","10":"first","11":"instock","12":"product-type-simple"},"_links":{"self":[{"href":"https:\/\/fmp-components.com\/fr\/wp-json\/wp\/v2\/product\/6557","targetHints":{"allow":["GET"]}}],"collection":[{"href":"https:\/\/fmp-components.com\/fr\/wp-json\/wp\/v2\/product"}],"about":[{"href":"https:\/\/fmp-components.com\/fr\/wp-json\/wp\/v2\/types\/product"}],"replies":[{"embeddable":true,"href":"https:\/\/fmp-components.com\/fr\/wp-json\/wp\/v2\/comments?post=6557"}],"wp:featuredmedia":[{"embeddable":true,"href":"https:\/\/fmp-components.com\/fr\/wp-json\/wp\/v2\/media\/6732"}],"wp:attachment":[{"href":"https:\/\/fmp-components.com\/fr\/wp-json\/wp\/v2\/media?parent=6557"}],"wp:term":[{"taxonomy":"product_brand","embeddable":true,"href":"https:\/\/fmp-components.com\/fr\/wp-json\/wp\/v2\/product_brand?post=6557"},{"taxonomy":"product_cat","embeddable":true,"href":"https:\/\/fmp-components.com\/fr\/wp-json\/wp\/v2\/product_cat?post=6557"},{"taxonomy":"product_tag","embeddable":true,"href":"https:\/\/fmp-components.com\/fr\/wp-json\/wp\/v2\/product_tag?post=6557"}],"curies":[{"name":"wp","href":"https:\/\/api.w.org\/{rel}","templated":true}]}}