{"id":6550,"date":"2025-03-11T06:29:39","date_gmt":"2025-03-11T06:29:39","guid":{"rendered":"https:\/\/fmp-components.com\/product\/quality-manufacturing-4-stage-dump-trailer-hydraulic-cylinder"},"modified":"2025-03-18T01:58:46","modified_gmt":"2025-03-18T01:58:46","slug":"quality-manufacturing-4-stage-dump-trailer-hydraulic-cylinder","status":"publish","type":"product","link":"https:\/\/fmp-components.com\/fr\/product\/quality-manufacturing-4-stage-dump-trailer-hydraulic-cylinder\/","title":{"rendered":"V\u00e9rin hydraulique de remorque \u00e0 benne basculante \u00e0 4 \u00e9tages de fabrication de qualit\u00e9"},"content":{"rendered":"<h2>V\u00e9rin hydraulique de remorque \u00e0 benne basculante \u00e0 4 \u00e9tages de fabrication de qualit\u00e9<\/h2>\n<p>Le v\u00e9rin hydraulique \u00e0 quatre \u00e9tages pour benne basculante de Quality Manufacturing est un v\u00e9rin haute performance con\u00e7u pour les applications intensives. Il est id\u00e9al pour les ateliers de r\u00e9paration de machines, les exploitations agricoles, les industries \u00e9nerg\u00e9tiques et mini\u00e8res, la fabrication de machines et les usines.<\/p>\n<h3>Fonction et importance<\/h3>\n<p>Ce v\u00e9rin hydraulique joue un r\u00f4le crucial dans la conversion de la puissance hydraulique en force et mouvement m\u00e9canique lin\u00e9aire. Il fournit la puissance n\u00e9cessaire pour soulever, pousser ou tirer des charges lourdes, ce qui en fait un composant essentiel de nombreuses machines et \u00e9quipements.<\/p>\n<h3>Sp\u00e9cifications du produit<\/h3>\n<table style=\"width: 97.1561%;\" border=\"\">\n<tbody>\n<tr>\n<th style=\"width: 43.5028%;\">Taille de l&#039;al\u00e9sage<\/th>\n<td style=\"width: 470.056%;\">2 \u00e0 6 pouces<\/td>\n<\/tr>\n<tr>\n<th style=\"width: 43.5028%;\">Taille de la tige<\/th>\n<td style=\"width: 470.056%;\">1,125-4 pouces<\/td>\n<\/tr>\n<tr>\n<th style=\"width: 43.5028%;\">Taille de la course<\/th>\n<td style=\"width: 470.056%;\">4 \u00e0 100 pouces<\/td>\n<\/tr>\n<tr>\n<th style=\"width: 43.5028%;\">Taille de la broche<\/th>\n<td style=\"width: 470.056%;\">0,5 \u00e0 2 pouces<\/td>\n<\/tr>\n<tr>\n<th style=\"width: 43.5028%;\">Ports<\/th>\n<td style=\"width: 470.056%;\">G\/SAE\/NPT\/M<\/td>\n<\/tr>\n<\/tbody>\n<\/table>\n<h3>Principales caract\u00e9ristiques et avantages<\/h3>\n<ul>\n<li>\u00c9conome en \u00e9nergie : Con\u00e7u pour fonctionner avec une consommation d'\u00e9nergie minimale.<\/li>\n<li>Haute efficacit\u00e9 : Offre une capacit\u00e9 de pouss\u00e9e et de traction maximale pour des performances sup\u00e9rieures.<\/li>\n<li>S\u00fbr : Fabriqu\u00e9 sous certification ISO9001:2000 pour garantir s\u00e9curit\u00e9 et fiabilit\u00e9.<\/li>\n<\/ul>\n<h2>Comprendre le syst\u00e8me hydraulique et son principe de fonctionnement<\/h2>\n<p>Le v\u00e9rin hydraulique fonctionne selon le principe de la loi de Pascal. Il utilise un fluide hydraulique sous pression pour cr\u00e9er un mouvement lin\u00e9aire et une force. Cette force peut \u00eatre utilis\u00e9e pour actionner des dispositifs m\u00e9caniques et effectuer un travail.<\/p>\n<p><img loading=\"lazy\" decoding=\"async\" class=\"alignnone wp-image-6663\" src=\"https:\/\/fmp-components.com\/wp-content\/uploads\/2025\/03\/telescopic-hydraulic-cylinder-11.webp\" alt=\"v\u00e9rin hydraulique t\u00e9lescopique\" width=\"932\" height=\"932\" title=\"\" srcset=\"https:\/\/fmp-components.com\/wp-content\/uploads\/2025\/03\/telescopic-hydraulic-cylinder-11.webp 932w, https:\/\/fmp-components.com\/wp-content\/uploads\/2025\/03\/telescopic-hydraulic-cylinder-11-480x480.webp 480w\" sizes=\"(min-width: 0px) and (max-width: 480px) 480px, (min-width: 481px) 932px, 100vw\" \/><\/p>\n<h2>Sc\u00e9narios d'application<\/h2>\n<p>Notre v\u00e9rin hydraulique trouve des applications dans les bennes basculantes, les engins de chantier, les machines agricoles et divers autres \u00e9quipements lourds.<\/p>\n<h2>V\u00e9rins hydrauliques et groupes motopropulseurs<\/h2>\n<p>Le v\u00e9rin hydraulique et le groupe hydraulique sont des \u00e9l\u00e9ments indispensables d'un syst\u00e8me hydraulique. Leur action combin\u00e9e garantit la large application de la technologie hydraulique dans le secteur industriel, en fournissant une alimentation et une commande fiables \u00e0 divers \u00e9quipements m\u00e9caniques et d'ing\u00e9nierie. Le v\u00e9rin hydraulique, en tant qu'actionneur, convertit l'\u00e9nergie hydraulique en mouvement m\u00e9canique, transformant la pression en force. Le groupe hydraulique, quant \u00e0 lui, fournit l'\u00e9nergie et les signaux de commande n\u00e9cessaires au syst\u00e8me hydraulique. La coordination de ces deux \u00e9l\u00e9ments permet au syst\u00e8me hydraulique de fonctionner normalement.<\/p>\n<h2>FAQ<\/h2>\n<h3>Q : \u00cates-vous une soci\u00e9t\u00e9 commerciale ou un fabricant ?<\/h3>\n<p>A : Nous sommes une usine.<\/p>\n<h3>Q : Quel est votre d\u00e9lai de livraison ?<\/h3>\n<p>R : En g\u00e9n\u00e9ral, cela prend entre 25 et 35 jours.<\/p>\n<h3>Q\u00a0: Fournissez-vous des \u00e9chantillons\u00a0? Sont-ils gratuits ou en suppl\u00e9ment\u00a0?<\/h3>\n<p>R : Oui, nous pourrions proposer l&#039;\u00e9chantillon mais ce n&#039;est pas gratuit.<\/p>\n<h3>\u00c0 propos de FMP<\/h3>\n<p>FMP est un fabricant italien de premier plan, reconnu pour la conception, le d\u00e9veloppement et la production de v\u00e9rins hydrauliques de haute qualit\u00e9. Forts de plusieurs d\u00e9cennies d'expertise, nous allions savoir-faire italien traditionnel et technologie de pointe pour proposer des solutions hydrauliques exceptionnelles, adapt\u00e9es aux besoins vari\u00e9s de notre client\u00e8le internationale. Implant\u00e9e en Italie, p\u00f4le d'excellence en ing\u00e9nierie, FMP s'est impos\u00e9e comme une r\u00e9f\u00e9rence dans le secteur hydraulique, s'engageant \u00e0 fournir des produits fiables, durables et innovants qui dynamisent les entreprises du monde entier.<\/p>\n<p>Nous allions le meilleur des traditions de fabrication de pointe \u00e0 une approche avant-gardiste. Fort de notre vaste exp\u00e9rience dans les syst\u00e8mes hydrauliques, FMP est devenue une entreprise moderne qui excelle en recherche, conception et production. Notre sp\u00e9cialisation comprend une large gamme de v\u00e9rins hydrauliques, tels que des v\u00e9rins \u00e0 double effet, des v\u00e9rins de levage pour automobiles et pour machines agricoles, ainsi que des solutions sur mesure pour diverses applications industrielles. Con\u00e7us pour fonctionner dans les conditions les plus difficiles, nos v\u00e9rins hydrauliques garantissent s\u00e9curit\u00e9, efficacit\u00e9 et long\u00e9vit\u00e9 dans des secteurs tels que la construction, les installations industrielles, l'agriculture et les machines lourdes.<\/p>\n<p>Chez FMP, nous sommes fiers de nos installations de production ultramodernes, \u00e9quip\u00e9es de machines de pr\u00e9cision et de syst\u00e8mes de test avanc\u00e9s. Nos processus de fabrication respectent des normes nationales et internationales strictes, garantissant que chaque v\u00e9rin hydraulique quittant notre usine r\u00e9pond aux normes de qualit\u00e9 et de fiabilit\u00e9 les plus strictes. Notre \u00e9quipe technique qualifi\u00e9e, associ\u00e9e \u00e0 des \u00e9quipements de pointe, nous permet d'assurer un contr\u00f4le qualit\u00e9 rigoureux \u00e0 chaque \u00e9tape de la production, de la s\u00e9lection des mati\u00e8res premi\u00e8res au contr\u00f4le final. Cet engagement envers l'excellence nous a valu des certifications et des distinctions des autorit\u00e9s du secteur, renfor\u00e7ant ainsi notre r\u00e9putation de partenaire fiable.<\/p>\n<p><img loading=\"lazy\" decoding=\"async\" class=\"alignnone size-full wp-image-6720\" src=\"https:\/\/fmp-components.com\/wp-content\/uploads\/2025\/03\/hydraulic-cylinder-8.webp\" alt=\"V\u00e9rins hydrauliques t\u00e9lescopiques\" width=\"933\" height=\"526\" title=\"\" srcset=\"https:\/\/fmp-components.com\/wp-content\/uploads\/2025\/03\/hydraulic-cylinder-8.webp 933w, https:\/\/fmp-components.com\/wp-content\/uploads\/2025\/03\/hydraulic-cylinder-8-480x271.webp 480w\" sizes=\"(min-width: 0px) and (max-width: 480px) 480px, (min-width: 481px) 933px, 100vw\" \/><\/p>\n<p>Notre mission est \u00e0 la fois simple et ambitieuse\u00a0: fournir des v\u00e9rins hydrauliques qui surpassent les attentes en termes de performance, de durabilit\u00e9 et de rapport qualit\u00e9-prix. Guid\u00e9s par des principes de professionnalisme, d'int\u00e9grit\u00e9 et d'orientation client, nous cultivons une culture d'innovation et de pr\u00e9cision, perfectionnant continuellement nos produits pour conserver une longueur d'avance sur un march\u00e9 concurrentiel. Gr\u00e2ce \u00e0 une gamme compl\u00e8te de produits et \u00e0 notre capacit\u00e9 \u00e0 proposer des solutions sur mesure, nous sommes le choix privil\u00e9gi\u00e9 des entreprises \u00e0 la recherche de v\u00e9rins hydrauliques hautes performances.<\/p>\n<p>FMP est plus qu'un simple fabricant\u00a0; nous sommes le partenaire de votre r\u00e9ussite. Nous savons que nos clients comptent sur nous pour leur fournir des outils qui am\u00e9liorent leur productivit\u00e9 et leur s\u00e9curit\u00e9. C'est pourquoi nous nous engageons \u00e0 fournir non seulement des produits haut de gamme, mais aussi un service exceptionnel. De la consultation initiale au service apr\u00e8s-vente, nous collaborons \u00e9troitement avec nos clients pour r\u00e9pondre \u00e0 leurs besoins avec professionnalisme et attention. Nos prix comp\u00e9titifs, combin\u00e9s \u00e0 notre engagement ind\u00e9fectible envers la qualit\u00e9, font de FMP le choix id\u00e9al pour les entreprises souhaitant investir dans des solutions hydrauliques fiables.<\/p>","protected":false},"excerpt":{"rendered":"<p>Quality Manufacturing 4 Stage Dump Trailer Hydraulic Cylinder The Quality Manufacturing 4 Stage Dump Trailer Hydraulic Cylinder is a high-performance, multi-stage hydraulic cylinder designed for heavy-duty applications. It is ideal for use in machinery repair shops, farms, energy and mining industries, machinery manufacturing, and factories. Function and Importance This hydraulic cylinder plays a crucial role [&hellip;]<\/p>","protected":false},"featured_media":6744,"comment_status":"closed","ping_status":"closed","template":"","meta":{"_et_pb_use_builder":"","_et_pb_old_content":"","_et_gb_content_width":""},"product_brand":[],"product_cat":[103],"product_tag":[34,105],"class_list":{"0":"post-6550","1":"product","2":"type-product","3":"status-publish","4":"has-post-thumbnail","6":"product_cat-telescopic-hydraulic-cylinders","7":"product_tag-hydraulic-cylinder","8":"product_tag-telescopic-hydraulic-cylinders","10":"first","11":"instock","12":"product-type-simple"},"_links":{"self":[{"href":"https:\/\/fmp-components.com\/fr\/wp-json\/wp\/v2\/product\/6550","targetHints":{"allow":["GET"]}}],"collection":[{"href":"https:\/\/fmp-components.com\/fr\/wp-json\/wp\/v2\/product"}],"about":[{"href":"https:\/\/fmp-components.com\/fr\/wp-json\/wp\/v2\/types\/product"}],"replies":[{"embeddable":true,"href":"https:\/\/fmp-components.com\/fr\/wp-json\/wp\/v2\/comments?post=6550"}],"wp:featuredmedia":[{"embeddable":true,"href":"https:\/\/fmp-components.com\/fr\/wp-json\/wp\/v2\/media\/6744"}],"wp:attachment":[{"href":"https:\/\/fmp-components.com\/fr\/wp-json\/wp\/v2\/media?parent=6550"}],"wp:term":[{"taxonomy":"product_brand","embeddable":true,"href":"https:\/\/fmp-components.com\/fr\/wp-json\/wp\/v2\/product_brand?post=6550"},{"taxonomy":"product_cat","embeddable":true,"href":"https:\/\/fmp-components.com\/fr\/wp-json\/wp\/v2\/product_cat?post=6550"},{"taxonomy":"product_tag","embeddable":true,"href":"https:\/\/fmp-components.com\/fr\/wp-json\/wp\/v2\/product_tag?post=6550"}],"curies":[{"name":"wp","href":"https:\/\/api.w.org\/{rel}","templated":true}]}}