{"id":6549,"date":"2025-03-11T06:29:39","date_gmt":"2025-03-11T06:29:39","guid":{"rendered":"https:\/\/fmp-components.com\/product\/factory-direct-sale-4-stage-flatbed-tow-truck-hydraulic-cylinder"},"modified":"2025-03-18T01:05:40","modified_gmt":"2025-03-18T01:05:40","slug":"factory-direct-sale-4-stage-flatbed-tow-truck-hydraulic-cylinder","status":"publish","type":"product","link":"https:\/\/fmp-components.com\/fr\/product\/factory-direct-sale-4-stage-flatbed-tow-truck-hydraulic-cylinder\/","title":{"rendered":"Vente directe d'usine : v\u00e9rin hydraulique pour camion de d\u00e9pannage \u00e0 plateau \u00e0 4 \u00e9tages"},"content":{"rendered":"<h2>Vente directe d'usine : v\u00e9rin hydraulique pour camion de d\u00e9pannage \u00e0 plateau \u00e0 4 \u00e9tages<\/h2>\n<p>D\u00e9couvrez le v\u00e9rin hydraulique \u00e0 quatre \u00e9tages pour d\u00e9panneuse \u00e0 plateau, notre nouveaut\u00e9 2025. Ce v\u00e9rin multi-\u00e9tages est un composant essentiel pour les ateliers de r\u00e9paration de machines, les exploitations agricoles, les secteurs de l'\u00e9nergie et des mines, la fabrication de machines et les usines de m\u00e9canique. Fabriqu\u00e9 en acier robuste, il est con\u00e7u pour r\u00e9sister \u00e0 une utilisation intensive et aux conditions les plus difficiles.<\/p>\n<h3>Principales caract\u00e9ristiques et avantages<\/h3>\n<ul>\n<li>Structure standard du piston et du cylindre pour des performances optimales<\/li>\n<li>Puissance hydraulique pour un fonctionnement efficace<\/li>\n<li>Capacit\u00e9 de pouss\u00e9e maximale de 3000 et force de traction maximale de 20 tonnes<\/li>\n<li>Certifi\u00e9 ISO9001:2000 pour l'assurance qualit\u00e9<\/li>\n<li>Finition noire pour un aspect professionnel<\/li>\n<\/ul>\n<h3>Sp\u00e9cifications techniques<\/h3>\n<table style=\"width: 99.9673%;\" border=\"\">\n<tbody>\n<tr>\n<td style=\"width: 42.9379%;\"><i>Taille de l&#039;al\u00e9sage<\/i><\/td>\n<td style=\"width: 474.011%;\">2 \u00e0 6 pouces<\/td>\n<\/tr>\n<tr>\n<td style=\"width: 42.9379%;\"><i>Taille de la tige<\/i><\/td>\n<td style=\"width: 474.011%;\">1,125-4 pouces<\/td>\n<\/tr>\n<tr>\n<td style=\"width: 42.9379%;\"><i>Taille de la course<\/i><\/td>\n<td style=\"width: 474.011%;\">4 \u00e0 100 pouces<\/td>\n<\/tr>\n<tr>\n<td style=\"width: 42.9379%;\"><i>Taille de la broche<\/i><\/td>\n<td style=\"width: 474.011%;\">0,5 \u00e0 2 pouces<\/td>\n<\/tr>\n<tr>\n<td style=\"width: 42.9379%;\"><i>Ports<\/i><\/td>\n<td style=\"width: 474.011%;\">G\/SAE\/NPT\/M<\/td>\n<\/tr>\n<\/tbody>\n<\/table>\n<h2>Syst\u00e8mes hydrauliques avanc\u00e9s<\/h2>\n<p>Notre v\u00e9rin hydraulique \u00e0 quatre \u00e9tages pour d\u00e9panneuse \u00e0 plateau fonctionne gr\u00e2ce \u00e0 des syst\u00e8mes hydrauliques de pointe, reconnus pour leur puissance, leur pr\u00e9cision et leur efficacit\u00e9. L'hydraulique utilise la force d'un fluide incompressible pour g\u00e9n\u00e9rer force et mouvement, offrant ainsi un contr\u00f4le et une s\u00e9curit\u00e9 sup\u00e9rieurs dans de nombreuses applications.<\/p>\n<p><img loading=\"lazy\" decoding=\"async\" class=\"alignnone wp-image-6665\" src=\"https:\/\/fmp-components.com\/wp-content\/uploads\/2025\/03\/telescopic-hydraulic-cylinder-9.webp\" alt=\"v\u00e9rin hydraulique t\u00e9lescopique\" width=\"981\" height=\"981\" title=\"\" srcset=\"https:\/\/fmp-components.com\/wp-content\/uploads\/2025\/03\/telescopic-hydraulic-cylinder-9.webp 981w, https:\/\/fmp-components.com\/wp-content\/uploads\/2025\/03\/telescopic-hydraulic-cylinder-9-480x480.webp 480w\" sizes=\"(min-width: 0px) and (max-width: 480px) 480px, (min-width: 481px) 981px, 100vw\" \/><\/p>\n<h2>Applications du v\u00e9rin hydraulique<\/h2>\n<p>Ce v\u00e9rin hydraulique est polyvalent et peut \u00eatre utilis\u00e9 dans divers secteurs d'activit\u00e9 tels que la construction, la fabrication et l'agriculture pour des t\u00e2ches n\u00e9cessitant un mouvement puissant et pr\u00e9cis.<\/p>\n<h2>V\u00e9rins hydrauliques et groupes motopropulseurs<\/h2>\n<p>Nos v\u00e9rins et groupes hydrauliques sont des \u00e9l\u00e9ments essentiels des syst\u00e8mes hydrauliques. Ils fonctionnent de concert pour garantir la large diffusion de la technologie hydraulique dans le secteur industriel, en fournissant une alimentation et un contr\u00f4le fiables pour divers \u00e9quipements d'ing\u00e9nierie et m\u00e9caniques.<\/p>\n<h2>Questions fr\u00e9quemment pos\u00e9es<\/h2>\n<dl>\n<dt>Q : Quel est le d\u00e9lai de livraison ?<\/dt>\n<dd>A: Le d\u00e9lai de livraison est g\u00e9n\u00e9ralement de 25 \u00e0 35 jours.<\/dd>\n<dt>Q : Fournissez-vous des \u00e9chantillons ?<\/dt>\n<dd>R : Oui, nous fournissons des \u00e9chantillons, mais ils ne sont pas gratuits.<\/dd>\n<dt>Q : Pouvez-vous produire selon les \u00e9chantillons ?<\/dt>\n<dd>R: Oui, nous pouvons produire selon vos \u00e9chantillons ou vos dessins techniques.<\/dd>\n<\/dl>\n<h3>\u00c0 propos de FMP<\/h3>\n<p>FMP est un fabricant italien de premier plan, reconnu pour la conception, le d\u00e9veloppement et la production de v\u00e9rins hydrauliques de haute qualit\u00e9. Forts de plusieurs d\u00e9cennies d'expertise, nous allions savoir-faire italien traditionnel et technologie de pointe pour proposer des solutions hydrauliques exceptionnelles, adapt\u00e9es aux besoins vari\u00e9s de notre client\u00e8le internationale. Implant\u00e9e en Italie, p\u00f4le d'excellence en ing\u00e9nierie, FMP s'est impos\u00e9e comme une r\u00e9f\u00e9rence dans le secteur hydraulique, s'engageant \u00e0 fournir des produits fiables, durables et innovants qui dynamisent les entreprises du monde entier.<\/p>\n<p>Nous allions le meilleur des traditions de fabrication de pointe \u00e0 une approche avant-gardiste. Fort de notre vaste exp\u00e9rience dans les syst\u00e8mes hydrauliques, FMP est devenue une entreprise moderne qui excelle en recherche, conception et production. Notre sp\u00e9cialisation comprend une large gamme de v\u00e9rins hydrauliques, tels que des v\u00e9rins \u00e0 double effet, des v\u00e9rins de levage pour automobiles et pour machines agricoles, ainsi que des solutions sur mesure pour diverses applications industrielles. Con\u00e7us pour fonctionner dans les conditions les plus difficiles, nos v\u00e9rins hydrauliques garantissent s\u00e9curit\u00e9, efficacit\u00e9 et long\u00e9vit\u00e9 dans des secteurs tels que la construction, les installations industrielles, l'agriculture et les machines lourdes.<\/p>\n<p>Chez FMP, nous sommes fiers de nos installations de production ultramodernes, \u00e9quip\u00e9es de machines de pr\u00e9cision et de syst\u00e8mes de test avanc\u00e9s. Nos processus de fabrication respectent des normes nationales et internationales strictes, garantissant que chaque v\u00e9rin hydraulique quittant notre usine r\u00e9pond aux normes de qualit\u00e9 et de fiabilit\u00e9 les plus strictes. Notre \u00e9quipe technique qualifi\u00e9e, associ\u00e9e \u00e0 des \u00e9quipements de pointe, nous permet d'assurer un contr\u00f4le qualit\u00e9 rigoureux \u00e0 chaque \u00e9tape de la production, de la s\u00e9lection des mati\u00e8res premi\u00e8res au contr\u00f4le final. Cet engagement envers l'excellence nous a valu des certifications et des distinctions des autorit\u00e9s du secteur, renfor\u00e7ant ainsi notre r\u00e9putation de partenaire fiable.<\/p>\n<p><img loading=\"lazy\" decoding=\"async\" class=\"alignnone size-full wp-image-6720\" src=\"https:\/\/fmp-components.com\/wp-content\/uploads\/2025\/03\/hydraulic-cylinder-8.webp\" alt=\"V\u00e9rins hydrauliques t\u00e9lescopiques\" width=\"933\" height=\"526\" title=\"\" srcset=\"https:\/\/fmp-components.com\/wp-content\/uploads\/2025\/03\/hydraulic-cylinder-8.webp 933w, https:\/\/fmp-components.com\/wp-content\/uploads\/2025\/03\/hydraulic-cylinder-8-480x271.webp 480w\" sizes=\"(min-width: 0px) and (max-width: 480px) 480px, (min-width: 481px) 933px, 100vw\" \/><\/p>\n<p>Notre mission est \u00e0 la fois simple et ambitieuse\u00a0: fournir des v\u00e9rins hydrauliques qui surpassent les attentes en termes de performance, de durabilit\u00e9 et de rapport qualit\u00e9-prix. Guid\u00e9s par des principes de professionnalisme, d'int\u00e9grit\u00e9 et d'orientation client, nous cultivons une culture d'innovation et de pr\u00e9cision, perfectionnant continuellement nos produits pour conserver une longueur d'avance sur un march\u00e9 concurrentiel. Gr\u00e2ce \u00e0 une gamme compl\u00e8te de produits et \u00e0 notre capacit\u00e9 \u00e0 proposer des solutions sur mesure, nous sommes le choix privil\u00e9gi\u00e9 des entreprises \u00e0 la recherche de v\u00e9rins hydrauliques hautes performances.<\/p>\n<p>FMP est plus qu'un simple fabricant\u00a0; nous sommes le partenaire de votre r\u00e9ussite. Nous savons que nos clients comptent sur nous pour leur fournir des outils qui am\u00e9liorent leur productivit\u00e9 et leur s\u00e9curit\u00e9. C'est pourquoi nous nous engageons \u00e0 fournir non seulement des produits haut de gamme, mais aussi un service exceptionnel. De la consultation initiale au service apr\u00e8s-vente, nous collaborons \u00e9troitement avec nos clients pour r\u00e9pondre \u00e0 leurs besoins avec professionnalisme et attention. Nos prix comp\u00e9titifs, combin\u00e9s \u00e0 notre engagement ind\u00e9fectible envers la qualit\u00e9, font de FMP le choix id\u00e9al pour les entreprises souhaitant investir dans des solutions hydrauliques fiables.<\/p>","protected":false},"excerpt":{"rendered":"<p>Factory Direct Sale 4 Stage Flatbed Tow Truck Hydraulic Cylinder Introducing the 4 Stage Flatbed Tow Truck hydraulic cylinder, our newest product for 2025. This multistage hydraulic cylinder is an essential component for machinery repair shops, farms, energy &amp; mining, machinery manufacturing, and machinery factories. It&#8217;s made of durable steel, ensuring it can withstand heavy [&hellip;]<\/p>","protected":false},"featured_media":6742,"comment_status":"closed","ping_status":"closed","template":"","meta":{"_et_pb_use_builder":"","_et_pb_old_content":"","_et_gb_content_width":""},"product_brand":[],"product_cat":[103],"product_tag":[34,105],"class_list":{"0":"post-6549","1":"product","2":"type-product","3":"status-publish","4":"has-post-thumbnail","6":"product_cat-telescopic-hydraulic-cylinders","7":"product_tag-hydraulic-cylinder","8":"product_tag-telescopic-hydraulic-cylinders","10":"first","11":"instock","12":"product-type-simple"},"_links":{"self":[{"href":"https:\/\/fmp-components.com\/fr\/wp-json\/wp\/v2\/product\/6549","targetHints":{"allow":["GET"]}}],"collection":[{"href":"https:\/\/fmp-components.com\/fr\/wp-json\/wp\/v2\/product"}],"about":[{"href":"https:\/\/fmp-components.com\/fr\/wp-json\/wp\/v2\/types\/product"}],"replies":[{"embeddable":true,"href":"https:\/\/fmp-components.com\/fr\/wp-json\/wp\/v2\/comments?post=6549"}],"wp:featuredmedia":[{"embeddable":true,"href":"https:\/\/fmp-components.com\/fr\/wp-json\/wp\/v2\/media\/6742"}],"wp:attachment":[{"href":"https:\/\/fmp-components.com\/fr\/wp-json\/wp\/v2\/media?parent=6549"}],"wp:term":[{"taxonomy":"product_brand","embeddable":true,"href":"https:\/\/fmp-components.com\/fr\/wp-json\/wp\/v2\/product_brand?post=6549"},{"taxonomy":"product_cat","embeddable":true,"href":"https:\/\/fmp-components.com\/fr\/wp-json\/wp\/v2\/product_cat?post=6549"},{"taxonomy":"product_tag","embeddable":true,"href":"https:\/\/fmp-components.com\/fr\/wp-json\/wp\/v2\/product_tag?post=6549"}],"curies":[{"name":"wp","href":"https:\/\/api.w.org\/{rel}","templated":true}]}}