{"id":6547,"date":"2025-03-11T06:29:39","date_gmt":"2025-03-11T06:29:39","guid":{"rendered":"https:\/\/fmp-components.com\/product\/factory-direct-sale-hydraulic-telescope-cylinder-dump-truck-multistage-hydraulic-cylinder"},"modified":"2025-03-12T06:19:29","modified_gmt":"2025-03-12T06:19:29","slug":"factory-direct-sale-hydraulic-telescope-cylinder-dump-truck-multistage-hydraulic-cylinder","status":"publish","type":"product","link":"https:\/\/fmp-components.com\/fr\/product\/factory-direct-sale-hydraulic-telescope-cylinder-dump-truck-multistage-hydraulic-cylinder\/","title":{"rendered":"Vente directe d'usine v\u00e9rin t\u00e9lescopique hydraulique v\u00e9rin hydraulique multi-\u00e9tages pour camion \u00e0 benne basculante"},"content":{"rendered":"<h2>Vente directe d'usine v\u00e9rin t\u00e9lescopique hydraulique v\u00e9rin hydraulique multi-\u00e9tages pour camion \u00e0 benne basculante<\/h2>\n<p>Directement sorti d'usine, notre tout nouveau v\u00e9rin hydraulique t\u00e9lescopique multi-\u00e9tages pour camion-benne est essentiel pour diverses industries, notamment les ateliers de r\u00e9paration de machines, les exploitations agricoles, l'\u00e9nergie et l'exploitation mini\u00e8re, la fabrication de machines et les usines de machines.<\/p>\n<h3>Sp\u00e9cifications du produit<\/h3>\n<p>Ce v\u00e9rin hydraulique multicellulaire, de conception standard et fabriqu\u00e9 en acier, fonctionne \u00e0 l'aide d'un syst\u00e8me hydraulique. Il offre une pouss\u00e9e maximale de 3\u00a0000 Nm et une force de traction maximale de 20 tonnes. Avec un al\u00e9sage de 2 \u00e0 6 pouces et un diam\u00e8tre de tige de 1,125 \u00e0 4 pouces, ce v\u00e9rin hydraulique est con\u00e7u pour les applications exigeantes.<\/p>\n<h3>Param\u00e8tres techniques<\/h3>\n<table style=\"width: 97.5804%;\" border=\"\">\n<tbody>\n<tr>\n<td style=\"width: 42.9379%;\"><i>Taille de l&#039;al\u00e9sage<\/i><\/td>\n<td style=\"width: 461.582%;\">2 \u00e0 6 pouces<\/td>\n<\/tr>\n<tr>\n<td style=\"width: 42.9379%;\"><i>Taille de la tige<\/i><\/td>\n<td style=\"width: 461.582%;\">1,125-4 pouces<\/td>\n<\/tr>\n<tr>\n<td style=\"width: 42.9379%;\"><i>Taille de la course<\/i><\/td>\n<td style=\"width: 461.582%;\">4 \u00e0 100 pouces<\/td>\n<\/tr>\n<tr>\n<td style=\"width: 42.9379%;\"><i>Taille de la broche<\/i><\/td>\n<td style=\"width: 461.582%;\">0,5 \u00e0 2 pouces<\/td>\n<\/tr>\n<tr>\n<td style=\"width: 42.9379%;\"><i>Ports<\/i><\/td>\n<td style=\"width: 461.582%;\">G\/SAE\/NPT\/M<\/td>\n<\/tr>\n<\/tbody>\n<\/table>\n<h2>Caract\u00e9ristiques et avantages uniques<\/h2>\n<ul>\n<li>\u00c9conomie d'\u00e9nergie<\/li>\n<li>Performance efficace<\/li>\n<li>normes de s\u00e9curit\u00e9 \u00e9lev\u00e9es<\/li>\n<\/ul>\n<h2>Applications et utilisation<\/h2>\n<p>Notre v\u00e9rin hydraulique t\u00e9lescopique multi-\u00e9tages pour camion-benne trouve son application dans diverses industries et sert \u00e0 des fins diff\u00e9rentes telles que la r\u00e9paration de machines, l'agriculture, l'\u00e9nergie et l'exploitation mini\u00e8re, la fabrication de machines et dans les usines de machines.<\/p>\n<p><img loading=\"lazy\" decoding=\"async\" class=\"alignnone  wp-image-6664\" src=\"https:\/\/fmp-components.com\/wp-content\/uploads\/2025\/03\/telescopic-hydraulic-cylinder-8.webp\" alt=\"v\u00e9rin hydraulique t\u00e9lescopique\" width=\"899\" height=\"899\" title=\"\" srcset=\"https:\/\/fmp-components.com\/wp-content\/uploads\/2025\/03\/telescopic-hydraulic-cylinder-8.webp 899w, https:\/\/fmp-components.com\/wp-content\/uploads\/2025\/03\/telescopic-hydraulic-cylinder-8-480x480.webp 480w\" sizes=\"(min-width: 0px) and (max-width: 480px) 480px, (min-width: 481px) 899px, 100vw\" \/><\/p>\n<h2>V\u00e9rins hydrauliques et groupes motopropulseurs<\/h2>\n<p>Les v\u00e9rins et les centrales hydrauliques font partie int\u00e9grante du syst\u00e8me hydraulique. Fonctionnant de concert, ils assurent la large application de la technologie hydraulique dans le secteur industriel, en fournissant une alimentation et une commande fiables pour divers \u00e9quipements m\u00e9caniques et d'ing\u00e9nierie.<\/p>\n<h2>FAQ<\/h2>\n<p><b>Q : Quel est votre d\u00e9lai de livraison ?<\/b><br \/>\nR : En g\u00e9n\u00e9ral, cela prend entre 25 et 35 jours.<\/p>\n<p><b>Q : Fournissez-vous des \u00e9chantillons ?<\/b><br \/>\nR : Oui, nous pourrions proposer l&#039;\u00e9chantillon mais ce n&#039;est pas gratuit.<\/p>\n<p><b>Q : Pouvez-vous produire selon les \u00e9chantillons ?<\/b><br \/>\nR : Oui, nous pouvons produire \u00e0 partir de vos \u00e9chantillons ou de vos plans techniques. Nous pouvons fabriquer les moules et les montages.<\/p>\n<p>Nous vous invitons \u00e0 d\u00e9couvrir notre produit et \u00e0 nous contacter pour tout achat. D\u00e9couvrez la diff\u00e9rence qu'un v\u00e9rin hydraulique de qualit\u00e9 peut apporter \u00e0 vos op\u00e9rations commerciales.<\/p>\n<h3>\u00c0 propos de FMP<\/h3>\n<p>FMP est un fabricant italien de premier plan, reconnu pour la conception, le d\u00e9veloppement et la production de v\u00e9rins hydrauliques de haute qualit\u00e9. Forts de plusieurs d\u00e9cennies d'expertise, nous allions savoir-faire italien traditionnel et technologie de pointe pour proposer des solutions hydrauliques exceptionnelles, adapt\u00e9es aux besoins vari\u00e9s de notre client\u00e8le internationale. Implant\u00e9e en Italie, p\u00f4le d'excellence en ing\u00e9nierie, FMP s'est impos\u00e9e comme une r\u00e9f\u00e9rence dans le secteur hydraulique, s'engageant \u00e0 fournir des produits fiables, durables et innovants qui dynamisent les entreprises du monde entier.<\/p>\n<p>Nous allions le meilleur des traditions de fabrication de pointe \u00e0 une approche avant-gardiste. Fort de notre vaste exp\u00e9rience dans les syst\u00e8mes hydrauliques, FMP est devenue une entreprise moderne qui excelle en recherche, conception et production. Notre sp\u00e9cialisation comprend une large gamme de v\u00e9rins hydrauliques, tels que des v\u00e9rins \u00e0 double effet, des v\u00e9rins de levage pour automobiles et pour machines agricoles, ainsi que des solutions sur mesure pour diverses applications industrielles. Con\u00e7us pour fonctionner dans les conditions les plus difficiles, nos v\u00e9rins hydrauliques garantissent s\u00e9curit\u00e9, efficacit\u00e9 et long\u00e9vit\u00e9 dans des secteurs tels que la construction, les installations industrielles, l'agriculture et les machines lourdes.<\/p>\n<p>Chez FMP, nous sommes fiers de nos installations de production ultramodernes, \u00e9quip\u00e9es de machines de pr\u00e9cision et de syst\u00e8mes de test avanc\u00e9s. Nos processus de fabrication respectent des normes nationales et internationales strictes, garantissant que chaque v\u00e9rin hydraulique quittant notre usine r\u00e9pond aux normes de qualit\u00e9 et de fiabilit\u00e9 les plus strictes. Notre \u00e9quipe technique qualifi\u00e9e, associ\u00e9e \u00e0 des \u00e9quipements de pointe, nous permet d'assurer un contr\u00f4le qualit\u00e9 rigoureux \u00e0 chaque \u00e9tape de la production, de la s\u00e9lection des mati\u00e8res premi\u00e8res au contr\u00f4le final. Cet engagement envers l'excellence nous a valu des certifications et des distinctions des autorit\u00e9s du secteur, renfor\u00e7ant ainsi notre r\u00e9putation de partenaire fiable.<\/p>\n<p><img loading=\"lazy\" decoding=\"async\" class=\"alignnone size-full wp-image-6720\" src=\"https:\/\/fmp-components.com\/wp-content\/uploads\/2025\/03\/hydraulic-cylinder-8.webp\" alt=\"V\u00e9rins hydrauliques t\u00e9lescopiques\" width=\"933\" height=\"526\" title=\"\" srcset=\"https:\/\/fmp-components.com\/wp-content\/uploads\/2025\/03\/hydraulic-cylinder-8.webp 933w, https:\/\/fmp-components.com\/wp-content\/uploads\/2025\/03\/hydraulic-cylinder-8-480x271.webp 480w\" sizes=\"(min-width: 0px) and (max-width: 480px) 480px, (min-width: 481px) 933px, 100vw\" \/><\/p>\n<p>Notre mission est \u00e0 la fois simple et ambitieuse\u00a0: fournir des v\u00e9rins hydrauliques qui surpassent les attentes en termes de performance, de durabilit\u00e9 et de rapport qualit\u00e9-prix. Guid\u00e9s par des principes de professionnalisme, d'int\u00e9grit\u00e9 et d'orientation client, nous cultivons une culture d'innovation et de pr\u00e9cision, perfectionnant continuellement nos produits pour conserver une longueur d'avance sur un march\u00e9 concurrentiel. Gr\u00e2ce \u00e0 une gamme compl\u00e8te de produits et \u00e0 notre capacit\u00e9 \u00e0 proposer des solutions sur mesure, nous sommes le choix privil\u00e9gi\u00e9 des entreprises \u00e0 la recherche de v\u00e9rins hydrauliques hautes performances.<\/p>\n<p>FMP est plus qu'un simple fabricant\u00a0; nous sommes le partenaire de votre r\u00e9ussite. Nous savons que nos clients comptent sur nous pour leur fournir des outils qui am\u00e9liorent leur productivit\u00e9 et leur s\u00e9curit\u00e9. C'est pourquoi nous nous engageons \u00e0 fournir non seulement des produits haut de gamme, mais aussi un service exceptionnel. De la consultation initiale au service apr\u00e8s-vente, nous collaborons \u00e9troitement avec nos clients pour r\u00e9pondre \u00e0 leurs besoins avec professionnalisme et attention. Nos prix comp\u00e9titifs, combin\u00e9s \u00e0 notre engagement ind\u00e9fectible envers la qualit\u00e9, font de FMP le choix id\u00e9al pour les entreprises souhaitant investir dans des solutions hydrauliques fiables.<\/p>","protected":false},"excerpt":{"rendered":"<p>Vente directe d'usine : V\u00e9rin hydraulique t\u00e9lescopique multicellulaire pour camion-benne. Directement de l'usine, notre tout nouveau v\u00e9rin hydraulique t\u00e9lescopique multicellulaire pour camion-benne est indispensable \u00e0 diverses industries, notamment les ateliers de r\u00e9paration de machines, les exploitations agricoles, l'\u00e9nergie et les mines, la fabrication de machines et les usines de machines. Sp\u00e9cifications du produit : Ce v\u00e9rin hydraulique multicellulaire est de structure standard, fabriqu\u00e9 en [\u2026]<\/p>","protected":false},"featured_media":6738,"comment_status":"closed","ping_status":"closed","template":"","meta":{"_et_pb_use_builder":"","_et_pb_old_content":"","_et_gb_content_width":""},"product_brand":[],"product_cat":[103],"product_tag":[34,105],"class_list":{"0":"post-6547","1":"product","2":"type-product","3":"status-publish","4":"has-post-thumbnail","6":"product_cat-telescopic-hydraulic-cylinders","7":"product_tag-hydraulic-cylinder","8":"product_tag-telescopic-hydraulic-cylinders","10":"first","11":"instock","12":"product-type-simple"},"_links":{"self":[{"href":"https:\/\/fmp-components.com\/fr\/wp-json\/wp\/v2\/product\/6547","targetHints":{"allow":["GET"]}}],"collection":[{"href":"https:\/\/fmp-components.com\/fr\/wp-json\/wp\/v2\/product"}],"about":[{"href":"https:\/\/fmp-components.com\/fr\/wp-json\/wp\/v2\/types\/product"}],"replies":[{"embeddable":true,"href":"https:\/\/fmp-components.com\/fr\/wp-json\/wp\/v2\/comments?post=6547"}],"wp:featuredmedia":[{"embeddable":true,"href":"https:\/\/fmp-components.com\/fr\/wp-json\/wp\/v2\/media\/6738"}],"wp:attachment":[{"href":"https:\/\/fmp-components.com\/fr\/wp-json\/wp\/v2\/media?parent=6547"}],"wp:term":[{"taxonomy":"product_brand","embeddable":true,"href":"https:\/\/fmp-components.com\/fr\/wp-json\/wp\/v2\/product_brand?post=6547"},{"taxonomy":"product_cat","embeddable":true,"href":"https:\/\/fmp-components.com\/fr\/wp-json\/wp\/v2\/product_cat?post=6547"},{"taxonomy":"product_tag","embeddable":true,"href":"https:\/\/fmp-components.com\/fr\/wp-json\/wp\/v2\/product_tag?post=6547"}],"curies":[{"name":"wp","href":"https:\/\/api.w.org\/{rel}","templated":true}]}}