{"id":6545,"date":"2025-03-11T06:28:19","date_gmt":"2025-03-11T06:28:19","guid":{"rendered":"https:\/\/fmp-components.com\/product\/chinese-factory-dump-truck-hydraulic-cylinders-multistage-hydraulic-cylinder-for-sale"},"modified":"2025-03-18T02:11:48","modified_gmt":"2025-03-18T02:11:48","slug":"italian-factory-dump-truck-hydraulic-cylinders-multistage-hydraulic-cylinder-for-sale","status":"publish","type":"product","link":"https:\/\/fmp-components.com\/fr\/product\/italian-factory-dump-truck-hydraulic-cylinders-multistage-hydraulic-cylinder-for-sale\/","title":{"rendered":"V\u00e9rins hydrauliques multi-\u00e9tages pour camions \u00e0 benne basculante d'usine italienne \u00e0 vendre"},"content":{"rendered":"<h2>V\u00e9rins hydrauliques multi-\u00e9tages pour camions \u00e0 benne basculante d'usine italienne \u00e0 vendre<\/h2>\n<p>Nous vous pr\u00e9sentons nos v\u00e9rins hydrauliques multi-\u00e9tag\u00e9s haut de gamme pour camions-bennes, fabriqu\u00e9s en Italie. Con\u00e7us avec expertise et polyvalents, nos v\u00e9rins hydrauliques sont con\u00e7us pour r\u00e9pondre aux exigences \u00e9lev\u00e9es de divers secteurs d'activit\u00e9.<\/p>\n<h3>Caract\u00e9ristiques et fonctions<\/h3>\n<p>Notre v\u00e9rin hydraulique multi-\u00e9tag\u00e9 est indispensable dans les ateliers de r\u00e9paration de machines, les exploitations agricoles, les secteurs de l'\u00e9nergie et des mines, la fabrication de machines et les usines de machines. Ce v\u00e9rin \u00e0 piston standard, aliment\u00e9 par un syst\u00e8me hydraulique, assure un fonctionnement fluide et efficace.<\/p>\n<p><img loading=\"lazy\" decoding=\"async\" class=\"alignnone wp-image-6658\" src=\"https:\/\/fmp-components.com\/wp-content\/uploads\/2025\/03\/telescopic-hydraulic-cylinder-6.webp\" alt=\"v\u00e9rin hydraulique t\u00e9lescopique\" width=\"929\" height=\"929\" title=\"\" srcset=\"https:\/\/fmp-components.com\/wp-content\/uploads\/2025\/03\/telescopic-hydraulic-cylinder-6.webp 929w, https:\/\/fmp-components.com\/wp-content\/uploads\/2025\/03\/telescopic-hydraulic-cylinder-6-480x480.webp 480w\" sizes=\"(min-width: 0px) and (max-width: 480px) 480px, (min-width: 481px) 929px, 100vw\" \/><\/p>\n<h3>Sp\u00e9cifications techniques<\/h3>\n<p>Notre v\u00e9rin hydraulique pr\u00e9sente les caract\u00e9ristiques suivantes :<\/p>\n<table style=\"width: 101.731%; height: 112px;\" border=\"\">\n<tbody>\n<tr>\n<td colspan=\"\" rowspan=\"\"><i>Taille de l&#039;al\u00e9sage<\/i><\/td>\n<td colspan=\"\" rowspan=\"\">2 \u00e0 6 pouces<\/td>\n<\/tr>\n<tr>\n<td colspan=\"\" rowspan=\"\"><i>Taille de la tige<\/i><\/td>\n<td colspan=\"\" rowspan=\"\">1,125-4 pouces<\/td>\n<\/tr>\n<tr>\n<td colspan=\"\" rowspan=\"\"><i>Taille de la course<\/i><\/td>\n<td colspan=\"\" rowspan=\"\">4 \u00e0 100 pouces<\/td>\n<\/tr>\n<tr>\n<td colspan=\"\" rowspan=\"\"><i>Taille de la broche<\/i><\/td>\n<td colspan=\"\" rowspan=\"\">0,5 \u00e0 2 pouces<\/td>\n<\/tr>\n<tr>\n<td colspan=\"\" rowspan=\"\"><i>Ports<\/i><\/td>\n<td colspan=\"\" rowspan=\"\">G\/SAE\/NPT\/M<\/td>\n<\/tr>\n<\/tbody>\n<\/table>\n<h2>Avantages uniques<\/h2>\n<h3>Efficacit\u00e9 \u00e9nerg\u00e9tique<\/h3>\n<p>Nos v\u00e9rins hydrauliques sont con\u00e7us dans un souci d'efficacit\u00e9 \u00e9nerg\u00e9tique. Ils optimisent l'utilisation du fluide hydraulique pour produire une force significative tout en minimisant la consommation d'\u00e9nergie. Cela permet non seulement de r\u00e9duire les co\u00fbts d'exploitation, mais aussi de contribuer \u00e0 la durabilit\u00e9 environnementale en diminuant l'empreinte carbone des activit\u00e9s industrielles. En optimisant la consommation d'\u00e9nergie, nos v\u00e9rins permettent aux entreprises d'atteindre leurs objectifs op\u00e9rationnels sans gaspillage inutile.<\/p>\n<h3>Tr\u00e8s efficace<\/h3>\n<p>Outre leur efficacit\u00e9 \u00e9nerg\u00e9tique, nos v\u00e9rins hydrauliques sont con\u00e7us pour offrir un rendement \u00e9lev\u00e9. Leurs temps de r\u00e9ponse rapides et leur contr\u00f4le pr\u00e9cis garantissent un fonctionnement fluide et efficace dans une large gamme d'applications. Cette efficacit\u00e9 se traduit par une productivit\u00e9 accrue, les t\u00e2ches \u00e9tant r\u00e9alis\u00e9es plus rapidement et avec une plus grande pr\u00e9cision. Nos v\u00e9rins hydrauliques sont con\u00e7us pour r\u00e9sister aux conditions les plus exigeantes, garantissant ainsi leur fiabilit\u00e9, m\u00eame dans les environnements les plus exigeants.<\/p>\n<h3>S\u00fbr et fiable<\/h3>\n<p>La s\u00e9curit\u00e9 et la fiabilit\u00e9 sont primordiales dans les applications industrielles, et nos v\u00e9rins hydrauliques sont con\u00e7us pour r\u00e9pondre \u00e0 ces normes critiques. Fabriqu\u00e9s avec des mat\u00e9riaux de haute qualit\u00e9 et des techniques d'ing\u00e9nierie avanc\u00e9es, ils garantissent durabilit\u00e9 et long\u00e9vit\u00e9. De plus, chaque v\u00e9rin est soumis \u00e0 des tests rigoureux pour garantir sa r\u00e9sistance aux pressions \u00e9lev\u00e9es et aux charges lourdes. Cet engagement en mati\u00e8re de s\u00e9curit\u00e9 permet \u00e0 nos clients d'utiliser leurs machines en toute confiance, sachant que nos solutions hydrauliques fonctionneront de mani\u00e8re fiable.<\/p>\n<p><img loading=\"lazy\" decoding=\"async\" class=\"alignnone wp-image-6657\" src=\"https:\/\/fmp-components.com\/wp-content\/uploads\/2025\/03\/telescopic-hydraulic-cylinder-3.webp\" alt=\"v\u00e9rin hydraulique t\u00e9lescopique\" width=\"904\" height=\"904\" title=\"\" srcset=\"https:\/\/fmp-components.com\/wp-content\/uploads\/2025\/03\/telescopic-hydraulic-cylinder-3.webp 904w, https:\/\/fmp-components.com\/wp-content\/uploads\/2025\/03\/telescopic-hydraulic-cylinder-3-480x480.webp 480w\" sizes=\"(min-width: 0px) and (max-width: 480px) 480px, (min-width: 481px) 904px, 100vw\" \/><\/p>\n<h2>Syst\u00e8me hydraulique et principe de fonctionnement<\/h2>\n<p>Notre v\u00e9rin hydraulique fonctionne selon le principe de la loi de Pascal, selon laquelle toute variation de pression en un point d'un fluide incompressible confin\u00e9 est transmise uniform\u00e9ment \u00e0 tout le fluide. Ce principe fondamental permet au v\u00e9rin hydraulique de g\u00e9n\u00e9rer efficacement un mouvement lin\u00e9aire et une force. La pression du fluide hydraulique cr\u00e9e une force qui d\u00e9place le piston \u00e0 l'int\u00e9rieur du v\u00e9rin, transformant ainsi l'\u00e9nergie hydraulique en mouvement m\u00e9canique. Cette conversion efficace permet des mouvements de levage et de pouss\u00e9e puissants, rendant les syst\u00e8mes hydrauliques largement applicables dans divers secteurs.<\/p>\n<h2>V\u00e9rins hydrauliques et groupes motopropulseurs<\/h2>\n<p>Les v\u00e9rins hydrauliques et les groupes motopropulseurs font partie int\u00e9grante de tout syst\u00e8me hydraulique. Leur synergie est essentielle \u00e0 la g\u00e9n\u00e9ralisation de la technologie hydraulique dans le secteur industriel, fournissant une puissance et un contr\u00f4le fiables pour divers \u00e9quipements d'ing\u00e9nierie et m\u00e9caniques.<\/p>\n<p>Le v\u00e9rin hydraulique agit comme actionneur et convertit l'\u00e9nergie hydraulique en mouvement m\u00e9canique. Il est con\u00e7u pour effectuer diverses t\u00e2ches, du levage de charges lourdes aux mouvements pr\u00e9cis des machines. L'unit\u00e9 de puissance, quant \u00e0 elle, constitue le c\u0153ur du syst\u00e8me hydraulique\u00a0: elle g\u00e9n\u00e8re l'\u00e9nergie n\u00e9cessaire \u00e0 l'entra\u00eenement du fluide hydraulique et assure le bon fonctionnement du syst\u00e8me.<\/p>\n<p>Chez FMP, nous reconnaissons l'importance de ces composants et sommes fiers de proposer \u00e0 la vente des groupes motopropulseurs de haute qualit\u00e9. En fournissant \u00e0 la fois des v\u00e9rins hydrauliques et des groupes motopropulseurs, nous permettons \u00e0 nos clients de cr\u00e9er des syst\u00e8mes hydrauliques enti\u00e8rement int\u00e9gr\u00e9s qui optimisent leurs capacit\u00e9s op\u00e9rationnelles. Cette approche globale permet aux entreprises de tirer parti des avantages de la technologie hydraulique, garantissant ainsi efficacit\u00e9, s\u00e9curit\u00e9 et performance de leurs op\u00e9rations.<\/p>\n<p><img loading=\"lazy\" decoding=\"async\" class=\"alignnone wp-image-6656\" src=\"https:\/\/fmp-components.com\/wp-content\/uploads\/2025\/03\/telescopic-hydraulic-cylinder-5.webp\" alt=\"v\u00e9rin hydraulique t\u00e9lescopique\" width=\"895\" height=\"895\" title=\"\" srcset=\"https:\/\/fmp-components.com\/wp-content\/uploads\/2025\/03\/telescopic-hydraulic-cylinder-5.webp 895w, https:\/\/fmp-components.com\/wp-content\/uploads\/2025\/03\/telescopic-hydraulic-cylinder-5-480x480.webp 480w\" sizes=\"(min-width: 0px) and (max-width: 480px) 480px, (min-width: 481px) 895px, 100vw\" \/><\/p>\n<h2>Questions fr\u00e9quemment pos\u00e9es<\/h2>\n<p>Q : \u00cates-vous une soci\u00e9t\u00e9 commerciale ou un fabricant ?<br \/>\nR : Nous sommes un fabricant.<br \/>\n<img alt=\"\" \/><br \/>\nQ : Quel est votre d\u00e9lai de livraison ?<br \/>\nR : En g\u00e9n\u00e9ral, cela prend entre 25 et 35 jours.<br \/>\nQ\u00a0: Fournissez-vous des \u00e9chantillons\u00a0? Sont-ils gratuits ou en suppl\u00e9ment\u00a0?<br \/>\nR : Oui, nous proposons des \u00e9chantillons, mais ils ne sont pas gratuits.<\/p>\n<h3>\u00c0 propos de FMP<\/h3>\n<p>FMP est un fabricant italien de premier plan sp\u00e9cialis\u00e9 dans la conception, le d\u00e9veloppement et la production de v\u00e9rins hydrauliques de haute qualit\u00e9. Forts de d\u00e9cennies d'expertise, nous allions harmonieusement savoir-faire italien et technologie de pointe pour proposer des solutions hydrauliques exceptionnelles adapt\u00e9es aux besoins vari\u00e9s de notre client\u00e8le internationale. Implant\u00e9e en Italie, haut lieu de l'excellence technique, FMP s'est impos\u00e9e comme une r\u00e9f\u00e9rence dans le secteur hydraulique, s'engageant \u00e0 fournir des produits fiables, durables et innovants qui dynamisent les entreprises du monde entier.<\/p>\n<p>Notre entreprise allie tradition de fabrication avanc\u00e9e et approche avant-gardiste. Forte d'une vaste exp\u00e9rience dans les syst\u00e8mes hydrauliques, FMP est devenue une entreprise moderne qui excelle en recherche, conception et production. Nous proposons une large gamme de v\u00e9rins hydrauliques, notamment des v\u00e9rins \u00e0 double effet, des v\u00e9rins de levage pour automobiles et pour machines agricoles, ainsi que des solutions sur mesure pour diverses applications industrielles. Quel que soit le secteur d'activit\u00e9 (construction, installations industrielles, agriculture ou machines lourdes), nos v\u00e9rins hydrauliques sont con\u00e7us pour fonctionner dans les conditions les plus exigeantes, garantissant s\u00e9curit\u00e9, efficacit\u00e9 et long\u00e9vit\u00e9.<\/p>\n<p><img loading=\"lazy\" decoding=\"async\" class=\"alignnone size-full wp-image-6720\" src=\"https:\/\/fmp-components.com\/wp-content\/uploads\/2025\/03\/hydraulic-cylinder-8.webp\" alt=\"V\u00e9rins hydrauliques t\u00e9lescopiques\" width=\"933\" height=\"526\" title=\"\" srcset=\"https:\/\/fmp-components.com\/wp-content\/uploads\/2025\/03\/hydraulic-cylinder-8.webp 933w, https:\/\/fmp-components.com\/wp-content\/uploads\/2025\/03\/hydraulic-cylinder-8-480x271.webp 480w\" sizes=\"(min-width: 0px) and (max-width: 480px) 480px, (min-width: 481px) 933px, 100vw\" \/><\/p>\n<p>Chez FMP, nous sommes fiers de nos installations de production ultramodernes, \u00e9quip\u00e9es de machines de pr\u00e9cision et de syst\u00e8mes de test avanc\u00e9s. Nos processus de fabrication r\u00e9pondent \u00e0 des normes nationales et internationales rigoureuses, garantissant ainsi la qualit\u00e9 et la fiabilit\u00e9 optimales de chaque v\u00e9rin hydraulique produit. Notre \u00e9quipe technique qualifi\u00e9e, associ\u00e9e \u00e0 des \u00e9quipements de pointe, nous permet d'assurer un contr\u00f4le qualit\u00e9 rigoureux \u00e0 chaque \u00e9tape de la production, de la s\u00e9lection des mati\u00e8res premi\u00e8res au contr\u00f4le final. Cet engagement envers l'excellence nous a valu des certifications et la reconnaissance des autorit\u00e9s du secteur, consolidant ainsi notre r\u00e9putation de partenaire fiable.<\/p>\n<p>Notre mission est \u00e0 la fois simple et ambitieuse\u00a0: fournir \u00e0 nos clients des v\u00e9rins hydrauliques d\u00e9passant leurs attentes en termes de performance, de durabilit\u00e9 et de rapport qualit\u00e9-prix. Nous appliquons des principes fondamentaux de professionnalisme, d'int\u00e9grit\u00e9 et d'orientation client. En favorisant une culture d'innovation et de pr\u00e9cision, nous perfectionnons continuellement nos produits pour conserver une longueur d'avance sur un march\u00e9 concurrentiel. Notre gamme compl\u00e8te de produits et notre capacit\u00e9 \u00e0 proposer des solutions sur mesure font de nous le choix privil\u00e9gi\u00e9 des entreprises \u00e0 la recherche de v\u00e9rins hydrauliques hautes performances.<\/p>\n<p>FMP est plus qu'un simple fabricant\u00a0; nous sommes le partenaire de votre r\u00e9ussite. Nous comprenons que nos clients comptent sur nous pour leur fournir des outils am\u00e9liorant leur productivit\u00e9 et leur s\u00e9curit\u00e9. C'est pourquoi nous nous engageons non seulement \u00e0 fournir des produits haut de gamme, mais aussi \u00e0 offrir un service exceptionnel. De la consultation initiale au service apr\u00e8s-vente, nous travaillons en \u00e9troite collaboration avec nos clients pour r\u00e9pondre \u00e0 leurs besoins avec professionnalisme et attention. Nos prix comp\u00e9titifs, combin\u00e9s \u00e0 notre engagement ind\u00e9fectible envers la qualit\u00e9, font de FMP le choix id\u00e9al pour les entreprises souhaitant investir dans des solutions hydrauliques fiables.<\/p>","protected":false},"excerpt":{"rendered":"<p>Italian Factory Dump Truck Hydraulic Cylinders Multistage Hydraulic Cylinder For Sale We present to you our top-of-the-line, Italian Factory Dump Truck Hydraulic Cylinders Multistage Hydraulic Cylinder. Expertly engineered and versatile, our hydraulic cylinder is designed to meet the heavy-duty demands of various industries. Features and Functions Our multistage hydraulic cylinder plays an indispensable role in [&hellip;]<\/p>","protected":false},"featured_media":6699,"comment_status":"closed","ping_status":"closed","template":"","meta":{"_et_pb_use_builder":"","_et_pb_old_content":"","_et_gb_content_width":""},"product_brand":[],"product_cat":[103],"product_tag":[34,105],"class_list":{"0":"post-6545","1":"product","2":"type-product","3":"status-publish","4":"has-post-thumbnail","6":"product_cat-telescopic-hydraulic-cylinders","7":"product_tag-hydraulic-cylinder","8":"product_tag-telescopic-hydraulic-cylinders","10":"first","11":"instock","12":"product-type-simple"},"_links":{"self":[{"href":"https:\/\/fmp-components.com\/fr\/wp-json\/wp\/v2\/product\/6545","targetHints":{"allow":["GET"]}}],"collection":[{"href":"https:\/\/fmp-components.com\/fr\/wp-json\/wp\/v2\/product"}],"about":[{"href":"https:\/\/fmp-components.com\/fr\/wp-json\/wp\/v2\/types\/product"}],"replies":[{"embeddable":true,"href":"https:\/\/fmp-components.com\/fr\/wp-json\/wp\/v2\/comments?post=6545"}],"wp:featuredmedia":[{"embeddable":true,"href":"https:\/\/fmp-components.com\/fr\/wp-json\/wp\/v2\/media\/6699"}],"wp:attachment":[{"href":"https:\/\/fmp-components.com\/fr\/wp-json\/wp\/v2\/media?parent=6545"}],"wp:term":[{"taxonomy":"product_brand","embeddable":true,"href":"https:\/\/fmp-components.com\/fr\/wp-json\/wp\/v2\/product_brand?post=6545"},{"taxonomy":"product_cat","embeddable":true,"href":"https:\/\/fmp-components.com\/fr\/wp-json\/wp\/v2\/product_cat?post=6545"},{"taxonomy":"product_tag","embeddable":true,"href":"https:\/\/fmp-components.com\/fr\/wp-json\/wp\/v2\/product_tag?post=6545"}],"curies":[{"name":"wp","href":"https:\/\/api.w.org\/{rel}","templated":true}]}}