{"id":6544,"date":"2025-03-11T06:28:19","date_gmt":"2025-03-11T06:28:19","guid":{"rendered":"https:\/\/fmp-components.com\/product\/2-stage-flatbed-tow-truck-hydraulic-telescopic-cylinder"},"modified":"2025-03-12T02:15:32","modified_gmt":"2025-03-12T02:15:32","slug":"2-stage-flatbed-tow-truck-hydraulic-telescopic-cylinder","status":"publish","type":"product","link":"https:\/\/fmp-components.com\/fr\/product\/2-stage-flatbed-tow-truck-hydraulic-telescopic-cylinder\/","title":{"rendered":"V\u00e9rin t\u00e9lescopique hydraulique pour d\u00e9panneuse \u00e0 plateau \u00e0 2 \u00e9tages"},"content":{"rendered":"<h2>V\u00e9rin t\u00e9lescopique hydraulique pour d\u00e9panneuse \u00e0 plateau \u00e0 2 \u00e9tages<\/h2>\n<p>Notre tout nouveau v\u00e9rin hydraulique t\u00e9lescopique bi\u00e9tag\u00e9 \u00e0 la pointe de la technologie pour d\u00e9panneuse \u00e0 plateau, issu du fabricant de confiance FMP, est un atout robuste et fiable pour vos machines. Con\u00e7u pour des performances \u00e9lev\u00e9es, ce v\u00e9rin hydraulique multi\u00e9tag\u00e9 convient \u00e0 un large \u00e9ventail de secteurs, notamment les ateliers de r\u00e9paration de machines, les exploitations agricoles, les secteurs de l'\u00e9nergie et des mines, la fabrication de machines et les usines de machines.<\/p>\n<h2>Principales caract\u00e9ristiques et avantages<\/h2>\n<ul>\n<li>Structure standard du cylindre \u00e0 piston<\/li>\n<li>\u00c9nergie hydraulique<\/li>\n<li>Mat\u00e9riau du corps en acier durable<\/li>\n<li>Pouss\u00e9e maximale de 3000<\/li>\n<li>Traction maximale de 20 tonnes<\/li>\n<li>Certification ISO9001:2000<\/li>\n<\/ul>\n<h2>Sp\u00e9cifications techniques<\/h2>\n<table style=\"width: 97.5804%;\" border=\"\">\n<tbody>\n<tr>\n<td style=\"width: 42.9379%;\"><i>Taille de l&#039;al\u00e9sage<\/i><\/td>\n<td style=\"width: 461.582%;\">2 \u00e0 6 pouces<\/td>\n<\/tr>\n<tr>\n<td style=\"width: 42.9379%;\"><i>Taille de la tige<\/i><\/td>\n<td style=\"width: 461.582%;\">1,125-4 pouces<\/td>\n<\/tr>\n<tr>\n<td style=\"width: 42.9379%;\"><i>Taille de la course<\/i><\/td>\n<td style=\"width: 461.582%;\">4 \u00e0 100 pouces<\/td>\n<\/tr>\n<tr>\n<td style=\"width: 42.9379%;\"><i>Taille de la broche<\/i><\/td>\n<td style=\"width: 461.582%;\">0,5 \u00e0 2 pouces<\/td>\n<\/tr>\n<tr>\n<td style=\"width: 42.9379%;\"><i>Ports<\/i><\/td>\n<td style=\"width: 461.582%;\">G\/SAE\/NPT\/M<\/td>\n<\/tr>\n<\/tbody>\n<\/table>\n<h2>Syst\u00e8mes hydrauliques et principes de fonctionnement<\/h2>\n<p>Le v\u00e9rin hydraulique, actionneur d'un syst\u00e8me hydraulique, convertit la pression hydraulique en force pour effectuer le travail en sortie. Le groupe motopropulseur, quant \u00e0 lui, est au c\u0153ur du syst\u00e8me et g\u00e9n\u00e8re la puissance n\u00e9cessaire \u00e0 son fonctionnement. Le v\u00e9rin hydraulique t\u00e9lescopique \u00e0 deux \u00e9tages pour d\u00e9panneuse \u00e0 plateau fonctionne en parfaite harmonie avec le groupe motopropulseur pour garantir des performances optimales.<\/p>\n<p><img loading=\"lazy\" decoding=\"async\" class=\"alignnone  wp-image-6663\" src=\"https:\/\/fmp-components.com\/wp-content\/uploads\/2025\/03\/telescopic-hydraulic-cylinder-11.webp\" alt=\"v\u00e9rin hydraulique t\u00e9lescopique\" width=\"931\" height=\"931\" title=\"\" srcset=\"https:\/\/fmp-components.com\/wp-content\/uploads\/2025\/03\/telescopic-hydraulic-cylinder-11.webp 931w, https:\/\/fmp-components.com\/wp-content\/uploads\/2025\/03\/telescopic-hydraulic-cylinder-11-480x480.webp 480w\" sizes=\"(min-width: 0px) and (max-width: 480px) 480px, (min-width: 481px) 931px, 100vw\" \/><\/p>\n<h2>V\u00e9rins hydrauliques et groupes motopropulseurs<\/h2>\n<p>Le v\u00e9rin hydraulique et le groupe motopropulseur sont les deux composants indispensables de tout syst\u00e8me hydraulique. Leur collaboration garantit une large application de la technologie hydraulique dans le secteur industriel, fournissant une puissance et un contr\u00f4le fiables pour divers \u00e9quipements techniques et m\u00e9caniques. FMP propose \u00e9galement des groupes motopropulseurs \u00e0 la vente.<\/p>\n<h2>FAQ<\/h2>\n<ol>\n<li><b>Q : \u00cates-vous une soci\u00e9t\u00e9 commerciale ou un fabricant ?<\/b><br \/>\nA : Nous sommes une usine.<\/li>\n<li><b>Q : Quel est votre d\u00e9lai de livraison ?<\/b><br \/>\nR : En g\u00e9n\u00e9ral, cela prend entre 25 et 35 jours.<\/li>\n<li><b>Q\u00a0: Fournissez-vous des \u00e9chantillons\u00a0? Sont-ils gratuits ou en suppl\u00e9ment\u00a0?<\/b><br \/>\nR : Oui, nous pourrions proposer l&#039;\u00e9chantillon mais ce n&#039;est pas gratuit.<\/li>\n<\/ol>\n<h3>\u00c0 propos de FMP<\/h3>\n<p class=\"break-words\">FMP est un fabricant italien de premier plan sp\u00e9cialis\u00e9 dans la conception, le d\u00e9veloppement et la production de v\u00e9rins hydrauliques de haute qualit\u00e9. Forts d&#039;un riche h\u00e9ritage ancr\u00e9 dans des d\u00e9cennies d&#039;expertise, nous sommes fiers d&#039;allier savoir-faire italien et technologie de pointe pour proposer des solutions hydrauliques exceptionnelles, adapt\u00e9es aux besoins vari\u00e9s de notre client\u00e8le internationale. Bas\u00e9e en Italie, p\u00f4le d&#039;excellence en ing\u00e9nierie, FMP est une r\u00e9f\u00e9rence dans le secteur hydraulique, engag\u00e9e \u00e0 fournir des produits fiables, durables et innovants qui dynamisent les entreprises du monde entier.<\/p>\n<p class=\"break-words\">Notre entreprise allie le meilleur des traditions de fabrication de pointe \u00e0 une approche avant-gardiste. Forte de nombreuses ann\u00e9es d&#039;exp\u00e9rience dans les syst\u00e8mes hydrauliques, FMP est devenue une entreprise moderne qui excelle en recherche, conception et production. Nous proposons une large gamme de v\u00e9rins hydrauliques, notamment des v\u00e9rins \u00e0 double effet, des v\u00e9rins de levage pour automobiles et pour machines agricoles, ainsi que des solutions sur mesure pour diverses applications industrielles. Qu&#039;il s&#039;agisse de construction, d&#039;installations industrielles, d&#039;agriculture ou de machines lourdes, nos v\u00e9rins hydrauliques sont con\u00e7us pour fonctionner dans les conditions les plus difficiles, garantissant s\u00e9curit\u00e9, efficacit\u00e9 et long\u00e9vit\u00e9.<\/p>\n<p><img loading=\"lazy\" decoding=\"async\" class=\"alignnone size-full wp-image-6720\" src=\"https:\/\/fmp-components.com\/wp-content\/uploads\/2025\/03\/hydraulic-cylinder-8.webp\" alt=\"V\u00e9rins hydrauliques t\u00e9lescopiques\" width=\"933\" height=\"526\" title=\"\" srcset=\"https:\/\/fmp-components.com\/wp-content\/uploads\/2025\/03\/hydraulic-cylinder-8.webp 933w, https:\/\/fmp-components.com\/wp-content\/uploads\/2025\/03\/hydraulic-cylinder-8-480x271.webp 480w\" sizes=\"(min-width: 0px) and (max-width: 480px) 480px, (min-width: 481px) 933px, 100vw\" \/><\/p>\n<p class=\"break-words\">Chez FMP, nous sommes fiers de nos installations de production ultramodernes, \u00e9quip\u00e9es de machines de pr\u00e9cision et de syst\u00e8mes de test avanc\u00e9s. Nos processus de fabrication respectent des normes nationales et internationales rigoureuses, garantissant ainsi la qualit\u00e9 et la fiabilit\u00e9 de chaque v\u00e9rin hydraulique quittant notre usine. Notre \u00e9quipe technique qualifi\u00e9e, associ\u00e9e \u00e0 des \u00e9quipements de pointe, nous permet d&#039;assurer un contr\u00f4le qualit\u00e9 rigoureux \u00e0 chaque \u00e9tape de la production, de la s\u00e9lection des mati\u00e8res premi\u00e8res au contr\u00f4le final. Cette volont\u00e9 d&#039;excellence nous a valu des certifications et la reconnaissance des autorit\u00e9s du secteur, consolidant ainsi notre r\u00e9putation de partenaire fiable.<\/p>\n<p class=\"break-words\">Notre mission est simple et ambitieuse\u00a0: fournir \u00e0 nos clients des v\u00e9rins hydrauliques d\u00e9passant leurs attentes en termes de performances, de durabilit\u00e9 et de rapport qualit\u00e9-prix. Nous agissons selon les principes directeurs de professionnalisme, d&#039;int\u00e9grit\u00e9 et d&#039;orientation client. En favorisant une culture d&#039;innovation et de pr\u00e9cision, nous perfectionnons continuellement nos produits pour conserver une longueur d&#039;avance sur un march\u00e9 concurrentiel. Notre gamme compl\u00e8te de produits et notre capacit\u00e9 \u00e0 proposer des solutions sur mesure font de nous le choix incontournable des entreprises \u00e0 la recherche de v\u00e9rins hydrauliques hautes performances.<\/p>\n<p class=\"break-words\">FMP est plus qu&#039;un simple fabricant\u00a0: nous sommes le partenaire de votre r\u00e9ussite. Nous comprenons que nos clients comptent sur nous pour leur fournir des outils qui am\u00e9liorent leur productivit\u00e9 et leur s\u00e9curit\u00e9. C&#039;est pourquoi nous nous engageons \u00e0 offrir non seulement des produits haut de gamme, mais aussi un service exceptionnel. De la consultation initiale au service apr\u00e8s-vente, nous travaillons en \u00e9troite collaboration avec nos clients pour r\u00e9pondre \u00e0 leurs besoins avec professionnalisme et attention. Nos prix comp\u00e9titifs, associ\u00e9s \u00e0 notre engagement ind\u00e9fectible envers la qualit\u00e9, font de FMP le choix id\u00e9al pour les entreprises souhaitant investir dans des solutions hydrauliques fiables.<\/p>","protected":false},"excerpt":{"rendered":"<p>2 Stage Flatbed Tow Truck Hydraulic Telescopic Cylinder Our brand new, state-of-the-art 2 Stage Flatbed Tow Truck Hydraulic Telescopic Cylinder, coming from the trusted manufacturer, FMP, is a robust and reliable addition to your machinery. Designed for high-performance, this multistage hydraulic cylinder is suitable for a wide range of industries including Machinery Repair Shops, Farms, [&hellip;]<\/p>","protected":false},"featured_media":6701,"comment_status":"closed","ping_status":"closed","template":"","meta":{"_et_pb_use_builder":"","_et_pb_old_content":"","_et_gb_content_width":""},"product_brand":[],"product_cat":[103],"product_tag":[34,105],"class_list":{"0":"post-6544","1":"product","2":"type-product","3":"status-publish","4":"has-post-thumbnail","6":"product_cat-telescopic-hydraulic-cylinders","7":"product_tag-hydraulic-cylinder","8":"product_tag-telescopic-hydraulic-cylinders","10":"first","11":"instock","12":"product-type-simple"},"_links":{"self":[{"href":"https:\/\/fmp-components.com\/fr\/wp-json\/wp\/v2\/product\/6544","targetHints":{"allow":["GET"]}}],"collection":[{"href":"https:\/\/fmp-components.com\/fr\/wp-json\/wp\/v2\/product"}],"about":[{"href":"https:\/\/fmp-components.com\/fr\/wp-json\/wp\/v2\/types\/product"}],"replies":[{"embeddable":true,"href":"https:\/\/fmp-components.com\/fr\/wp-json\/wp\/v2\/comments?post=6544"}],"wp:featuredmedia":[{"embeddable":true,"href":"https:\/\/fmp-components.com\/fr\/wp-json\/wp\/v2\/media\/6701"}],"wp:attachment":[{"href":"https:\/\/fmp-components.com\/fr\/wp-json\/wp\/v2\/media?parent=6544"}],"wp:term":[{"taxonomy":"product_brand","embeddable":true,"href":"https:\/\/fmp-components.com\/fr\/wp-json\/wp\/v2\/product_brand?post=6544"},{"taxonomy":"product_cat","embeddable":true,"href":"https:\/\/fmp-components.com\/fr\/wp-json\/wp\/v2\/product_cat?post=6544"},{"taxonomy":"product_tag","embeddable":true,"href":"https:\/\/fmp-components.com\/fr\/wp-json\/wp\/v2\/product_tag?post=6544"}],"curies":[{"name":"wp","href":"https:\/\/api.w.org\/{rel}","templated":true}]}}