{"id":6539,"date":"2025-03-11T06:28:19","date_gmt":"2025-03-11T06:28:19","guid":{"rendered":"https:\/\/fmp-components.com\/product\/professional-craftsmanship-telescopic-double-acting-hydraulic-cylinder-for-dump-truck"},"modified":"2025-03-18T01:59:35","modified_gmt":"2025-03-18T01:59:35","slug":"professional-craftsmanship-telescopic-double-acting-hydraulic-cylinder-for-dump-truck","status":"publish","type":"product","link":"https:\/\/fmp-components.com\/fr\/product\/professional-craftsmanship-telescopic-double-acting-hydraulic-cylinder-for-dump-truck\/","title":{"rendered":"V\u00e9rin hydraulique t\u00e9lescopique \u00e0 double effet de fabrication professionnelle pour camion \u00e0 benne basculante"},"content":{"rendered":"<h2>V\u00e9rin hydraulique t\u00e9lescopique \u00e0 double effet de fabrication professionnelle pour camion \u00e0 benne basculante<\/h2>\n<p>Notre v\u00e9rin hydraulique t\u00e9lescopique \u00e0 double effet est con\u00e7u avec un savoir-faire professionnel, sp\u00e9cifiquement pour les camions-bennes. Fabriqu\u00e9 par FMP, leader du secteur bas\u00e9 \u00e0 Italy City, ce v\u00e9rin hydraulique garantit des performances fiables et efficaces. Ses principaux atouts sont sa structure multi-\u00e9tages, sa capacit\u00e9 de pouss\u00e9e et de traction \u00e9lev\u00e9e, et sa certification ISO 9001:2000.<\/p>\n<p><img loading=\"lazy\" decoding=\"async\" class=\"alignnone wp-image-6665\" src=\"https:\/\/fmp-components.com\/wp-content\/uploads\/2025\/03\/telescopic-hydraulic-cylinder-9.webp\" alt=\"v\u00e9rin hydraulique t\u00e9lescopique\" width=\"934\" height=\"934\" title=\"\" srcset=\"https:\/\/fmp-components.com\/wp-content\/uploads\/2025\/03\/telescopic-hydraulic-cylinder-9.webp 934w, https:\/\/fmp-components.com\/wp-content\/uploads\/2025\/03\/telescopic-hydraulic-cylinder-9-480x480.webp 480w\" sizes=\"(min-width: 0px) and (max-width: 480px) 480px, (min-width: 481px) 934px, 100vw\" \/><\/p>\n<h3>Caract\u00e9ristiques et importance du produit<\/h3>\n<p>Dot\u00e9 d'une structure \u00e0 piston standard, notre v\u00e9rin hydraulique offre une pouss\u00e9e maximale de 3\u00a0000 Nm et une force de traction maximale de 20 tonnes. Son corps en acier robuste garantit une longue dur\u00e9e de vie et une excellente r\u00e9sistance \u00e0 l'usure. Disponible avec un al\u00e9sage de 2 \u00e0 6 pouces et un diam\u00e8tre de tige de 1,125 \u00e0 4 pouces, il s'adapte \u00e0 de nombreuses applications.<\/p>\n<h3>Sp\u00e9cifications techniques<\/h3>\n<table style=\"width: 101.297%; height: 118px;\" border=\"\">\n<tbody>\n<tr>\n<td><i>Taille de l&#039;al\u00e9sage<\/i><\/td>\n<td>2 \u00e0 6 pouces<\/td>\n<\/tr>\n<tr>\n<td><i>Taille de la tige<\/i><\/td>\n<td>1,125-4 pouces<\/td>\n<\/tr>\n<tr>\n<td><i>Taille de la course<\/i><\/td>\n<td>4 \u00e0 100 pouces<\/td>\n<\/tr>\n<tr>\n<td><i>Taille de la broche<\/i><\/td>\n<td>0,5 \u00e0 2 pouces<\/td>\n<\/tr>\n<tr>\n<td><i>Ports<\/i><\/td>\n<td>G\/SAE\/NPT\/M<\/td>\n<\/tr>\n<\/tbody>\n<\/table>\n<h2>Caract\u00e9ristiques et avantages uniques<\/h2>\n<h3>Efficacit\u00e9 \u00e9nerg\u00e9tique<\/h3>\n<p>Nos v\u00e9rins hydrauliques sont con\u00e7us avec une grande pr\u00e9cision pour optimiser l'efficacit\u00e9 \u00e9nerg\u00e9tique et r\u00e9duire consid\u00e9rablement la consommation d'\u00e9nergie en fonctionnement. Cela permet non seulement de diminuer les co\u00fbts d'exploitation des entreprises, mais aussi de contribuer au d\u00e9veloppement durable en minimisant les d\u00e9chets et la consommation d'\u00e9nergie. Gr\u00e2ce \u00e0 des techniques d'ing\u00e9nierie de pointe, nos v\u00e9rins garantissent une utilisation optimale de chaque unit\u00e9 d'\u00e9nergie, maximisant ainsi la productivit\u00e9 tout en pr\u00e9servant les ressources.<\/p>\n<h3>Tr\u00e8s efficace<\/h3>\n<p>Dot\u00e9s de capacit\u00e9s de pouss\u00e9e et de traction impressionnantes, nos v\u00e9rins hydrauliques excellent dans les conditions les plus exigeantes. Con\u00e7us pour offrir des performances optimales m\u00eame dans les environnements les plus difficiles, ils sont parfaitement adapt\u00e9s aux applications intensives. Leur construction robuste garantit durabilit\u00e9 et fiabilit\u00e9, leur permettant de supporter des charges importantes et de fonctionner de mani\u00e8re constante, que ce soit pour lever, pousser ou tirer dans divers contextes industriels.<\/p>\n<h3>S\u00e9curit\u00e9<\/h3>\n<p>La s\u00e9curit\u00e9 est au c\u0153ur de notre philosophie de conception. Nos v\u00e9rins hydrauliques sont certifi\u00e9s ISO 9001:2000, garantissant ainsi leur conformit\u00e9 aux normes de s\u00e9curit\u00e9 et de qualit\u00e9 les plus strictes. Cette certification assure \u00e0 nos clients une totale tranquillit\u00e9 d'esprit, car ils savent que nos produits r\u00e9pondent aux exigences les plus \u00e9lev\u00e9es du secteur en mati\u00e8re de performance et de fiabilit\u00e9. En privil\u00e9giant la s\u00e9curit\u00e9, nous contribuons \u00e0 r\u00e9duire les risques li\u00e9s aux op\u00e9rations hydrauliques et \u00e0 garantir un environnement de travail s\u00e9curis\u00e9.<\/p>\n<h2>Principe de fonctionnement et applications<\/h2>\n<p>Le v\u00e9rin hydraulique fonctionne en convertissant l'\u00e9nergie hydraulique en \u00e9nergie m\u00e9canique. Cette transformation est r\u00e9alis\u00e9e par la pressurisation d'un fluide hydraulique, qui actionne un piston \u00e0 l'int\u00e9rieur du v\u00e9rin, g\u00e9n\u00e9rant ainsi un mouvement lin\u00e9aire. Ce principe rend les v\u00e9rins hydrauliques indispensables dans de nombreux secteurs industriels, notamment\u00a0:<\/p>\n<ul>\n<li><strong>Ateliers de r\u00e9paration de machines :<\/strong> Id\u00e9al pour le levage et le positionnement de machines lourdes, facilitant ainsi les travaux d'entretien et de r\u00e9paration.<\/li>\n<li><strong>Fermes:<\/strong> Indispensable pour des t\u00e2ches telles que le d\u00e9placement de charges lourdes et l'utilisation d'\u00e9quipements agricoles, am\u00e9liorant ainsi la productivit\u00e9 et l'efficacit\u00e9.<\/li>\n<li><strong>\u00c9nergie et mines :<\/strong> Utilis\u00e9e dans les op\u00e9rations n\u00e9cessitant un levage et une force importants, elle offre puissance et fiabilit\u00e9 dans les environnements difficiles.<\/li>\n<li><strong>Fabrication de machines :<\/strong> Indispensable \u00e0 l'assemblage et au d\u00e9placement des composants de machines, elle garantit la pr\u00e9cision et l'efficacit\u00e9 des processus de production.<\/li>\n<li><strong>Usines de machines :<\/strong> Utilis\u00e9 pour diverses applications, du levage au pressage, assurant le bon fonctionnement des cha\u00eenes de production.<\/li>\n<\/ul>\n<p><img loading=\"lazy\" decoding=\"async\" class=\"alignnone wp-image-6664\" src=\"https:\/\/fmp-components.com\/wp-content\/uploads\/2025\/03\/telescopic-hydraulic-cylinder-8.webp\" alt=\"v\u00e9rin hydraulique t\u00e9lescopique\" width=\"907\" height=\"907\" title=\"\" srcset=\"https:\/\/fmp-components.com\/wp-content\/uploads\/2025\/03\/telescopic-hydraulic-cylinder-8.webp 907w, https:\/\/fmp-components.com\/wp-content\/uploads\/2025\/03\/telescopic-hydraulic-cylinder-8-480x480.webp 480w\" sizes=\"(min-width: 0px) and (max-width: 480px) 480px, (min-width: 481px) 907px, 100vw\" \/><\/p>\n<h2>V\u00e9rins hydrauliques et groupes motopropulseurs<\/h2>\n<p>Les v\u00e9rins et les centrales hydrauliques sont des composants essentiels du syst\u00e8me hydraulique, fonctionnant de concert pour assurer l'application efficace de la technologie hydraulique dans divers secteurs industriels. Le v\u00e9rin hydraulique agit comme actionneur, transformant l'\u00e9nergie hydraulique en mouvement m\u00e9canique, tandis que la centrale hydraulique g\u00e9n\u00e8re et r\u00e9gule la pression hydraulique n\u00e9cessaire.<\/p>\n<p>Leur fonctionnement synergique garantit la large diffusion de la technologie hydraulique dans les applications industrielles, assurant une alimentation fiable et un contr\u00f4le pr\u00e9cis pour une vaste gamme d'\u00e9quipements m\u00e9caniques et d'ing\u00e9nierie. Chez FMP, nous proposons \u00e9galement \u00e0 la vente une s\u00e9lection de groupes hydrauliques de haute qualit\u00e9, con\u00e7us pour compl\u00e9ter nos v\u00e9rins hydrauliques et optimiser les performances globales du syst\u00e8me. Cette approche globale permet \u00e0 nos clients d'atteindre une efficacit\u00e9 et une productivit\u00e9 optimales.<\/p>\n<h2>FAQ<\/h2>\n<h3>Q : \u00cates-vous une soci\u00e9t\u00e9 commerciale ou un fabricant ?<\/h3>\n<p>R : Nous sommes un fabricant.<\/p>\n<h3>Q : Quel est votre d\u00e9lai de livraison ?<\/h3>\n<p>R : En g\u00e9n\u00e9ral, cela prend entre 25 et 35 jours.<\/p>\n<h3>Q : Fournissez-vous des \u00e9chantillons ?<\/h3>\n<p>R : Oui, nous pourrions proposer l&#039;\u00e9chantillon mais ce n&#039;est pas gratuit.<\/p>\n<h3>\u00c0 propos de FMP<\/h3>\n<p>FMP est un fabricant italien de premier plan sp\u00e9cialis\u00e9 dans la conception, le d\u00e9veloppement et la production de v\u00e9rins hydrauliques de haute qualit\u00e9. Forts de plusieurs d\u00e9cennies d&#039;expertise, nous allions savoir-faire italien traditionnel et technologie de pointe pour proposer des solutions hydrauliques exceptionnelles r\u00e9pondant aux besoins vari\u00e9s de nos clients internationaux. Bas\u00e9e en Italie, p\u00f4le d&#039;excellence en ing\u00e9nierie, FMP s&#039;est impos\u00e9e comme une r\u00e9f\u00e9rence dans le secteur hydraulique, s&#039;engageant \u00e0 fournir des produits fiables, durables et innovants qui dynamisent les entreprises du monde entier.<\/p>\n<p>Notre entreprise allie tradition de fabrication avanc\u00e9e et approche avant-gardiste. Forte de nombreuses ann\u00e9es d&#039;exp\u00e9rience dans les syst\u00e8mes hydrauliques, FMP est devenue une entreprise moderne, excellant en recherche, conception et production. Nous proposons une large gamme de v\u00e9rins hydrauliques, notamment des v\u00e9rins \u00e0 double effet, des v\u00e9rins de levage pour automobiles et pour machines agricoles, ainsi que des solutions sur mesure pour diverses applications industrielles. Qu&#039;ils soient destin\u00e9s \u00e0 la construction, aux installations industrielles, \u00e0 l&#039;agriculture ou aux machines lourdes, nos v\u00e9rins hydrauliques sont con\u00e7us pour fonctionner dans les conditions les plus exigeantes, garantissant s\u00e9curit\u00e9, efficacit\u00e9 et long\u00e9vit\u00e9.<\/p>\n<p><img loading=\"lazy\" decoding=\"async\" class=\"alignnone size-full wp-image-6720\" src=\"https:\/\/fmp-components.com\/wp-content\/uploads\/2025\/03\/hydraulic-cylinder-8.webp\" alt=\"V\u00e9rins hydrauliques t\u00e9lescopiques\" width=\"933\" height=\"526\" title=\"\" srcset=\"https:\/\/fmp-components.com\/wp-content\/uploads\/2025\/03\/hydraulic-cylinder-8.webp 933w, https:\/\/fmp-components.com\/wp-content\/uploads\/2025\/03\/hydraulic-cylinder-8-480x271.webp 480w\" sizes=\"(min-width: 0px) and (max-width: 480px) 480px, (min-width: 481px) 933px, 100vw\" \/><\/p>\n<p>Chez FMP, nous sommes fiers de nos installations de production ultramodernes, \u00e9quip\u00e9es de machines de pr\u00e9cision et de syst\u00e8mes de test avanc\u00e9s. Nos processus de fabrication sont conformes aux normes nationales et internationales les plus strictes, garantissant que chaque v\u00e9rin hydraulique produit r\u00e9pond aux normes de qualit\u00e9 et de fiabilit\u00e9 les plus strictes. Notre \u00e9quipe technique qualifi\u00e9e, associ\u00e9e \u00e0 des \u00e9quipements de pointe, nous permet de maintenir un contr\u00f4le qualit\u00e9 rigoureux \u00e0 chaque \u00e9tape de la production, de la s\u00e9lection des mati\u00e8res premi\u00e8res au contr\u00f4le final. Cet engagement envers l&#039;excellence nous a valu des certifications et la reconnaissance des autorit\u00e9s du secteur, consolidant ainsi notre r\u00e9putation de partenaire fiable.<\/p>\n<p>Notre mission est \u00e0 la fois simple et ambitieuse\u00a0: fournir \u00e0 nos clients des v\u00e9rins hydrauliques qui surpassent leurs attentes en termes de performances, de durabilit\u00e9 et de rapport qualit\u00e9-prix. Nous appliquons les principes de professionnalisme, d&#039;int\u00e9grit\u00e9 et d&#039;orientation client. En cultivant une culture d&#039;innovation et de pr\u00e9cision, nous perfectionnons continuellement nos produits pour conserver une longueur d&#039;avance sur un march\u00e9 concurrentiel. Notre vaste gamme de produits et notre capacit\u00e9 \u00e0 proposer des solutions sur mesure font de nous le choix privil\u00e9gi\u00e9 des entreprises \u00e0 la recherche de v\u00e9rins hydrauliques hautes performances.<\/p>\n<p>FMP est plus qu&#039;un simple fabricant\u00a0; nous sommes le partenaire de votre r\u00e9ussite. Nous comprenons que nos clients comptent sur nous pour leur fournir des outils qui am\u00e9liorent leur productivit\u00e9 et leur s\u00e9curit\u00e9. C&#039;est pourquoi nous nous engageons \u00e0 fournir non seulement des produits haut de gamme, mais aussi un service exceptionnel. De la consultation initiale au service apr\u00e8s-vente, nous collaborons \u00e9troitement avec nos clients pour r\u00e9pondre \u00e0 leurs besoins avec professionnalisme et attention. Nos prix comp\u00e9titifs, associ\u00e9s \u00e0 un engagement ind\u00e9fectible envers la qualit\u00e9, font de FMP le choix id\u00e9al pour les entreprises souhaitant investir dans des solutions hydrauliques fiables.<\/p>","protected":false},"excerpt":{"rendered":"<p>Professional Craftsmanship Telescopic Double Acting Hydraulic Cylinder For Dump Truck Our Telescopic Double Acting Hydraulic Cylinder is designed with professional craftsmanship, specifically for Dump Trucks. Manufactured by FMP, an industry leader located in Italy City, this hydraulic cylinder is guaranteed to provide reliable and efficient performance. Its key features include its multistage structure, high thrust [&hellip;]<\/p>","protected":false},"featured_media":6751,"comment_status":"closed","ping_status":"closed","template":"","meta":{"_et_pb_use_builder":"","_et_pb_old_content":"","_et_gb_content_width":""},"product_brand":[],"product_cat":[103],"product_tag":[34,105],"class_list":{"0":"post-6539","1":"product","2":"type-product","3":"status-publish","4":"has-post-thumbnail","6":"product_cat-telescopic-hydraulic-cylinders","7":"product_tag-hydraulic-cylinder","8":"product_tag-telescopic-hydraulic-cylinders","10":"first","11":"instock","12":"product-type-simple"},"_links":{"self":[{"href":"https:\/\/fmp-components.com\/fr\/wp-json\/wp\/v2\/product\/6539","targetHints":{"allow":["GET"]}}],"collection":[{"href":"https:\/\/fmp-components.com\/fr\/wp-json\/wp\/v2\/product"}],"about":[{"href":"https:\/\/fmp-components.com\/fr\/wp-json\/wp\/v2\/types\/product"}],"replies":[{"embeddable":true,"href":"https:\/\/fmp-components.com\/fr\/wp-json\/wp\/v2\/comments?post=6539"}],"wp:featuredmedia":[{"embeddable":true,"href":"https:\/\/fmp-components.com\/fr\/wp-json\/wp\/v2\/media\/6751"}],"wp:attachment":[{"href":"https:\/\/fmp-components.com\/fr\/wp-json\/wp\/v2\/media?parent=6539"}],"wp:term":[{"taxonomy":"product_brand","embeddable":true,"href":"https:\/\/fmp-components.com\/fr\/wp-json\/wp\/v2\/product_brand?post=6539"},{"taxonomy":"product_cat","embeddable":true,"href":"https:\/\/fmp-components.com\/fr\/wp-json\/wp\/v2\/product_cat?post=6539"},{"taxonomy":"product_tag","embeddable":true,"href":"https:\/\/fmp-components.com\/fr\/wp-json\/wp\/v2\/product_tag?post=6539"}],"curies":[{"name":"wp","href":"https:\/\/api.w.org\/{rel}","templated":true}]}}