{"id":6538,"date":"2025-03-11T06:28:19","date_gmt":"2025-03-11T06:28:19","guid":{"rendered":"https:\/\/fmp-components.com\/product\/high-quality-telescopic-hydraulic-cylinder-dump-truck-4-stage-hydraulic-cylinder"},"modified":"2025-10-16T06:03:21","modified_gmt":"2025-10-16T06:03:21","slug":"high-quality-telescopic-hydraulic-cylinder-dump-truck-4-stage-hydraulic-cylinder","status":"publish","type":"product","link":"https:\/\/fmp-components.com\/fr\/product\/high-quality-telescopic-hydraulic-cylinder-dump-truck-4-stage-hydraulic-cylinder\/","title":{"rendered":"V\u00e9rin hydraulique t\u00e9lescopique de haute qualit\u00e9 pour camion \u00e0 benne basculante, v\u00e9rin hydraulique \u00e0 4 \u00e9tages"},"content":{"rendered":"<h2>V\u00e9rin hydraulique t\u00e9lescopique pour camion \u00e0 benne basculante V\u00e9rin hydraulique \u00e0 4 \u00e9tages<\/h2>\n<p>D\u00e9couvrez notre v\u00e9rin hydraulique t\u00e9lescopique haut de gamme pour camions-bennes, une nouveaut\u00e9 de 2025 qui garantit une efficacit\u00e9 \u00e9lev\u00e9e et des performances fiables. Ce v\u00e9rin hydraulique multi-\u00e9tages robuste est con\u00e7u dans des dimensions standard et offre une puissance consid\u00e9rable. Fabriqu\u00e9 en acier de qualit\u00e9 sup\u00e9rieure, il offre une pouss\u00e9e maximale de 3\u00a0000 kg et une traction maximale de 20 tonnes.<\/p>\n<h3>Sp\u00e9cifications techniques<\/h3>\n<table style=\"width: 95.7264%;\" border=\"\">\n<tbody>\n<tr>\n<td style=\"width: 41.5179%;\">Nom du produit<\/td>\n<td style=\"width: 353.571%;\">V\u00e9rin t\u00e9lescopique<\/td>\n<\/tr>\n<tr>\n<td style=\"width: 41.5179%;\">Certification<\/td>\n<td style=\"width: 353.571%;\">ISO9001:2000<\/td>\n<\/tr>\n<tr>\n<td style=\"width: 41.5179%;\">Taille de l&#039;al\u00e9sage<\/td>\n<td style=\"width: 353.571%;\">2 \u00e0 6 pouces<\/td>\n<\/tr>\n<tr>\n<td style=\"width: 41.5179%;\">Taille de la tige<\/td>\n<td style=\"width: 353.571%;\">1,125-4 pouces<\/td>\n<\/tr>\n<tr>\n<td style=\"width: 41.5179%;\">Taille de la course<\/td>\n<td style=\"width: 353.571%;\">4 \u00e0 100 pouces<\/td>\n<\/tr>\n<tr>\n<td style=\"width: 41.5179%;\">Taille de la broche<\/td>\n<td style=\"width: 353.571%;\">0,5 \u00e0 2 pouces<\/td>\n<\/tr>\n<tr>\n<td style=\"width: 41.5179%;\">Ports<\/td>\n<td style=\"width: 353.571%;\">G\/SAE\/NPT\/M<\/td>\n<\/tr>\n<\/tbody>\n<\/table>\n<h3>Caract\u00e9ristiques et avantages uniques<\/h3>\n<ul>\n<li>Efficacit\u00e9 \u00e9nerg\u00e9tique<\/li>\n<li>Haute performance<\/li>\n<li>S\u00e9curit\u00e9 garantie<\/li>\n<\/ul>\n<h2>Syst\u00e8mes hydrauliques et principe de fonctionnement<\/h2>\n<p>Les v\u00e9rins hydrauliques et les groupes motopropulseurs font partie int\u00e9grante des syst\u00e8mes hydrauliques. Ils fonctionnent de concert pour garantir l&#039;application \u00e9tendue de la technologie hydraulique dans divers secteurs, offrant une puissance et un contr\u00f4le fiables pour tous types d&#039;\u00e9quipements techniques et m\u00e9caniques. Le v\u00e9rin hydraulique, en tant qu&#039;actionneur, convertit l&#039;\u00e9nergie hydraulique en mouvement m\u00e9canique, transformant la pression en force. Le groupe motopropulseur, quant \u00e0 lui, constitue le c\u0153ur du syst\u00e8me hydraulique, fournissant l&#039;\u00e9nergie et les signaux de commande n\u00e9cessaires \u00e0 son fonctionnement. Leur fonctionnement coordonn\u00e9 permet au syst\u00e8me hydraulique de fonctionner normalement.<\/p>\n<p><img loading=\"lazy\" decoding=\"async\" class=\"alignnone wp-image-6717\" src=\"https:\/\/fmp-components.com\/wp-content\/uploads\/2025\/03\/hydraulic-cylinder-211.webp\" alt=\"V\u00e9rins hydrauliques\" width=\"897\" height=\"899\" title=\"\" srcset=\"https:\/\/fmp-components.com\/wp-content\/uploads\/2025\/03\/hydraulic-cylinder-211.webp 897w, https:\/\/fmp-components.com\/wp-content\/uploads\/2025\/03\/hydraulic-cylinder-211-480x481.webp 480w\" sizes=\"(min-width: 0px) and (max-width: 480px) 480px, (min-width: 481px) 897px, 100vw\" \/><\/p>\n<h2>Applications de notre v\u00e9rin hydraulique<\/h2>\n<p>Notre v\u00e9rin hydraulique trouve une large application dans les ateliers de r\u00e9paration de machines, les fermes, les secteurs de l&#039;\u00e9nergie et des mines, la fabrication de machines et les usines de machines.<\/p>\n<h2>V\u00e9rins hydrauliques et groupes motopropulseurs<\/h2>\n<p>Chez FMP, nous comprenons l&#039;importance des v\u00e9rins hydrauliques et des groupes motopropulseurs. Nous proposons \u00e9galement des groupes motopropulseurs \u00e0 la vente, vous garantissant ainsi tout le n\u00e9cessaire pour vos syst\u00e8mes hydrauliques.<\/p>\n<h2>Questions fr\u00e9quemment pos\u00e9es<\/h2>\n<p><strong>Q : \u00cates-vous une soci\u00e9t\u00e9 commerciale ou un fabricant ?<\/strong><br \/>\nA : Nous sommes une usine.<\/p>\n<p><strong>Q : Quel est votre d\u00e9lai de livraison ?<\/strong><br \/>\nR : En g\u00e9n\u00e9ral, cela prend entre 25 et 35 jours.<\/p>\n<p><strong>Q\u00a0: Fournissez-vous des \u00e9chantillons\u00a0? Sont-ils gratuits ou en suppl\u00e9ment\u00a0?<\/strong><br \/>\nR : Oui, nous pourrions proposer l&#039;\u00e9chantillon mais ce n&#039;est pas gratuit.<\/p>\n<h3>\u00c0 propos de FMP<\/h3>\n<p>FMP est un fabricant italien de premier plan sp\u00e9cialis\u00e9 dans la conception, le d\u00e9veloppement et la production de v\u00e9rins hydrauliques de haute qualit\u00e9. Forts de plusieurs d\u00e9cennies d&#039;expertise, nous allions savoir-faire italien traditionnel et technologie de pointe pour proposer des solutions hydrauliques exceptionnelles r\u00e9pondant aux besoins vari\u00e9s de nos clients internationaux. Bas\u00e9e en Italie, p\u00f4le d&#039;excellence en ing\u00e9nierie, FMP s&#039;est impos\u00e9e comme une r\u00e9f\u00e9rence dans le secteur hydraulique, s&#039;engageant \u00e0 fournir des produits fiables, durables et innovants qui dynamisent les entreprises du monde entier.<\/p>\n<p>Notre entreprise allie tradition de fabrication avanc\u00e9e et approche avant-gardiste. Forte de nombreuses ann\u00e9es d&#039;exp\u00e9rience dans les syst\u00e8mes hydrauliques, FMP est devenue une entreprise moderne, excellant en recherche, conception et production. Nous proposons une large gamme de v\u00e9rins hydrauliques, notamment des v\u00e9rins \u00e0 double effet, des v\u00e9rins de levage pour automobiles et pour machines agricoles, ainsi que des solutions sur mesure pour diverses applications industrielles. Qu&#039;ils soient destin\u00e9s \u00e0 la construction, aux installations industrielles, \u00e0 l&#039;agriculture ou aux machines lourdes, nos v\u00e9rins hydrauliques sont con\u00e7us pour fonctionner dans les conditions les plus exigeantes, garantissant s\u00e9curit\u00e9, efficacit\u00e9 et long\u00e9vit\u00e9.<\/p>\n<p><img loading=\"lazy\" decoding=\"async\" class=\"alignnone size-full wp-image-6720\" src=\"https:\/\/fmp-components.com\/wp-content\/uploads\/2025\/03\/hydraulic-cylinder-8.webp\" alt=\"V\u00e9rins hydrauliques t\u00e9lescopiques\" width=\"933\" height=\"526\" title=\"\" srcset=\"https:\/\/fmp-components.com\/wp-content\/uploads\/2025\/03\/hydraulic-cylinder-8.webp 933w, https:\/\/fmp-components.com\/wp-content\/uploads\/2025\/03\/hydraulic-cylinder-8-480x271.webp 480w\" sizes=\"(min-width: 0px) and (max-width: 480px) 480px, (min-width: 481px) 933px, 100vw\" \/><\/p>\n<p>Chez FMP, nous sommes fiers de nos installations de production ultramodernes, \u00e9quip\u00e9es de machines de pr\u00e9cision et de syst\u00e8mes de test avanc\u00e9s. Nos processus de fabrication sont conformes aux normes nationales et internationales les plus strictes, garantissant que chaque v\u00e9rin hydraulique produit r\u00e9pond aux normes de qualit\u00e9 et de fiabilit\u00e9 les plus strictes. Notre \u00e9quipe technique qualifi\u00e9e, associ\u00e9e \u00e0 des \u00e9quipements de pointe, nous permet de maintenir un contr\u00f4le qualit\u00e9 rigoureux \u00e0 chaque \u00e9tape de la production, de la s\u00e9lection des mati\u00e8res premi\u00e8res au contr\u00f4le final. Cet engagement envers l&#039;excellence nous a valu des certifications et la reconnaissance des autorit\u00e9s du secteur, consolidant ainsi notre r\u00e9putation de partenaire fiable.<\/p>\n<p>Notre mission est \u00e0 la fois simple et ambitieuse\u00a0: fournir \u00e0 nos clients des v\u00e9rins hydrauliques qui surpassent leurs attentes en termes de performances, de durabilit\u00e9 et de rapport qualit\u00e9-prix. Nous appliquons les principes de professionnalisme, d&#039;int\u00e9grit\u00e9 et d&#039;orientation client. En cultivant une culture d&#039;innovation et de pr\u00e9cision, nous perfectionnons continuellement nos produits pour conserver une longueur d&#039;avance sur un march\u00e9 concurrentiel. Notre vaste gamme de produits et notre capacit\u00e9 \u00e0 proposer des solutions sur mesure font de nous le choix privil\u00e9gi\u00e9 des entreprises \u00e0 la recherche de v\u00e9rins hydrauliques hautes performances.<\/p>\n<p>FMP est plus qu&#039;un simple fabricant\u00a0; nous sommes le partenaire de votre r\u00e9ussite. Nous comprenons que nos clients comptent sur nous pour leur fournir des outils qui am\u00e9liorent leur productivit\u00e9 et leur s\u00e9curit\u00e9. C&#039;est pourquoi nous nous engageons \u00e0 fournir non seulement des produits haut de gamme, mais aussi un service exceptionnel. De la consultation initiale au service apr\u00e8s-vente, nous collaborons \u00e9troitement avec nos clients pour r\u00e9pondre \u00e0 leurs besoins avec professionnalisme et attention. Nos prix comp\u00e9titifs, associ\u00e9s \u00e0 un engagement ind\u00e9fectible envers la qualit\u00e9, font de FMP le choix id\u00e9al pour les entreprises souhaitant investir dans des solutions hydrauliques fiables.<\/p>","protected":false},"excerpt":{"rendered":"<p>FMP produit des v\u00e9rins hydrauliques t\u00e9lescopiques \u00e0 4 \u00e9tages pour camions-bennes, con\u00e7us pour le levage et la durabilit\u00e9 dans les applications lourdes. En tant qu'usine et fabricant chinois, nous proposons ce produit \u00e0 un prix comp\u00e9titif. Il offre des performances fiables et une dur\u00e9e de vie prolong\u00e9e pour les camions utilis\u00e9s dans la construction et l'exploitation mini\u00e8re. Sa conception compacte permet une charge utile plus \u00e9lev\u00e9e et une maintenance r\u00e9duite.<\/p>","protected":false},"featured_media":6750,"comment_status":"closed","ping_status":"closed","template":"","meta":{"_et_pb_use_builder":"","_et_pb_old_content":"","_et_gb_content_width":""},"product_brand":[],"product_cat":[103],"product_tag":[34,105],"class_list":{"0":"post-6538","1":"product","2":"type-product","3":"status-publish","4":"has-post-thumbnail","6":"product_cat-telescopic-hydraulic-cylinders","7":"product_tag-hydraulic-cylinder","8":"product_tag-telescopic-hydraulic-cylinders","10":"first","11":"instock","12":"product-type-simple"},"_links":{"self":[{"href":"https:\/\/fmp-components.com\/fr\/wp-json\/wp\/v2\/product\/6538","targetHints":{"allow":["GET"]}}],"collection":[{"href":"https:\/\/fmp-components.com\/fr\/wp-json\/wp\/v2\/product"}],"about":[{"href":"https:\/\/fmp-components.com\/fr\/wp-json\/wp\/v2\/types\/product"}],"replies":[{"embeddable":true,"href":"https:\/\/fmp-components.com\/fr\/wp-json\/wp\/v2\/comments?post=6538"}],"wp:featuredmedia":[{"embeddable":true,"href":"https:\/\/fmp-components.com\/fr\/wp-json\/wp\/v2\/media\/6750"}],"wp:attachment":[{"href":"https:\/\/fmp-components.com\/fr\/wp-json\/wp\/v2\/media?parent=6538"}],"wp:term":[{"taxonomy":"product_brand","embeddable":true,"href":"https:\/\/fmp-components.com\/fr\/wp-json\/wp\/v2\/product_brand?post=6538"},{"taxonomy":"product_cat","embeddable":true,"href":"https:\/\/fmp-components.com\/fr\/wp-json\/wp\/v2\/product_cat?post=6538"},{"taxonomy":"product_tag","embeddable":true,"href":"https:\/\/fmp-components.com\/fr\/wp-json\/wp\/v2\/product_tag?post=6538"}],"curies":[{"name":"wp","href":"https:\/\/api.w.org\/{rel}","templated":true}]}}