{"id":6535,"date":"2025-03-11T06:28:19","date_gmt":"2025-03-11T06:28:19","guid":{"rendered":"https:\/\/fmp-components.com\/product\/factory-direct-sale-multi-stage-hydraulic-cylinder-telescopic-hydraulic-cylinder-for-dump-truck"},"modified":"2025-03-14T03:00:05","modified_gmt":"2025-03-14T03:00:05","slug":"factory-direct-sale-multi-stage-hydraulic-cylinder-telescopic-hydraulic-cylinder-for-dump-truck","status":"publish","type":"product","link":"https:\/\/fmp-components.com\/fr\/product\/factory-direct-sale-multi-stage-hydraulic-cylinder-telescopic-hydraulic-cylinder-for-dump-truck\/","title":{"rendered":"V\u00e9rin hydraulique t\u00e9lescopique \u00e0 plusieurs \u00e9tages, vente directe d&#039;usine, pour camion \u00e0 benne basculante"},"content":{"rendered":"<h2>V\u00e9rin hydraulique t\u00e9lescopique \u00e0 plusieurs \u00e9tages, vente directe d&#039;usine, pour camion \u00e0 benne basculante<\/h2>\n<p>Notre v\u00e9rin hydraulique t\u00e9lescopique multi-\u00e9tages, vendu directement d'usine, est un produit neuf et standard, id\u00e9al pour diverses applications industrielles telles que la r\u00e9paration de machines, l'agriculture, l'\u00e9nergie et les mines, la fabrication de machines et les usines de m\u00e9canique. Fabriqu\u00e9 en acier robuste, ce v\u00e9rin hydraulique offre une pouss\u00e9e maximale impressionnante de 3\u00a0000 Nm et une force de traction maximale de 20 tonnes. Con\u00e7u pour une efficacit\u00e9 optimale et une durabilit\u00e9 maximale, il constitue l'accessoire id\u00e9al pour votre camion-benne.<\/p>\n<h3>Sp\u00e9cifications du produit<\/h3>\n<p>Notre produit est garanti un an sur ses composants principaux, notamment le roulement et le v\u00e9rin hydraulique. Livr\u00e9 dans une robuste caisse en fer, en contreplaqu\u00e9 ou en carton, il est soigneusement emball\u00e9 pour arriver en parfait \u00e9tat.<\/p>\n<table style=\"width: 99.4654%; height: 161px;\" border=\"\">\n<tbody>\n<tr style=\"height: 23px;\">\n<td style=\"height: 23px; width: 41.704%;\"><i>Nom du produit<\/i><\/td>\n<td style=\"height: 23px; width: 310.762%;\">V\u00e9rin t\u00e9lescopique<\/td>\n<\/tr>\n<tr style=\"height: 23px;\">\n<td style=\"height: 23px; width: 41.704%;\"><i>Certification<\/i><\/td>\n<td style=\"height: 23px; width: 310.762%;\">ISO9001:2000<\/td>\n<\/tr>\n<tr style=\"height: 23px;\">\n<td style=\"height: 23px; width: 41.704%;\"><i>Taille de l&#039;al\u00e9sage<\/i><\/td>\n<td style=\"height: 23px; width: 310.762%;\">2 \u00e0 6 pouces<\/td>\n<\/tr>\n<tr style=\"height: 23px;\">\n<td style=\"height: 23px; width: 41.704%;\"><i>Taille de la tige<\/i><\/td>\n<td style=\"height: 23px; width: 310.762%;\">1,125-4 pouces<\/td>\n<\/tr>\n<tr style=\"height: 23px;\">\n<td style=\"height: 23px; width: 41.704%;\"><i>Taille de la course<\/i><\/td>\n<td style=\"height: 23px; width: 310.762%;\">4 \u00e0 100 pouces<\/td>\n<\/tr>\n<tr style=\"height: 23px;\">\n<td style=\"height: 23px; width: 41.704%;\"><i>Taille de la broche<\/i><\/td>\n<td style=\"height: 23px; width: 310.762%;\">0,5 \u00e0 2 pouces<\/td>\n<\/tr>\n<tr style=\"height: 23px;\">\n<td style=\"height: 23px; width: 41.704%;\"><i>Ports<\/i><\/td>\n<td style=\"height: 23px; width: 310.762%;\">G\/SAE\/NPT\/M<\/td>\n<\/tr>\n<\/tbody>\n<\/table>\n<h3>Caract\u00e9ristiques principales<\/h3>\n<ul>\n<li>Efficacit\u00e9 \u00e9nerg\u00e9tique<\/li>\n<li>Tr\u00e8s efficace<\/li>\n<li>S\u00fbr et fiable<\/li>\n<\/ul>\n<h2>Syst\u00e8me hydraulique et principe de fonctionnement<\/h2>\n<p>Notre v\u00e9rin hydraulique fonctionne selon le principe de la conversion de la pression hydraulique en force. Ce produit est con\u00e7u pour s'int\u00e9grer parfaitement \u00e0 votre syst\u00e8me hydraulique, en fournissant la puissance et le contr\u00f4le n\u00e9cessaires \u00e0 des performances optimales.<\/p>\n<p><img loading=\"lazy\" decoding=\"async\" class=\"alignnone  wp-image-6659\" src=\"https:\/\/fmp-components.com\/wp-content\/uploads\/2025\/03\/telescopic-hydraulic-cylinder-12.webp\" alt=\"v\u00e9rin hydraulique t\u00e9lescopique\" width=\"795\" height=\"795\" title=\"\" srcset=\"https:\/\/fmp-components.com\/wp-content\/uploads\/2025\/03\/telescopic-hydraulic-cylinder-12.webp 795w, https:\/\/fmp-components.com\/wp-content\/uploads\/2025\/03\/telescopic-hydraulic-cylinder-12-480x480.webp 480w\" sizes=\"(min-width: 0px) and (max-width: 480px) 480px, (min-width: 481px) 795px, 100vw\" \/><\/p>\n<h2>Applications<\/h2>\n<p>Ce v\u00e9rin hydraulique est polyvalent et peut \u00eatre utilis\u00e9 dans diverses applications, notamment sur les camions-bennes, o\u00f9 il excelle pour fournir les capacit\u00e9s de levage et de d\u00e9versement requises par ces v\u00e9hicules.<\/p>\n<h2>V\u00e9rins hydrauliques et groupes motopropulseurs<\/h2>\n<p>Les v\u00e9rins et les centrales hydrauliques sont des \u00e9l\u00e9ments indispensables \u00e0 tout syst\u00e8me hydraulique. Fonctionnant en synergie, ils permettent une large application de la technologie hydraulique dans divers secteurs industriels, en fournissant une alimentation et une commande fiables pour de nombreux \u00e9quipements d'ing\u00e9nierie et de machines. FMP propose \u00e9galement des centrales hydrauliques \u00e0 la vente, vous assurant ainsi de disposer de tout le n\u00e9cessaire pour votre syst\u00e8me hydraulique.<\/p>\n<h2>FAQ<\/h2>\n<p><b>Q : \u00cates-vous une soci\u00e9t\u00e9 commerciale ou un fabricant ?<\/b><br \/>\nR : Nous sommes un fabricant.<\/p>\n<p><b>Q : Quel est votre d\u00e9lai de livraison ?<\/b><br \/>\nR : G\u00e9n\u00e9ralement, notre d\u00e9lai de livraison est de 25 \u00e0 35 jours.<\/p>\n<p><b>Q : Fournissez-vous des \u00e9chantillons ?<\/b><br \/>\nR : Oui, nous fournissons des \u00e9chantillons, mais ils ne sont pas gratuits.<\/p>\n<h3>\u00c0 propos de FMP<\/h3>\n<p class=\"break-words\">FMP est un fabricant italien de premier plan sp\u00e9cialis\u00e9 dans la conception, le d\u00e9veloppement et la production de v\u00e9rins hydrauliques de haute qualit\u00e9. Forts d&#039;un riche h\u00e9ritage ancr\u00e9 dans des d\u00e9cennies d&#039;expertise, nous sommes fiers d&#039;allier savoir-faire italien et technologie de pointe pour proposer des solutions hydrauliques exceptionnelles, adapt\u00e9es aux besoins vari\u00e9s de notre client\u00e8le internationale. Bas\u00e9e en Italie, p\u00f4le d&#039;excellence en ing\u00e9nierie, FMP est une r\u00e9f\u00e9rence dans le secteur hydraulique, engag\u00e9e \u00e0 fournir des produits fiables, durables et innovants qui dynamisent les entreprises du monde entier.<\/p>\n<p class=\"break-words\">Notre entreprise allie le meilleur des traditions de fabrication de pointe \u00e0 une approche avant-gardiste. Forte de nombreuses ann\u00e9es d&#039;exp\u00e9rience dans les syst\u00e8mes hydrauliques, FMP est devenue une entreprise moderne qui excelle en recherche, conception et production. Nous proposons une large gamme de v\u00e9rins hydrauliques, notamment des v\u00e9rins \u00e0 double effet, des v\u00e9rins de levage pour automobiles et pour machines agricoles, ainsi que des solutions sur mesure pour diverses applications industrielles. Qu&#039;il s&#039;agisse de construction, d&#039;installations industrielles, d&#039;agriculture ou de machines lourdes, nos v\u00e9rins hydrauliques sont con\u00e7us pour fonctionner dans les conditions les plus difficiles, garantissant s\u00e9curit\u00e9, efficacit\u00e9 et long\u00e9vit\u00e9.<\/p>\n<p><img loading=\"lazy\" decoding=\"async\" class=\"alignnone size-full wp-image-6720\" src=\"https:\/\/fmp-components.com\/wp-content\/uploads\/2025\/03\/hydraulic-cylinder-8.webp\" alt=\"V\u00e9rins hydrauliques t\u00e9lescopiques\" width=\"933\" height=\"526\" title=\"\" srcset=\"https:\/\/fmp-components.com\/wp-content\/uploads\/2025\/03\/hydraulic-cylinder-8.webp 933w, https:\/\/fmp-components.com\/wp-content\/uploads\/2025\/03\/hydraulic-cylinder-8-480x271.webp 480w\" sizes=\"(min-width: 0px) and (max-width: 480px) 480px, (min-width: 481px) 933px, 100vw\" \/><\/p>\n<p class=\"break-words\">Chez FMP, nous sommes fiers de nos installations de production ultramodernes, \u00e9quip\u00e9es de machines de pr\u00e9cision et de syst\u00e8mes de test avanc\u00e9s. Nos processus de fabrication respectent des normes nationales et internationales rigoureuses, garantissant ainsi la qualit\u00e9 et la fiabilit\u00e9 de chaque v\u00e9rin hydraulique quittant notre usine. Notre \u00e9quipe technique qualifi\u00e9e, associ\u00e9e \u00e0 des \u00e9quipements de pointe, nous permet d&#039;assurer un contr\u00f4le qualit\u00e9 rigoureux \u00e0 chaque \u00e9tape de la production, de la s\u00e9lection des mati\u00e8res premi\u00e8res au contr\u00f4le final. Cette volont\u00e9 d&#039;excellence nous a valu des certifications et la reconnaissance des autorit\u00e9s du secteur, consolidant ainsi notre r\u00e9putation de partenaire fiable.<\/p>\n<p class=\"break-words\">Notre mission est simple et ambitieuse\u00a0: fournir \u00e0 nos clients des v\u00e9rins hydrauliques d\u00e9passant leurs attentes en termes de performances, de durabilit\u00e9 et de rapport qualit\u00e9-prix. Nous agissons selon les principes directeurs de professionnalisme, d&#039;int\u00e9grit\u00e9 et d&#039;orientation client. En favorisant une culture d&#039;innovation et de pr\u00e9cision, nous perfectionnons continuellement nos produits pour conserver une longueur d&#039;avance sur un march\u00e9 concurrentiel. Notre gamme compl\u00e8te de produits et notre capacit\u00e9 \u00e0 proposer des solutions sur mesure font de nous le choix incontournable des entreprises \u00e0 la recherche de v\u00e9rins hydrauliques hautes performances.<\/p>\n<p class=\"break-words\">FMP est plus qu&#039;un simple fabricant\u00a0: nous sommes le partenaire de votre r\u00e9ussite. Nous comprenons que nos clients comptent sur nous pour leur fournir des outils qui am\u00e9liorent leur productivit\u00e9 et leur s\u00e9curit\u00e9. C&#039;est pourquoi nous nous engageons \u00e0 offrir non seulement des produits haut de gamme, mais aussi un service exceptionnel. De la consultation initiale au service apr\u00e8s-vente, nous travaillons en \u00e9troite collaboration avec nos clients pour r\u00e9pondre \u00e0 leurs besoins avec professionnalisme et attention. Nos prix comp\u00e9titifs, associ\u00e9s \u00e0 notre engagement ind\u00e9fectible envers la qualit\u00e9, font de FMP le choix id\u00e9al pour les entreprises souhaitant investir dans des solutions hydrauliques fiables.<\/p>","protected":false},"excerpt":{"rendered":"<p>Factory Direct Sale Multi Stage Hydraulic Cylinder Telescopic Hydraulic Cylinder For Dump Truck Our Factory Direct Sale Multi Stage Hydraulic Cylinder Telescopic Hydraulic Cylinder is a new and standard product, perfect for use in various industries such as machinery repair shops, farms, energy &amp; mining, machinery manufacturing and machinery factories. This hydraulic cylinder, made of [&hellip;]<\/p>","protected":false},"featured_media":6801,"comment_status":"closed","ping_status":"closed","template":"","meta":{"_et_pb_use_builder":"","_et_pb_old_content":"","_et_gb_content_width":""},"product_brand":[],"product_cat":[103],"product_tag":[34,105],"class_list":{"0":"post-6535","1":"product","2":"type-product","3":"status-publish","4":"has-post-thumbnail","6":"product_cat-telescopic-hydraulic-cylinders","7":"product_tag-hydraulic-cylinder","8":"product_tag-telescopic-hydraulic-cylinders","10":"first","11":"instock","12":"product-type-simple"},"_links":{"self":[{"href":"https:\/\/fmp-components.com\/fr\/wp-json\/wp\/v2\/product\/6535","targetHints":{"allow":["GET"]}}],"collection":[{"href":"https:\/\/fmp-components.com\/fr\/wp-json\/wp\/v2\/product"}],"about":[{"href":"https:\/\/fmp-components.com\/fr\/wp-json\/wp\/v2\/types\/product"}],"replies":[{"embeddable":true,"href":"https:\/\/fmp-components.com\/fr\/wp-json\/wp\/v2\/comments?post=6535"}],"wp:featuredmedia":[{"embeddable":true,"href":"https:\/\/fmp-components.com\/fr\/wp-json\/wp\/v2\/media\/6801"}],"wp:attachment":[{"href":"https:\/\/fmp-components.com\/fr\/wp-json\/wp\/v2\/media?parent=6535"}],"wp:term":[{"taxonomy":"product_brand","embeddable":true,"href":"https:\/\/fmp-components.com\/fr\/wp-json\/wp\/v2\/product_brand?post=6535"},{"taxonomy":"product_cat","embeddable":true,"href":"https:\/\/fmp-components.com\/fr\/wp-json\/wp\/v2\/product_cat?post=6535"},{"taxonomy":"product_tag","embeddable":true,"href":"https:\/\/fmp-components.com\/fr\/wp-json\/wp\/v2\/product_tag?post=6535"}],"curies":[{"name":"wp","href":"https:\/\/api.w.org\/{rel}","templated":true}]}}