{"id":6532,"date":"2025-03-11T06:28:19","date_gmt":"2025-03-11T06:28:19","guid":{"rendered":"https:\/\/fmp-components.com\/product\/italy-factory-supply-5-stage-telescopic-hydraulic-cylinder-for-dump-truck"},"modified":"2025-03-14T02:40:55","modified_gmt":"2025-03-14T02:40:55","slug":"italy-factory-supply-5-stage-telescopic-hydraulic-cylinder-for-dump-truck","status":"publish","type":"product","link":"https:\/\/fmp-components.com\/fr\/product\/italy-factory-supply-5-stage-telescopic-hydraulic-cylinder-for-dump-truck\/","title":{"rendered":"V\u00e9rin hydraulique t\u00e9lescopique \u00e0 5 \u00e9tages pour camion \u00e0 benne basculante, fabriqu\u00e9 en Italie"},"content":{"rendered":"<h2>V\u00e9rin hydraulique t\u00e9lescopique \u00e0 5 \u00e9tages pour camion \u00e0 benne basculante, fabriqu\u00e9 en Italie<\/h2>\n<p>Ce nouveau v\u00e9rin hydraulique multicellulaire standard est un produit haut de gamme, directement sorti d'usine. Fabriqu\u00e9 avec un corps en acier, il offre la puissance et la robustesse n\u00e9cessaires aux engins lourds. Il est id\u00e9al pour les ateliers de r\u00e9paration, les exploitations agricoles, les secteurs de l'\u00e9nergie et des mines, la fabrication de machines et les usines de m\u00e9canique.<\/p>\n<h3>Caract\u00e9ristiques et fonctions<\/h3>\n<ul>\n<li>Pouss\u00e9e maximale : 3000<\/li>\n<li>Traction maximale : 20 tonnes<\/li>\n<li>Ports : G\/SAE\/NPT\/M<\/li>\n<li>Certification : ISO9001:2000<\/li>\n<li>Al\u00e9sage : 2 \u00e0 6 pouces<\/li>\n<li>Taille de la tige : 1,125 \u00e0 4 pouces<\/li>\n<li>Taille de la course : 4 \u00e0 100 pouces<\/li>\n<li>Taille de la broche : 0,5 \u00e0 2 pouces<\/li>\n<li>Couleur : Noir<\/li>\n<\/ul>\n<h3>D\u00e9tails et sp\u00e9cifications du produit<\/h3>\n<p>Ce v\u00e9rin hydraulique p\u00e8se 38 kg et est garanti 1 an. Ses principaux composants sont le roulement et le v\u00e9rin lui-m\u00eame.<\/p>\n<p>Consultez les sp\u00e9cifications d\u00e9taill\u00e9es ci-dessous\u00a0:<\/p>\n<table style=\"width: 96.9541%;\" border=\"\">\n<tbody>\n<tr>\n<td style=\"width: 41.704%;\"><i>Nom du produit<\/i><\/td>\n<td style=\"width: 301.794%;\">V\u00e9rin t\u00e9lescopique<\/td>\n<\/tr>\n<tr>\n<td style=\"width: 41.704%;\"><i>Certification<\/i><\/td>\n<td style=\"width: 301.794%;\">ISO9001:2000<\/td>\n<\/tr>\n<tr>\n<td style=\"width: 41.704%;\"><i>Taille de l&#039;al\u00e9sage<\/i><\/td>\n<td style=\"width: 301.794%;\">2 \u00e0 6 pouces<\/td>\n<\/tr>\n<tr>\n<td style=\"width: 41.704%;\"><i>Taille de la tige<\/i><\/td>\n<td style=\"width: 301.794%;\">1,125-4 pouces<\/td>\n<\/tr>\n<tr>\n<td style=\"width: 41.704%;\"><i>Taille de la course<\/i><\/td>\n<td style=\"width: 301.794%;\">4 \u00e0 100 pouces<\/td>\n<\/tr>\n<tr>\n<td style=\"width: 41.704%;\"><i>Taille de la broche<\/i><\/td>\n<td style=\"width: 301.794%;\">0,5 \u00e0 2 pouces<\/td>\n<\/tr>\n<tr>\n<td style=\"width: 41.704%;\"><i>Ports<\/i><\/td>\n<td style=\"width: 301.794%;\">G\/SAE\/NPT\/M<\/td>\n<\/tr>\n<\/tbody>\n<\/table>\n<h2>Avantages uniques<\/h2>\n<p>Ce v\u00e9rin hydraulique est \u00e9co\u00e9nerg\u00e9tique, tr\u00e8s performant et s\u00fbr. Composant essentiel des syst\u00e8mes hydrauliques, il transforme la pression du fluide en une force capable de d\u00e9placer des charges importantes. Ses applications sont multiples\u00a0: camions-bennes, ateliers de r\u00e9paration de machines, exploitations agricoles, secteurs de l\u2019\u00e9nergie et des mines, fabrication de machines et usines de m\u00e9canique.<\/p>\n<p><img loading=\"lazy\" decoding=\"async\" class=\"alignnone size-full wp-image-6796\" src=\"https:\/\/fmp-components.com\/wp-content\/uploads\/2025\/03\/Telescopic-Hydraulic-Cylinders-12.webp\" alt=\"V\u00e9rins hydrauliques t\u00e9lescopiques\" width=\"800\" height=\"800\" title=\"\" srcset=\"https:\/\/fmp-components.com\/wp-content\/uploads\/2025\/03\/Telescopic-Hydraulic-Cylinders-12.webp 800w, https:\/\/fmp-components.com\/wp-content\/uploads\/2025\/03\/Telescopic-Hydraulic-Cylinders-12-480x480.webp 480w\" sizes=\"(min-width: 0px) and (max-width: 480px) 480px, (min-width: 481px) 800px, 100vw\" \/><\/p>\n<h2>Syst\u00e8mes hydrauliques et principe de fonctionnement<\/h2>\n<p>Le v\u00e9rin hydraulique fonctionne selon le principe de Pascal. Lorsqu'une pression est appliqu\u00e9e au fluide contenu dans le v\u00e9rin, elle g\u00e9n\u00e8re une force qui d\u00e9place le piston, lequel effectue un travail sur la charge.<\/p>\n<h3>Sc\u00e9narios d'application<\/h3>\n<p>Avec une force de traction maximale de 20 tonnes et une pouss\u00e9e maximale de 3000, ce v\u00e9rin hydraulique est parfait pour les applications intensives telles que les camions-bennes, les excavatrices et autres engins lourds.<\/p>\n<h2>V\u00e9rins hydrauliques et groupes motopropulseurs<\/h2>\n<p>Les v\u00e9rins et les centrales hydrauliques sont des composants indispensables des syst\u00e8mes hydrauliques. Fonctionnant de concert, ils assurent la large application de la technologie hydraulique dans le secteur industriel, en fournissant une alimentation et une commande fiables pour divers \u00e9quipements m\u00e9caniques et d'ing\u00e9nierie. Nous proposons \u00e9galement des centrales hydrauliques \u00e0 la vente.<\/p>\n<h2>Questions fr\u00e9quemment pos\u00e9es<\/h2>\n<p><b>Q : \u00cates-vous une soci\u00e9t\u00e9 commerciale ou un fabricant ?<\/b><br \/>\nR : Nous sommes un fabricant.<\/p>\n<p><b>Q : Quel est votre d\u00e9lai de livraison ?<\/b><br \/>\nR : En g\u00e9n\u00e9ral, cela prend entre 25 et 35 jours.<\/p>\n<p><b>Q\u00a0: Fournissez-vous des \u00e9chantillons\u00a0? Sont-ils gratuits ou en suppl\u00e9ment\u00a0?<\/b><br \/>\nR : Oui, nous pourrions proposer l&#039;\u00e9chantillon mais ce n&#039;est pas gratuit.<\/p>\n<h3>\u00c0 propos de FMP<\/h3>\n<p class=\"break-words\">FMP est un fabricant italien de premier plan sp\u00e9cialis\u00e9 dans la conception, le d\u00e9veloppement et la production de v\u00e9rins hydrauliques de haute qualit\u00e9. Forts d&#039;un riche h\u00e9ritage ancr\u00e9 dans des d\u00e9cennies d&#039;expertise, nous sommes fiers d&#039;allier savoir-faire italien et technologie de pointe pour proposer des solutions hydrauliques exceptionnelles, adapt\u00e9es aux besoins vari\u00e9s de notre client\u00e8le internationale. Bas\u00e9e en Italie, p\u00f4le d&#039;excellence en ing\u00e9nierie, FMP est une r\u00e9f\u00e9rence dans le secteur hydraulique, engag\u00e9e \u00e0 fournir des produits fiables, durables et innovants qui dynamisent les entreprises du monde entier.<\/p>\n<p class=\"break-words\">Notre entreprise allie le meilleur des traditions de fabrication de pointe \u00e0 une approche avant-gardiste. Forte de nombreuses ann\u00e9es d&#039;exp\u00e9rience dans les syst\u00e8mes hydrauliques, FMP est devenue une entreprise moderne qui excelle en recherche, conception et production. Nous proposons une large gamme de v\u00e9rins hydrauliques, notamment des v\u00e9rins \u00e0 double effet, des v\u00e9rins de levage pour automobiles et pour machines agricoles, ainsi que des solutions sur mesure pour diverses applications industrielles. Qu&#039;il s&#039;agisse de construction, d&#039;installations industrielles, d&#039;agriculture ou de machines lourdes, nos v\u00e9rins hydrauliques sont con\u00e7us pour fonctionner dans les conditions les plus difficiles, garantissant s\u00e9curit\u00e9, efficacit\u00e9 et long\u00e9vit\u00e9.<\/p>\n<p><img loading=\"lazy\" decoding=\"async\" class=\"alignnone size-full wp-image-6720\" src=\"https:\/\/fmp-components.com\/wp-content\/uploads\/2025\/03\/hydraulic-cylinder-8.webp\" alt=\"V\u00e9rins hydrauliques t\u00e9lescopiques\" width=\"933\" height=\"526\" title=\"\" srcset=\"https:\/\/fmp-components.com\/wp-content\/uploads\/2025\/03\/hydraulic-cylinder-8.webp 933w, https:\/\/fmp-components.com\/wp-content\/uploads\/2025\/03\/hydraulic-cylinder-8-480x271.webp 480w\" sizes=\"(min-width: 0px) and (max-width: 480px) 480px, (min-width: 481px) 933px, 100vw\" \/><\/p>\n<p class=\"break-words\">Chez FMP, nous sommes fiers de nos installations de production ultramodernes, \u00e9quip\u00e9es de machines de pr\u00e9cision et de syst\u00e8mes de test avanc\u00e9s. Nos processus de fabrication respectent des normes nationales et internationales rigoureuses, garantissant ainsi la qualit\u00e9 et la fiabilit\u00e9 de chaque v\u00e9rin hydraulique quittant notre usine. Notre \u00e9quipe technique qualifi\u00e9e, associ\u00e9e \u00e0 des \u00e9quipements de pointe, nous permet d&#039;assurer un contr\u00f4le qualit\u00e9 rigoureux \u00e0 chaque \u00e9tape de la production, de la s\u00e9lection des mati\u00e8res premi\u00e8res au contr\u00f4le final. Cette volont\u00e9 d&#039;excellence nous a valu des certifications et la reconnaissance des autorit\u00e9s du secteur, consolidant ainsi notre r\u00e9putation de partenaire fiable.<\/p>\n<p class=\"break-words\">Notre mission est simple et ambitieuse\u00a0: fournir \u00e0 nos clients des v\u00e9rins hydrauliques d\u00e9passant leurs attentes en termes de performances, de durabilit\u00e9 et de rapport qualit\u00e9-prix. Nous agissons selon les principes directeurs de professionnalisme, d&#039;int\u00e9grit\u00e9 et d&#039;orientation client. En favorisant une culture d&#039;innovation et de pr\u00e9cision, nous perfectionnons continuellement nos produits pour conserver une longueur d&#039;avance sur un march\u00e9 concurrentiel. Notre gamme compl\u00e8te de produits et notre capacit\u00e9 \u00e0 proposer des solutions sur mesure font de nous le choix incontournable des entreprises \u00e0 la recherche de v\u00e9rins hydrauliques hautes performances.<\/p>\n<p class=\"break-words\">FMP est plus qu&#039;un simple fabricant\u00a0: nous sommes le partenaire de votre r\u00e9ussite. Nous comprenons que nos clients comptent sur nous pour leur fournir des outils qui am\u00e9liorent leur productivit\u00e9 et leur s\u00e9curit\u00e9. C&#039;est pourquoi nous nous engageons \u00e0 offrir non seulement des produits haut de gamme, mais aussi un service exceptionnel. De la consultation initiale au service apr\u00e8s-vente, nous travaillons en \u00e9troite collaboration avec nos clients pour r\u00e9pondre \u00e0 leurs besoins avec professionnalisme et attention. Nos prix comp\u00e9titifs, associ\u00e9s \u00e0 notre engagement ind\u00e9fectible envers la qualit\u00e9, font de FMP le choix id\u00e9al pour les entreprises souhaitant investir dans des solutions hydrauliques fiables.<\/p>","protected":false},"excerpt":{"rendered":"<p>Italy Factory Supply 5 Stage Telescopic Hydraulic Cylinder For Dump Truck This new, standard multistage hydraulic cylinder is a high-quality product straight from the factory. Manufactured with a steel body, it provides the ultimate power and durability needed for heavy machinery. It\u2019s perfect for machinery repair shops, farms, energy &amp; mining, machinery manufacturing, and machinery [&hellip;]<\/p>","protected":false},"featured_media":6769,"comment_status":"closed","ping_status":"closed","template":"","meta":{"_et_pb_use_builder":"","_et_pb_old_content":"","_et_gb_content_width":""},"product_brand":[],"product_cat":[103],"product_tag":[34,105],"class_list":{"0":"post-6532","1":"product","2":"type-product","3":"status-publish","4":"has-post-thumbnail","6":"product_cat-telescopic-hydraulic-cylinders","7":"product_tag-hydraulic-cylinder","8":"product_tag-telescopic-hydraulic-cylinders","10":"first","11":"instock","12":"product-type-simple"},"_links":{"self":[{"href":"https:\/\/fmp-components.com\/fr\/wp-json\/wp\/v2\/product\/6532","targetHints":{"allow":["GET"]}}],"collection":[{"href":"https:\/\/fmp-components.com\/fr\/wp-json\/wp\/v2\/product"}],"about":[{"href":"https:\/\/fmp-components.com\/fr\/wp-json\/wp\/v2\/types\/product"}],"replies":[{"embeddable":true,"href":"https:\/\/fmp-components.com\/fr\/wp-json\/wp\/v2\/comments?post=6532"}],"wp:featuredmedia":[{"embeddable":true,"href":"https:\/\/fmp-components.com\/fr\/wp-json\/wp\/v2\/media\/6769"}],"wp:attachment":[{"href":"https:\/\/fmp-components.com\/fr\/wp-json\/wp\/v2\/media?parent=6532"}],"wp:term":[{"taxonomy":"product_brand","embeddable":true,"href":"https:\/\/fmp-components.com\/fr\/wp-json\/wp\/v2\/product_brand?post=6532"},{"taxonomy":"product_cat","embeddable":true,"href":"https:\/\/fmp-components.com\/fr\/wp-json\/wp\/v2\/product_cat?post=6532"},{"taxonomy":"product_tag","embeddable":true,"href":"https:\/\/fmp-components.com\/fr\/wp-json\/wp\/v2\/product_tag?post=6532"}],"curies":[{"name":"wp","href":"https:\/\/api.w.org\/{rel}","templated":true}]}}