{"id":6530,"date":"2025-03-11T06:28:19","date_gmt":"2025-03-11T06:28:19","guid":{"rendered":"https:\/\/fmp-components.com\/product\/professional-multi-stage-hydraulic-cylinder-telescopic-hydraulic-cylinder-for-dump-truck"},"modified":"2025-03-12T02:03:40","modified_gmt":"2025-03-12T02:03:40","slug":"professional-multi-stage-hydraulic-cylinder-telescopic-hydraulic-cylinder-for-dump-truck","status":"publish","type":"product","link":"https:\/\/fmp-components.com\/fr\/product\/professional-multi-stage-hydraulic-cylinder-telescopic-hydraulic-cylinder-for-dump-truck\/","title":{"rendered":"V\u00e9rin hydraulique t\u00e9lescopique multi-\u00e9tages professionnel pour camion \u00e0 benne basculante"},"content":{"rendered":"<h2>V\u00e9rin hydraulique t\u00e9lescopique multi-\u00e9tages professionnel pour camion \u00e0 benne basculante<\/h2>\n<p>Le v\u00e9rin hydraulique multi-\u00e9tages professionnel est un outil polyvalent sp\u00e9cialement con\u00e7u pour les camions-bennes. Fabriqu\u00e9 par FMP, une marque leader du secteur synonyme de qualit\u00e9 et de fiabilit\u00e9, ce v\u00e9rin hydraulique est reconnu pour son rendement \u00e9lev\u00e9, sa s\u00e9curit\u00e9 et ses performances \u00e9nerg\u00e9tiques r\u00e9duites. Son utilisation principale consiste \u00e0 convertir l'\u00e9nergie hydraulique en \u00e9nergie m\u00e9canique afin de fournir la force n\u00e9cessaire aux camions-bennes pour soulever des charges lourdes.<\/p>\n<h2>Sp\u00e9cifications du produit<\/h2>\n<table style=\"width: 101.319%;\" border=\"\">\n<tbody>\n<tr>\n<td style=\"width: 42.9185%;\"><strong>Nom du produit<\/strong><\/td>\n<td style=\"width: 352.361%;\">V\u00e9rin t\u00e9lescopique<\/td>\n<\/tr>\n<tr>\n<td style=\"width: 42.9185%;\"><strong>Certification<\/strong><\/td>\n<td style=\"width: 352.361%;\">ISO9001:2000<\/td>\n<\/tr>\n<tr>\n<td style=\"width: 42.9185%;\"><strong>Taille de l&#039;al\u00e9sage<\/strong><\/td>\n<td style=\"width: 352.361%;\">2 \u00e0 6 pouces<\/td>\n<\/tr>\n<tr>\n<td style=\"width: 42.9185%;\"><strong>Taille de la tige<\/strong><\/td>\n<td style=\"width: 352.361%;\">1,125-4 pouces<\/td>\n<\/tr>\n<tr>\n<td style=\"width: 42.9185%;\"><strong>Taille de la course<\/strong><\/td>\n<td style=\"width: 352.361%;\">4 \u00e0 100 pouces<\/td>\n<\/tr>\n<tr>\n<td style=\"width: 42.9185%;\"><strong>Taille de la broche<\/strong><\/td>\n<td style=\"width: 352.361%;\">0,5 \u00e0 2 pouces<\/td>\n<\/tr>\n<tr>\n<td style=\"width: 42.9185%;\"><strong>Ports<\/strong><\/td>\n<td style=\"width: 352.361%;\">G\/SAE\/NPT\/M<\/td>\n<\/tr>\n<\/tbody>\n<\/table>\n<h2>Caract\u00e9ristiques et avantages uniques<\/h2>\n<p>Le v\u00e9rin hydraulique multi-\u00e9tages de FMP, de dimensions standard, se distingue par sa robustesse et son corps en acier. Il offre une pouss\u00e9e maximale de 3\u00a0000 Nm et une impressionnante capacit\u00e9 de traction de 20 tonnes. Ce v\u00e9rin est con\u00e7u pour optimiser la consommation d'\u00e9nergie, garantir un fonctionnement efficace et une s\u00e9curit\u00e9 maximale.<\/p>\n<h2>Syst\u00e8me hydraulique et principe de fonctionnement<\/h2>\n<p>Les syst\u00e8mes hydrauliques fonctionnent selon le principe de la puissance des fluides, o\u00f9 la pression est convertie en mouvement m\u00e9canique. Le v\u00e9rin hydraulique, composant essentiel, transforme l'\u00e9nergie hydraulique en mouvement lin\u00e9aire et en force, permettant ainsi le fonctionnement d'engins lourds tels que les camions-bennes.<\/p>\n<p><img loading=\"lazy\" decoding=\"async\" class=\"alignnone size-full wp-image-6660\" src=\"https:\/\/fmp-components.com\/wp-content\/uploads\/2025\/03\/hydraulic-cylinder-workshop-4.webp\" alt=\"v\u00e9rin hydraulique t\u00e9lescopique\" width=\"914\" height=\"733\" title=\"\" srcset=\"https:\/\/fmp-components.com\/wp-content\/uploads\/2025\/03\/hydraulic-cylinder-workshop-4.webp 914w, https:\/\/fmp-components.com\/wp-content\/uploads\/2025\/03\/hydraulic-cylinder-workshop-4-480x385.webp 480w\" sizes=\"(min-width: 0px) and (max-width: 480px) 480px, (min-width: 481px) 914px, 100vw\" \/><\/p>\n<h2>Application du v\u00e9rin hydraulique<\/h2>\n<p>Le v\u00e9rin hydraulique est largement utilis\u00e9 dans divers secteurs d'activit\u00e9 tels que la r\u00e9paration de machines, l'agriculture, l'\u00e9nergie et les mines, la fabrication de machines et les usines de m\u00e9canique. Il est indispensable au fonctionnement d'engins lourds comme les camions-bennes, qui n\u00e9cessitent une force importante pour soulever et d\u00e9placer des charges importantes.<\/p>\n<h2>V\u00e9rins hydrauliques et groupes motopropulseurs<\/h2>\n<p>Le v\u00e9rin hydraulique et le groupe hydraulique sont deux composants essentiels d'un syst\u00e8me hydraulique. Leur fonctionnement combin\u00e9 garantit la large application de la technologie hydraulique dans le secteur industriel, en fournissant une alimentation et une commande fiables pour divers \u00e9quipements m\u00e9caniques et d'ing\u00e9nierie. Le v\u00e9rin hydraulique, en tant qu'\u00e9l\u00e9ment d'actionnement, convertit l'\u00e9nergie hydraulique en mouvement m\u00e9canique, transformant la pression en force. Le groupe hydraulique, quant \u00e0 lui, est le c\u0153ur du syst\u00e8me hydraulique\u00a0; il fournit l'\u00e9nergie et les signaux de commande n\u00e9cessaires. Le fonctionnement coordonn\u00e9 des deux assure le bon fonctionnement du syst\u00e8me hydraulique. Chez FMP, nous proposons \u00e9galement des groupes hydrauliques \u00e0 la vente.<\/p>\n<p><img loading=\"lazy\" decoding=\"async\" class=\"alignnone  wp-image-6659\" src=\"https:\/\/fmp-components.com\/wp-content\/uploads\/2025\/03\/telescopic-hydraulic-cylinder-12.webp\" alt=\"v\u00e9rin hydraulique t\u00e9lescopique\" width=\"972\" height=\"972\" title=\"\" srcset=\"https:\/\/fmp-components.com\/wp-content\/uploads\/2025\/03\/telescopic-hydraulic-cylinder-12.webp 972w, https:\/\/fmp-components.com\/wp-content\/uploads\/2025\/03\/telescopic-hydraulic-cylinder-12-480x480.webp 480w\" sizes=\"(min-width: 0px) and (max-width: 480px) 480px, (min-width: 481px) 972px, 100vw\" \/><\/p>\n<h2>FAQ<\/h2>\n<h3>Q : \u00cates-vous une soci\u00e9t\u00e9 commerciale ou un fabricant ?<\/h3>\n<p>A : Nous sommes une usine.<\/p>\n<h3>Q : Quel est votre d\u00e9lai de livraison ?<\/h3>\n<p>R : En g\u00e9n\u00e9ral, cela prend entre 25 et 35 jours.<\/p>\n<h3>Q\u00a0: Fournissez-vous des \u00e9chantillons\u00a0? Sont-ils gratuits ou en suppl\u00e9ment\u00a0?<\/h3>\n<p>R : Oui, nous pourrions proposer l&#039;\u00e9chantillon mais ce n&#039;est pas gratuit.<\/p>\n<h3>\u00c0 propos de FMP<\/h3>\n<p>FMP est un fabricant italien de premier plan sp\u00e9cialis\u00e9 dans la conception, le d\u00e9veloppement et la production de v\u00e9rins hydrauliques de haute qualit\u00e9. Forts de d\u00e9cennies d'expertise, nous allions harmonieusement savoir-faire italien et technologie de pointe pour proposer des solutions hydrauliques exceptionnelles adapt\u00e9es aux besoins vari\u00e9s de notre client\u00e8le internationale. Implant\u00e9e en Italie, haut lieu de l'excellence technique, FMP s'est impos\u00e9e comme une r\u00e9f\u00e9rence dans le secteur hydraulique, s'engageant \u00e0 fournir des produits fiables, durables et innovants qui dynamisent les entreprises du monde entier.<\/p>\n<p>Notre entreprise allie tradition de fabrication avanc\u00e9e et approche avant-gardiste. Forte d'une vaste exp\u00e9rience dans les syst\u00e8mes hydrauliques, FMP est devenue une entreprise moderne qui excelle en recherche, conception et production. Nous proposons une large gamme de v\u00e9rins hydrauliques, notamment des v\u00e9rins \u00e0 double effet, des v\u00e9rins de levage pour automobiles et pour machines agricoles, ainsi que des solutions sur mesure pour diverses applications industrielles. Quel que soit le secteur d'activit\u00e9 (construction, installations industrielles, agriculture ou machines lourdes), nos v\u00e9rins hydrauliques sont con\u00e7us pour fonctionner dans les conditions les plus exigeantes, garantissant s\u00e9curit\u00e9, efficacit\u00e9 et long\u00e9vit\u00e9.<\/p>\n<p><img loading=\"lazy\" decoding=\"async\" class=\"alignnone size-full wp-image-6720\" src=\"https:\/\/fmp-components.com\/wp-content\/uploads\/2025\/03\/hydraulic-cylinder-8.webp\" alt=\"V\u00e9rins hydrauliques t\u00e9lescopiques\" width=\"933\" height=\"526\" title=\"\" srcset=\"https:\/\/fmp-components.com\/wp-content\/uploads\/2025\/03\/hydraulic-cylinder-8.webp 933w, https:\/\/fmp-components.com\/wp-content\/uploads\/2025\/03\/hydraulic-cylinder-8-480x271.webp 480w\" sizes=\"(min-width: 0px) and (max-width: 480px) 480px, (min-width: 481px) 933px, 100vw\" \/><\/p>\n<p>Chez FMP, nous sommes fiers de nos installations de production ultramodernes, \u00e9quip\u00e9es de machines de pr\u00e9cision et de syst\u00e8mes de test avanc\u00e9s. Nos processus de fabrication r\u00e9pondent \u00e0 des normes nationales et internationales rigoureuses, garantissant ainsi la qualit\u00e9 et la fiabilit\u00e9 optimales de chaque v\u00e9rin hydraulique produit. Notre \u00e9quipe technique qualifi\u00e9e, associ\u00e9e \u00e0 des \u00e9quipements de pointe, nous permet d'assurer un contr\u00f4le qualit\u00e9 rigoureux \u00e0 chaque \u00e9tape de la production, de la s\u00e9lection des mati\u00e8res premi\u00e8res au contr\u00f4le final. Cet engagement envers l'excellence nous a valu des certifications et la reconnaissance des autorit\u00e9s du secteur, consolidant ainsi notre r\u00e9putation de partenaire fiable.<\/p>\n<p>Notre mission est \u00e0 la fois simple et ambitieuse\u00a0: fournir \u00e0 nos clients des v\u00e9rins hydrauliques d\u00e9passant leurs attentes en termes de performance, de durabilit\u00e9 et de rapport qualit\u00e9-prix. Nous appliquons des principes fondamentaux de professionnalisme, d'int\u00e9grit\u00e9 et d'orientation client. En favorisant une culture d'innovation et de pr\u00e9cision, nous perfectionnons continuellement nos produits pour conserver une longueur d'avance sur un march\u00e9 concurrentiel. Notre gamme compl\u00e8te de produits et notre capacit\u00e9 \u00e0 proposer des solutions sur mesure font de nous le choix privil\u00e9gi\u00e9 des entreprises \u00e0 la recherche de v\u00e9rins hydrauliques hautes performances.<\/p>\n<p>FMP est plus qu'un simple fabricant\u00a0; nous sommes le partenaire de votre r\u00e9ussite. Nous comprenons que nos clients comptent sur nous pour leur fournir des outils am\u00e9liorant leur productivit\u00e9 et leur s\u00e9curit\u00e9. C'est pourquoi nous nous engageons non seulement \u00e0 fournir des produits haut de gamme, mais aussi \u00e0 offrir un service exceptionnel. De la consultation initiale au service apr\u00e8s-vente, nous travaillons en \u00e9troite collaboration avec nos clients pour r\u00e9pondre \u00e0 leurs besoins avec professionnalisme et attention. Nos prix comp\u00e9titifs, combin\u00e9s \u00e0 notre engagement ind\u00e9fectible envers la qualit\u00e9, font de FMP le choix id\u00e9al pour les entreprises souhaitant investir dans des solutions hydrauliques fiables.<\/p>","protected":false},"excerpt":{"rendered":"<p>Professional Multi Stage Hydraulic Cylinder Telescopic Hydraulic Cylinder For Dump Truck The professional multi-stage hydraulic cylinder is a versatile tool specially designed for dump trucks. Manufactured by FMP, an industry-leading brand that stands for quality and reliability, this hydraulic cylinder is known for its high efficiency, safety, and energy-saving capabilities. Its primary use is to [&hellip;]<\/p>","protected":false},"featured_media":6698,"comment_status":"closed","ping_status":"closed","template":"","meta":{"_et_pb_use_builder":"","_et_pb_old_content":"","_et_gb_content_width":""},"product_brand":[],"product_cat":[103],"product_tag":[34,105],"class_list":{"0":"post-6530","1":"product","2":"type-product","3":"status-publish","4":"has-post-thumbnail","6":"product_cat-telescopic-hydraulic-cylinders","7":"product_tag-hydraulic-cylinder","8":"product_tag-telescopic-hydraulic-cylinders","10":"first","11":"instock","12":"product-type-simple"},"_links":{"self":[{"href":"https:\/\/fmp-components.com\/fr\/wp-json\/wp\/v2\/product\/6530","targetHints":{"allow":["GET"]}}],"collection":[{"href":"https:\/\/fmp-components.com\/fr\/wp-json\/wp\/v2\/product"}],"about":[{"href":"https:\/\/fmp-components.com\/fr\/wp-json\/wp\/v2\/types\/product"}],"replies":[{"embeddable":true,"href":"https:\/\/fmp-components.com\/fr\/wp-json\/wp\/v2\/comments?post=6530"}],"wp:featuredmedia":[{"embeddable":true,"href":"https:\/\/fmp-components.com\/fr\/wp-json\/wp\/v2\/media\/6698"}],"wp:attachment":[{"href":"https:\/\/fmp-components.com\/fr\/wp-json\/wp\/v2\/media?parent=6530"}],"wp:term":[{"taxonomy":"product_brand","embeddable":true,"href":"https:\/\/fmp-components.com\/fr\/wp-json\/wp\/v2\/product_brand?post=6530"},{"taxonomy":"product_cat","embeddable":true,"href":"https:\/\/fmp-components.com\/fr\/wp-json\/wp\/v2\/product_cat?post=6530"},{"taxonomy":"product_tag","embeddable":true,"href":"https:\/\/fmp-components.com\/fr\/wp-json\/wp\/v2\/product_tag?post=6530"}],"curies":[{"name":"wp","href":"https:\/\/api.w.org\/{rel}","templated":true}]}}