{"id":6524,"date":"2025-03-11T06:26:57","date_gmt":"2025-03-11T06:26:57","guid":{"rendered":"https:\/\/fmp-components.com\/product\/factory-customized-mini-dump-truck-hydraulic-cylinder-telescopic-hydraulic-cylinder"},"modified":"2025-03-18T01:59:50","modified_gmt":"2025-03-18T01:59:50","slug":"factory-customized-mini-dump-truck-hydraulic-cylinder-telescopic-hydraulic-cylinder","status":"publish","type":"product","link":"https:\/\/fmp-components.com\/fr\/product\/factory-customized-mini-dump-truck-hydraulic-cylinder-telescopic-hydraulic-cylinder\/","title":{"rendered":"V\u00e9rin hydraulique t\u00e9lescopique pour mini-camion \u00e0 benne basculante personnalis\u00e9 en usine"},"content":{"rendered":"<h2>V\u00e9rin hydraulique t\u00e9lescopique pour mini-camion \u00e0 benne basculante personnalis\u00e9 en usine<\/h2>\n<p>D\u00e9couvrez le v\u00e9rin hydraulique t\u00e9lescopique personnalis\u00e9 en usine pour mini-bennes, un outil indispensable pour de nombreux secteurs. Ce dispositif polyvalent offre une efficacit\u00e9 accrue dans les domaines de l'\u00e9nergie et des mines, de la construction et de la r\u00e9paration de machines, ainsi que dans l'agriculture. Fabriqu\u00e9 avec la plus grande pr\u00e9cision, ce v\u00e9rin hydraulique pour mini-bennes se distingue par sa qualit\u00e9, sa durabilit\u00e9 et sa fiabilit\u00e9 sup\u00e9rieures.<\/p>\n<h3>Caract\u00e9ristiques et avantages<\/h3>\n<ul>\n<li style=\"list-style-type: none;\">\n<ul>\n<li>\u00c9conome en \u00e9nergie : Optimise les performances tout en r\u00e9duisant la consommation d'\u00e9nergie.<\/li>\n<\/ul>\n<\/li>\n<\/ul>\n<ul>\n<li>Tr\u00e8s efficace : Garantit des op\u00e9rations rapides et fiables.<\/li>\n<li>S\u00e9curit\u00e9 : Con\u00e7u avec des mesures de s\u00e9curit\u00e9 pour pr\u00e9venir tout accident ou incident.<\/li>\n<\/ul>\n<h2>Sp\u00e9cifications techniques<\/h2>\n<p>Notre v\u00e9rin hydraulique est dot\u00e9 de nombreuses caract\u00e9ristiques techniques con\u00e7ues pour r\u00e9pondre \u00e0 vos besoins sp\u00e9cifiques. Vous trouverez ci-dessous le d\u00e9tail de ses caract\u00e9ristiques techniques\u00a0:<\/p>\n<table style=\"width: 99.9175%;\" border=\"\">\n<tbody>\n<tr>\n<th style=\"width: 43.5028%;\">Taille de l&#039;al\u00e9sage<\/th>\n<td style=\"width: 484.746%;\">2 \u00e0 6 pouces<\/td>\n<\/tr>\n<tr>\n<th style=\"width: 43.5028%;\">Taille de la tige<\/th>\n<td style=\"width: 484.746%;\">1,125-4 pouces<\/td>\n<\/tr>\n<tr>\n<th style=\"width: 43.5028%;\">Taille de la course<\/th>\n<td style=\"width: 484.746%;\">4 \u00e0 100 pouces<\/td>\n<\/tr>\n<tr>\n<th style=\"width: 43.5028%;\">Taille de la broche<\/th>\n<td style=\"width: 484.746%;\">0,5 \u00e0 2 pouces<\/td>\n<\/tr>\n<tr>\n<th style=\"width: 43.5028%;\">Ports<\/th>\n<td style=\"width: 484.746%;\">G\/SAE\/NPT\/M<\/td>\n<\/tr>\n<\/tbody>\n<\/table>\n<h2>Syst\u00e8me hydraulique et principe de fonctionnement<\/h2>\n<p>Notre v\u00e9rin hydraulique fonctionne selon le principe de base de la conversion de la pression hydraulique en force m\u00e9canique. Ce processus est r\u00e9alis\u00e9 gr\u00e2ce \u00e0 un piston qui se d\u00e9place \u00e0 l'int\u00e9rieur d'un corps cylindrique.<\/p>\n<h2>Application<\/h2>\n<p>Le v\u00e9rin hydraulique trouve de nombreuses applications dans divers secteurs, notamment les ateliers de r\u00e9paration de machines, les exploitations agricoles, l'\u00e9nergie et les mines, la fabrication de machines et les usines de machines.<\/p>\n<h2>V\u00e9rins hydrauliques et groupes motopropulseurs<\/h2>\n<p>Les v\u00e9rins et les centrales hydrauliques sont des composants essentiels d'un syst\u00e8me hydraulique. Fonctionnant de concert, ils permettent une large application de la technologie hydraulique dans le secteur industriel, en fournissant une alimentation et une commande fiables pour divers \u00e9quipements m\u00e9caniques et d'ing\u00e9nierie. Chez FMP, nous proposons \u00e0 la vente des centrales hydrauliques de haute qualit\u00e9.<\/p>\n<p><img loading=\"lazy\" decoding=\"async\" class=\"alignnone wp-image-6663\" src=\"https:\/\/fmp-components.com\/wp-content\/uploads\/2025\/03\/telescopic-hydraulic-cylinder-11.webp\" alt=\"v\u00e9rin hydraulique t\u00e9lescopique\" width=\"891\" height=\"891\" title=\"\" srcset=\"https:\/\/fmp-components.com\/wp-content\/uploads\/2025\/03\/telescopic-hydraulic-cylinder-11.webp 891w, https:\/\/fmp-components.com\/wp-content\/uploads\/2025\/03\/telescopic-hydraulic-cylinder-11-480x480.webp 480w\" sizes=\"(min-width: 0px) and (max-width: 480px) 480px, (min-width: 481px) 891px, 100vw\" \/><\/p>\n<h2>FAQ<\/h2>\n<ol>\n<li><b>Etes-vous une soci\u00e9t\u00e9 commerciale ou un fabricant ?<\/b><br \/>\nNous sommes une usine.<\/li>\n<li><b>Quel est votre d\u00e9lai de livraison ?<\/b><br \/>\nEn g\u00e9n\u00e9ral, cela prend entre 25 et 35 jours.<\/li>\n<li><b>Fournissez-vous des \u00e9chantillons\u00a0? Sont-ils gratuits ou en suppl\u00e9ment\u00a0?<\/b><br \/>\nOui, nous pouvons offrir l'\u00e9chantillon mais ce n'est pas gratuit.<\/li>\n<\/ol>\n<h3>\u00c0 propos de FMP<\/h3>\n<p class=\"break-words\">FMP est un fabricant italien de premier plan sp\u00e9cialis\u00e9 dans la conception, le d\u00e9veloppement et la production de v\u00e9rins hydrauliques de haute qualit\u00e9. Forts d&#039;un riche h\u00e9ritage ancr\u00e9 dans des d\u00e9cennies d&#039;expertise, nous sommes fiers d&#039;allier savoir-faire italien et technologie de pointe pour proposer des solutions hydrauliques exceptionnelles, adapt\u00e9es aux besoins vari\u00e9s de notre client\u00e8le internationale. Bas\u00e9e en Italie, p\u00f4le d&#039;excellence en ing\u00e9nierie, FMP est une r\u00e9f\u00e9rence dans le secteur hydraulique, engag\u00e9e \u00e0 fournir des produits fiables, durables et innovants qui dynamisent les entreprises du monde entier.<\/p>\n<p class=\"break-words\">Notre entreprise allie le meilleur des traditions de fabrication de pointe \u00e0 une approche avant-gardiste. Forte de nombreuses ann\u00e9es d&#039;exp\u00e9rience dans les syst\u00e8mes hydrauliques, FMP est devenue une entreprise moderne qui excelle en recherche, conception et production. Nous proposons une large gamme de v\u00e9rins hydrauliques, notamment des v\u00e9rins \u00e0 double effet, des v\u00e9rins de levage pour automobiles et pour machines agricoles, ainsi que des solutions sur mesure pour diverses applications industrielles. Qu&#039;il s&#039;agisse de construction, d&#039;installations industrielles, d&#039;agriculture ou de machines lourdes, nos v\u00e9rins hydrauliques sont con\u00e7us pour fonctionner dans les conditions les plus difficiles, garantissant s\u00e9curit\u00e9, efficacit\u00e9 et long\u00e9vit\u00e9.<\/p>\n<p><img loading=\"lazy\" decoding=\"async\" class=\"alignnone size-full wp-image-6720\" src=\"https:\/\/fmp-components.com\/wp-content\/uploads\/2025\/03\/hydraulic-cylinder-8.webp\" alt=\"V\u00e9rins hydrauliques t\u00e9lescopiques\" width=\"933\" height=\"526\" title=\"\" srcset=\"https:\/\/fmp-components.com\/wp-content\/uploads\/2025\/03\/hydraulic-cylinder-8.webp 933w, https:\/\/fmp-components.com\/wp-content\/uploads\/2025\/03\/hydraulic-cylinder-8-480x271.webp 480w\" sizes=\"(min-width: 0px) and (max-width: 480px) 480px, (min-width: 481px) 933px, 100vw\" \/><\/p>\n<p class=\"break-words\">Chez FMP, nous sommes fiers de nos installations de production ultramodernes, \u00e9quip\u00e9es de machines de pr\u00e9cision et de syst\u00e8mes de test avanc\u00e9s. Nos processus de fabrication respectent des normes nationales et internationales rigoureuses, garantissant ainsi la qualit\u00e9 et la fiabilit\u00e9 de chaque v\u00e9rin hydraulique quittant notre usine. Notre \u00e9quipe technique qualifi\u00e9e, associ\u00e9e \u00e0 des \u00e9quipements de pointe, nous permet d&#039;assurer un contr\u00f4le qualit\u00e9 rigoureux \u00e0 chaque \u00e9tape de la production, de la s\u00e9lection des mati\u00e8res premi\u00e8res au contr\u00f4le final. Cette volont\u00e9 d&#039;excellence nous a valu des certifications et la reconnaissance des autorit\u00e9s du secteur, consolidant ainsi notre r\u00e9putation de partenaire fiable.<\/p>\n<p class=\"break-words\">Notre mission est simple et ambitieuse\u00a0: fournir \u00e0 nos clients des v\u00e9rins hydrauliques d\u00e9passant leurs attentes en termes de performances, de durabilit\u00e9 et de rapport qualit\u00e9-prix. Nous agissons selon les principes directeurs de professionnalisme, d&#039;int\u00e9grit\u00e9 et d&#039;orientation client. En favorisant une culture d&#039;innovation et de pr\u00e9cision, nous perfectionnons continuellement nos produits pour conserver une longueur d&#039;avance sur un march\u00e9 concurrentiel. Notre gamme compl\u00e8te de produits et notre capacit\u00e9 \u00e0 proposer des solutions sur mesure font de nous le choix incontournable des entreprises \u00e0 la recherche de v\u00e9rins hydrauliques hautes performances.<\/p>\n<p class=\"break-words\">FMP est plus qu&#039;un simple fabricant\u00a0: nous sommes le partenaire de votre r\u00e9ussite. Nous comprenons que nos clients comptent sur nous pour leur fournir des outils qui am\u00e9liorent leur productivit\u00e9 et leur s\u00e9curit\u00e9. C&#039;est pourquoi nous nous engageons \u00e0 offrir non seulement des produits haut de gamme, mais aussi un service exceptionnel. De la consultation initiale au service apr\u00e8s-vente, nous travaillons en \u00e9troite collaboration avec nos clients pour r\u00e9pondre \u00e0 leurs besoins avec professionnalisme et attention. Nos prix comp\u00e9titifs, associ\u00e9s \u00e0 notre engagement ind\u00e9fectible envers la qualit\u00e9, font de FMP le choix id\u00e9al pour les entreprises souhaitant investir dans des solutions hydrauliques fiables.<\/p>","protected":false},"excerpt":{"rendered":"<p>Factory Customized Mini Dump Truck Hydraulic Cylinder Telescopic Hydraulic Cylinder Introducing the Factory Customized Mini Dump Truck Hydraulic Cylinder Telescopic Hydraulic Cylinder, an indispensable tool for various industries. This versatile device provides a new level of efficiency and effectiveness in energy and mining, machinery manufacturing, machinery repair shops, and farming sectors. Crafted with the utmost [&hellip;]<\/p>","protected":false},"featured_media":6684,"comment_status":"closed","ping_status":"closed","template":"","meta":{"_et_pb_use_builder":"","_et_pb_old_content":"","_et_gb_content_width":""},"product_brand":[],"product_cat":[103],"product_tag":[34,105],"class_list":{"0":"post-6524","1":"product","2":"type-product","3":"status-publish","4":"has-post-thumbnail","6":"product_cat-telescopic-hydraulic-cylinders","7":"product_tag-hydraulic-cylinder","8":"product_tag-telescopic-hydraulic-cylinders","10":"first","11":"instock","12":"product-type-simple"},"_links":{"self":[{"href":"https:\/\/fmp-components.com\/fr\/wp-json\/wp\/v2\/product\/6524","targetHints":{"allow":["GET"]}}],"collection":[{"href":"https:\/\/fmp-components.com\/fr\/wp-json\/wp\/v2\/product"}],"about":[{"href":"https:\/\/fmp-components.com\/fr\/wp-json\/wp\/v2\/types\/product"}],"replies":[{"embeddable":true,"href":"https:\/\/fmp-components.com\/fr\/wp-json\/wp\/v2\/comments?post=6524"}],"wp:featuredmedia":[{"embeddable":true,"href":"https:\/\/fmp-components.com\/fr\/wp-json\/wp\/v2\/media\/6684"}],"wp:attachment":[{"href":"https:\/\/fmp-components.com\/fr\/wp-json\/wp\/v2\/media?parent=6524"}],"wp:term":[{"taxonomy":"product_brand","embeddable":true,"href":"https:\/\/fmp-components.com\/fr\/wp-json\/wp\/v2\/product_brand?post=6524"},{"taxonomy":"product_cat","embeddable":true,"href":"https:\/\/fmp-components.com\/fr\/wp-json\/wp\/v2\/product_cat?post=6524"},{"taxonomy":"product_tag","embeddable":true,"href":"https:\/\/fmp-components.com\/fr\/wp-json\/wp\/v2\/product_tag?post=6524"}],"curies":[{"name":"wp","href":"https:\/\/api.w.org\/{rel}","templated":true}]}}