{"id":6522,"date":"2025-03-11T06:26:57","date_gmt":"2025-03-11T06:26:57","guid":{"rendered":"https:\/\/fmp-components.com\/product\/factory-customized-2-stage-hydraulic-cylinder-small-dump-truck-multistage-hydraulic-cylinder"},"modified":"2025-03-12T01:10:20","modified_gmt":"2025-03-12T01:10:20","slug":"factory-customized-2-stage-hydraulic-cylinder-small-dump-truck-multistage-hydraulic-cylinder","status":"publish","type":"product","link":"https:\/\/fmp-components.com\/fr\/product\/factory-customized-2-stage-hydraulic-cylinder-small-dump-truck-multistage-hydraulic-cylinder\/","title":{"rendered":"V\u00e9rin hydraulique \u00e0 2 \u00e9tages personnalis\u00e9 en usine pour petit camion \u00e0 benne basculante, v\u00e9rin hydraulique \u00e0 plusieurs \u00e9tages"},"content":{"rendered":"<h2>V\u00e9rin hydraulique \u00e0 2 \u00e9tages personnalis\u00e9 en usine pour petit camion \u00e0 benne basculante, v\u00e9rin hydraulique \u00e0 plusieurs \u00e9tages<\/h2>\n<p>D\u00e9couvrez l'efficacit\u00e9 et la durabilit\u00e9 exceptionnelles de notre v\u00e9rin hydraulique bi-\u00e9tag\u00e9 sur mesure. Con\u00e7u sp\u00e9cifiquement pour les petits camions-bennes et autres engins, ce v\u00e9rin multi-\u00e9tag\u00e9 offre des performances et une fiabilit\u00e9 in\u00e9gal\u00e9es. Que vous travailliez dans la r\u00e9paration de machines, l'agriculture, l'\u00e9nergie et les mines, ou la fabrication de machines, notre v\u00e9rin hydraulique d\u00e9passera vos attentes.<\/p>\n<h2>Sp\u00e9cifications du produit<\/h2>\n<p>Nous avons accord\u00e9 une grande importance \u00e0 la conception et \u00e0 la fabrication de nos v\u00e9rins hydrauliques. Voici les principaux param\u00e8tres\u00a0:<\/p>\n<table style=\"width: 100.555%;\" border=\"\">\n<tbody>\n<tr>\n<td style=\"width: 43.5028%;\"><i>Al\u00e9sage :<\/i><\/td>\n<td style=\"width: 488.136%;\">2 \u00e0 6 pouces<\/td>\n<\/tr>\n<tr>\n<td style=\"width: 43.5028%;\"><i>Taille de la tige :<\/i><\/td>\n<td style=\"width: 488.136%;\">1,125-4 pouces<\/td>\n<\/tr>\n<tr>\n<td style=\"width: 43.5028%;\"><i>Taille du trait :<\/i><\/td>\n<td style=\"width: 488.136%;\">4 \u00e0 100 pouces<\/td>\n<\/tr>\n<tr>\n<td style=\"width: 43.5028%;\"><i>Taille de la broche :<\/i><\/td>\n<td style=\"width: 488.136%;\">0,5 \u00e0 2 pouces<\/td>\n<\/tr>\n<tr>\n<td style=\"width: 43.5028%;\"><i>Ports :<\/i><\/td>\n<td style=\"width: 488.136%;\">G\/SAE\/NPT\/M<\/td>\n<\/tr>\n<\/tbody>\n<\/table>\n<h2>Caract\u00e9ristiques et avantages uniques<\/h2>\n<p>Nos v\u00e9rins hydrauliques sont con\u00e7us avec des caract\u00e9ristiques uniques qui les distinguent sur le march\u00e9. Leur efficacit\u00e9 \u00e9nerg\u00e9tique est l'une de leurs principales qualit\u00e9s\u00a0: elle minimise le gaspillage d'\u00e9nergie pendant leur fonctionnement, r\u00e9duisant ainsi les co\u00fbts d'exploitation et l'impact environnemental. De plus, leur conception haute performance leur permet de fournir la force et la vitesse n\u00e9cessaires pour r\u00e9aliser avec pr\u00e9cision les t\u00e2ches les plus exigeantes. La s\u00e9curit\u00e9 est \u00e9galement une priorit\u00e9 absolue\u00a0: nos v\u00e9rins hydrauliques sont \u00e9quip\u00e9s de m\u00e9canismes de s\u00e9curit\u00e9 avanc\u00e9s qui pr\u00e9viennent les surpressions et garantissent un fonctionnement fiable dans diverses conditions.<\/p>\n<p>Con\u00e7us pour r\u00e9sister aux environnements les plus exigeants, nos v\u00e9rins hydrauliques b\u00e9n\u00e9ficient de mat\u00e9riaux durables et d'une construction robuste qui optimisent leur long\u00e9vit\u00e9 et leurs performances. Qu'ils soient soumis \u00e0 des temp\u00e9ratures extr\u00eames, \u00e0 des charges importantes ou \u00e0 des conditions de travail difficiles, ils sont con\u00e7us pour durer, garantissant des r\u00e9sultats constants et minimisant les temps d'arr\u00eat. Cette combinaison d'efficacit\u00e9 \u00e9nerg\u00e9tique, de haute performance et de s\u00e9curit\u00e9 fait de nos v\u00e9rins hydrauliques un investissement judicieux pour tout secteur d'activit\u00e9.<\/p>\n<p><img loading=\"lazy\" decoding=\"async\" class=\"alignnone  wp-image-6665\" src=\"https:\/\/fmp-components.com\/wp-content\/uploads\/2025\/03\/telescopic-hydraulic-cylinder-9.webp\" alt=\"v\u00e9rin hydraulique t\u00e9lescopique\" width=\"916\" height=\"916\" title=\"\" srcset=\"https:\/\/fmp-components.com\/wp-content\/uploads\/2025\/03\/telescopic-hydraulic-cylinder-9.webp 916w, https:\/\/fmp-components.com\/wp-content\/uploads\/2025\/03\/telescopic-hydraulic-cylinder-9-480x480.webp 480w\" sizes=\"(min-width: 0px) and (max-width: 480px) 480px, (min-width: 481px) 916px, 100vw\" \/><\/p>\n<h3>Syst\u00e8mes hydrauliques et principes de fonctionnement<\/h3>\n<p>Les syst\u00e8mes hydrauliques fonctionnent selon le principe fondamental de l'exploitation de la force de pression d'un liquide. Dans nos v\u00e9rins hydrauliques, un piston est actionn\u00e9 par la pression du fluide hydraulique pomp\u00e9 dans le v\u00e9rin. Lorsque le fluide p\u00e9n\u00e8tre dans le v\u00e9rin, il exerce une pression sur le piston, le faisant se d\u00e9placer. Ce mouvement est ensuite transmis efficacement \u00e0 la machine connect\u00e9e, fournissant la puissance n\u00e9cessaire \u00e0 l'ex\u00e9cution d'une grande vari\u00e9t\u00e9 de t\u00e2ches. En utilisant la pression du liquide, les syst\u00e8mes hydrauliques peuvent g\u00e9n\u00e9rer une force importante et assurer un mouvement fluide et contr\u00f4l\u00e9, ce qui les rend indispensables dans des applications allant des engins de chantier aux proc\u00e9d\u00e9s de fabrication.<\/p>\n<h2>V\u00e9rins hydrauliques et groupes motopropulseurs<\/h2>\n<p>Les v\u00e9rins hydrauliques et les centrales hydrauliques sont des composants essentiels des syst\u00e8mes hydrauliques. Leur fonctionnement harmonieux garantit l'application efficace de la technologie hydraulique dans divers secteurs industriels. Le v\u00e9rin hydraulique agit comme actionneur, convertissant l'\u00e9nergie hydraulique en mouvement m\u00e9canique, tandis que la centrale hydraulique constitue le c\u0153ur du syst\u00e8me, fournissant le fluide sous pression qui actionne le v\u00e9rin. Ensemble, ils assurent une alimentation et une commande fiables pour une large gamme d'\u00e9quipements m\u00e9caniques et d'ing\u00e9nierie.<\/p>\n<p>Chez FMP, nous sommes conscients du r\u00f4le essentiel que jouent ces composants dans l'am\u00e9lioration de l'efficacit\u00e9 op\u00e9rationnelle. C'est pourquoi nous proposons \u00e9galement une gamme de groupes hydrauliques, vous assurant ainsi une solution compl\u00e8te pour tous vos besoins en syst\u00e8mes hydrauliques. Notre engagement envers la qualit\u00e9 et la performance vous garantit des produits fiables et performants, adapt\u00e9s \u00e0 vos op\u00e9rations, quel que soit le secteur d'activit\u00e9 ou l'application.<\/p>\n<h2>FAQ<\/h2>\n<p><b>Q : \u00cates-vous une soci\u00e9t\u00e9 commerciale ou un fabricant ?<\/b><br \/>\nA : Nous sommes une usine.<\/p>\n<p><b>Q : Quel est votre d\u00e9lai de livraison ?<\/b><br \/>\nR : En g\u00e9n\u00e9ral, cela prend entre 25 et 35 jours.<\/p>\n<p><b>Q\u00a0: Fournissez-vous des \u00e9chantillons\u00a0? Sont-ils gratuits ou en suppl\u00e9ment\u00a0?<\/b><br \/>\nR : Oui, nous pourrions proposer l&#039;\u00e9chantillon mais ce n&#039;est pas gratuit.<\/p>\n<p><img loading=\"lazy\" decoding=\"async\" class=\"alignnone  wp-image-6717\" src=\"https:\/\/fmp-components.com\/wp-content\/uploads\/2025\/03\/hydraulic-cylinder-211.webp\" alt=\"V\u00e9rins hydrauliques\" width=\"910\" height=\"912\" title=\"\" srcset=\"https:\/\/fmp-components.com\/wp-content\/uploads\/2025\/03\/hydraulic-cylinder-211.webp 910w, https:\/\/fmp-components.com\/wp-content\/uploads\/2025\/03\/hydraulic-cylinder-211-480x481.webp 480w\" sizes=\"(min-width: 0px) and (max-width: 480px) 480px, (min-width: 481px) 910px, 100vw\" \/><\/p>\n<h3>\u00c0 propos de FMP<\/h3>\n<p>FMP est un fabricant italien de premier plan, reconnu pour son expertise dans la conception, le d\u00e9veloppement et la production de v\u00e9rins hydrauliques de haute qualit\u00e9. Forts d&#039;un riche h\u00e9ritage b\u00e2ti au fil des d\u00e9cennies, nous allions savoir-faire italien traditionnel et technologie de pointe pour cr\u00e9er des solutions hydrauliques exceptionnelles r\u00e9pondant aux besoins vari\u00e9s de nos clients internationaux. Bas\u00e9e en Italie, p\u00f4le d&#039;excellence en ing\u00e9nierie, FMP s&#039;est impos\u00e9e comme une r\u00e9f\u00e9rence dans le secteur hydraulique, s&#039;engageant \u00e0 fournir des produits fiables, durables et innovants qui dynamisent les entreprises du monde entier.<\/p>\n<p>Notre entreprise allie tradition de fabrication avanc\u00e9e et esprit d&#039;innovation. Forte de sa vaste exp\u00e9rience dans les syst\u00e8mes hydrauliques, FMP est devenue une entreprise moderne qui excelle en recherche, conception et production. Nous proposons une gamme compl\u00e8te de v\u00e9rins hydrauliques, notamment des v\u00e9rins \u00e0 double effet, des v\u00e9rins de levage pour automobiles et pour machines agricoles, ainsi que des solutions sur mesure adapt\u00e9es \u00e0 diverses applications industrielles. Qu&#039;ils soient destin\u00e9s \u00e0 la construction, aux installations industrielles, \u00e0 l&#039;agriculture ou aux machines lourdes, nos v\u00e9rins hydrauliques sont con\u00e7us pour fonctionner dans les conditions les plus exigeantes, garantissant s\u00e9curit\u00e9, efficacit\u00e9 et long\u00e9vit\u00e9.<\/p>\n<p>Chez FMP, nous sommes fiers de nos installations de production de pointe, \u00e9quip\u00e9es de machines de pr\u00e9cision et de syst\u00e8mes de test avanc\u00e9s. Nos processus de fabrication sont conformes aux normes nationales et internationales les plus strictes, garantissant que chaque v\u00e9rin hydraulique produit r\u00e9pond aux normes de qualit\u00e9 et de fiabilit\u00e9 les plus strictes. Notre \u00e9quipe technique qualifi\u00e9e, associ\u00e9e \u00e0 des \u00e9quipements de pointe, nous permet d&#039;appliquer un contr\u00f4le qualit\u00e9 rigoureux \u00e0 chaque \u00e9tape de la production, de la s\u00e9lection des mati\u00e8res premi\u00e8res au contr\u00f4le final. Cet engagement envers l&#039;excellence nous a valu des certifications et des distinctions des autorit\u00e9s du secteur, renfor\u00e7ant ainsi notre r\u00e9putation de partenaire fiable.<\/p>\n<p><img loading=\"lazy\" decoding=\"async\" class=\"alignnone size-full wp-image-6720\" src=\"https:\/\/fmp-components.com\/wp-content\/uploads\/2025\/03\/hydraulic-cylinder-8.webp\" alt=\"V\u00e9rins hydrauliques t\u00e9lescopiques\" width=\"933\" height=\"526\" title=\"\" srcset=\"https:\/\/fmp-components.com\/wp-content\/uploads\/2025\/03\/hydraulic-cylinder-8.webp 933w, https:\/\/fmp-components.com\/wp-content\/uploads\/2025\/03\/hydraulic-cylinder-8-480x271.webp 480w\" sizes=\"(min-width: 0px) and (max-width: 480px) 480px, (min-width: 481px) 933px, 100vw\" \/><\/p>\n<p>Notre mission est simple et ambitieuse\u00a0: fournir \u00e0 nos clients des v\u00e9rins hydrauliques qui surpassent leurs attentes en termes de performances, de durabilit\u00e9 et de rapport qualit\u00e9-prix. Nous agissons avec professionnalisme, int\u00e9grit\u00e9 et souci du client. En favorisant une culture d&#039;innovation et de pr\u00e9cision, nous am\u00e9liorons continuellement nos produits pour conserver un avantage concurrentiel sur le march\u00e9. Notre vaste gamme de produits et notre capacit\u00e9 \u00e0 proposer des solutions sur mesure font de nous le choix privil\u00e9gi\u00e9 des entreprises \u00e0 la recherche de v\u00e9rins hydrauliques hautes performances.<\/p>\n<p>FMP est plus qu&#039;un simple fabricant\u00a0; nous sommes le partenaire de votre r\u00e9ussite. Nous savons que nos clients comptent sur nous pour leur fournir des outils qui am\u00e9liorent leur productivit\u00e9 et leur s\u00e9curit\u00e9. C&#039;est pourquoi nous nous engageons \u00e0 fournir non seulement des produits de qualit\u00e9 sup\u00e9rieure, mais aussi un service exceptionnel. De la consultation initiale au service apr\u00e8s-vente, nous collaborons \u00e9troitement avec nos clients pour r\u00e9pondre \u00e0 leurs besoins avec professionnalisme et attention. Nos prix comp\u00e9titifs, combin\u00e9s \u00e0 notre engagement ind\u00e9fectible envers la qualit\u00e9, font de FMP le choix id\u00e9al pour les entreprises souhaitant investir dans des solutions hydrauliques fiables.<\/p>","protected":false},"excerpt":{"rendered":"<p>V\u00e9rin hydraulique bi-\u00e9tag\u00e9 sur mesure pour petits camions-bennes. D\u00e9couvrez l'efficacit\u00e9 et la durabilit\u00e9 exceptionnelles de notre v\u00e9rin hydraulique bi-\u00e9tag\u00e9 sur mesure. Con\u00e7u sp\u00e9cifiquement pour les petits camions-bennes et autres engins, ce v\u00e9rin multi-\u00e9tag\u00e9 offre des performances et une fiabilit\u00e9 in\u00e9gal\u00e9es. Que vous travailliez dans la r\u00e9paration de machines, l'agriculture, l'\u00e9nergie et les mines, ou [\u2026]<\/p>","protected":false},"featured_media":6690,"comment_status":"closed","ping_status":"closed","template":"","meta":{"_et_pb_use_builder":"","_et_pb_old_content":"","_et_gb_content_width":""},"product_brand":[],"product_cat":[103],"product_tag":[34,105],"class_list":{"0":"post-6522","1":"product","2":"type-product","3":"status-publish","4":"has-post-thumbnail","6":"product_cat-telescopic-hydraulic-cylinders","7":"product_tag-hydraulic-cylinder","8":"product_tag-telescopic-hydraulic-cylinders","10":"first","11":"instock","12":"product-type-simple"},"_links":{"self":[{"href":"https:\/\/fmp-components.com\/fr\/wp-json\/wp\/v2\/product\/6522","targetHints":{"allow":["GET"]}}],"collection":[{"href":"https:\/\/fmp-components.com\/fr\/wp-json\/wp\/v2\/product"}],"about":[{"href":"https:\/\/fmp-components.com\/fr\/wp-json\/wp\/v2\/types\/product"}],"replies":[{"embeddable":true,"href":"https:\/\/fmp-components.com\/fr\/wp-json\/wp\/v2\/comments?post=6522"}],"wp:featuredmedia":[{"embeddable":true,"href":"https:\/\/fmp-components.com\/fr\/wp-json\/wp\/v2\/media\/6690"}],"wp:attachment":[{"href":"https:\/\/fmp-components.com\/fr\/wp-json\/wp\/v2\/media?parent=6522"}],"wp:term":[{"taxonomy":"product_brand","embeddable":true,"href":"https:\/\/fmp-components.com\/fr\/wp-json\/wp\/v2\/product_brand?post=6522"},{"taxonomy":"product_cat","embeddable":true,"href":"https:\/\/fmp-components.com\/fr\/wp-json\/wp\/v2\/product_cat?post=6522"},{"taxonomy":"product_tag","embeddable":true,"href":"https:\/\/fmp-components.com\/fr\/wp-json\/wp\/v2\/product_tag?post=6522"}],"curies":[{"name":"wp","href":"https:\/\/api.w.org\/{rel}","templated":true}]}}