{"id":6518,"date":"2025-03-11T06:26:57","date_gmt":"2025-03-11T06:26:57","guid":{"rendered":"https:\/\/fmp-components.com\/product\/quality-manufacturing-2-stage-hydraulic-cylinder-telescopic-hydraulic-cylinder-for-sale"},"modified":"2025-03-12T01:24:32","modified_gmt":"2025-03-12T01:24:32","slug":"quality-manufacturing-2-stage-hydraulic-cylinder-telescopic-hydraulic-cylinder-for-sale","status":"publish","type":"product","link":"https:\/\/fmp-components.com\/fr\/product\/quality-manufacturing-2-stage-hydraulic-cylinder-telescopic-hydraulic-cylinder-for-sale\/","title":{"rendered":"V\u00e9rin hydraulique t\u00e9lescopique \u00e0 2 \u00e9tages, fabrication de qualit\u00e9, \u00e0 vendre"},"content":{"rendered":"<h2>V\u00e9rin hydraulique t\u00e9lescopique \u00e0 2 \u00e9tages, fabrication de qualit\u00e9, \u00e0 vendre<\/h2>\n<p>Notre v\u00e9rin hydraulique t\u00e9lescopique bi\u00e9tag\u00e9 de pointe est con\u00e7u pour des performances robustes et une efficacit\u00e9 maximale. Fabriqu\u00e9 en acier de haute qualit\u00e9, ce v\u00e9rin hydraulique multi\u00e9tag\u00e9 est id\u00e9al pour les applications intensives dans les ateliers de r\u00e9paration de machines, les exploitations agricoles, les industries \u00e9nerg\u00e9tiques et mini\u00e8res, et bien plus encore.<\/p>\n<h3>Sp\u00e9cifications du produit<\/h3>\n<table style=\"width: 97.6872%;\" border=\"\">\n<tbody>\n<tr>\n<td style=\"width: 43.5028%;\"><b>Taille de l&#039;al\u00e9sage<\/b><\/td>\n<td style=\"width: 472.881%;\">2 \u00e0 6 pouces<\/td>\n<\/tr>\n<tr>\n<td style=\"width: 43.5028%;\"><b>Taille de la tige<\/b><\/td>\n<td style=\"width: 472.881%;\">1,125-4 pouces<\/td>\n<\/tr>\n<tr>\n<td style=\"width: 43.5028%;\"><b>Taille de la course<\/b><\/td>\n<td style=\"width: 472.881%;\">4 \u00e0 100 pouces<\/td>\n<\/tr>\n<tr>\n<td style=\"width: 43.5028%;\"><b>Taille de la broche<\/b><\/td>\n<td style=\"width: 472.881%;\">0,5 \u00e0 2 pouces<\/td>\n<\/tr>\n<tr>\n<td style=\"width: 43.5028%;\"><b>Ports<\/b><\/td>\n<td style=\"width: 472.881%;\">G\/SAE\/NPT\/M<\/td>\n<\/tr>\n<\/tbody>\n<\/table>\n<h3>Caract\u00e9ristiques principales<\/h3>\n<ul>\n<li>Efficacit\u00e9 \u00e9nerg\u00e9tique<\/li>\n<li>Construction robuste et durable<\/li>\n<li>Tr\u00e8s efficace, garantissant une productivit\u00e9 maximale<\/li>\n<li>S\u00e9curit\u00e9 assur\u00e9e gr\u00e2ce \u00e0 une garantie d&#039;un an sur les composants de base<\/li>\n<\/ul>\n<h2>Syst\u00e8me hydraulique et principe de fonctionnement<\/h2>\n<p>Un syst\u00e8me hydraulique fonctionne selon le principe fondamental de la conversion de la pression hydraulique en mouvement m\u00e9canique, permettant d&#039;accomplir diverses t\u00e2ches avec une efficacit\u00e9 et une puissance remarquables. Au c\u0153ur de ce syst\u00e8me se trouve le v\u00e9rin hydraulique \u00e0 deux \u00e9tages, un composant essentiel qui joue un r\u00f4le crucial dans la transformation de l&#039;\u00e9nergie hydraulique en une puissante force lin\u00e9aire. Cette transformation permet au v\u00e9rin d&#039;entra\u00eener efficacement les machines et les \u00e9quipements, ce qui en fait un acteur cl\u00e9 dans diverses applications industrielles. Exploitant l&#039;incompressibilit\u00e9 du fluide, le syst\u00e8me hydraulique garantit une transmission fluide et fiable de la force g\u00e9n\u00e9r\u00e9e, facilitant ainsi un contr\u00f4le pr\u00e9cis des mouvements m\u00e9caniques.<\/p>\n<p><img loading=\"lazy\" decoding=\"async\" class=\"alignnone  wp-image-6662\" src=\"https:\/\/fmp-components.com\/wp-content\/uploads\/2025\/03\/telescopic-hydraulic-cylinder-4.webp\" alt=\"v\u00e9rin hydraulique t\u00e9lescopique\" width=\"936\" height=\"936\" title=\"\" srcset=\"https:\/\/fmp-components.com\/wp-content\/uploads\/2025\/03\/telescopic-hydraulic-cylinder-4.webp 936w, https:\/\/fmp-components.com\/wp-content\/uploads\/2025\/03\/telescopic-hydraulic-cylinder-4-480x480.webp 480w\" sizes=\"(min-width: 0px) and (max-width: 480px) 480px, (min-width: 481px) 936px, 100vw\" \/><\/p>\n<h2>Applications<\/h2>\n<p>La polyvalence du v\u00e9rin hydraulique \u00e0 deux \u00e9tages le rend id\u00e9al pour de nombreux secteurs. Il est particuli\u00e8rement adapt\u00e9 aux ateliers de r\u00e9paration de machines, o\u00f9 il facilite le levage et le positionnement d&#039;\u00e9quipements lourds pour l&#039;entretien et les r\u00e9parations. Dans les exploitations agricoles, ces v\u00e9rins am\u00e9liorent la fonctionnalit\u00e9 des machines agricoles, permettant une ex\u00e9cution efficace de t\u00e2ches telles que le labour, le levage et le transport de mat\u00e9riaux. Les secteurs de l&#039;\u00e9nergie et de l&#039;exploitation mini\u00e8re b\u00e9n\u00e9ficient \u00e9galement de ces v\u00e9rins hydrauliques, car ils r\u00e9sistent aux conditions exigeantes des op\u00e9rations lourdes, comme le levage et le d\u00e9placement de mat\u00e9riaux dans des environnements difficiles. De plus, dans la fabrication de machines et divers autres secteurs, ce v\u00e9rin hydraulique s&#039;av\u00e8re pr\u00e9cieux sur les cha\u00eenes de montage et les processus de production, garantissant le bon d\u00e9roulement et l&#039;efficacit\u00e9 des op\u00e9rations. Sa fiabilit\u00e9, sa puissance et son efficacit\u00e9 en font le choix id\u00e9al pour toute application n\u00e9cessitant un syst\u00e8me hydraulique robuste.<\/p>\n<h2>V\u00e9rins hydrauliques et groupes motopropulseurs<\/h2>\n<p>Les v\u00e9rins hydrauliques et les groupes motopropulseurs sont des composants indispensables de tout syst\u00e8me hydraulique. Leur synergie garantit l&#039;efficacit\u00e9 de la technologie hydraulique dans divers secteurs industriels. Le v\u00e9rin hydraulique agit comme actionneur, transformant l&#039;\u00e9nergie hydraulique en mouvement m\u00e9canique et la pression en force. Cette capacit\u00e9 lui permet d&#039;ex\u00e9cuter un large \u00e9ventail de fonctions, du levage de charges lourdes \u00e0 la conduite de machines avec pr\u00e9cision.<\/p>\n<p>Le groupe motopropulseur, quant \u00e0 lui, constitue le c\u0153ur du syst\u00e8me hydraulique. Il fournit l&#039;\u00e9nergie et les signaux de commande n\u00e9cessaires au fonctionnement du v\u00e9rin hydraulique. Il g\u00e9n\u00e8re et r\u00e9gule la pression du fluide hydraulique, garantissant ainsi l&#039;efficacit\u00e9 du syst\u00e8me. La coordination entre le v\u00e9rin hydraulique et le groupe motopropulseur est essentielle au bon fonctionnement du syst\u00e8me hydraulique, garantissant des performances optimales dans diverses applications.<\/p>\n<p>Chez FMP, nous comprenons l&#039;importance de ces composants pour am\u00e9liorer l&#039;efficacit\u00e9 op\u00e9rationnelle. C&#039;est pourquoi nous proposons \u00e9galement une gamme de groupes motopropulseurs \u00e0 la vente. Notre engagement \u00e0 fournir des solutions hydrauliques de haute qualit\u00e9 vous garantit la fiabilit\u00e9 de nos produits pour garantir les performances, la fiabilit\u00e9 et le contr\u00f4le n\u00e9cessaires \u00e0 vos applications sp\u00e9cifiques dans le secteur industriel.<\/p>\n<p><img loading=\"lazy\" decoding=\"async\" class=\"alignnone  wp-image-6663\" src=\"https:\/\/fmp-components.com\/wp-content\/uploads\/2025\/03\/telescopic-hydraulic-cylinder-11.webp\" alt=\"v\u00e9rin hydraulique t\u00e9lescopique\" width=\"921\" height=\"921\" title=\"\" srcset=\"https:\/\/fmp-components.com\/wp-content\/uploads\/2025\/03\/telescopic-hydraulic-cylinder-11.webp 921w, https:\/\/fmp-components.com\/wp-content\/uploads\/2025\/03\/telescopic-hydraulic-cylinder-11-480x480.webp 480w\" sizes=\"(min-width: 0px) and (max-width: 480px) 480px, (min-width: 481px) 921px, 100vw\" \/><\/p>\n<h3>\u00c0 propos de FMP<\/h3>\n<p>FMP est un fabricant italien de premier plan, reconnu pour son expertise dans la conception, le d\u00e9veloppement et la production de v\u00e9rins hydrauliques de haute qualit\u00e9. Forts d&#039;un riche h\u00e9ritage b\u00e2ti au fil des d\u00e9cennies, nous allions savoir-faire italien traditionnel et technologie de pointe pour cr\u00e9er des solutions hydrauliques exceptionnelles r\u00e9pondant aux besoins vari\u00e9s de nos clients internationaux. Bas\u00e9e en Italie, p\u00f4le d&#039;excellence en ing\u00e9nierie, FMP s&#039;est impos\u00e9e comme une r\u00e9f\u00e9rence dans le secteur hydraulique, s&#039;engageant \u00e0 fournir des produits fiables, durables et innovants qui dynamisent les entreprises du monde entier.<\/p>\n<p>Notre entreprise allie tradition de fabrication avanc\u00e9e et esprit d&#039;innovation. Forte de sa vaste exp\u00e9rience dans les syst\u00e8mes hydrauliques, FMP est devenue une entreprise moderne qui excelle en recherche, conception et production. Nous proposons une gamme compl\u00e8te de v\u00e9rins hydrauliques, notamment des v\u00e9rins \u00e0 double effet, des v\u00e9rins de levage pour automobiles et pour machines agricoles, ainsi que des solutions sur mesure adapt\u00e9es \u00e0 diverses applications industrielles. Qu&#039;ils soient destin\u00e9s \u00e0 la construction, aux installations industrielles, \u00e0 l&#039;agriculture ou aux machines lourdes, nos v\u00e9rins hydrauliques sont con\u00e7us pour fonctionner dans les conditions les plus exigeantes, garantissant s\u00e9curit\u00e9, efficacit\u00e9 et long\u00e9vit\u00e9.<\/p>\n<p>Chez FMP, nous sommes fiers de nos installations de production de pointe, \u00e9quip\u00e9es de machines de pr\u00e9cision et de syst\u00e8mes de test avanc\u00e9s. Nos processus de fabrication sont conformes aux normes nationales et internationales les plus strictes, garantissant que chaque v\u00e9rin hydraulique produit r\u00e9pond aux normes de qualit\u00e9 et de fiabilit\u00e9 les plus strictes. Notre \u00e9quipe technique qualifi\u00e9e, associ\u00e9e \u00e0 des \u00e9quipements de pointe, nous permet d&#039;appliquer un contr\u00f4le qualit\u00e9 rigoureux \u00e0 chaque \u00e9tape de la production, de la s\u00e9lection des mati\u00e8res premi\u00e8res au contr\u00f4le final. Cet engagement envers l&#039;excellence nous a valu des certifications et des distinctions des autorit\u00e9s du secteur, renfor\u00e7ant ainsi notre r\u00e9putation de partenaire fiable.<\/p>\n<p><img loading=\"lazy\" decoding=\"async\" class=\"alignnone size-full wp-image-6720\" src=\"https:\/\/fmp-components.com\/wp-content\/uploads\/2025\/03\/hydraulic-cylinder-8.webp\" alt=\"V\u00e9rins hydrauliques t\u00e9lescopiques\" width=\"933\" height=\"526\" title=\"\" srcset=\"https:\/\/fmp-components.com\/wp-content\/uploads\/2025\/03\/hydraulic-cylinder-8.webp 933w, https:\/\/fmp-components.com\/wp-content\/uploads\/2025\/03\/hydraulic-cylinder-8-480x271.webp 480w\" sizes=\"(min-width: 0px) and (max-width: 480px) 480px, (min-width: 481px) 933px, 100vw\" \/><\/p>\n<p>Notre mission est simple et ambitieuse\u00a0: fournir \u00e0 nos clients des v\u00e9rins hydrauliques qui surpassent leurs attentes en termes de performances, de durabilit\u00e9 et de rapport qualit\u00e9-prix. Nous agissons avec professionnalisme, int\u00e9grit\u00e9 et souci du client. En favorisant une culture d&#039;innovation et de pr\u00e9cision, nous am\u00e9liorons continuellement nos produits pour conserver un avantage concurrentiel sur le march\u00e9. Notre vaste gamme de produits et notre capacit\u00e9 \u00e0 proposer des solutions sur mesure font de nous le choix privil\u00e9gi\u00e9 des entreprises \u00e0 la recherche de v\u00e9rins hydrauliques hautes performances.<\/p>\n<p>FMP est plus qu&#039;un simple fabricant\u00a0; nous sommes le partenaire de votre r\u00e9ussite. Nous savons que nos clients comptent sur nous pour leur fournir des outils qui am\u00e9liorent leur productivit\u00e9 et leur s\u00e9curit\u00e9. C&#039;est pourquoi nous nous engageons \u00e0 fournir non seulement des produits de qualit\u00e9 sup\u00e9rieure, mais aussi un service exceptionnel. De la consultation initiale au service apr\u00e8s-vente, nous collaborons \u00e9troitement avec nos clients pour r\u00e9pondre \u00e0 leurs besoins avec professionnalisme et attention. Nos prix comp\u00e9titifs, combin\u00e9s \u00e0 notre engagement ind\u00e9fectible envers la qualit\u00e9, font de FMP le choix id\u00e9al pour les entreprises souhaitant investir dans des solutions hydrauliques fiables.<\/p>","protected":false},"excerpt":{"rendered":"<p>Quality Manufacturing 2 Stage Hydraulic Cylinder Telescopic Hydraulic Cylinder For Sale Our state-of-the-art 2 Stage Telescopic hydraulic cylinder is designed for robust performance and maximum efficiency. Made with high-quality steel, this multi-stage hydraulic cylinder is perfect for heavy-duty applications in machinery repair shops, farms, energy &amp; mining industries, and more. Product Specifications Bore Size 2-6 [&hellip;]<\/p>","protected":false},"featured_media":6693,"comment_status":"closed","ping_status":"closed","template":"","meta":{"_et_pb_use_builder":"","_et_pb_old_content":"","_et_gb_content_width":""},"product_brand":[],"product_cat":[103],"product_tag":[34,105],"class_list":{"0":"post-6518","1":"product","2":"type-product","3":"status-publish","4":"has-post-thumbnail","6":"product_cat-telescopic-hydraulic-cylinders","7":"product_tag-hydraulic-cylinder","8":"product_tag-telescopic-hydraulic-cylinders","10":"first","11":"instock","12":"product-type-simple"},"_links":{"self":[{"href":"https:\/\/fmp-components.com\/fr\/wp-json\/wp\/v2\/product\/6518","targetHints":{"allow":["GET"]}}],"collection":[{"href":"https:\/\/fmp-components.com\/fr\/wp-json\/wp\/v2\/product"}],"about":[{"href":"https:\/\/fmp-components.com\/fr\/wp-json\/wp\/v2\/types\/product"}],"replies":[{"embeddable":true,"href":"https:\/\/fmp-components.com\/fr\/wp-json\/wp\/v2\/comments?post=6518"}],"wp:featuredmedia":[{"embeddable":true,"href":"https:\/\/fmp-components.com\/fr\/wp-json\/wp\/v2\/media\/6693"}],"wp:attachment":[{"href":"https:\/\/fmp-components.com\/fr\/wp-json\/wp\/v2\/media?parent=6518"}],"wp:term":[{"taxonomy":"product_brand","embeddable":true,"href":"https:\/\/fmp-components.com\/fr\/wp-json\/wp\/v2\/product_brand?post=6518"},{"taxonomy":"product_cat","embeddable":true,"href":"https:\/\/fmp-components.com\/fr\/wp-json\/wp\/v2\/product_cat?post=6518"},{"taxonomy":"product_tag","embeddable":true,"href":"https:\/\/fmp-components.com\/fr\/wp-json\/wp\/v2\/product_tag?post=6518"}],"curies":[{"name":"wp","href":"https:\/\/api.w.org\/{rel}","templated":true}]}}