{"id":6517,"date":"2025-03-11T06:26:57","date_gmt":"2025-03-11T06:26:57","guid":{"rendered":"https:\/\/fmp-components.com\/product\/factory-serving-small-dump-truck-hydraulic-hoist-cylinder-multistage-hydraulic-cylinder"},"modified":"2025-03-12T01:35:55","modified_gmt":"2025-03-12T01:35:55","slug":"factory-serving-small-dump-truck-hydraulic-hoist-cylinder-multistage-hydraulic-cylinder","status":"publish","type":"product","link":"https:\/\/fmp-components.com\/fr\/product\/factory-serving-small-dump-truck-hydraulic-hoist-cylinder-multistage-hydraulic-cylinder\/","title":{"rendered":"Usine desservant un petit camion \u00e0 benne basculante, v\u00e9rin hydraulique \u00e0 plusieurs \u00e9tages"},"content":{"rendered":"<h2>Usine desservant un petit camion \u00e0 benne basculante, v\u00e9rin hydraulique \u00e0 plusieurs \u00e9tages<\/h2>\n<p>D\u00e9couvrez notre tout nouveau v\u00e9rin hydraulique multicellulaire pour bennes basculantes, une solution de pointe con\u00e7ue pour r\u00e9pondre \u00e0 vos besoins. Fabriqu\u00e9 avec des mat\u00e9riaux de haute qualit\u00e9 et con\u00e7u pour des performances sup\u00e9rieures, ce v\u00e9rin hydraulique est le choix id\u00e9al pour une large gamme d'applications.<\/p>\n<h3>Caract\u00e9ristiques et importance du produit<\/h3>\n<p>Notre v\u00e9rin hydraulique multi-\u00e9tages est con\u00e7u pour les petits camions-bennes et sert de syst\u00e8me de levage hydraulique robuste et fiable. Il joue un r\u00f4le essentiel dans le levage et le d\u00e9placement de charges lourdes, am\u00e9liorant ainsi la productivit\u00e9 et l'efficacit\u00e9 dans divers secteurs tels que la r\u00e9paration de machines, l'agriculture, l'\u00e9nergie et les mines, la fabrication de machines et les usines de m\u00e9canique.<\/p>\n<h3>Sp\u00e9cifications techniques<\/h3>\n<p>Notre v\u00e9rin hydraulique est fabriqu\u00e9 selon des sp\u00e9cifications d\u00e9taill\u00e9es qui garantissent des performances et une durabilit\u00e9 optimales.<\/p>\n<table style=\"width: 101.27%;\" border=\"\">\n<tbody>\n<tr>\n<td style=\"width: 42.9379%;\"><i>Taille de l&#039;al\u00e9sage<\/i><\/td>\n<td style=\"width: 480.791%;\">2 \u00e0 6 pouces<\/td>\n<\/tr>\n<tr>\n<td style=\"width: 42.9379%;\"><i>Taille de la tige<\/i><\/td>\n<td style=\"width: 480.791%;\">1,125-4 pouces<\/td>\n<\/tr>\n<tr>\n<td style=\"width: 42.9379%;\"><i>Taille de la course<\/i><\/td>\n<td style=\"width: 480.791%;\">4 \u00e0 100 pouces<\/td>\n<\/tr>\n<tr>\n<td style=\"width: 42.9379%;\"><i>Taille de la broche<\/i><\/td>\n<td style=\"width: 480.791%;\">0,5 \u00e0 2 pouces<\/td>\n<\/tr>\n<tr>\n<td style=\"width: 42.9379%;\"><i>Ports<\/i><\/td>\n<td style=\"width: 480.791%;\">G\/SAE\/NPT\/M<\/td>\n<\/tr>\n<\/tbody>\n<\/table>\n<h2>Caract\u00e9ristiques et avantages uniques<\/h2>\n<p>Notre v\u00e9rin hydraulique multicellulaire est con\u00e7u avec un ensemble de caract\u00e9ristiques et d'avantages uniques qui le distinguent sur le march\u00e9. Avec une pouss\u00e9e maximale remarquable de 3\u00a0000 Nm et une capacit\u00e9 de traction maximale de 20 tonnes, ce v\u00e9rin offre une puissance et une efficacit\u00e9 exceptionnelles, ce qui le rend id\u00e9al pour les applications exigeantes. Sa conception \u00e9co\u00e9nerg\u00e9tique optimise les performances tout en minimisant les co\u00fbts d'exploitation, garantissant ainsi aux utilisateurs efficacit\u00e9 et durabilit\u00e9.<\/p>\n<p>Fabriqu\u00e9 en acier de haute qualit\u00e9, ce v\u00e9rin offre une durabilit\u00e9 et une s\u00e9curit\u00e9 in\u00e9gal\u00e9es, le rendant id\u00e9al pour les environnements de travail les plus exigeants. Son corps robuste en acier lui permet de r\u00e9sister aux contraintes et aux tensions li\u00e9es aux t\u00e2ches les plus difficiles, assurant ainsi la tranquillit\u00e9 d'esprit des op\u00e9rateurs. De plus, notre v\u00e9rin hydraulique multicellulaire est certifi\u00e9 ISO 9001:2000, t\u00e9moignant de notre engagement \u00e0 maintenir les plus hauts standards de qualit\u00e9 et de fiabilit\u00e9 pour nos produits. Cette certification garantit \u00e0 nos clients qu'ils investissent dans un produit conforme aux normes internationales les plus strictes en mati\u00e8re de gestion de la qualit\u00e9, renfor\u00e7ant ainsi son attrait pour diverses applications industrielles.<\/p>\n<p><img loading=\"lazy\" decoding=\"async\" class=\"alignnone  wp-image-6664\" src=\"https:\/\/fmp-components.com\/wp-content\/uploads\/2025\/03\/telescopic-hydraulic-cylinder-8.webp\" alt=\"v\u00e9rin hydraulique t\u00e9lescopique\" width=\"919\" height=\"919\" title=\"\" srcset=\"https:\/\/fmp-components.com\/wp-content\/uploads\/2025\/03\/telescopic-hydraulic-cylinder-8.webp 919w, https:\/\/fmp-components.com\/wp-content\/uploads\/2025\/03\/telescopic-hydraulic-cylinder-8-480x480.webp 480w\" sizes=\"(min-width: 0px) and (max-width: 480px) 480px, (min-width: 481px) 919px, 100vw\" \/><\/p>\n<h2>Syst\u00e8me hydraulique et principes de fonctionnement<\/h2>\n<p>Notre v\u00e9rin hydraulique fonctionne selon les principes de la puissance des fluides sous pression, essentiels \u00e0 la cr\u00e9ation d'un mouvement lin\u00e9aire et de force. Dans ce syst\u00e8me, le fluide hydraulique sous pression est inject\u00e9 dans le v\u00e9rin, entra\u00eenant le d\u00e9placement du piston. Ce mouvement g\u00e9n\u00e8re la force n\u00e9cessaire pour soulever ou d\u00e9placer efficacement des charges lourdes. La conception du v\u00e9rin hydraulique garantit un fonctionnement \u00e0 la fois fluide et puissant, contribuant ainsi \u00e0 des performances et une fiabilit\u00e9 \u00e9lev\u00e9es.<\/p>\n<p>La conversion efficace de l'\u00e9nergie hydraulique en mouvement m\u00e9canique permet \u00e0 notre v\u00e9rin de levage hydraulique d'effectuer une grande vari\u00e9t\u00e9 de t\u00e2ches avec pr\u00e9cision. Ce syst\u00e8me performant am\u00e9liore la productivit\u00e9 et garantit la manutention s\u00e9curis\u00e9e des charges, ce qui en fait un \u00e9l\u00e9ment essentiel dans de nombreuses applications industrielles, notamment la construction, la fabrication et le transport.<\/p>\n<p><img loading=\"lazy\" decoding=\"async\" class=\"alignnone  wp-image-6665\" src=\"https:\/\/fmp-components.com\/wp-content\/uploads\/2025\/03\/telescopic-hydraulic-cylinder-9.webp\" alt=\"v\u00e9rin hydraulique t\u00e9lescopique\" width=\"906\" height=\"906\" title=\"\" srcset=\"https:\/\/fmp-components.com\/wp-content\/uploads\/2025\/03\/telescopic-hydraulic-cylinder-9.webp 906w, https:\/\/fmp-components.com\/wp-content\/uploads\/2025\/03\/telescopic-hydraulic-cylinder-9-480x480.webp 480w\" sizes=\"(min-width: 0px) and (max-width: 480px) 480px, (min-width: 481px) 906px, 100vw\" \/><\/p>\n<h2>V\u00e9rins hydrauliques et groupes motopropulseurs<\/h2>\n<p>Les v\u00e9rins et les centrales hydrauliques sont des \u00e9l\u00e9ments indispensables des syst\u00e8mes hydrauliques, chacun jouant un r\u00f4le crucial dans leur fonctionnement global. Le v\u00e9rin hydraulique fait office d'actionneur, convertissant l'\u00e9nergie hydraulique en mouvement m\u00e9canique, tandis que la centrale hydraulique constitue le c\u0153ur du syst\u00e8me, fournissant le fluide hydraulique et la pression n\u00e9cessaires \u00e0 son fonctionnement.<\/p>\n<p>Le fonctionnement coordonn\u00e9 de ces deux composants est essentiel \u00e0 la g\u00e9n\u00e9ralisation de la technologie hydraulique dans le secteur industriel. Ensemble, ils fournissent une alimentation \u00e9lectrique et un contr\u00f4le fiables \u00e0 une large gamme d'\u00e9quipements m\u00e9caniques et d'ing\u00e9nierie, garantissant ainsi le bon d\u00e9roulement et l'efficacit\u00e9 des op\u00e9rations.<\/p>\n<p>Chez nous, nous comprenons l'importance de ces composants pour l'am\u00e9lioration de l'efficacit\u00e9 op\u00e9rationnelle, c'est pourquoi nous proposons \u00e9galement des groupes hydrauliques de haute qualit\u00e9. Notre engagement \u00e0 fournir des solutions hydrauliques fiables vous garantit des produits performants et pr\u00e9cis, adapt\u00e9s \u00e0 vos applications sp\u00e9cifiques.<\/p>\n<p><img loading=\"lazy\" decoding=\"async\" class=\"alignnone  wp-image-6717\" src=\"https:\/\/fmp-components.com\/wp-content\/uploads\/2025\/03\/hydraulic-cylinder-211.webp\" alt=\"V\u00e9rins hydrauliques\" width=\"910\" height=\"912\" title=\"\" srcset=\"https:\/\/fmp-components.com\/wp-content\/uploads\/2025\/03\/hydraulic-cylinder-211.webp 910w, https:\/\/fmp-components.com\/wp-content\/uploads\/2025\/03\/hydraulic-cylinder-211-480x481.webp 480w\" sizes=\"(min-width: 0px) and (max-width: 480px) 480px, (min-width: 481px) 910px, 100vw\" \/><\/p>\n<h2>FAQ<\/h2>\n<p><b>Q : \u00cates-vous une soci\u00e9t\u00e9 commerciale ou un fabricant ?<\/b><br \/>\nA : Nous sommes une usine.<\/p>\n<p><b>Q : Quel est votre d\u00e9lai de livraison ?<\/b><br \/>\nR : En g\u00e9n\u00e9ral, cela prend entre 25 et 35 jours.<\/p>\n<p><b>Q : Fournissez-vous des \u00e9chantillons ?<\/b><br \/>\nA : Oui, nous pouvons vous offrir un \u00e9chantillon, mais il n'est pas gratuit.<\/p>\n<h3>\u00c0 propos de FMP<\/h3>\n<p>FMP est un fabricant italien de premier plan, reconnu pour son expertise dans la conception, le d\u00e9veloppement et la production de v\u00e9rins hydrauliques de haute qualit\u00e9. Forts d&#039;un riche h\u00e9ritage b\u00e2ti au fil des d\u00e9cennies, nous allions savoir-faire italien traditionnel et technologie de pointe pour cr\u00e9er des solutions hydrauliques exceptionnelles r\u00e9pondant aux besoins vari\u00e9s de nos clients internationaux. Bas\u00e9e en Italie, p\u00f4le d&#039;excellence en ing\u00e9nierie, FMP s&#039;est impos\u00e9e comme une r\u00e9f\u00e9rence dans le secteur hydraulique, s&#039;engageant \u00e0 fournir des produits fiables, durables et innovants qui dynamisent les entreprises du monde entier.<\/p>\n<p>Notre entreprise allie tradition de fabrication avanc\u00e9e et esprit d&#039;innovation. Forte de sa vaste exp\u00e9rience dans les syst\u00e8mes hydrauliques, FMP est devenue une entreprise moderne qui excelle en recherche, conception et production. Nous proposons une gamme compl\u00e8te de v\u00e9rins hydrauliques, notamment des v\u00e9rins \u00e0 double effet, des v\u00e9rins de levage pour automobiles et pour machines agricoles, ainsi que des solutions sur mesure adapt\u00e9es \u00e0 diverses applications industrielles. Qu&#039;ils soient destin\u00e9s \u00e0 la construction, aux installations industrielles, \u00e0 l&#039;agriculture ou aux machines lourdes, nos v\u00e9rins hydrauliques sont con\u00e7us pour fonctionner dans les conditions les plus exigeantes, garantissant s\u00e9curit\u00e9, efficacit\u00e9 et long\u00e9vit\u00e9.<\/p>\n<p>Chez FMP, nous sommes fiers de nos installations de production de pointe, \u00e9quip\u00e9es de machines de pr\u00e9cision et de syst\u00e8mes de test avanc\u00e9s. Nos processus de fabrication sont conformes aux normes nationales et internationales les plus strictes, garantissant que chaque v\u00e9rin hydraulique produit r\u00e9pond aux normes de qualit\u00e9 et de fiabilit\u00e9 les plus strictes. Notre \u00e9quipe technique qualifi\u00e9e, associ\u00e9e \u00e0 des \u00e9quipements de pointe, nous permet d&#039;appliquer un contr\u00f4le qualit\u00e9 rigoureux \u00e0 chaque \u00e9tape de la production, de la s\u00e9lection des mati\u00e8res premi\u00e8res au contr\u00f4le final. Cet engagement envers l&#039;excellence nous a valu des certifications et des distinctions des autorit\u00e9s du secteur, renfor\u00e7ant ainsi notre r\u00e9putation de partenaire fiable.<\/p>\n<p><img loading=\"lazy\" decoding=\"async\" class=\"alignnone size-full wp-image-6720\" src=\"https:\/\/fmp-components.com\/wp-content\/uploads\/2025\/03\/hydraulic-cylinder-8.webp\" alt=\"V\u00e9rins hydrauliques t\u00e9lescopiques\" width=\"933\" height=\"526\" title=\"\" srcset=\"https:\/\/fmp-components.com\/wp-content\/uploads\/2025\/03\/hydraulic-cylinder-8.webp 933w, https:\/\/fmp-components.com\/wp-content\/uploads\/2025\/03\/hydraulic-cylinder-8-480x271.webp 480w\" sizes=\"(min-width: 0px) and (max-width: 480px) 480px, (min-width: 481px) 933px, 100vw\" \/><\/p>\n<p>Notre mission est simple et ambitieuse\u00a0: fournir \u00e0 nos clients des v\u00e9rins hydrauliques qui surpassent leurs attentes en termes de performances, de durabilit\u00e9 et de rapport qualit\u00e9-prix. Nous agissons avec professionnalisme, int\u00e9grit\u00e9 et souci du client. En favorisant une culture d&#039;innovation et de pr\u00e9cision, nous am\u00e9liorons continuellement nos produits pour conserver un avantage concurrentiel sur le march\u00e9. Notre vaste gamme de produits et notre capacit\u00e9 \u00e0 proposer des solutions sur mesure font de nous le choix privil\u00e9gi\u00e9 des entreprises \u00e0 la recherche de v\u00e9rins hydrauliques hautes performances.<\/p>\n<p>FMP est plus qu&#039;un simple fabricant\u00a0; nous sommes le partenaire de votre r\u00e9ussite. Nous savons que nos clients comptent sur nous pour leur fournir des outils qui am\u00e9liorent leur productivit\u00e9 et leur s\u00e9curit\u00e9. C&#039;est pourquoi nous nous engageons \u00e0 fournir non seulement des produits de qualit\u00e9 sup\u00e9rieure, mais aussi un service exceptionnel. De la consultation initiale au service apr\u00e8s-vente, nous collaborons \u00e9troitement avec nos clients pour r\u00e9pondre \u00e0 leurs besoins avec professionnalisme et attention. Nos prix comp\u00e9titifs, combin\u00e9s \u00e0 notre engagement ind\u00e9fectible envers la qualit\u00e9, font de FMP le choix id\u00e9al pour les entreprises souhaitant investir dans des solutions hydrauliques fiables.<\/p>","protected":false},"excerpt":{"rendered":"<p>Factory Serving Small Dump Truck Hydraulic Hoist Cylinder Multistage Hydraulic Cylinder Introducing our brand new Factory Serving Small Dump Truck Hydraulic Hoist Cylinder Multistage Hydraulic Cylinder, a cutting-edge solution designed to meet your machinery needs. Built with the highest quality materials and engineered for superior performance, this hydraulic cylinder is the right choice for a [&hellip;]<\/p>","protected":false},"featured_media":6694,"comment_status":"closed","ping_status":"closed","template":"","meta":{"_et_pb_use_builder":"","_et_pb_old_content":"","_et_gb_content_width":""},"product_brand":[],"product_cat":[103],"product_tag":[34,105],"class_list":{"0":"post-6517","1":"product","2":"type-product","3":"status-publish","4":"has-post-thumbnail","6":"product_cat-telescopic-hydraulic-cylinders","7":"product_tag-hydraulic-cylinder","8":"product_tag-telescopic-hydraulic-cylinders","10":"first","11":"instock","12":"product-type-simple"},"_links":{"self":[{"href":"https:\/\/fmp-components.com\/fr\/wp-json\/wp\/v2\/product\/6517","targetHints":{"allow":["GET"]}}],"collection":[{"href":"https:\/\/fmp-components.com\/fr\/wp-json\/wp\/v2\/product"}],"about":[{"href":"https:\/\/fmp-components.com\/fr\/wp-json\/wp\/v2\/types\/product"}],"replies":[{"embeddable":true,"href":"https:\/\/fmp-components.com\/fr\/wp-json\/wp\/v2\/comments?post=6517"}],"wp:featuredmedia":[{"embeddable":true,"href":"https:\/\/fmp-components.com\/fr\/wp-json\/wp\/v2\/media\/6694"}],"wp:attachment":[{"href":"https:\/\/fmp-components.com\/fr\/wp-json\/wp\/v2\/media?parent=6517"}],"wp:term":[{"taxonomy":"product_brand","embeddable":true,"href":"https:\/\/fmp-components.com\/fr\/wp-json\/wp\/v2\/product_brand?post=6517"},{"taxonomy":"product_cat","embeddable":true,"href":"https:\/\/fmp-components.com\/fr\/wp-json\/wp\/v2\/product_cat?post=6517"},{"taxonomy":"product_tag","embeddable":true,"href":"https:\/\/fmp-components.com\/fr\/wp-json\/wp\/v2\/product_tag?post=6517"}],"curies":[{"name":"wp","href":"https:\/\/api.w.org\/{rel}","templated":true}]}}