{"id":6510,"date":"2025-03-11T06:26:57","date_gmt":"2025-03-11T06:26:57","guid":{"rendered":"https:\/\/fmp-components.com\/product\/guaranteed-quality-mini-dump-truck-hydraulic-cylinders-telescopic-hydraulic-cylinder"},"modified":"2025-03-18T01:06:37","modified_gmt":"2025-03-18T01:06:37","slug":"guaranteed-quality-mini-dump-truck-hydraulic-cylinders-telescopic-hydraulic-cylinder","status":"publish","type":"product","link":"https:\/\/fmp-components.com\/fr\/product\/guaranteed-quality-mini-dump-truck-hydraulic-cylinders-telescopic-hydraulic-cylinder\/","title":{"rendered":"V\u00e9rins hydrauliques t\u00e9lescopiques pour mini-camions \u00e0 benne basculante de qualit\u00e9 garantie"},"content":{"rendered":"<h2>V\u00e9rins hydrauliques t\u00e9lescopiques pour mini-camions \u00e0 benne basculante de qualit\u00e9 garantie<\/h2>\n<p>D\u00e9couvrez notre v\u00e9rin hydraulique t\u00e9lescopique haut de gamme pour mini-bennes, une nouveaut\u00e9 2025. Ce v\u00e9rin \u00e0 piston standard est sp\u00e9cialement con\u00e7u pour les ateliers de r\u00e9paration de machines, les exploitations agricoles, les secteurs de l'\u00e9nergie et des mines, ainsi que l'industrie de la construction m\u00e9canique. Fabriqu\u00e9 en acier robuste, il b\u00e9n\u00e9ficie d'une conception multi-\u00e9tages id\u00e9ale pour les applications intensives.<\/p>\n<h3>Caract\u00e9ristiques et avantages uniques<\/h3>\n<ul>\n<li><b>Efficacit\u00e9 \u00e9nerg\u00e9tique :<\/b> Notre v\u00e9rin hydraulique est con\u00e7u pour consommer moins d'\u00e9nergie, ce qui le rend plus efficace et plus respectueux de l'environnement.<\/li>\n<li><b>Haute performance :<\/b> Avec une pouss\u00e9e maximale de 3000 et une force de traction maximale de 20 tonnes, il offre une puissance exceptionnelle pour toutes les t\u00e2ches.<\/li>\n<li><b>S\u00e9curit\u00e9:<\/b> Notre produit est certifi\u00e9 ISO9001:2000, ce qui garantit sa s\u00e9curit\u00e9 et sa fiabilit\u00e9.<\/li>\n<\/ul>\n<h3>D\u00e9tails techniques<\/h3>\n<p>Notre v\u00e9rin hydraulique poss\u00e8de un al\u00e9sage de 2 \u00e0 6 pouces, une tige de 1,125 \u00e0 4 pouces et une course de 4 \u00e0 100 pouces. Il est \u00e9quip\u00e9 de raccords G\/SAE\/NPT\/M et d'un axe de 0,5 \u00e0 2 pouces. L'ensemble de ces caract\u00e9ristiques garantit sa polyvalence et son adaptabilit\u00e9 \u00e0 de nombreuses applications.<\/p>\n<table style=\"width: 101.488%;\" border=\"\">\n<tbody>\n<tr>\n<td style=\"width: 42.9379%;\"><i>Taille de l&#039;al\u00e9sage<\/i><\/td>\n<td style=\"width: 481.921%;\">2 \u00e0 6 pouces<\/td>\n<\/tr>\n<tr>\n<td style=\"width: 42.9379%;\"><i>Taille de la tige<\/i><\/td>\n<td style=\"width: 481.921%;\">1,125-4 pouces<\/td>\n<\/tr>\n<tr>\n<td style=\"width: 42.9379%;\"><i>Taille de la course<\/i><\/td>\n<td style=\"width: 481.921%;\">4 \u00e0 100 pouces<\/td>\n<\/tr>\n<tr>\n<td style=\"width: 42.9379%;\"><i>Taille de la broche<\/i><\/td>\n<td style=\"width: 481.921%;\">0,5 \u00e0 2 pouces<\/td>\n<\/tr>\n<tr>\n<td style=\"width: 42.9379%;\"><i>Ports<\/i><\/td>\n<td style=\"width: 481.921%;\">G\/SAE\/NPT\/M<\/td>\n<\/tr>\n<\/tbody>\n<\/table>\n<h3>Syst\u00e8me hydraulique et principe de fonctionnement<\/h3>\n<p>Nos v\u00e9rins hydrauliques fonctionnent selon le principe fondamental de la multiplication de la force par fluide sous pression. Ce syst\u00e8me est con\u00e7u pour exploiter la puissance du fluide hydraulique, permettant ainsi un transfert efficace de la force et du mouvement. Gr\u00e2ce \u00e0 l'utilisation d'un fluide sous pression, nos v\u00e9rins hydrauliques amplifient la force de sortie, leur permettant d'effectuer des t\u00e2ches exigeantes avec aisance et pr\u00e9cision. Cette conception garantit non seulement des performances constantes pour diverses applications, mais met \u00e9galement l'accent sur les plus hauts standards de s\u00e9curit\u00e9 et d'efficacit\u00e9. Le syst\u00e8me hydraulique est fabriqu\u00e9 avec une grande pr\u00e9cision afin de minimiser les pertes d'\u00e9nergie, d'optimiser la productivit\u00e9 et de maintenir son int\u00e9grit\u00e9 op\u00e9rationnelle, ce qui en fait un composant essentiel des machines industrielles modernes.<\/p>\n<p><img loading=\"lazy\" decoding=\"async\" class=\"alignnone wp-image-6657\" src=\"https:\/\/fmp-components.com\/wp-content\/uploads\/2025\/03\/telescopic-hydraulic-cylinder-3.webp\" alt=\"v\u00e9rin hydraulique t\u00e9lescopique\" width=\"917\" height=\"917\" title=\"\" srcset=\"https:\/\/fmp-components.com\/wp-content\/uploads\/2025\/03\/telescopic-hydraulic-cylinder-3.webp 917w, https:\/\/fmp-components.com\/wp-content\/uploads\/2025\/03\/telescopic-hydraulic-cylinder-3-480x480.webp 480w\" sizes=\"(min-width: 0px) and (max-width: 480px) 480px, (min-width: 481px) 917px, 100vw\" \/><\/p>\n<h3>V\u00e9rins hydrauliques et groupes motopropulseurs<\/h3>\n<p>Les v\u00e9rins et les centrales hydrauliques sont des composants essentiels de tout syst\u00e8me hydraulique, fonctionnant de concert pour garantir des performances optimales. Le v\u00e9rin hydraulique, en tant qu'actionneur, convertit l'\u00e9nergie hydraulique en mouvement m\u00e9canique. Il transforme la pression en force, permettant ainsi l'ex\u00e9cution d'une large gamme de t\u00e2ches, du levage et de la pouss\u00e9e au serrage et \u00e0 la rotation. La centrale hydraulique, quant \u00e0 elle, constitue le c\u0153ur du syst\u00e8me hydraulique, fournissant l'\u00e9nergie et les signaux de commande n\u00e9cessaires \u00e0 son fonctionnement. Elle g\u00e9n\u00e8re et r\u00e9gule la pression du fluide hydraulique, assurant ainsi un fonctionnement fluide et efficace du v\u00e9rin.<\/p>\n<p>Le fonctionnement coordonn\u00e9 du v\u00e9rin hydraulique et du groupe hydraulique est essentiel \u00e0 la mise en \u0153uvre efficace de la technologie hydraulique dans divers secteurs industriels. Cette synergie assure une alimentation et un contr\u00f4le fiables des \u00e9quipements m\u00e9caniques et d'ing\u00e9nierie, tout en optimisant l'efficacit\u00e9 globale des op\u00e9rations. En garantissant une parfaite int\u00e9gration des deux composants, le syst\u00e8me hydraulique peut r\u00e9aliser des t\u00e2ches complexes avec pr\u00e9cision et fiabilit\u00e9. Chez FMP, nous proposons \u00e9galement une gamme de groupes hydrauliques, con\u00e7us pour compl\u00e9ter nos v\u00e9rins et offrir des solutions compl\u00e8tes r\u00e9pondant \u00e0 tous vos besoins en syst\u00e8mes hydrauliques. Notre engagement envers la qualit\u00e9 et l'innovation vous assure de disposer des produits les plus performants pour am\u00e9liorer vos capacit\u00e9s op\u00e9rationnelles.<\/p>\n<p><img loading=\"lazy\" decoding=\"async\" class=\"alignnone wp-image-6658\" src=\"https:\/\/fmp-components.com\/wp-content\/uploads\/2025\/03\/telescopic-hydraulic-cylinder-6.webp\" alt=\"v\u00e9rin hydraulique t\u00e9lescopique\" width=\"929\" height=\"929\" title=\"\" srcset=\"https:\/\/fmp-components.com\/wp-content\/uploads\/2025\/03\/telescopic-hydraulic-cylinder-6.webp 929w, https:\/\/fmp-components.com\/wp-content\/uploads\/2025\/03\/telescopic-hydraulic-cylinder-6-480x480.webp 480w\" sizes=\"(min-width: 0px) and (max-width: 480px) 480px, (min-width: 481px) 929px, 100vw\" \/><\/p>\n<h2>FAQ<\/h2>\n<p><b>Q : \u00cates-vous une soci\u00e9t\u00e9 commerciale ou un fabricant ?<\/b><br \/>\nA : Nous sommes une usine.<\/p>\n<p><b>Q : Quel est votre d\u00e9lai de livraison ?<\/b><br \/>\nR : En g\u00e9n\u00e9ral, cela prend entre 25 et 35 jours.<\/p>\n<p><b>Q : Fournissez-vous des \u00e9chantillons ? Sont-ils gratuits ou payants ?<\/b><br \/>\nR : Oui, nous pourrions proposer l&#039;\u00e9chantillon mais ce n&#039;est pas gratuit.<\/p>\n<h3>\u00c0 propos de FMP<\/h3>\n<p class=\"break-words\">FMP est un fabricant italien de premier plan sp\u00e9cialis\u00e9 dans la conception, le d\u00e9veloppement et la production de v\u00e9rins hydrauliques de haute qualit\u00e9. Forts d&#039;un riche h\u00e9ritage ancr\u00e9 dans des d\u00e9cennies d&#039;expertise, nous sommes fiers d&#039;allier savoir-faire italien et technologie de pointe pour proposer des solutions hydrauliques exceptionnelles, adapt\u00e9es aux besoins vari\u00e9s de notre client\u00e8le internationale. Bas\u00e9e en Italie, p\u00f4le d&#039;excellence en ing\u00e9nierie, FMP est une r\u00e9f\u00e9rence dans le secteur hydraulique, engag\u00e9e \u00e0 fournir des produits fiables, durables et innovants qui dynamisent les entreprises du monde entier.<\/p>\n<p class=\"break-words\">Notre entreprise allie le meilleur des traditions de fabrication de pointe \u00e0 une approche avant-gardiste. Forte de nombreuses ann\u00e9es d&#039;exp\u00e9rience dans les syst\u00e8mes hydrauliques, FMP est devenue une entreprise moderne qui excelle en recherche, conception et production. Nous proposons une large gamme de v\u00e9rins hydrauliques, notamment des v\u00e9rins \u00e0 double effet, des v\u00e9rins de levage pour automobiles et pour machines agricoles, ainsi que des solutions sur mesure pour diverses applications industrielles. Qu&#039;il s&#039;agisse de construction, d&#039;installations industrielles, d&#039;agriculture ou de machines lourdes, nos v\u00e9rins hydrauliques sont con\u00e7us pour fonctionner dans les conditions les plus difficiles, garantissant s\u00e9curit\u00e9, efficacit\u00e9 et long\u00e9vit\u00e9.<\/p>\n<p><img loading=\"lazy\" decoding=\"async\" class=\"alignnone size-full wp-image-6720\" src=\"https:\/\/fmp-components.com\/wp-content\/uploads\/2025\/03\/hydraulic-cylinder-8.webp\" alt=\"V\u00e9rins hydrauliques t\u00e9lescopiques\" width=\"933\" height=\"526\" title=\"\" srcset=\"https:\/\/fmp-components.com\/wp-content\/uploads\/2025\/03\/hydraulic-cylinder-8.webp 933w, https:\/\/fmp-components.com\/wp-content\/uploads\/2025\/03\/hydraulic-cylinder-8-480x271.webp 480w\" sizes=\"(min-width: 0px) and (max-width: 480px) 480px, (min-width: 481px) 933px, 100vw\" \/><\/p>\n<p class=\"break-words\">Chez FMP, nous sommes fiers de nos installations de production ultramodernes, \u00e9quip\u00e9es de machines de pr\u00e9cision et de syst\u00e8mes de test avanc\u00e9s. Nos processus de fabrication respectent des normes nationales et internationales rigoureuses, garantissant ainsi la qualit\u00e9 et la fiabilit\u00e9 de chaque v\u00e9rin hydraulique quittant notre usine. Notre \u00e9quipe technique qualifi\u00e9e, associ\u00e9e \u00e0 des \u00e9quipements de pointe, nous permet d&#039;assurer un contr\u00f4le qualit\u00e9 rigoureux \u00e0 chaque \u00e9tape de la production, de la s\u00e9lection des mati\u00e8res premi\u00e8res au contr\u00f4le final. Cette volont\u00e9 d&#039;excellence nous a valu des certifications et la reconnaissance des autorit\u00e9s du secteur, consolidant ainsi notre r\u00e9putation de partenaire fiable.<\/p>\n<p class=\"break-words\">Notre mission est simple et ambitieuse\u00a0: fournir \u00e0 nos clients des v\u00e9rins hydrauliques d\u00e9passant leurs attentes en termes de performances, de durabilit\u00e9 et de rapport qualit\u00e9-prix. Nous agissons selon les principes directeurs de professionnalisme, d&#039;int\u00e9grit\u00e9 et d&#039;orientation client. En favorisant une culture d&#039;innovation et de pr\u00e9cision, nous perfectionnons continuellement nos produits pour conserver une longueur d&#039;avance sur un march\u00e9 concurrentiel. Notre gamme compl\u00e8te de produits et notre capacit\u00e9 \u00e0 proposer des solutions sur mesure font de nous le choix incontournable des entreprises \u00e0 la recherche de v\u00e9rins hydrauliques hautes performances.<\/p>\n<p class=\"break-words\">FMP est plus qu&#039;un simple fabricant\u00a0: nous sommes le partenaire de votre r\u00e9ussite. Nous comprenons que nos clients comptent sur nous pour leur fournir des outils qui am\u00e9liorent leur productivit\u00e9 et leur s\u00e9curit\u00e9. C&#039;est pourquoi nous nous engageons \u00e0 offrir non seulement des produits haut de gamme, mais aussi un service exceptionnel. De la consultation initiale au service apr\u00e8s-vente, nous travaillons en \u00e9troite collaboration avec nos clients pour r\u00e9pondre \u00e0 leurs besoins avec professionnalisme et attention. Nos prix comp\u00e9titifs, associ\u00e9s \u00e0 notre engagement ind\u00e9fectible envers la qualit\u00e9, font de FMP le choix id\u00e9al pour les entreprises souhaitant investir dans des solutions hydrauliques fiables.<\/p>","protected":false},"excerpt":{"rendered":"<p>Guaranteed Quality Mini Dump Truck Hydraulic Cylinders Telescopic Hydraulic Cylinder Introducing our top-quality Mini Dump Truck Hydraulic Cylinders Telescopic Hydraulic Cylinder, a new product for 2025. This product is a standard, plunger cylinder type hydraulic cylinder, designed specifically for the Machinery Repair Shops, Farms, Energy &amp; Mining, and Machinery Manufacturing industries. It\u2019s made from robust [&hellip;]<\/p>","protected":false},"featured_media":6685,"comment_status":"closed","ping_status":"closed","template":"","meta":{"_et_pb_use_builder":"","_et_pb_old_content":"","_et_gb_content_width":""},"product_brand":[],"product_cat":[103],"product_tag":[34,105],"class_list":{"0":"post-6510","1":"product","2":"type-product","3":"status-publish","4":"has-post-thumbnail","6":"product_cat-telescopic-hydraulic-cylinders","7":"product_tag-hydraulic-cylinder","8":"product_tag-telescopic-hydraulic-cylinders","10":"first","11":"instock","12":"product-type-simple"},"_links":{"self":[{"href":"https:\/\/fmp-components.com\/fr\/wp-json\/wp\/v2\/product\/6510","targetHints":{"allow":["GET"]}}],"collection":[{"href":"https:\/\/fmp-components.com\/fr\/wp-json\/wp\/v2\/product"}],"about":[{"href":"https:\/\/fmp-components.com\/fr\/wp-json\/wp\/v2\/types\/product"}],"replies":[{"embeddable":true,"href":"https:\/\/fmp-components.com\/fr\/wp-json\/wp\/v2\/comments?post=6510"}],"wp:featuredmedia":[{"embeddable":true,"href":"https:\/\/fmp-components.com\/fr\/wp-json\/wp\/v2\/media\/6685"}],"wp:attachment":[{"href":"https:\/\/fmp-components.com\/fr\/wp-json\/wp\/v2\/media?parent=6510"}],"wp:term":[{"taxonomy":"product_brand","embeddable":true,"href":"https:\/\/fmp-components.com\/fr\/wp-json\/wp\/v2\/product_brand?post=6510"},{"taxonomy":"product_cat","embeddable":true,"href":"https:\/\/fmp-components.com\/fr\/wp-json\/wp\/v2\/product_cat?post=6510"},{"taxonomy":"product_tag","embeddable":true,"href":"https:\/\/fmp-components.com\/fr\/wp-json\/wp\/v2\/product_tag?post=6510"}],"curies":[{"name":"wp","href":"https:\/\/api.w.org\/{rel}","templated":true}]}}