{"id":6507,"date":"2025-03-11T06:26:57","date_gmt":"2025-03-11T06:26:57","guid":{"rendered":"https:\/\/fmp-components.com\/product\/high-quality-small-hydraulic-cylinder-telescopic-hydraulic-cylinder-for-dump-truck"},"modified":"2025-03-17T08:57:58","modified_gmt":"2025-03-17T08:57:58","slug":"high-quality-small-hydraulic-cylinder-telescopic-hydraulic-cylinder-for-dump-truck","status":"publish","type":"product","link":"https:\/\/fmp-components.com\/fr\/product\/high-quality-small-hydraulic-cylinder-telescopic-hydraulic-cylinder-for-dump-truck\/","title":{"rendered":"V\u00e9rin hydraulique t\u00e9lescopique compact de haute qualit\u00e9 pour camion-benne"},"content":{"rendered":"<h2>V\u00e9rin hydraulique t\u00e9lescopique compact de haute qualit\u00e9 pour camion-benne<\/h2>\n<p>Notre petit v\u00e9rin hydraulique de haute qualit\u00e9 est un produit standard et essentiel de FMP, fabricant leader dans le secteur des machines hydrauliques. FMP est une entreprise italienne. Ce v\u00e9rin hydraulique t\u00e9lescopique, sp\u00e9cialement con\u00e7u pour les camions-bennes, se distingue par sa qualit\u00e9 sup\u00e9rieure et sa fiabilit\u00e9.<\/p>\n<h2>Fonction et importance<\/h2>\n<p>Ce v\u00e9rin hydraulique t\u00e9lescopique est un composant essentiel du m\u00e9canisme des camions-bennes. Il fournit la puissance n\u00e9cessaire pour lever et abaisser la benne. Fabriqu\u00e9 en acier robuste, il supporte les charges importantes et r\u00e9siste \u00e0 l'usure, garantissant ainsi une longue dur\u00e9e de vie.<\/p>\n<h3>Sp\u00e9cifications du produit<\/h3>\n<table style=\"width: 103.251%; height: 167px;\" border=\"\">\n<tbody>\n<tr>\n<td colspan=\"\" rowspan=\"\"><i>Taille de l&#039;al\u00e9sage<\/i><\/td>\n<td colspan=\"\" rowspan=\"\">2 \u00e0 6 pouces<\/td>\n<\/tr>\n<tr>\n<td colspan=\"\" rowspan=\"\"><i>Taille de la tige<\/i><\/td>\n<td colspan=\"\" rowspan=\"\">1,125-4 pouces<\/td>\n<\/tr>\n<tr>\n<td colspan=\"\" rowspan=\"\"><i>Taille de la course<\/i><\/td>\n<td colspan=\"\" rowspan=\"\">4 \u00e0 100 pouces<\/td>\n<\/tr>\n<tr>\n<td colspan=\"\" rowspan=\"\"><i>Taille de la broche<\/i><\/td>\n<td colspan=\"\" rowspan=\"\">0,5 \u00e0 2 pouces<\/td>\n<\/tr>\n<tr>\n<td colspan=\"\" rowspan=\"\"><i>Ports<\/i><\/td>\n<td colspan=\"\" rowspan=\"\">G\/SAE\/NPT\/M<\/td>\n<\/tr>\n<\/tbody>\n<\/table>\n<h3>Caract\u00e9ristiques et avantages uniques<\/h3>\n<ul>\n<li>\u00c9conomes en \u00e9nergie : Nos v\u00e9rins hydrauliques sont con\u00e7us pour consommer moins d'\u00e9nergie tout en offrant des performances maximales.<\/li>\n<li>Hautement efficaces : gr\u00e2ce \u00e0 leurs capacit\u00e9s de pouss\u00e9e et de traction \u00e9lev\u00e9es, ils sont capables de g\u00e9rer facilement les t\u00e2ches les plus exigeantes.<\/li>\n<li>S\u00fbrs et fiables : L'utilisation de mat\u00e9riaux de haute qualit\u00e9 et de techniques de fabrication avanc\u00e9es garantit la s\u00e9curit\u00e9 et la fiabilit\u00e9 de nos produits.<\/li>\n<\/ul>\n<p><img loading=\"lazy\" decoding=\"async\" class=\"alignnone wp-image-6664\" src=\"https:\/\/fmp-components.com\/wp-content\/uploads\/2025\/03\/telescopic-hydraulic-cylinder-8.webp\" alt=\"v\u00e9rin hydraulique t\u00e9lescopique\" width=\"941\" height=\"941\" title=\"\" srcset=\"https:\/\/fmp-components.com\/wp-content\/uploads\/2025\/03\/telescopic-hydraulic-cylinder-8.webp 941w, https:\/\/fmp-components.com\/wp-content\/uploads\/2025\/03\/telescopic-hydraulic-cylinder-8-480x480.webp 480w\" sizes=\"(min-width: 0px) and (max-width: 480px) 480px, (min-width: 481px) 941px, 100vw\" \/><\/p>\n<h2>Syst\u00e8mes hydrauliques et principes de fonctionnement<\/h2>\n<p>Nos v\u00e9rins hydrauliques fonctionnent selon le principe fondamental de l'utilisation d'un fluide hydraulique sous pression pour g\u00e9n\u00e9rer une force et un mouvement lin\u00e9aires. Ce m\u00e9canisme est essentiel pour les applications exigeant des forces de pouss\u00e9e ou de traction importantes et pr\u00e9cises. Lorsque le fluide hydraulique est mis sous pression et dirig\u00e9 vers le v\u00e9rin, il cr\u00e9e une force consid\u00e9rable capable de d\u00e9placer des charges lourdes ou d'effectuer des t\u00e2ches complexes avec une pr\u00e9cision remarquable. Cette capacit\u00e9 \u00e0 convertir l'\u00e9nergie hydraulique en mouvement m\u00e9canique rend nos v\u00e9rins hydrauliques indispensables dans de nombreux environnements industriels o\u00f9 l'efficacit\u00e9 et la pr\u00e9cision sont primordiales.<\/p>\n<h2>Applications<\/h2>\n<p>Ces v\u00e9rins hydrauliques sont largement utilis\u00e9s dans divers secteurs industriels, t\u00e9moignant de leur polyvalence et de leur fiabilit\u00e9. Dans les ateliers de r\u00e9paration de machines, ils facilitent le levage et le positionnement d'\u00e9quipements lourds, permettant aux techniciens d'effectuer des r\u00e9parations en toute s\u00e9curit\u00e9 et avec efficacit\u00e9. Dans les exploitations agricoles, les v\u00e9rins hydrauliques am\u00e9liorent le fonctionnement des machines agricoles, telles que les tracteurs et les moissonneuses-batteuses, permettant une manutention efficace des mat\u00e9riaux et des r\u00e9coltes. Les secteurs de l'\u00e9nergie et des mines b\u00e9n\u00e9ficient de la robustesse de ces v\u00e9rins, capables de r\u00e9sister aux environnements exigeants des op\u00e9rations intensives, comme le levage et le transport de mat\u00e9riaux. Dans les usines de fabrication de machines, nos v\u00e9rins hydrauliques jouent un r\u00f4le essentiel dans les cha\u00eenes de montage et les processus de production, fournissant la force n\u00e9cessaire \u00e0 diverses t\u00e2ches, du d\u00e9placement de composants \u00e0 l'actionnement des presses.<\/p>\n<h2>V\u00e9rins hydrauliques et groupes motopropulseurs<\/h2>\n<p>Les v\u00e9rins et les centrales hydrauliques sont des composants essentiels de tout syst\u00e8me hydraulique. Leur int\u00e9gration est indispensable \u00e0 l'application efficace de la technologie hydraulique dans le secteur industriel, garantissant ainsi une alimentation et une commande fiables pour divers \u00e9quipements m\u00e9caniques et d'ing\u00e9nierie. Le v\u00e9rin hydraulique agit comme actionneur, convertissant l'\u00e9nergie hydraulique fournie par la centrale en mouvement m\u00e9canique. La centrale, quant \u00e0 elle, sert de source d'\u00e9nergie, g\u00e9n\u00e9rant et r\u00e9gulant la pression du fluide hydraulique n\u00e9cessaire au fonctionnement.<\/p>\n<p>Chez FMP, nous sommes conscients de l'importance de ces composants pour la cr\u00e9ation de syst\u00e8mes hydrauliques performants. C'est pourquoi nous proposons \u00e9galement une gamme de groupes hydrauliques. En fournissant \u00e0 la fois des v\u00e9rins et des groupes hydrauliques, nous nous positionnons comme votre partenaire privil\u00e9gi\u00e9 pour tous vos besoins en hydraulique. Notre engagement envers la qualit\u00e9 et la performance vous garantit des produits con\u00e7us pour optimiser la productivit\u00e9 et la fiabilit\u00e9 de vos op\u00e9rations, quel que soit votre secteur d'activit\u00e9.<\/p>\n<p><img loading=\"lazy\" decoding=\"async\" class=\"alignnone wp-image-6663\" src=\"https:\/\/fmp-components.com\/wp-content\/uploads\/2025\/03\/telescopic-hydraulic-cylinder-11.webp\" alt=\"v\u00e9rin hydraulique t\u00e9lescopique\" width=\"906\" height=\"906\" title=\"\" srcset=\"https:\/\/fmp-components.com\/wp-content\/uploads\/2025\/03\/telescopic-hydraulic-cylinder-11.webp 906w, https:\/\/fmp-components.com\/wp-content\/uploads\/2025\/03\/telescopic-hydraulic-cylinder-11-480x480.webp 480w\" sizes=\"(min-width: 0px) and (max-width: 480px) 480px, (min-width: 481px) 906px, 100vw\" \/><\/p>\n<h2>FAQ<\/h2>\n<p><b>Q : Quel est votre d\u00e9lai de livraison ?<\/b><br \/>\nR : En g\u00e9n\u00e9ral, cela prend entre 25 et 35 jours.<\/p>\n<p><b>Q\u00a0: Fournissez-vous des \u00e9chantillons\u00a0? Sont-ils gratuits ou en suppl\u00e9ment\u00a0?<\/b><br \/>\nR : Oui, nous pourrions proposer l&#039;\u00e9chantillon mais ce n&#039;est pas gratuit.<\/p>\n<p><b>Q : Pouvez-vous produire selon les \u00e9chantillons ?<\/b><br \/>\nR : Oui, nous pouvons produire \u00e0 partir de vos \u00e9chantillons ou de vos dessins techniques. Nous pouvons fabriquer les moules et les outillages.<\/p>\n<h3>\u00c0 propos de FMP<\/h3>\n<p>FMP est un fabricant italien de premier plan, reconnu pour son expertise dans la conception, le d\u00e9veloppement et la production de v\u00e9rins hydrauliques de haute qualit\u00e9. Forts d&#039;un riche h\u00e9ritage b\u00e2ti au fil des d\u00e9cennies, nous allions savoir-faire italien traditionnel et technologie de pointe pour cr\u00e9er des solutions hydrauliques exceptionnelles r\u00e9pondant aux besoins vari\u00e9s de nos clients internationaux. Bas\u00e9e en Italie, p\u00f4le d&#039;excellence en ing\u00e9nierie, FMP s&#039;est impos\u00e9e comme une r\u00e9f\u00e9rence dans le secteur hydraulique, s&#039;engageant \u00e0 fournir des produits fiables, durables et innovants qui dynamisent les entreprises du monde entier.<\/p>\n<p>Notre entreprise allie tradition de fabrication avanc\u00e9e et esprit d&#039;innovation. Forte de sa vaste exp\u00e9rience dans les syst\u00e8mes hydrauliques, FMP est devenue une entreprise moderne qui excelle en recherche, conception et production. Nous proposons une gamme compl\u00e8te de v\u00e9rins hydrauliques, notamment des v\u00e9rins \u00e0 double effet, des v\u00e9rins de levage pour automobiles et pour machines agricoles, ainsi que des solutions sur mesure adapt\u00e9es \u00e0 diverses applications industrielles. Qu&#039;ils soient destin\u00e9s \u00e0 la construction, aux installations industrielles, \u00e0 l&#039;agriculture ou aux machines lourdes, nos v\u00e9rins hydrauliques sont con\u00e7us pour fonctionner dans les conditions les plus exigeantes, garantissant s\u00e9curit\u00e9, efficacit\u00e9 et long\u00e9vit\u00e9.<\/p>\n<p>Chez FMP, nous sommes fiers de nos installations de production de pointe, \u00e9quip\u00e9es de machines de pr\u00e9cision et de syst\u00e8mes de test avanc\u00e9s. Nos processus de fabrication sont conformes aux normes nationales et internationales les plus strictes, garantissant que chaque v\u00e9rin hydraulique produit r\u00e9pond aux normes de qualit\u00e9 et de fiabilit\u00e9 les plus strictes. Notre \u00e9quipe technique qualifi\u00e9e, associ\u00e9e \u00e0 des \u00e9quipements de pointe, nous permet d&#039;appliquer un contr\u00f4le qualit\u00e9 rigoureux \u00e0 chaque \u00e9tape de la production, de la s\u00e9lection des mati\u00e8res premi\u00e8res au contr\u00f4le final. Cet engagement envers l&#039;excellence nous a valu des certifications et des distinctions des autorit\u00e9s du secteur, renfor\u00e7ant ainsi notre r\u00e9putation de partenaire fiable.<\/p>\n<p><img loading=\"lazy\" decoding=\"async\" class=\"alignnone size-full wp-image-6720\" src=\"https:\/\/fmp-components.com\/wp-content\/uploads\/2025\/03\/hydraulic-cylinder-8.webp\" alt=\"V\u00e9rins hydrauliques t\u00e9lescopiques\" width=\"933\" height=\"526\" title=\"\" srcset=\"https:\/\/fmp-components.com\/wp-content\/uploads\/2025\/03\/hydraulic-cylinder-8.webp 933w, https:\/\/fmp-components.com\/wp-content\/uploads\/2025\/03\/hydraulic-cylinder-8-480x271.webp 480w\" sizes=\"(min-width: 0px) and (max-width: 480px) 480px, (min-width: 481px) 933px, 100vw\" \/><\/p>\n<p>Notre mission est simple et ambitieuse\u00a0: fournir \u00e0 nos clients des v\u00e9rins hydrauliques qui surpassent leurs attentes en termes de performances, de durabilit\u00e9 et de rapport qualit\u00e9-prix. Nous agissons avec professionnalisme, int\u00e9grit\u00e9 et souci du client. En favorisant une culture d&#039;innovation et de pr\u00e9cision, nous am\u00e9liorons continuellement nos produits pour conserver un avantage concurrentiel sur le march\u00e9. Notre vaste gamme de produits et notre capacit\u00e9 \u00e0 proposer des solutions sur mesure font de nous le choix privil\u00e9gi\u00e9 des entreprises \u00e0 la recherche de v\u00e9rins hydrauliques hautes performances.<\/p>\n<p>FMP est plus qu&#039;un simple fabricant\u00a0; nous sommes le partenaire de votre r\u00e9ussite. Nous savons que nos clients comptent sur nous pour leur fournir des outils qui am\u00e9liorent leur productivit\u00e9 et leur s\u00e9curit\u00e9. C&#039;est pourquoi nous nous engageons \u00e0 fournir non seulement des produits de qualit\u00e9 sup\u00e9rieure, mais aussi un service exceptionnel. De la consultation initiale au service apr\u00e8s-vente, nous collaborons \u00e9troitement avec nos clients pour r\u00e9pondre \u00e0 leurs besoins avec professionnalisme et attention. Nos prix comp\u00e9titifs, combin\u00e9s \u00e0 notre engagement ind\u00e9fectible envers la qualit\u00e9, font de FMP le choix id\u00e9al pour les entreprises souhaitant investir dans des solutions hydrauliques fiables.<\/p>","protected":false},"excerpt":{"rendered":"<p>High Quality Small Hydraulic Cylinder Telescopic Hydraulic Cylinder For Dump Truck Our High-Quality Small hydraulic cylinder is a standard and essential product from FMP, a leading manufacturer in the hydraulic machinery industry. FMP is based in Italy. This Telescopic Hydraulic Cylinder, specially designed for dump trucks, is a noteworthy product for its top-notch quality and [&hellip;]<\/p>","protected":false},"featured_media":6689,"comment_status":"closed","ping_status":"closed","template":"","meta":{"_et_pb_use_builder":"","_et_pb_old_content":"","_et_gb_content_width":""},"product_brand":[],"product_cat":[103],"product_tag":[34,105],"class_list":{"0":"post-6507","1":"product","2":"type-product","3":"status-publish","4":"has-post-thumbnail","6":"product_cat-telescopic-hydraulic-cylinders","7":"product_tag-hydraulic-cylinder","8":"product_tag-telescopic-hydraulic-cylinders","10":"first","11":"instock","12":"product-type-simple"},"_links":{"self":[{"href":"https:\/\/fmp-components.com\/fr\/wp-json\/wp\/v2\/product\/6507","targetHints":{"allow":["GET"]}}],"collection":[{"href":"https:\/\/fmp-components.com\/fr\/wp-json\/wp\/v2\/product"}],"about":[{"href":"https:\/\/fmp-components.com\/fr\/wp-json\/wp\/v2\/types\/product"}],"replies":[{"embeddable":true,"href":"https:\/\/fmp-components.com\/fr\/wp-json\/wp\/v2\/comments?post=6507"}],"wp:featuredmedia":[{"embeddable":true,"href":"https:\/\/fmp-components.com\/fr\/wp-json\/wp\/v2\/media\/6689"}],"wp:attachment":[{"href":"https:\/\/fmp-components.com\/fr\/wp-json\/wp\/v2\/media?parent=6507"}],"wp:term":[{"taxonomy":"product_brand","embeddable":true,"href":"https:\/\/fmp-components.com\/fr\/wp-json\/wp\/v2\/product_brand?post=6507"},{"taxonomy":"product_cat","embeddable":true,"href":"https:\/\/fmp-components.com\/fr\/wp-json\/wp\/v2\/product_cat?post=6507"},{"taxonomy":"product_tag","embeddable":true,"href":"https:\/\/fmp-components.com\/fr\/wp-json\/wp\/v2\/product_tag?post=6507"}],"curies":[{"name":"wp","href":"https:\/\/api.w.org\/{rel}","templated":true}]}}