{"id":6502,"date":"2025-03-11T06:25:30","date_gmt":"2025-03-11T06:25:30","guid":{"rendered":"https:\/\/fmp-components.com\/product\/high-quality-small-dump-truck-double-acting-multistage-hydraulic-cylinder"},"modified":"2025-03-18T02:00:39","modified_gmt":"2025-03-18T02:00:39","slug":"high-quality-small-dump-truck-double-acting-multistage-hydraulic-cylinder","status":"publish","type":"product","link":"https:\/\/fmp-components.com\/fr\/product\/high-quality-small-dump-truck-double-acting-multistage-hydraulic-cylinder\/","title":{"rendered":"V\u00e9rin hydraulique multi-\u00e9tages \u00e0 double effet de haute qualit\u00e9 pour petit camion \u00e0 benne basculante"},"content":{"rendered":"<h2>V\u00e9rin hydraulique multi-\u00e9tages \u00e0 double effet de haute qualit\u00e9 pour petit camion \u00e0 benne basculante<\/h2>\n<p>D\u00e9couvrez le v\u00e9rin hydraulique multi-\u00e9tag\u00e9 double effet de haute qualit\u00e9 pour petits camions bennes. Un outil fiable et efficace qui optimise les performances de vos machines. Con\u00e7u pour r\u00e9sister aux conditions les plus difficiles, ce v\u00e9rin offre des solutions optimales pour divers secteurs, tels que les ateliers de r\u00e9paration de machines, les exploitations agricoles, les secteurs de l'\u00e9nergie et des mines, la fabrication de machines et les usines de fabrication.<\/p>\n<h2>Sp\u00e9cifications du produit<\/h2>\n<p>Con\u00e7u pour r\u00e9pondre aux exigences standard, ce v\u00e9rin hydraulique est dot\u00e9 d'une structure \u00e0 piston et fonctionne gr\u00e2ce \u00e0 la puissance hydraulique. Son corps en acier robuste garantit long\u00e9vit\u00e9 et fiabilit\u00e9. Ce v\u00e9rin hydraulique multi-\u00e9tages est certifi\u00e9 ISO9001:2000, gage de qualit\u00e9 et de performance.<\/p>\n<table style=\"width: 100.343%;\" border=\"\">\n<tbody>\n<tr>\n<th style=\"width: 43.5028%;\">Taille de l&#039;al\u00e9sage<\/th>\n<td style=\"width: 487.006%;\">2 \u00e0 6 pouces<\/td>\n<\/tr>\n<tr>\n<th style=\"width: 43.5028%;\">Taille de la tige<\/th>\n<td style=\"width: 487.006%;\">1,125-4 pouces<\/td>\n<\/tr>\n<tr>\n<th style=\"width: 43.5028%;\">Taille de la course<\/th>\n<td style=\"width: 487.006%;\">4 \u00e0 100 pouces<\/td>\n<\/tr>\n<tr>\n<th style=\"width: 43.5028%;\">Taille de la broche<\/th>\n<td style=\"width: 487.006%;\">0,5 \u00e0 2 pouces<\/td>\n<\/tr>\n<tr>\n<th style=\"width: 43.5028%;\">Ports<\/th>\n<td style=\"width: 487.006%;\">G\/SAE\/NPT\/M<\/td>\n<\/tr>\n<\/tbody>\n<\/table>\n<h2>Principales caract\u00e9ristiques et avantages<\/h2>\n<ul>\n<li>Efficacit\u00e9 \u00e9nerg\u00e9tique<\/li>\n<li>Haute performance<\/li>\n<li>S\u00fbr et fiable<\/li>\n<\/ul>\n<h2>Syst\u00e8mes hydrauliques et principe de fonctionnement<\/h2>\n<p>Notre v\u00e9rin hydraulique convertit la pression du fluide en force m\u00e9canique, offrant un rapport puissance\/poids et un encombrement incomparables. Cette technologie de pointe garantit des performances constantes pour vos machines.<\/p>\n<p><img loading=\"lazy\" decoding=\"async\" class=\"alignnone wp-image-6659\" src=\"https:\/\/fmp-components.com\/wp-content\/uploads\/2025\/03\/telescopic-hydraulic-cylinder-12.webp\" alt=\"v\u00e9rin hydraulique t\u00e9lescopique\" width=\"965\" height=\"965\" title=\"\" srcset=\"https:\/\/fmp-components.com\/wp-content\/uploads\/2025\/03\/telescopic-hydraulic-cylinder-12.webp 965w, https:\/\/fmp-components.com\/wp-content\/uploads\/2025\/03\/telescopic-hydraulic-cylinder-12-480x480.webp 480w\" sizes=\"(min-width: 0px) and (max-width: 480px) 480px, (min-width: 481px) 965px, 100vw\" \/><\/p>\n<h2>V\u00e9rins hydrauliques et groupes motopropulseurs<\/h2>\n<p>Les v\u00e9rins hydrauliques et les groupes motopropulseurs sont des composants indispensables des syst\u00e8mes hydrauliques. Leurs fonctions combin\u00e9es garantissent une application \u00e9tendue de la technologie hydraulique dans divers secteurs, fournissant une puissance et un contr\u00f4le fiables pour diff\u00e9rents types de machines. Chez FMP, nous proposons \u00e9galement des groupes motopropulseurs \u00e0 la vente en compl\u00e9ment de nos v\u00e9rins hydrauliques.<\/p>\n<h2>FAQ<\/h2>\n<p><b>Q : \u00cates-vous une soci\u00e9t\u00e9 commerciale ou un fabricant ?<\/b><br \/>\nR : Nous sommes un fabricant.<\/p>\n<p><b>Q : Quel est votre d\u00e9lai de livraison ?<\/b><br \/>\nR : G\u00e9n\u00e9ralement, notre d\u00e9lai de livraison est compris entre 25 et 35 jours.<\/p>\n<p><b>Q : Fournissez-vous des \u00e9chantillons ?<\/b><br \/>\nR : Oui, nous fournissons des \u00e9chantillons mais ils ne sont pas gratuits.<\/p>\n<h3>\u00c0 propos de FMP<\/h3>\n<p>FMP est un fabricant italien de premier plan, reconnu pour son expertise dans la conception, le d\u00e9veloppement et la production de v\u00e9rins hydrauliques de haute qualit\u00e9. Forts d'un riche h\u00e9ritage b\u00e2ti au fil des d\u00e9cennies, nous allions harmonieusement savoir-faire italien et technologie de pointe pour proposer des solutions hydrauliques exceptionnelles, adapt\u00e9es aux besoins vari\u00e9s de nos clients internationaux. Implant\u00e9e en Italie, p\u00f4le d'excellence en ing\u00e9nierie, FMP s'est impos\u00e9e comme un leader reconnu du secteur hydraulique, s'engageant \u00e0 fournir des produits fiables, durables et innovants qui dynamisent les entreprises du monde entier.<\/p>\n<p>Nous allions tradition de fabrication avanc\u00e9e et vision progressiste. Forte de nombreuses ann\u00e9es d'exp\u00e9rience dans les syst\u00e8mes hydrauliques, FMP est devenue une entreprise moderne, excellant en recherche, conception et production. Notre sp\u00e9cialisation englobe une large gamme de v\u00e9rins hydrauliques, notamment des v\u00e9rins \u00e0 double effet, des v\u00e9rins de levage pour automobiles et pour machines agricoles, ainsi que des solutions sur mesure pour diverses applications industrielles. Qu'ils soient destin\u00e9s \u00e0 la construction, aux installations industrielles, \u00e0 l'agriculture ou aux machines lourdes, nos v\u00e9rins hydrauliques sont con\u00e7us pour fonctionner dans les conditions les plus exigeantes, garantissant s\u00e9curit\u00e9, efficacit\u00e9 et long\u00e9vit\u00e9.<\/p>\n<p><img loading=\"lazy\" decoding=\"async\" class=\"alignnone size-full wp-image-6720\" src=\"https:\/\/fmp-components.com\/wp-content\/uploads\/2025\/03\/hydraulic-cylinder-8.webp\" alt=\"V\u00e9rins hydrauliques t\u00e9lescopiques\" width=\"933\" height=\"526\" title=\"\" srcset=\"https:\/\/fmp-components.com\/wp-content\/uploads\/2025\/03\/hydraulic-cylinder-8.webp 933w, https:\/\/fmp-components.com\/wp-content\/uploads\/2025\/03\/hydraulic-cylinder-8-480x271.webp 480w\" sizes=\"(min-width: 0px) and (max-width: 480px) 480px, (min-width: 481px) 933px, 100vw\" \/><\/p>\n<p>Chez FMP, nous sommes fiers de nos installations de production de pointe, \u00e9quip\u00e9es de machines de pr\u00e9cision et de syst\u00e8mes de test avanc\u00e9s. Nos processus de fabrication sont conformes aux normes nationales et internationales les plus strictes, garantissant ainsi la qualit\u00e9 et la fiabilit\u00e9 optimales de chaque v\u00e9rin hydraulique produit. Notre \u00e9quipe technique qualifi\u00e9e, associ\u00e9e \u00e0 des \u00e9quipements de pointe, nous permet d'assurer un contr\u00f4le qualit\u00e9 rigoureux \u00e0 chaque \u00e9tape de la production, de la s\u00e9lection des mati\u00e8res premi\u00e8res au contr\u00f4le final. Cet engagement envers l'excellence nous a valu des certifications et la reconnaissance des autorit\u00e9s du secteur, consolidant ainsi notre r\u00e9putation de partenaire fiable.<\/p>\n<p>Notre mission est simple et ambitieuse\u00a0: fournir des v\u00e9rins hydrauliques qui surpassent les attentes en termes de performance, de durabilit\u00e9 et de rapport qualit\u00e9-prix. Nous adh\u00e9rons aux principes de professionnalisme, d'int\u00e9grit\u00e9 et d'orientation client. En favorisant une culture d'innovation et de pr\u00e9cision, nous perfectionnons continuellement nos produits pour rester comp\u00e9titifs sur le march\u00e9. Notre vaste gamme de produits et notre capacit\u00e9 \u00e0 proposer des solutions sur mesure font de nous le choix privil\u00e9gi\u00e9 des entreprises \u00e0 la recherche de v\u00e9rins hydrauliques hautes performances.<\/p>\n<p>FMP est plus qu'un simple fabricant\u00a0; nous sommes le partenaire de votre r\u00e9ussite. Nous savons que nos clients comptent sur nous pour des outils qui am\u00e9liorent leur productivit\u00e9 et leur s\u00e9curit\u00e9. C'est pourquoi nous nous engageons \u00e0 fournir non seulement des produits de qualit\u00e9 sup\u00e9rieure, mais aussi un service exceptionnel. De la consultation initiale au service apr\u00e8s-vente, nous collaborons \u00e9troitement avec nos clients pour r\u00e9pondre \u00e0 leurs besoins avec professionnalisme et attention. Nos prix comp\u00e9titifs, combin\u00e9s \u00e0 notre engagement ind\u00e9fectible envers la qualit\u00e9, font de FMP le choix id\u00e9al pour les entreprises en qu\u00eate de solutions hydrauliques fiables.<\/p>","protected":false},"excerpt":{"rendered":"<p>High Quality Small Dump Truck Double Acting Multistage Hydraulic Cylinder Introducing the High Quality Small Dump Truck Double Acting Multistage hydraulic cylinder, a reliable and efficient tool that enhances your machinery&#8217;s performance. This hydraulic cylinder is designed to withstand rigorous operations and provide optimal solutions for various industries such as machinery repair shops, farms, energy [&hellip;]<\/p>","protected":false},"featured_media":6675,"comment_status":"closed","ping_status":"closed","template":"","meta":{"_et_pb_use_builder":"","_et_pb_old_content":"","_et_gb_content_width":""},"product_brand":[],"product_cat":[103],"product_tag":[34,105],"class_list":{"0":"post-6502","1":"product","2":"type-product","3":"status-publish","4":"has-post-thumbnail","6":"product_cat-telescopic-hydraulic-cylinders","7":"product_tag-hydraulic-cylinder","8":"product_tag-telescopic-hydraulic-cylinders","10":"first","11":"instock","12":"product-type-simple"},"_links":{"self":[{"href":"https:\/\/fmp-components.com\/fr\/wp-json\/wp\/v2\/product\/6502","targetHints":{"allow":["GET"]}}],"collection":[{"href":"https:\/\/fmp-components.com\/fr\/wp-json\/wp\/v2\/product"}],"about":[{"href":"https:\/\/fmp-components.com\/fr\/wp-json\/wp\/v2\/types\/product"}],"replies":[{"embeddable":true,"href":"https:\/\/fmp-components.com\/fr\/wp-json\/wp\/v2\/comments?post=6502"}],"wp:featuredmedia":[{"embeddable":true,"href":"https:\/\/fmp-components.com\/fr\/wp-json\/wp\/v2\/media\/6675"}],"wp:attachment":[{"href":"https:\/\/fmp-components.com\/fr\/wp-json\/wp\/v2\/media?parent=6502"}],"wp:term":[{"taxonomy":"product_brand","embeddable":true,"href":"https:\/\/fmp-components.com\/fr\/wp-json\/wp\/v2\/product_brand?post=6502"},{"taxonomy":"product_cat","embeddable":true,"href":"https:\/\/fmp-components.com\/fr\/wp-json\/wp\/v2\/product_cat?post=6502"},{"taxonomy":"product_tag","embeddable":true,"href":"https:\/\/fmp-components.com\/fr\/wp-json\/wp\/v2\/product_tag?post=6502"}],"curies":[{"name":"wp","href":"https:\/\/api.w.org\/{rel}","templated":true}]}}