{"id":6501,"date":"2025-03-11T06:25:30","date_gmt":"2025-03-11T06:25:30","guid":{"rendered":"https:\/\/fmp-components.com\/product\/low-price-multistage-hydraulic-cylinder-double-acting-for-dump-truck"},"modified":"2025-03-18T02:01:22","modified_gmt":"2025-03-18T02:01:22","slug":"low-price-multistage-hydraulic-cylinder-double-acting-for-dump-truck","status":"publish","type":"product","link":"https:\/\/fmp-components.com\/fr\/product\/low-price-multistage-hydraulic-cylinder-double-acting-for-dump-truck\/","title":{"rendered":"V\u00e9rin hydraulique multi-\u00e9tages \u00e0 double effet pour camion \u00e0 benne basculante"},"content":{"rendered":"<h2>V\u00e9rin hydraulique multi-\u00e9tages \u00e0 double effet pour camion \u00e0 benne basculante<\/h2>\n<p>D\u00e9couvrez notre v\u00e9rin hydraulique multi-\u00e9tages \u00e0 prix comp\u00e9titif, une solution \u00e0 double effet sp\u00e9cialement con\u00e7ue pour les camions-bennes. Ce puissant outil est un compl\u00e9ment fiable et efficace pour vos \u00e9quipements lourds.<\/p>\n<h2>Caract\u00e9ristiques et sp\u00e9cifications du produit<\/h2>\n<p>Notre v\u00e9rin hydraulique est dot\u00e9 d'un corps en acier robuste, con\u00e7u pour r\u00e9sister aux conditions de travail extr\u00eames. Sa pouss\u00e9e maximale de 3\u00a0000 kg et sa capacit\u00e9 de traction maximale de 20 tonnes le rendent id\u00e9al pour les applications exigeantes.<\/p>\n<table style=\"width: 98.5375%;\" border=\"\">\n<tbody>\n<tr>\n<td style=\"width: 43.5028%;\"><strong>Taille de l&#039;al\u00e9sage<\/strong><\/td>\n<td style=\"width: 477.401%;\">2 \u00e0 6 pouces<\/td>\n<\/tr>\n<tr>\n<td style=\"width: 43.5028%;\"><strong>Taille de la tige<\/strong><\/td>\n<td style=\"width: 477.401%;\">1,125-4 pouces<\/td>\n<\/tr>\n<tr>\n<td style=\"width: 43.5028%;\"><strong>Taille de la course<\/strong><\/td>\n<td style=\"width: 477.401%;\">4 \u00e0 100 pouces<\/td>\n<\/tr>\n<tr>\n<td style=\"width: 43.5028%;\"><strong>Taille de la broche<\/strong><\/td>\n<td style=\"width: 477.401%;\">0,5 \u00e0 2 pouces<\/td>\n<\/tr>\n<tr>\n<td style=\"width: 43.5028%;\"><strong>Ports<\/strong><\/td>\n<td style=\"width: 477.401%;\">G\/SAE\/NPT\/M<\/td>\n<\/tr>\n<\/tbody>\n<\/table>\n<h2>Avantages uniques<\/h2>\n<ul>\n<li>\u00c9conomie d'\u00e9nergie : Offre un fonctionnement efficace, r\u00e9duisant la consommation d'\u00e9nergie et les co\u00fbts d'exploitation.<\/li>\n<li>Haute performance : offre une puissante capacit\u00e9 de pouss\u00e9e et de traction pour les applications lourdes.<\/li>\n<li>S\u00e9curit\u00e9 : Construit avec de l'acier de haute qualit\u00e9, garantissant durabilit\u00e9 et fiabilit\u00e9 de fonctionnement.<\/li>\n<\/ul>\n<h2>Op\u00e9rations et applications<\/h2>\n<p>Le v\u00e9rin hydraulique multi-\u00e9tages convertit la puissance hydraulique en mouvement m\u00e9canique, fournissant ainsi la force n\u00e9cessaire aux camions-bennes pour lever et abaisser leurs charges. Il est donc essentiel dans des secteurs tels que la construction, l'exploitation mini\u00e8re et l'agriculture.<\/p>\n<p><img loading=\"lazy\" decoding=\"async\" class=\"alignnone wp-image-6656\" src=\"https:\/\/fmp-components.com\/wp-content\/uploads\/2025\/03\/telescopic-hydraulic-cylinder-5.webp\" alt=\"v\u00e9rin hydraulique t\u00e9lescopique\" width=\"904\" height=\"904\" title=\"\" srcset=\"https:\/\/fmp-components.com\/wp-content\/uploads\/2025\/03\/telescopic-hydraulic-cylinder-5.webp 904w, https:\/\/fmp-components.com\/wp-content\/uploads\/2025\/03\/telescopic-hydraulic-cylinder-5-480x480.webp 480w\" sizes=\"(min-width: 0px) and (max-width: 480px) 480px, (min-width: 481px) 904px, 100vw\" \/><\/p>\n<h2>V\u00e9rins hydrauliques et groupes motopropulseurs<\/h2>\n<p>Les v\u00e9rins et les groupes motopropulseurs hydrauliques font partie int\u00e9grante de tout syst\u00e8me hydraulique. Le v\u00e9rin convertit l'\u00e9nergie hydraulique en mouvement m\u00e9canique, tandis que le groupe motopropulseur fournit l'\u00e9nergie et les signaux de commande n\u00e9cessaires. Cette synergie garantit une large application de la technologie hydraulique dans divers secteurs, offrant une puissance et un contr\u00f4le fiables. Chez FMP, nous proposons \u00e9galement des groupes motopropulseurs \u00e0 la vente, garantissant ainsi le fonctionnement optimal de votre syst\u00e8me hydraulique.<\/p>\n<h3>\u00c0 propos de FMP<\/h3>\n<p>FMP est un fabricant italien de premier plan, reconnu pour son expertise dans la conception, le d\u00e9veloppement et la production de v\u00e9rins hydrauliques de haute qualit\u00e9. Forts d'un riche h\u00e9ritage b\u00e2ti au fil des d\u00e9cennies, nous allions harmonieusement savoir-faire italien et technologie de pointe pour proposer des solutions hydrauliques exceptionnelles, adapt\u00e9es aux besoins vari\u00e9s de nos clients internationaux. Implant\u00e9e en Italie, p\u00f4le d'excellence en ing\u00e9nierie, FMP s'est impos\u00e9e comme un leader reconnu du secteur hydraulique, s'engageant \u00e0 fournir des produits fiables, durables et innovants qui dynamisent les entreprises du monde entier.<\/p>\n<p>Nous allions tradition de fabrication avanc\u00e9e et vision progressiste. Forte de nombreuses ann\u00e9es d'exp\u00e9rience dans les syst\u00e8mes hydrauliques, FMP est devenue une entreprise moderne, excellant en recherche, conception et production. Notre sp\u00e9cialisation englobe une large gamme de v\u00e9rins hydrauliques, notamment des v\u00e9rins \u00e0 double effet, des v\u00e9rins de levage pour automobiles et pour machines agricoles, ainsi que des solutions sur mesure pour diverses applications industrielles. Qu'ils soient destin\u00e9s \u00e0 la construction, aux installations industrielles, \u00e0 l'agriculture ou aux machines lourdes, nos v\u00e9rins hydrauliques sont con\u00e7us pour fonctionner dans les conditions les plus exigeantes, garantissant s\u00e9curit\u00e9, efficacit\u00e9 et long\u00e9vit\u00e9.<\/p>\n<p><img loading=\"lazy\" decoding=\"async\" class=\"alignnone size-full wp-image-6720\" src=\"https:\/\/fmp-components.com\/wp-content\/uploads\/2025\/03\/hydraulic-cylinder-8.webp\" alt=\"V\u00e9rins hydrauliques t\u00e9lescopiques\" width=\"933\" height=\"526\" title=\"\" srcset=\"https:\/\/fmp-components.com\/wp-content\/uploads\/2025\/03\/hydraulic-cylinder-8.webp 933w, https:\/\/fmp-components.com\/wp-content\/uploads\/2025\/03\/hydraulic-cylinder-8-480x271.webp 480w\" sizes=\"(min-width: 0px) and (max-width: 480px) 480px, (min-width: 481px) 933px, 100vw\" \/><\/p>\n<p>Chez FMP, nous sommes fiers de nos installations de production de pointe, \u00e9quip\u00e9es de machines de pr\u00e9cision et de syst\u00e8mes de test avanc\u00e9s. Nos processus de fabrication sont conformes aux normes nationales et internationales les plus strictes, garantissant ainsi la qualit\u00e9 et la fiabilit\u00e9 optimales de chaque v\u00e9rin hydraulique produit. Notre \u00e9quipe technique qualifi\u00e9e, associ\u00e9e \u00e0 des \u00e9quipements de pointe, nous permet d'assurer un contr\u00f4le qualit\u00e9 rigoureux \u00e0 chaque \u00e9tape de la production, de la s\u00e9lection des mati\u00e8res premi\u00e8res au contr\u00f4le final. Cet engagement envers l'excellence nous a valu des certifications et la reconnaissance des autorit\u00e9s du secteur, consolidant ainsi notre r\u00e9putation de partenaire fiable.<\/p>\n<p>Notre mission est simple et ambitieuse\u00a0: fournir des v\u00e9rins hydrauliques qui surpassent les attentes en termes de performance, de durabilit\u00e9 et de rapport qualit\u00e9-prix. Nous adh\u00e9rons aux principes de professionnalisme, d'int\u00e9grit\u00e9 et d'orientation client. En favorisant une culture d'innovation et de pr\u00e9cision, nous perfectionnons continuellement nos produits pour rester comp\u00e9titifs sur le march\u00e9. Notre vaste gamme de produits et notre capacit\u00e9 \u00e0 proposer des solutions sur mesure font de nous le choix privil\u00e9gi\u00e9 des entreprises \u00e0 la recherche de v\u00e9rins hydrauliques hautes performances.<\/p>\n<p>FMP est plus qu'un simple fabricant\u00a0; nous sommes le partenaire de votre r\u00e9ussite. Nous savons que nos clients comptent sur nous pour des outils qui am\u00e9liorent leur productivit\u00e9 et leur s\u00e9curit\u00e9. C'est pourquoi nous nous engageons \u00e0 fournir non seulement des produits de qualit\u00e9 sup\u00e9rieure, mais aussi un service exceptionnel. De la consultation initiale au service apr\u00e8s-vente, nous collaborons \u00e9troitement avec nos clients pour r\u00e9pondre \u00e0 leurs besoins avec professionnalisme et attention. Nos prix comp\u00e9titifs, combin\u00e9s \u00e0 notre engagement ind\u00e9fectible envers la qualit\u00e9, font de FMP le choix id\u00e9al pour les entreprises en qu\u00eate de solutions hydrauliques fiables.<\/p>\n<h2>FAQ<\/h2>\n<p><strong>Q : \u00cates-vous une soci\u00e9t\u00e9 commerciale ou un fabricant ?<\/strong><br \/>\nR : Nous sommes un fabricant.<\/p>\n<p><strong>Q : Quel est votre d\u00e9lai de livraison ?<\/strong><br \/>\nR : En g\u00e9n\u00e9ral, cela prend entre 25 et 35 jours.<\/p>\n<p><strong>Q\u00a0: Fournissez-vous des \u00e9chantillons\u00a0? Sont-ils gratuits ou en suppl\u00e9ment\u00a0?<\/strong><br \/>\nR : Oui, nous pourrions proposer l&#039;\u00e9chantillon mais ce n&#039;est pas gratuit.<\/p>\n<p><img loading=\"lazy\" decoding=\"async\" class=\"alignnone wp-image-6717\" src=\"https:\/\/fmp-components.com\/wp-content\/uploads\/2025\/03\/hydraulic-cylinder-211.webp\" alt=\"V\u00e9rins hydrauliques\" width=\"947\" height=\"949\" title=\"\" srcset=\"https:\/\/fmp-components.com\/wp-content\/uploads\/2025\/03\/hydraulic-cylinder-211.webp 947w, https:\/\/fmp-components.com\/wp-content\/uploads\/2025\/03\/hydraulic-cylinder-211-480x481.webp 480w\" sizes=\"(min-width: 0px) and (max-width: 480px) 480px, (min-width: 481px) 947px, 100vw\" \/><\/p>","protected":false},"excerpt":{"rendered":"<p>Low Price Multistage Hydraulic Cylinder Double Acting For Dump Truck Introducing our competitively priced Multistage hydraulic cylinder, a double acting solution specifically designed for dump trucks. This powerful piece of machinery is a dependable and efficient addition to your heavy-duty equipment. Product Features and Specifications Our hydraulic cylinder is built with a sturdy steel body, [&hellip;]<\/p>","protected":false},"featured_media":6676,"comment_status":"closed","ping_status":"closed","template":"","meta":{"_et_pb_use_builder":"","_et_pb_old_content":"","_et_gb_content_width":""},"product_brand":[],"product_cat":[103],"product_tag":[34,105],"class_list":{"0":"post-6501","1":"product","2":"type-product","3":"status-publish","4":"has-post-thumbnail","6":"product_cat-telescopic-hydraulic-cylinders","7":"product_tag-hydraulic-cylinder","8":"product_tag-telescopic-hydraulic-cylinders","10":"first","11":"instock","12":"product-type-simple"},"_links":{"self":[{"href":"https:\/\/fmp-components.com\/fr\/wp-json\/wp\/v2\/product\/6501","targetHints":{"allow":["GET"]}}],"collection":[{"href":"https:\/\/fmp-components.com\/fr\/wp-json\/wp\/v2\/product"}],"about":[{"href":"https:\/\/fmp-components.com\/fr\/wp-json\/wp\/v2\/types\/product"}],"replies":[{"embeddable":true,"href":"https:\/\/fmp-components.com\/fr\/wp-json\/wp\/v2\/comments?post=6501"}],"wp:featuredmedia":[{"embeddable":true,"href":"https:\/\/fmp-components.com\/fr\/wp-json\/wp\/v2\/media\/6676"}],"wp:attachment":[{"href":"https:\/\/fmp-components.com\/fr\/wp-json\/wp\/v2\/media?parent=6501"}],"wp:term":[{"taxonomy":"product_brand","embeddable":true,"href":"https:\/\/fmp-components.com\/fr\/wp-json\/wp\/v2\/product_brand?post=6501"},{"taxonomy":"product_cat","embeddable":true,"href":"https:\/\/fmp-components.com\/fr\/wp-json\/wp\/v2\/product_cat?post=6501"},{"taxonomy":"product_tag","embeddable":true,"href":"https:\/\/fmp-components.com\/fr\/wp-json\/wp\/v2\/product_tag?post=6501"}],"curies":[{"name":"wp","href":"https:\/\/api.w.org\/{rel}","templated":true}]}}