{"id":6500,"date":"2025-03-11T06:25:30","date_gmt":"2025-03-11T06:25:30","guid":{"rendered":"https:\/\/fmp-components.com\/product\/new-arrival-dump-truck-double-acting-telescopic-hydraulic-cylinder"},"modified":"2025-03-11T08:39:06","modified_gmt":"2025-03-11T08:39:06","slug":"new-arrival-dump-truck-double-acting-telescopic-hydraulic-cylinder","status":"publish","type":"product","link":"https:\/\/fmp-components.com\/fr\/product\/new-arrival-dump-truck-double-acting-telescopic-hydraulic-cylinder\/","title":{"rendered":"V\u00e9rin hydraulique t\u00e9lescopique \u00e0 double effet pour camion \u00e0 benne basculante"},"content":{"rendered":"<h2>V\u00e9rin hydraulique t\u00e9lescopique \u00e0 double effet pour camion \u00e0 benne basculante<\/h2>\n<p>D\u00e9couvrez le dernier n\u00e9 de notre gamme\u00a0: un nouveau v\u00e9rin hydraulique t\u00e9lescopique double effet pour camions-bennes. Il est id\u00e9al pour de nombreuses applications, notamment les ateliers de r\u00e9paration de machines, les exploitations agricoles, les industries \u00e9nerg\u00e9tiques et mini\u00e8res, ainsi que les usines de fabrication de machines.<\/p>\n<h2>Caract\u00e9ristiques et avantages du produit<\/h2>\n<p>Ce v\u00e9rin hydraulique est dot\u00e9 d'une multitude de fonctionnalit\u00e9s impressionnantes qui en font le choix parfait pour diverses applications industrielles\u00a0:<\/p>\n<ul>\n<li>Structure standard du cylindre \u00e0 piston<\/li>\n<li>Mat\u00e9riau du corps en acier pour une durabilit\u00e9 accrue<\/li>\n<li>Pouss\u00e9e maximale de 3000<\/li>\n<li>Type de v\u00e9rin hydraulique \u00e0 plusieurs \u00e9tages<\/li>\n<li>Traction maximale de 20 tonnes<\/li>\n<li>Certification ISO9001:2000<\/li>\n<li>Disponible en couleur noire<\/li>\n<\/ul>\n<h2>Sp\u00e9cifications techniques<\/h2>\n<table style=\"width: 98.4483%;\" border=\"\">\n<tbody>\n<tr>\n<td style=\"width: 42.9379%;\"><i>Taille de l&#039;al\u00e9sage<\/i><\/td>\n<td style=\"width: 466.102%;\">2 \u00e0 6 pouces<\/td>\n<\/tr>\n<tr>\n<td style=\"width: 42.9379%;\"><i>Taille de la tige<\/i><\/td>\n<td style=\"width: 466.102%;\">1,125-4 pouces<\/td>\n<\/tr>\n<tr>\n<td style=\"width: 42.9379%;\"><i>Taille de la course<\/i><\/td>\n<td style=\"width: 466.102%;\">4 \u00e0 100 pouces<\/td>\n<\/tr>\n<tr>\n<td style=\"width: 42.9379%;\"><i>Taille de la broche<\/i><\/td>\n<td style=\"width: 466.102%;\">0,5 \u00e0 2 pouces<\/td>\n<\/tr>\n<tr>\n<td style=\"width: 42.9379%;\"><i>Ports<\/i><\/td>\n<td style=\"width: 466.102%;\">G\/SAE\/NPT\/M<\/td>\n<\/tr>\n<\/tbody>\n<\/table>\n<h2>Avantages et b\u00e9n\u00e9fices uniques<\/h2>\n<p>Ce v\u00e9rin hydraulique se distingue par son efficacit\u00e9 \u00e9nerg\u00e9tique exceptionnelle, ses hautes performances et ses robustes dispositifs de s\u00e9curit\u00e9. Sa conception \u00e9co\u00e9nerg\u00e9tique minimise la consommation d'\u00e9nergie tout en maximisant le rendement, ce qui se traduit par une r\u00e9duction des co\u00fbts d'exploitation et une empreinte environnementale r\u00e9duite. Ce v\u00e9rin offre des performances fiables et constantes, garantissant le bon fonctionnement et l'efficacit\u00e9 des machines, m\u00eame dans des conditions difficiles. Cette fiabilit\u00e9 en fait un outil pr\u00e9cieux pour divers secteurs, de la fabrication et de la construction \u00e0 l'agriculture et au transport. En offrant une solution fiable pour le levage, la pouss\u00e9e et la traction, il am\u00e9liore la productivit\u00e9 et l'efficacit\u00e9 op\u00e9rationnelle, contribuant ainsi \u00e0 la r\u00e9ussite de tout projet ou t\u00e2che.<\/p>\n<p><img loading=\"lazy\" decoding=\"async\" class=\"alignnone  wp-image-6665\" src=\"https:\/\/fmp-components.com\/wp-content\/uploads\/2025\/03\/telescopic-hydraulic-cylinder-9.webp\" alt=\"v\u00e9rin hydraulique t\u00e9lescopique\" width=\"917\" height=\"917\" title=\"\" srcset=\"https:\/\/fmp-components.com\/wp-content\/uploads\/2025\/03\/telescopic-hydraulic-cylinder-9.webp 917w, https:\/\/fmp-components.com\/wp-content\/uploads\/2025\/03\/telescopic-hydraulic-cylinder-9-480x480.webp 480w\" sizes=\"(min-width: 0px) and (max-width: 480px) 480px, (min-width: 481px) 917px, 100vw\" \/><\/p>\n<h2>Syst\u00e8mes hydrauliques et principes de fonctionnement<\/h2>\n<p>Le v\u00e9rin hydraulique convertit l'\u00e9nergie hydraulique en mouvement m\u00e9canique, transformant ainsi efficacement la pression en force. Cette conversion est obtenue gr\u00e2ce \u00e0 une interaction parfaitement coordonn\u00e9e entre le v\u00e9rin et le groupe motopropulseur. Lorsque le fluide hydraulique est pressuris\u00e9 par le groupe motopropulseur et dirig\u00e9 vers le v\u00e9rin, il g\u00e9n\u00e8re une force qui d\u00e9place le piston \u00e0 l'int\u00e9rieur. Ce mouvement cr\u00e9e un mouvement lin\u00e9aire, exploitable pour diverses t\u00e2ches, comme le levage de charges lourdes ou l'actionnement de composants de machines. La synergie entre le v\u00e9rin et le groupe motopropulseur est essentielle au bon fonctionnement des syst\u00e8mes hydrauliques, permettant un contr\u00f4le pr\u00e9cis et une adaptabilit\u00e9 \u00e0 diverses applications. Cette collaboration garantit l'ex\u00e9cution pr\u00e9cise et efficace des t\u00e2ches n\u00e9cessitant une force et un mouvement importants, rendant les syst\u00e8mes hydrauliques essentiels aux op\u00e9rations industrielles modernes.<\/p>\n<h2>FAQ<\/h2>\n<p><span>Q : \u00cates-vous une soci\u00e9t\u00e9 commerciale ou un fabricant ?<\/span><br \/>\n<span>R : Nous sommes un fabricant.<\/span><br \/>\n<span>Q : Quel est votre d\u00e9lai de livraison ?<\/span><br \/>\n<span>R : En g\u00e9n\u00e9ral, cela prend entre 25 et 35 jours.<\/span><br \/>\n<span>Q\u00a0: Fournissez-vous des \u00e9chantillons\u00a0? Sont-ils gratuits ou en suppl\u00e9ment\u00a0?<\/span><br \/>\n<span>R : Oui, nous proposons des \u00e9chantillons, mais ils ne sont pas gratuits.<\/span><\/p>\n<p><img loading=\"lazy\" decoding=\"async\" class=\"alignnone  wp-image-6717\" src=\"https:\/\/fmp-components.com\/wp-content\/uploads\/2025\/03\/hydraulic-cylinder-211.webp\" alt=\"V\u00e9rins hydrauliques\" width=\"934\" height=\"936\" title=\"\" srcset=\"https:\/\/fmp-components.com\/wp-content\/uploads\/2025\/03\/hydraulic-cylinder-211.webp 934w, https:\/\/fmp-components.com\/wp-content\/uploads\/2025\/03\/hydraulic-cylinder-211-480x481.webp 480w\" sizes=\"(min-width: 0px) and (max-width: 480px) 480px, (min-width: 481px) 934px, 100vw\" \/><\/p>\n<h3>\u00c0 propos de FMP<\/h3>\n<p class=\"break-words\">FMP est un fabricant italien de premier plan sp\u00e9cialis\u00e9 dans la conception, le d\u00e9veloppement et la production de v\u00e9rins hydrauliques de haute qualit\u00e9. Forts d&#039;un riche h\u00e9ritage ancr\u00e9 dans des d\u00e9cennies d&#039;expertise, nous sommes fiers d&#039;allier savoir-faire italien et technologie de pointe pour proposer des solutions hydrauliques exceptionnelles, adapt\u00e9es aux besoins vari\u00e9s de notre client\u00e8le internationale. Bas\u00e9e en Italie, p\u00f4le d&#039;excellence en ing\u00e9nierie, FMP est une r\u00e9f\u00e9rence dans le secteur hydraulique, engag\u00e9e \u00e0 fournir des produits fiables, durables et innovants qui dynamisent les entreprises du monde entier.<\/p>\n<p class=\"break-words\">Notre entreprise allie le meilleur des traditions de fabrication de pointe \u00e0 une approche avant-gardiste. Forte de nombreuses ann\u00e9es d&#039;exp\u00e9rience dans les syst\u00e8mes hydrauliques, FMP est devenue une entreprise moderne qui excelle en recherche, conception et production. Nous proposons une large gamme de v\u00e9rins hydrauliques, notamment des v\u00e9rins \u00e0 double effet, des v\u00e9rins de levage pour automobiles et pour machines agricoles, ainsi que des solutions sur mesure pour diverses applications industrielles. Qu&#039;il s&#039;agisse de construction, d&#039;installations industrielles, d&#039;agriculture ou de machines lourdes, nos v\u00e9rins hydrauliques sont con\u00e7us pour fonctionner dans les conditions les plus difficiles, garantissant s\u00e9curit\u00e9, efficacit\u00e9 et long\u00e9vit\u00e9.<\/p>\n<p><img loading=\"lazy\" decoding=\"async\" class=\"alignnone size-full wp-image-6720\" src=\"https:\/\/fmp-components.com\/wp-content\/uploads\/2025\/03\/hydraulic-cylinder-8.webp\" alt=\"V\u00e9rins hydrauliques t\u00e9lescopiques\" width=\"933\" height=\"526\" title=\"\" srcset=\"https:\/\/fmp-components.com\/wp-content\/uploads\/2025\/03\/hydraulic-cylinder-8.webp 933w, https:\/\/fmp-components.com\/wp-content\/uploads\/2025\/03\/hydraulic-cylinder-8-480x271.webp 480w\" sizes=\"(min-width: 0px) and (max-width: 480px) 480px, (min-width: 481px) 933px, 100vw\" \/><\/p>\n<p class=\"break-words\">Chez FMP, nous sommes fiers de nos installations de production ultramodernes, \u00e9quip\u00e9es de machines de pr\u00e9cision et de syst\u00e8mes de test avanc\u00e9s. Nos processus de fabrication respectent des normes nationales et internationales rigoureuses, garantissant ainsi la qualit\u00e9 et la fiabilit\u00e9 de chaque v\u00e9rin hydraulique quittant notre usine. Notre \u00e9quipe technique qualifi\u00e9e, associ\u00e9e \u00e0 des \u00e9quipements de pointe, nous permet d&#039;assurer un contr\u00f4le qualit\u00e9 rigoureux \u00e0 chaque \u00e9tape de la production, de la s\u00e9lection des mati\u00e8res premi\u00e8res au contr\u00f4le final. Cette volont\u00e9 d&#039;excellence nous a valu des certifications et la reconnaissance des autorit\u00e9s du secteur, consolidant ainsi notre r\u00e9putation de partenaire fiable.<\/p>\n<p class=\"break-words\">Notre mission est simple et ambitieuse\u00a0: fournir \u00e0 nos clients des v\u00e9rins hydrauliques d\u00e9passant leurs attentes en termes de performances, de durabilit\u00e9 et de rapport qualit\u00e9-prix. Nous agissons selon les principes directeurs de professionnalisme, d&#039;int\u00e9grit\u00e9 et d&#039;orientation client. En favorisant une culture d&#039;innovation et de pr\u00e9cision, nous perfectionnons continuellement nos produits pour conserver une longueur d&#039;avance sur un march\u00e9 concurrentiel. Notre gamme compl\u00e8te de produits et notre capacit\u00e9 \u00e0 proposer des solutions sur mesure font de nous le choix incontournable des entreprises \u00e0 la recherche de v\u00e9rins hydrauliques hautes performances.<\/p>\n<p class=\"break-words\">FMP est plus qu&#039;un simple fabricant\u00a0: nous sommes le partenaire de votre r\u00e9ussite. Nous comprenons que nos clients comptent sur nous pour leur fournir des outils qui am\u00e9liorent leur productivit\u00e9 et leur s\u00e9curit\u00e9. C&#039;est pourquoi nous nous engageons \u00e0 offrir non seulement des produits haut de gamme, mais aussi un service exceptionnel. De la consultation initiale au service apr\u00e8s-vente, nous travaillons en \u00e9troite collaboration avec nos clients pour r\u00e9pondre \u00e0 leurs besoins avec professionnalisme et attention. Nos prix comp\u00e9titifs, associ\u00e9s \u00e0 notre engagement ind\u00e9fectible envers la qualit\u00e9, font de FMP le choix id\u00e9al pour les entreprises souhaitant investir dans des solutions hydrauliques fiables.<\/p>","protected":false},"excerpt":{"rendered":"<p>New Arrival Dump Truck Double Acting Telescopic Hydraulic Cylinder Introducing the latest addition to our product line, a new arrival dump truck double acting telescopic hydraulic cylinder. It&#8217;s ideal for a variety of applications, including machinery repair shops, farms, energy and mining industries, and machinery manufacturing factories. Product Features and Advantages This hydraulic cylinder comes [&hellip;]<\/p>","protected":false},"featured_media":6677,"comment_status":"closed","ping_status":"closed","template":"","meta":{"_et_pb_use_builder":"","_et_pb_old_content":"","_et_gb_content_width":""},"product_brand":[],"product_cat":[103],"product_tag":[34,105],"class_list":{"0":"post-6500","1":"product","2":"type-product","3":"status-publish","4":"has-post-thumbnail","6":"product_cat-telescopic-hydraulic-cylinders","7":"product_tag-hydraulic-cylinder","8":"product_tag-telescopic-hydraulic-cylinders","10":"first","11":"instock","12":"product-type-simple"},"_links":{"self":[{"href":"https:\/\/fmp-components.com\/fr\/wp-json\/wp\/v2\/product\/6500","targetHints":{"allow":["GET"]}}],"collection":[{"href":"https:\/\/fmp-components.com\/fr\/wp-json\/wp\/v2\/product"}],"about":[{"href":"https:\/\/fmp-components.com\/fr\/wp-json\/wp\/v2\/types\/product"}],"replies":[{"embeddable":true,"href":"https:\/\/fmp-components.com\/fr\/wp-json\/wp\/v2\/comments?post=6500"}],"wp:featuredmedia":[{"embeddable":true,"href":"https:\/\/fmp-components.com\/fr\/wp-json\/wp\/v2\/media\/6677"}],"wp:attachment":[{"href":"https:\/\/fmp-components.com\/fr\/wp-json\/wp\/v2\/media?parent=6500"}],"wp:term":[{"taxonomy":"product_brand","embeddable":true,"href":"https:\/\/fmp-components.com\/fr\/wp-json\/wp\/v2\/product_brand?post=6500"},{"taxonomy":"product_cat","embeddable":true,"href":"https:\/\/fmp-components.com\/fr\/wp-json\/wp\/v2\/product_cat?post=6500"},{"taxonomy":"product_tag","embeddable":true,"href":"https:\/\/fmp-components.com\/fr\/wp-json\/wp\/v2\/product_tag?post=6500"}],"curies":[{"name":"wp","href":"https:\/\/api.w.org\/{rel}","templated":true}]}}