{"id":6496,"date":"2025-03-11T06:25:30","date_gmt":"2025-03-11T06:25:30","guid":{"rendered":"https:\/\/fmp-components.com\/product\/effective-5-stage-telescopic-small-dump-truck-hydraulic-cylinder"},"modified":"2025-03-14T03:13:00","modified_gmt":"2025-03-14T03:13:00","slug":"effective-5-stage-telescopic-small-dump-truck-hydraulic-cylinder","status":"publish","type":"product","link":"https:\/\/fmp-components.com\/fr\/product\/effective-5-stage-telescopic-small-dump-truck-hydraulic-cylinder\/","title":{"rendered":"V\u00e9rin hydraulique t\u00e9lescopique efficace \u00e0 5 \u00e9tages pour petit camion \u00e0 benne basculante"},"content":{"rendered":"<h2>V\u00e9rin hydraulique t\u00e9lescopique efficace \u00e0 5 \u00e9tages pour petit camion \u00e0 benne basculante<\/h2>\n<p>D\u00e9couvrez l'efficacit\u00e9 du v\u00e9rin hydraulique t\u00e9lescopique \u00e0 5 \u00e9tages FMP pour petits tombereaux, un ensemble compact con\u00e7u pour offrir des performances et une fiabilit\u00e9 sup\u00e9rieures. Polyvalent, ce v\u00e9rin est id\u00e9al pour les ateliers de r\u00e9paration de machines, les exploitations agricoles, les secteurs de l'\u00e9nergie et des mines, la fabrication de machines et les usines de fabrication.<\/p>\n<h2>Sp\u00e9cifications des produits<\/h2>\n<p>Notre v\u00e9rin hydraulique pr\u00e9sente de nombreuses caract\u00e9ristiques qui le distinguent. Il s'agit d'un v\u00e9rin \u00e0 piston plongeur standard, dot\u00e9 d'une puissance hydraulique et d'un corps en acier. Il offre une pouss\u00e9e maximale de 3\u00a0000 kg et une capacit\u00e9 de traction maximale de 20 tonnes. Il s'agit d'un v\u00e9rin hydraulique multi-\u00e9tages avec orifices G\/SAE\/NPT\/M. Son al\u00e9sage varie de 2 \u00e0 6 pouces, sa tige de 1,125 \u00e0 4 pouces et sa course de 4 \u00e0 100 pouces. D'un noir \u00e9l\u00e9gant, il p\u00e8se 23 kg et poss\u00e8de une taille d'axe de 0,5 \u00e0 2 pouces. Certifi\u00e9 ISO9001:2000, ce v\u00e9rin hydraulique garantit sa qualit\u00e9 et ses performances.<\/p>\n<table style=\"width: 100.115%;\" border=\"\">\n<tbody>\n<tr>\n<th style=\"width: 42.8571%;\">Taille de l&#039;al\u00e9sage<\/th>\n<th style=\"width: 419.429%;\">2 \u00e0 6 pouces<\/th>\n<\/tr>\n<tr>\n<th style=\"width: 42.8571%;\">Taille de la tige<\/th>\n<th style=\"width: 419.429%;\">1,125-4 pouces<\/th>\n<\/tr>\n<tr>\n<th style=\"width: 42.8571%;\">Taille de la course<\/th>\n<th style=\"width: 419.429%;\">4 \u00e0 100 pouces<\/th>\n<\/tr>\n<tr>\n<th style=\"width: 42.8571%;\">Taille de la broche<\/th>\n<th style=\"width: 419.429%;\">0,5 \u00e0 2 pouces<\/th>\n<\/tr>\n<tr>\n<th style=\"width: 42.8571%;\">Ports<\/th>\n<th style=\"width: 419.429%;\">G\/SAE\/NPT\/M<\/th>\n<\/tr>\n<\/tbody>\n<\/table>\n<h2>Caract\u00e9ristiques et avantages distincts<\/h2>\n<ul>\n<li>Efficacit\u00e9 \u00e9nerg\u00e9tique : notre v\u00e9rin hydraulique est con\u00e7u pour fonctionner avec une efficacit\u00e9 optimale, garantissant un gaspillage d'\u00e9nergie minimal.<\/li>\n<li>Haute performance : Avec une pouss\u00e9e maximale de 3000 et une traction maximale de 20 tonnes, ce v\u00e9rin hydraulique garantit des performances sup\u00e9rieures.<\/li>\n<li>S\u00e9curit\u00e9 : Notre cylindre est con\u00e7u dans un souci de s\u00e9curit\u00e9, garantissant un fonctionnement fluide dans toutes les conditions.<\/li>\n<\/ul>\n<h2>Syst\u00e8mes hydrauliques et principe de fonctionnement<\/h2>\n<p>Le v\u00e9rin hydraulique est un \u00e9l\u00e9ment cl\u00e9 du syst\u00e8me hydraulique. Il convertit la pression du fluide en force m\u00e9canique. Cette force m\u00e9canique est ensuite utilis\u00e9e pour d\u00e9placer ou faire fonctionner les machines, ce qui en fait un outil essentiel dans de nombreux secteurs.<\/p>\n<p><img loading=\"lazy\" decoding=\"async\" class=\"alignnone  wp-image-6754\" src=\"https:\/\/fmp-components.com\/wp-content\/uploads\/2025\/03\/Telescopic-Hydraulic-Cylinders-111.webp\" alt=\"V\u00e9rins hydrauliques t\u00e9lescopiques\" width=\"814\" height=\"814\" title=\"\" srcset=\"https:\/\/fmp-components.com\/wp-content\/uploads\/2025\/03\/Telescopic-Hydraulic-Cylinders-111.webp 814w, https:\/\/fmp-components.com\/wp-content\/uploads\/2025\/03\/Telescopic-Hydraulic-Cylinders-111-480x480.webp 480w\" sizes=\"(min-width: 0px) and (max-width: 480px) 480px, (min-width: 481px) 814px, 100vw\" \/><\/p>\n<h2>Applications de notre v\u00e9rin hydraulique<\/h2>\n<p>Notre v\u00e9rin hydraulique est largement utilis\u00e9 dans les ateliers de r\u00e9paration de machines, les exploitations agricoles, les secteurs de l'\u00e9nergie et des mines, la fabrication de machines et les usines de machines. Sa compacit\u00e9 et ses performances sup\u00e9rieures en font un choix id\u00e9al pour un large \u00e9ventail d'applications.<\/p>\n<h2>V\u00e9rins hydrauliques et groupes motopropulseurs<\/h2>\n<p>Les v\u00e9rins hydrauliques et les groupes motopropulseurs sont des composants indissociables du syst\u00e8me hydraulique. Leur collaboration garantit une large application de la technologie hydraulique dans le secteur industriel, fournissant une puissance et un contr\u00f4le fiables \u00e0 divers \u00e9quipements techniques et m\u00e9caniques. Le v\u00e9rin hydraulique fait office d'actionneur et convertit l'\u00e9nergie hydraulique en mouvement m\u00e9canique, transformant ainsi la pression en force. Le groupe motopropulseur, quant \u00e0 lui, est le c\u0153ur du syst\u00e8me hydraulique, fournissant l'\u00e9nergie et les signaux de commande n\u00e9cessaires \u00e0 son fonctionnement. Leur coordination assure son bon fonctionnement. FMP propose \u00e9galement des groupes motopropulseurs \u00e0 la vente.<\/p>\n<h2>FAQ<\/h2>\n<p><q><b>Q : Quelle est la p\u00e9riode de garantie du v\u00e9rin hydraulique ?<\/b><br \/>\nR : Le v\u00e9rin hydraulique est livr\u00e9 avec une garantie d'un an.<\/q><br \/>\n<q><b>Q : Quel est le d\u00e9lai de livraison ?<\/b><br \/>\nR : Le d\u00e9lai de livraison g\u00e9n\u00e9ral est de 25 \u00e0 35 jours.<\/q><br \/>\n<q><b>Q\u00a0:\u00a0Puis-je obtenir un \u00e9chantillon du v\u00e9rin hydraulique pour le tester\u00a0?<\/b><br \/>\nR : Oui, nous proposons des \u00e9chantillons mais ils ne sont pas gratuits.<\/q><\/p>\n<h3>\u00c0 propos de FMP<\/h3>\n<p class=\"break-words\">FMP est un fabricant italien de premier plan sp\u00e9cialis\u00e9 dans la conception, le d\u00e9veloppement et la production de v\u00e9rins hydrauliques de haute qualit\u00e9. Forts d&#039;un riche h\u00e9ritage ancr\u00e9 dans des d\u00e9cennies d&#039;expertise, nous sommes fiers d&#039;allier savoir-faire italien et technologie de pointe pour proposer des solutions hydrauliques exceptionnelles, adapt\u00e9es aux besoins vari\u00e9s de notre client\u00e8le internationale. Bas\u00e9e en Italie, p\u00f4le d&#039;excellence en ing\u00e9nierie, FMP est une r\u00e9f\u00e9rence dans le secteur hydraulique, engag\u00e9e \u00e0 fournir des produits fiables, durables et innovants qui dynamisent les entreprises du monde entier.<\/p>\n<p class=\"break-words\">Notre entreprise allie le meilleur des traditions de fabrication de pointe \u00e0 une approche avant-gardiste. Forte de nombreuses ann\u00e9es d&#039;exp\u00e9rience dans les syst\u00e8mes hydrauliques, FMP est devenue une entreprise moderne qui excelle en recherche, conception et production. Nous proposons une large gamme de v\u00e9rins hydrauliques, notamment des v\u00e9rins \u00e0 double effet, des v\u00e9rins de levage pour automobiles et pour machines agricoles, ainsi que des solutions sur mesure pour diverses applications industrielles. Qu&#039;il s&#039;agisse de construction, d&#039;installations industrielles, d&#039;agriculture ou de machines lourdes, nos v\u00e9rins hydrauliques sont con\u00e7us pour fonctionner dans les conditions les plus difficiles, garantissant s\u00e9curit\u00e9, efficacit\u00e9 et long\u00e9vit\u00e9.<\/p>\n<p><img loading=\"lazy\" decoding=\"async\" class=\"alignnone size-full wp-image-6720\" src=\"https:\/\/fmp-components.com\/wp-content\/uploads\/2025\/03\/hydraulic-cylinder-8.webp\" alt=\"V\u00e9rins hydrauliques t\u00e9lescopiques\" width=\"933\" height=\"526\" title=\"\" srcset=\"https:\/\/fmp-components.com\/wp-content\/uploads\/2025\/03\/hydraulic-cylinder-8.webp 933w, https:\/\/fmp-components.com\/wp-content\/uploads\/2025\/03\/hydraulic-cylinder-8-480x271.webp 480w\" sizes=\"(min-width: 0px) and (max-width: 480px) 480px, (min-width: 481px) 933px, 100vw\" \/><\/p>\n<p class=\"break-words\">Chez FMP, nous sommes fiers de nos installations de production ultramodernes, \u00e9quip\u00e9es de machines de pr\u00e9cision et de syst\u00e8mes de test avanc\u00e9s. Nos processus de fabrication respectent des normes nationales et internationales rigoureuses, garantissant ainsi la qualit\u00e9 et la fiabilit\u00e9 de chaque v\u00e9rin hydraulique quittant notre usine. Notre \u00e9quipe technique qualifi\u00e9e, associ\u00e9e \u00e0 des \u00e9quipements de pointe, nous permet d&#039;assurer un contr\u00f4le qualit\u00e9 rigoureux \u00e0 chaque \u00e9tape de la production, de la s\u00e9lection des mati\u00e8res premi\u00e8res au contr\u00f4le final. Cette volont\u00e9 d&#039;excellence nous a valu des certifications et la reconnaissance des autorit\u00e9s du secteur, consolidant ainsi notre r\u00e9putation de partenaire fiable.<\/p>\n<p class=\"break-words\">Notre mission est simple et ambitieuse\u00a0: fournir \u00e0 nos clients des v\u00e9rins hydrauliques d\u00e9passant leurs attentes en termes de performances, de durabilit\u00e9 et de rapport qualit\u00e9-prix. Nous agissons selon les principes directeurs de professionnalisme, d&#039;int\u00e9grit\u00e9 et d&#039;orientation client. En favorisant une culture d&#039;innovation et de pr\u00e9cision, nous perfectionnons continuellement nos produits pour conserver une longueur d&#039;avance sur un march\u00e9 concurrentiel. Notre gamme compl\u00e8te de produits et notre capacit\u00e9 \u00e0 proposer des solutions sur mesure font de nous le choix incontournable des entreprises \u00e0 la recherche de v\u00e9rins hydrauliques hautes performances.<\/p>\n<p class=\"break-words\">FMP est plus qu&#039;un simple fabricant\u00a0: nous sommes le partenaire de votre r\u00e9ussite. Nous comprenons que nos clients comptent sur nous pour leur fournir des outils qui am\u00e9liorent leur productivit\u00e9 et leur s\u00e9curit\u00e9. C&#039;est pourquoi nous nous engageons \u00e0 offrir non seulement des produits haut de gamme, mais aussi un service exceptionnel. De la consultation initiale au service apr\u00e8s-vente, nous travaillons en \u00e9troite collaboration avec nos clients pour r\u00e9pondre \u00e0 leurs besoins avec professionnalisme et attention. Nos prix comp\u00e9titifs, associ\u00e9s \u00e0 notre engagement ind\u00e9fectible envers la qualit\u00e9, font de FMP le choix id\u00e9al pour les entreprises souhaitant investir dans des solutions hydrauliques fiables.<\/p>","protected":false},"excerpt":{"rendered":"<p>Effective 5 Stage Telescopic Small Dump Truck Hydraulic Cylinder Experience the efficiency of FMP&#8217;s Effective 5 Stage Telescopic Small Dump Truck Hydraulic Cylinder, a compact power-pack designed to deliver superior performance and reliability. This versatile hydraulic cylinder is perfect for machinery repair shops, farms, energy &amp; mining, machinery manufacturing, and machinery factories. Products Specifications Our [&hellip;]<\/p>","protected":false},"featured_media":6795,"comment_status":"closed","ping_status":"closed","template":"","meta":{"_et_pb_use_builder":"","_et_pb_old_content":"","_et_gb_content_width":""},"product_brand":[],"product_cat":[103],"product_tag":[34,105],"class_list":{"0":"post-6496","1":"product","2":"type-product","3":"status-publish","4":"has-post-thumbnail","6":"product_cat-telescopic-hydraulic-cylinders","7":"product_tag-hydraulic-cylinder","8":"product_tag-telescopic-hydraulic-cylinders","10":"first","11":"instock","12":"product-type-simple"},"_links":{"self":[{"href":"https:\/\/fmp-components.com\/fr\/wp-json\/wp\/v2\/product\/6496","targetHints":{"allow":["GET"]}}],"collection":[{"href":"https:\/\/fmp-components.com\/fr\/wp-json\/wp\/v2\/product"}],"about":[{"href":"https:\/\/fmp-components.com\/fr\/wp-json\/wp\/v2\/types\/product"}],"replies":[{"embeddable":true,"href":"https:\/\/fmp-components.com\/fr\/wp-json\/wp\/v2\/comments?post=6496"}],"wp:featuredmedia":[{"embeddable":true,"href":"https:\/\/fmp-components.com\/fr\/wp-json\/wp\/v2\/media\/6795"}],"wp:attachment":[{"href":"https:\/\/fmp-components.com\/fr\/wp-json\/wp\/v2\/media?parent=6496"}],"wp:term":[{"taxonomy":"product_brand","embeddable":true,"href":"https:\/\/fmp-components.com\/fr\/wp-json\/wp\/v2\/product_brand?post=6496"},{"taxonomy":"product_cat","embeddable":true,"href":"https:\/\/fmp-components.com\/fr\/wp-json\/wp\/v2\/product_cat?post=6496"},{"taxonomy":"product_tag","embeddable":true,"href":"https:\/\/fmp-components.com\/fr\/wp-json\/wp\/v2\/product_tag?post=6496"}],"curies":[{"name":"wp","href":"https:\/\/api.w.org\/{rel}","templated":true}]}}