{"id":6490,"date":"2025-03-11T06:25:30","date_gmt":"2025-03-11T06:25:30","guid":{"rendered":"https:\/\/fmp-components.com\/product\/strong-stable-5-stage-telescopic-dump-truck-hydraulic-cylinder-multistage-hydraulic-cylinder"},"modified":"2025-03-14T03:18:42","modified_gmt":"2025-03-14T03:18:42","slug":"strong-stable-5-stage-telescopic-dump-truck-hydraulic-cylinder-multistage-hydraulic-cylinder","status":"publish","type":"product","link":"https:\/\/fmp-components.com\/fr\/product\/strong-stable-5-stage-telescopic-dump-truck-hydraulic-cylinder-multistage-hydraulic-cylinder\/","title":{"rendered":"V\u00e9rin hydraulique multi-\u00e9tages robuste et stable pour camion \u00e0 benne basculante t\u00e9lescopique \u00e0 5 \u00e9tages"},"content":{"rendered":"<h2>V\u00e9rin hydraulique t\u00e9lescopique 20 tonnes pour camion \u00e0 benne basculante<\/h2>\n<p>Notre v\u00e9rin hydraulique t\u00e9lescopique haut de gamme est un composant puissant et haute capacit\u00e9, id\u00e9al pour les applications lourdes telles que les camions-bennes. Avec une traction maximale de 20 tonnes et une pouss\u00e9e maximale impressionnante de 3\u00a0000 tonnes, il offre des performances sup\u00e9rieures et une fiabilit\u00e9 exceptionnelle.<\/p>\n<h2>Caract\u00e9ristiques et fonctionnalit\u00e9s<\/h2>\n<p>Ce v\u00e9rin hydraulique est dot\u00e9 d'une structure \u00e0 piston standard aliment\u00e9e par \u00e9nergie hydraulique. Le corps est en acier robuste, garantissant durabilit\u00e9 et long\u00e9vit\u00e9. L'al\u00e9sage varie de 5 \u00e0 15 cm, la tige de 28 \u00e0 10 cm et la course de 10 \u00e0 254 cm. La taille de l'axe varie de 12,7 \u00e0 5 cm, et il est \u00e9quip\u00e9 d'orifices G\/SAE\/NPT\/M.<\/p>\n<h3>Sp\u00e9cifications du produit<\/h3>\n<table style=\"width: 96.1413%;\" border=\"\">\n<tbody>\n<tr>\n<th style=\"width: 34.1463%;\">Nom du produit<\/th>\n<td style=\"width: 234.495%;\">V\u00e9rin hydraulique t\u00e9lescopique<\/td>\n<\/tr>\n<tr>\n<th style=\"width: 34.1463%;\">Certification<\/th>\n<td style=\"width: 234.495%;\">ISO9001:2000<\/td>\n<\/tr>\n<tr>\n<th style=\"width: 34.1463%;\">Taille de l&#039;al\u00e9sage<\/th>\n<td style=\"width: 234.495%;\">2 \u00e0 6 pouces<\/td>\n<\/tr>\n<tr>\n<th style=\"width: 34.1463%;\">Taille de la tige<\/th>\n<td style=\"width: 234.495%;\">1,125-4 pouces<\/td>\n<\/tr>\n<tr>\n<th style=\"width: 34.1463%;\">Taille de la course<\/th>\n<td style=\"width: 234.495%;\">4 \u00e0 100 pouces<\/td>\n<\/tr>\n<tr>\n<th style=\"width: 34.1463%;\">Taille de la broche<\/th>\n<td style=\"width: 234.495%;\">0,5 \u00e0 2 pouces<\/td>\n<\/tr>\n<tr>\n<th style=\"width: 34.1463%;\">Ports<\/th>\n<td style=\"width: 234.495%;\">G\/SAE\/NPT\/M<\/td>\n<\/tr>\n<\/tbody>\n<\/table>\n<h2>Avantages uniques<\/h2>\n<ul>\n<li>Efficacit\u00e9 \u00e9nerg\u00e9tique : optimise l'utilisation de la puissance hydraulique pour une efficacit\u00e9 maximale<\/li>\n<li>Hautement efficace : offre des performances \u00e9lev\u00e9es avec une consommation d'\u00e9nergie r\u00e9duite<\/li>\n<li>S\u00e9curit\u00e9 : assure un fonctionnement s\u00fbr m\u00eame dans des applications intensives<\/li>\n<\/ul>\n<h3>Syst\u00e8me hydraulique et principe de fonctionnement<\/h3>\n<p>Le syst\u00e8me hydraulique de ce v\u00e9rin fonctionne selon le principe de la pression d'un fluide. Le fluide hydraulique est pressuris\u00e9 et transmis \u00e0 travers le syst\u00e8me pour g\u00e9n\u00e9rer une force ou un mouvement. Cette force est ensuite utilis\u00e9e pour actionner le v\u00e9rin hydraulique, convertissant l'\u00e9nergie hydraulique en \u00e9nergie m\u00e9canique.<\/p>\n<p><img loading=\"lazy\" decoding=\"async\" class=\"alignnone  wp-image-6754\" src=\"https:\/\/fmp-components.com\/wp-content\/uploads\/2025\/03\/Telescopic-Hydraulic-Cylinders-111.webp\" alt=\"V\u00e9rins hydrauliques t\u00e9lescopiques\" width=\"794\" height=\"794\" title=\"\" srcset=\"https:\/\/fmp-components.com\/wp-content\/uploads\/2025\/03\/Telescopic-Hydraulic-Cylinders-111.webp 794w, https:\/\/fmp-components.com\/wp-content\/uploads\/2025\/03\/Telescopic-Hydraulic-Cylinders-111-480x480.webp 480w\" sizes=\"(min-width: 0px) and (max-width: 480px) 480px, (min-width: 481px) 794px, 100vw\" \/><\/p>\n<h2>Sc\u00e9nario d'application<\/h2>\n<p>Ce v\u00e9rin hydraulique est principalement utilis\u00e9 dans les camions \u00e0 benne basculante, mais il est \u00e9galement applicable dans diverses industries telles que les ateliers de r\u00e9paration de machines, les fermes, l'\u00e9nergie et les mines, la fabrication de machines et les usines de machines.<\/p>\n<h2>V\u00e9rins hydrauliques et groupes motopropulseurs<\/h2>\n<p>La synergie entre les v\u00e9rins hydrauliques et les groupes motopropulseurs est essentielle au bon fonctionnement des syst\u00e8mes hydrauliques. Les v\u00e9rins hydrauliques, en tant qu'actionneurs, convertissent l'\u00e9nergie hydraulique en mouvement m\u00e9canique. Les groupes motopropulseurs, quant \u00e0 eux, fournissent l'\u00e9nergie et les signaux de commande n\u00e9cessaires. Ensemble, ils assurent le bon fonctionnement des syst\u00e8mes hydrauliques.<\/p>\n<h2>Questions fr\u00e9quemment pos\u00e9es<\/h2>\n<p><span>Q : \u00cates-vous une soci\u00e9t\u00e9 commerciale ou un fabricant ?<\/span><br \/>\n<span>R : Nous sommes un fabricant.<\/span><br \/>\n<span>Q : Quel est votre d\u00e9lai de livraison ?<\/span><br \/>\n<span>R : G\u00e9n\u00e9ralement, notre d\u00e9lai de livraison est de 25 \u00e0 35 jours.<\/span><br \/>\n<span>Q\u00a0: Fournissez-vous des \u00e9chantillons\u00a0? Sont-ils gratuits ou en suppl\u00e9ment\u00a0?<\/span><br \/>\n<span>R : Oui, nous fournissons des \u00e9chantillons, mais ils ne sont pas gratuits.<\/span><\/p>\n<h3>\u00c0 propos de FMP<\/h3>\n<p class=\"break-words\">FMP est un fabricant italien de premier plan sp\u00e9cialis\u00e9 dans la conception, le d\u00e9veloppement et la production de v\u00e9rins hydrauliques de haute qualit\u00e9. Forts d&#039;un riche h\u00e9ritage ancr\u00e9 dans des d\u00e9cennies d&#039;expertise, nous sommes fiers d&#039;allier savoir-faire italien et technologie de pointe pour proposer des solutions hydrauliques exceptionnelles, adapt\u00e9es aux besoins vari\u00e9s de notre client\u00e8le internationale. Bas\u00e9e en Italie, p\u00f4le d&#039;excellence en ing\u00e9nierie, FMP est une r\u00e9f\u00e9rence dans le secteur hydraulique, engag\u00e9e \u00e0 fournir des produits fiables, durables et innovants qui dynamisent les entreprises du monde entier.<\/p>\n<p class=\"break-words\">Notre entreprise allie le meilleur des traditions de fabrication de pointe \u00e0 une approche avant-gardiste. Forte de nombreuses ann\u00e9es d&#039;exp\u00e9rience dans les syst\u00e8mes hydrauliques, FMP est devenue une entreprise moderne qui excelle en recherche, conception et production. Nous proposons une large gamme de v\u00e9rins hydrauliques, notamment des v\u00e9rins \u00e0 double effet, des v\u00e9rins de levage pour automobiles et pour machines agricoles, ainsi que des solutions sur mesure pour diverses applications industrielles. Qu&#039;il s&#039;agisse de construction, d&#039;installations industrielles, d&#039;agriculture ou de machines lourdes, nos v\u00e9rins hydrauliques sont con\u00e7us pour fonctionner dans les conditions les plus difficiles, garantissant s\u00e9curit\u00e9, efficacit\u00e9 et long\u00e9vit\u00e9.<\/p>\n<p><img loading=\"lazy\" decoding=\"async\" class=\"alignnone size-full wp-image-6720\" src=\"https:\/\/fmp-components.com\/wp-content\/uploads\/2025\/03\/hydraulic-cylinder-8.webp\" alt=\"V\u00e9rins hydrauliques t\u00e9lescopiques\" width=\"933\" height=\"526\" title=\"\" srcset=\"https:\/\/fmp-components.com\/wp-content\/uploads\/2025\/03\/hydraulic-cylinder-8.webp 933w, https:\/\/fmp-components.com\/wp-content\/uploads\/2025\/03\/hydraulic-cylinder-8-480x271.webp 480w\" sizes=\"(min-width: 0px) and (max-width: 480px) 480px, (min-width: 481px) 933px, 100vw\" \/><\/p>\n<p class=\"break-words\">Chez FMP, nous sommes fiers de nos installations de production ultramodernes, \u00e9quip\u00e9es de machines de pr\u00e9cision et de syst\u00e8mes de test avanc\u00e9s. Nos processus de fabrication respectent des normes nationales et internationales rigoureuses, garantissant ainsi la qualit\u00e9 et la fiabilit\u00e9 de chaque v\u00e9rin hydraulique quittant notre usine. Notre \u00e9quipe technique qualifi\u00e9e, associ\u00e9e \u00e0 des \u00e9quipements de pointe, nous permet d&#039;assurer un contr\u00f4le qualit\u00e9 rigoureux \u00e0 chaque \u00e9tape de la production, de la s\u00e9lection des mati\u00e8res premi\u00e8res au contr\u00f4le final. Cette volont\u00e9 d&#039;excellence nous a valu des certifications et la reconnaissance des autorit\u00e9s du secteur, consolidant ainsi notre r\u00e9putation de partenaire fiable.<\/p>\n<p class=\"break-words\">Notre mission est simple et ambitieuse\u00a0: fournir \u00e0 nos clients des v\u00e9rins hydrauliques d\u00e9passant leurs attentes en termes de performances, de durabilit\u00e9 et de rapport qualit\u00e9-prix. Nous agissons selon les principes directeurs de professionnalisme, d&#039;int\u00e9grit\u00e9 et d&#039;orientation client. En favorisant une culture d&#039;innovation et de pr\u00e9cision, nous perfectionnons continuellement nos produits pour conserver une longueur d&#039;avance sur un march\u00e9 concurrentiel. Notre gamme compl\u00e8te de produits et notre capacit\u00e9 \u00e0 proposer des solutions sur mesure font de nous le choix incontournable des entreprises \u00e0 la recherche de v\u00e9rins hydrauliques hautes performances.<\/p>\n<p class=\"break-words\">FMP est plus qu&#039;un simple fabricant\u00a0: nous sommes le partenaire de votre r\u00e9ussite. Nous comprenons que nos clients comptent sur nous pour leur fournir des outils qui am\u00e9liorent leur productivit\u00e9 et leur s\u00e9curit\u00e9. C&#039;est pourquoi nous nous engageons \u00e0 offrir non seulement des produits haut de gamme, mais aussi un service exceptionnel. De la consultation initiale au service apr\u00e8s-vente, nous travaillons en \u00e9troite collaboration avec nos clients pour r\u00e9pondre \u00e0 leurs besoins avec professionnalisme et attention. Nos prix comp\u00e9titifs, associ\u00e9s \u00e0 notre engagement ind\u00e9fectible envers la qualit\u00e9, font de FMP le choix id\u00e9al pour les entreprises souhaitant investir dans des solutions hydrauliques fiables.<\/p>","protected":false},"excerpt":{"rendered":"<p>Telescopic Hydraulic Cylinder 20 Ton Hydraulic Cylinders For Dump Truck Our premium Telescopic hydraulic cylinder is a powerful, high-capacity hydraulic system component that is ideal for heavy-duty applications such as dump trucks. With a maximum pull of 20 tons and an impressive max thrust of 3000, it offers superior performance and exceptional reliability. Features and [&hellip;]<\/p>","protected":false},"featured_media":6788,"comment_status":"closed","ping_status":"closed","template":"","meta":{"_et_pb_use_builder":"","_et_pb_old_content":"","_et_gb_content_width":""},"product_brand":[],"product_cat":[103],"product_tag":[34,105],"class_list":{"0":"post-6490","1":"product","2":"type-product","3":"status-publish","4":"has-post-thumbnail","6":"product_cat-telescopic-hydraulic-cylinders","7":"product_tag-hydraulic-cylinder","8":"product_tag-telescopic-hydraulic-cylinders","10":"first","11":"instock","12":"product-type-simple"},"_links":{"self":[{"href":"https:\/\/fmp-components.com\/fr\/wp-json\/wp\/v2\/product\/6490","targetHints":{"allow":["GET"]}}],"collection":[{"href":"https:\/\/fmp-components.com\/fr\/wp-json\/wp\/v2\/product"}],"about":[{"href":"https:\/\/fmp-components.com\/fr\/wp-json\/wp\/v2\/types\/product"}],"replies":[{"embeddable":true,"href":"https:\/\/fmp-components.com\/fr\/wp-json\/wp\/v2\/comments?post=6490"}],"wp:featuredmedia":[{"embeddable":true,"href":"https:\/\/fmp-components.com\/fr\/wp-json\/wp\/v2\/media\/6788"}],"wp:attachment":[{"href":"https:\/\/fmp-components.com\/fr\/wp-json\/wp\/v2\/media?parent=6490"}],"wp:term":[{"taxonomy":"product_brand","embeddable":true,"href":"https:\/\/fmp-components.com\/fr\/wp-json\/wp\/v2\/product_brand?post=6490"},{"taxonomy":"product_cat","embeddable":true,"href":"https:\/\/fmp-components.com\/fr\/wp-json\/wp\/v2\/product_cat?post=6490"},{"taxonomy":"product_tag","embeddable":true,"href":"https:\/\/fmp-components.com\/fr\/wp-json\/wp\/v2\/product_tag?post=6490"}],"curies":[{"name":"wp","href":"https:\/\/api.w.org\/{rel}","templated":true}]}}