{"id":6488,"date":"2025-03-11T06:25:30","date_gmt":"2025-03-11T06:25:30","guid":{"rendered":"https:\/\/fmp-components.com\/product\/factory-provide-2-stage-small-hydraulic-cylinder-multistage-hydraulic-cylinder"},"modified":"2025-03-18T01:08:44","modified_gmt":"2025-03-18T01:08:44","slug":"factory-provide-2-stage-small-hydraulic-cylinder-multistage-hydraulic-cylinder","status":"publish","type":"product","link":"https:\/\/fmp-components.com\/fr\/product\/factory-provide-2-stage-small-hydraulic-cylinder-multistage-hydraulic-cylinder\/","title":{"rendered":"L&#039;usine fournit un petit v\u00e9rin hydraulique \u00e0 2 \u00e9tages et un v\u00e9rin hydraulique \u00e0 plusieurs \u00e9tages"},"content":{"rendered":"<h2>L&#039;usine fournit un petit v\u00e9rin hydraulique \u00e0 2 \u00e9tages et un v\u00e9rin hydraulique \u00e0 plusieurs \u00e9tages<\/h2>\n<p>D\u00e9couvrez notre v\u00e9rin hydraulique multicellulaire \u00e0 deux \u00e9tages, une nouveaut\u00e9 2025 propos\u00e9e par FMP. Ce v\u00e9rin innovant, con\u00e7u avec un corps en acier de haute qualit\u00e9, convient \u00e0 de nombreux secteurs d'activit\u00e9, notamment la r\u00e9paration de machines, l'agriculture, l'\u00e9nergie et les mines, la fabrication de machines et les usines de m\u00e9canique. Sa pouss\u00e9e maximale de 3\u00a0000 Nm et sa force de traction maximale de 20 tonnes garantissent d'excellentes performances m\u00eame sous haute pression.<\/p>\n<h3>Caract\u00e9ristiques et sp\u00e9cifications principales<\/h3>\n<p>Notre petit v\u00e9rin hydraulique \u00e0 deux \u00e9tages est un v\u00e9rin \u00e0 piston standard fonctionnant \u00e0 l'\u00e9nergie hydraulique. Il est certifi\u00e9 ISO 9001:2000, garantissant sa conformit\u00e9 aux normes de qualit\u00e9 internationales. Ses principales caract\u00e9ristiques sont les suivantes\u00a0:<\/p>\n<table style=\"width: 97.9314%; height: 179px;\" border=\"\">\n<tbody>\n<tr>\n<td colspan=\"\" rowspan=\"\"><i>Taille de l&#039;al\u00e9sage<\/i><\/td>\n<td colspan=\"\" rowspan=\"\">2 \u00e0 6 pouces<\/td>\n<\/tr>\n<tr>\n<td colspan=\"\" rowspan=\"\"><i>Taille de la tige<\/i><\/td>\n<td colspan=\"\" rowspan=\"\">1,125-4 pouces<\/td>\n<\/tr>\n<tr>\n<td colspan=\"\" rowspan=\"\"><i>Taille de la course<\/i><\/td>\n<td colspan=\"\" rowspan=\"\">4 \u00e0 100 pouces<\/td>\n<\/tr>\n<tr>\n<td colspan=\"\" rowspan=\"\"><i>Taille de la broche<\/i><\/td>\n<td colspan=\"\" rowspan=\"\">0,5 \u00e0 2 pouces<\/td>\n<\/tr>\n<tr>\n<td colspan=\"\" rowspan=\"\"><i>Ports<\/i><\/td>\n<td colspan=\"\" rowspan=\"\">G\/SAE\/NPT\/M<\/td>\n<\/tr>\n<\/tbody>\n<\/table>\n<h3>Avantages uniques<\/h3>\n<p>Ce v\u00e9rin hydraulique multicellulaire se distingue par ses performances exceptionnelles en mati\u00e8re d'\u00e9conomie d'\u00e9nergie, son rendement \u00e9lev\u00e9 et ses dispositifs de s\u00e9curit\u00e9 robustes. Con\u00e7u pour un fonctionnement fiable et fluide dans une large gamme d'applications, il constitue un atout pr\u00e9cieux pour vos machines. Sa conception permet une int\u00e9gration ais\u00e9e dans divers syst\u00e8mes, garantissant des performances accrues tout en minimisant la consommation d'\u00e9nergie. Ceci contribue non seulement \u00e0 la r\u00e9duction des co\u00fbts d'exploitation, mais soutient \u00e9galement les initiatives de d\u00e9veloppement durable en diminuant l'impact environnemental global. Capable de fonctionner dans des conditions exigeantes, ce v\u00e9rin hydraulique am\u00e9liore la fiabilit\u00e9 et l'efficacit\u00e9 de vos \u00e9quipements, devenant ainsi un composant essentiel \u00e0 vos op\u00e9rations.<\/p>\n<h3>Syst\u00e8mes hydrauliques et principe de fonctionnement<\/h3>\n<p>Notre v\u00e9rin hydraulique fonctionne selon les principes fondamentaux des syst\u00e8mes hydrauliques, o\u00f9 un fluide sous pression est utilis\u00e9 pour transf\u00e9rer l'\u00e9nergie et g\u00e9n\u00e9rer de la puissance. Ce processus repose sur le mouvement du fluide hydraulique \u00e0 l'int\u00e9rieur du v\u00e9rin, cr\u00e9ant une pression qui se traduit en mouvement m\u00e9canique. En exploitant la puissance de la dynamique des fluides, notre v\u00e9rin hydraulique garantit une puissance \u00e9lev\u00e9e, ce qui en fait un composant essentiel pour le fonctionnement des machines dans divers secteurs, notamment la construction, la fabrication et l'agriculture. L'efficacit\u00e9 de ce syst\u00e8me permet un contr\u00f4le pr\u00e9cis et une grande adaptabilit\u00e9, permettant aux op\u00e9rateurs de manipuler des charges importantes en toute s\u00e9curit\u00e9 et avec efficacit\u00e9.<\/p>\n<p><img loading=\"lazy\" decoding=\"async\" class=\"alignnone wp-image-6662\" src=\"https:\/\/fmp-components.com\/wp-content\/uploads\/2025\/03\/telescopic-hydraulic-cylinder-4.webp\" alt=\"v\u00e9rin hydraulique t\u00e9lescopique\" width=\"908\" height=\"908\" title=\"\" srcset=\"https:\/\/fmp-components.com\/wp-content\/uploads\/2025\/03\/telescopic-hydraulic-cylinder-4.webp 908w, https:\/\/fmp-components.com\/wp-content\/uploads\/2025\/03\/telescopic-hydraulic-cylinder-4-480x480.webp 480w\" sizes=\"(min-width: 0px) and (max-width: 480px) 480px, (min-width: 481px) 908px, 100vw\" \/><\/p>\n<h3>V\u00e9rins hydrauliques et groupes motopropulseurs<\/h3>\n<p>Les v\u00e9rins et les centrales hydrauliques sont des composants essentiels de tout syst\u00e8me hydraulique, fonctionnant de concert pour garantir des performances optimales. Le v\u00e9rin hydraulique, agissant comme actionneur, convertit l'\u00e9nergie hydraulique en mouvement m\u00e9canique, transformant ainsi la pression en force. La centrale hydraulique, quant \u00e0 elle, constitue le c\u0153ur du syst\u00e8me, fournissant l'\u00e9nergie et les signaux de commande n\u00e9cessaires \u00e0 son fonctionnement. Cette synergie entre le v\u00e9rin et la centrale hydraulique permet une large application de la technologie hydraulique dans le secteur industriel, offrant une alimentation et une commande fiables pour une grande vari\u00e9t\u00e9 d'\u00e9quipements m\u00e9caniques et d'ing\u00e9nierie.<\/p>\n<p>La coordination de ces deux composants est essentielle au bon fonctionnement du syst\u00e8me hydraulique, garantissant ainsi l'ex\u00e9cution efficace des t\u00e2ches exigeant des levages lourds et des mouvements pr\u00e9cis. Chez FMP, nous fabriquons des v\u00e9rins hydrauliques de haute qualit\u00e9 et proposons une gamme compl\u00e8te de centrales hydrauliques, offrant des solutions compl\u00e8tes pour vos besoins. Notre engagement envers la qualit\u00e9 et la performance vous assure de pouvoir compter sur nous pour tous vos besoins en syst\u00e8mes hydrauliques, permettant ainsi \u00e0 votre entreprise d'atteindre ses objectifs op\u00e9rationnels en toute confiance.<\/p>\n<h2>Questions fr\u00e9quemment pos\u00e9es<\/h2>\n<p>Q : \u00cates-vous une soci\u00e9t\u00e9 commerciale ou un fabricant ?<br \/>\nA: Nous sommes une usine, plus pr\u00e9cis\u00e9ment un fabricant.<br \/>\nQ : Quel est votre d\u00e9lai de livraison ?<br \/>\nA: Notre d\u00e9lai de livraison habituel est de 25 \u00e0 35 jours.<br \/>\nQ : Pouvez-vous produire selon les \u00e9chantillons ?<br \/>\nR : Oui, nous pouvons produire \u00e0 partir de vos \u00e9chantillons ou de vos dessins techniques. Nous pouvons fabriquer les moules et les outillages.<\/p>\n<p><img loading=\"lazy\" decoding=\"async\" class=\"alignnone wp-image-6663\" src=\"https:\/\/fmp-components.com\/wp-content\/uploads\/2025\/03\/telescopic-hydraulic-cylinder-11.webp\" alt=\"v\u00e9rin hydraulique t\u00e9lescopique\" width=\"949\" height=\"949\" title=\"\" srcset=\"https:\/\/fmp-components.com\/wp-content\/uploads\/2025\/03\/telescopic-hydraulic-cylinder-11.webp 949w, https:\/\/fmp-components.com\/wp-content\/uploads\/2025\/03\/telescopic-hydraulic-cylinder-11-480x480.webp 480w\" sizes=\"(min-width: 0px) and (max-width: 480px) 480px, (min-width: 481px) 949px, 100vw\" \/><\/p>\n<h3>\u00c0 propos de FMP<\/h3>\n<p>FMP est un fabricant italien de premier plan, reconnu pour son expertise dans la conception, le d\u00e9veloppement et la production de v\u00e9rins hydrauliques de haute qualit\u00e9. Forts d'un riche h\u00e9ritage b\u00e2ti au fil des d\u00e9cennies, nous allions harmonieusement savoir-faire italien et technologie de pointe pour proposer des solutions hydrauliques exceptionnelles, adapt\u00e9es aux besoins vari\u00e9s de nos clients internationaux. Implant\u00e9e en Italie, p\u00f4le d'excellence en ing\u00e9nierie, FMP s'est impos\u00e9e comme un leader reconnu du secteur hydraulique, s'engageant \u00e0 fournir des produits fiables, durables et innovants qui dynamisent les entreprises du monde entier.<\/p>\n<p>Nous allions tradition de fabrication avanc\u00e9e et vision progressiste. Forte de nombreuses ann\u00e9es d'exp\u00e9rience dans les syst\u00e8mes hydrauliques, FMP est devenue une entreprise moderne, excellant en recherche, conception et production. Notre sp\u00e9cialisation englobe une large gamme de v\u00e9rins hydrauliques, notamment des v\u00e9rins \u00e0 double effet, des v\u00e9rins de levage pour automobiles et pour machines agricoles, ainsi que des solutions sur mesure pour diverses applications industrielles. Qu'ils soient destin\u00e9s \u00e0 la construction, aux installations industrielles, \u00e0 l'agriculture ou aux machines lourdes, nos v\u00e9rins hydrauliques sont con\u00e7us pour fonctionner dans les conditions les plus exigeantes, garantissant s\u00e9curit\u00e9, efficacit\u00e9 et long\u00e9vit\u00e9.<\/p>\n<p><img loading=\"lazy\" decoding=\"async\" class=\"alignnone size-full wp-image-6720\" src=\"https:\/\/fmp-components.com\/wp-content\/uploads\/2025\/03\/hydraulic-cylinder-8.webp\" alt=\"V\u00e9rins hydrauliques t\u00e9lescopiques\" width=\"933\" height=\"526\" title=\"\" srcset=\"https:\/\/fmp-components.com\/wp-content\/uploads\/2025\/03\/hydraulic-cylinder-8.webp 933w, https:\/\/fmp-components.com\/wp-content\/uploads\/2025\/03\/hydraulic-cylinder-8-480x271.webp 480w\" sizes=\"(min-width: 0px) and (max-width: 480px) 480px, (min-width: 481px) 933px, 100vw\" \/><\/p>\n<p>Chez FMP, nous sommes fiers de nos installations de production de pointe, \u00e9quip\u00e9es de machines de pr\u00e9cision et de syst\u00e8mes de test avanc\u00e9s. Nos processus de fabrication sont conformes aux normes nationales et internationales les plus strictes, garantissant ainsi la qualit\u00e9 et la fiabilit\u00e9 optimales de chaque v\u00e9rin hydraulique produit. Notre \u00e9quipe technique qualifi\u00e9e, associ\u00e9e \u00e0 des \u00e9quipements de pointe, nous permet d'assurer un contr\u00f4le qualit\u00e9 rigoureux \u00e0 chaque \u00e9tape de la production, de la s\u00e9lection des mati\u00e8res premi\u00e8res au contr\u00f4le final. Cet engagement envers l'excellence nous a valu des certifications et la reconnaissance des autorit\u00e9s du secteur, consolidant ainsi notre r\u00e9putation de partenaire fiable.<\/p>\n<p>Notre mission est simple et ambitieuse\u00a0: fournir des v\u00e9rins hydrauliques qui surpassent les attentes en termes de performance, de durabilit\u00e9 et de rapport qualit\u00e9-prix. Nous adh\u00e9rons aux principes de professionnalisme, d'int\u00e9grit\u00e9 et d'orientation client. En favorisant une culture d'innovation et de pr\u00e9cision, nous perfectionnons continuellement nos produits pour rester comp\u00e9titifs sur le march\u00e9. Notre vaste gamme de produits et notre capacit\u00e9 \u00e0 proposer des solutions sur mesure font de nous le choix privil\u00e9gi\u00e9 des entreprises \u00e0 la recherche de v\u00e9rins hydrauliques hautes performances.<\/p>\n<p>FMP est plus qu'un simple fabricant\u00a0; nous sommes le partenaire de votre r\u00e9ussite. Nous savons que nos clients comptent sur nous pour des outils qui am\u00e9liorent leur productivit\u00e9 et leur s\u00e9curit\u00e9. C'est pourquoi nous nous engageons \u00e0 fournir non seulement des produits de qualit\u00e9 sup\u00e9rieure, mais aussi un service exceptionnel. De la consultation initiale au service apr\u00e8s-vente, nous collaborons \u00e9troitement avec nos clients pour r\u00e9pondre \u00e0 leurs besoins avec professionnalisme et attention. Nos prix comp\u00e9titifs, combin\u00e9s \u00e0 notre engagement ind\u00e9fectible envers la qualit\u00e9, font de FMP le choix id\u00e9al pour les entreprises en qu\u00eate de solutions hydrauliques fiables.<\/p>","protected":false},"excerpt":{"rendered":"<p>Factory provide 2 Stage Small Hydraulic Cylinder Multistage Hydraulic Cylinder Introducing our 2 Stage Small Hydraulic Cylinder Multistage Hydraulic Cylinder, a new product for 2025 brought to you by FMP. This innovative piece of machinery, designed with the highest quality steel body material, is suitable for various industries including Machinery Repair Shops, Farms, Energy &amp; [&hellip;]<\/p>","protected":false},"featured_media":6672,"comment_status":"closed","ping_status":"closed","template":"","meta":{"_et_pb_use_builder":"","_et_pb_old_content":"","_et_gb_content_width":""},"product_brand":[],"product_cat":[103],"product_tag":[34,105],"class_list":{"0":"post-6488","1":"product","2":"type-product","3":"status-publish","4":"has-post-thumbnail","6":"product_cat-telescopic-hydraulic-cylinders","7":"product_tag-hydraulic-cylinder","8":"product_tag-telescopic-hydraulic-cylinders","10":"first","11":"instock","12":"product-type-simple"},"_links":{"self":[{"href":"https:\/\/fmp-components.com\/fr\/wp-json\/wp\/v2\/product\/6488","targetHints":{"allow":["GET"]}}],"collection":[{"href":"https:\/\/fmp-components.com\/fr\/wp-json\/wp\/v2\/product"}],"about":[{"href":"https:\/\/fmp-components.com\/fr\/wp-json\/wp\/v2\/types\/product"}],"replies":[{"embeddable":true,"href":"https:\/\/fmp-components.com\/fr\/wp-json\/wp\/v2\/comments?post=6488"}],"wp:featuredmedia":[{"embeddable":true,"href":"https:\/\/fmp-components.com\/fr\/wp-json\/wp\/v2\/media\/6672"}],"wp:attachment":[{"href":"https:\/\/fmp-components.com\/fr\/wp-json\/wp\/v2\/media?parent=6488"}],"wp:term":[{"taxonomy":"product_brand","embeddable":true,"href":"https:\/\/fmp-components.com\/fr\/wp-json\/wp\/v2\/product_brand?post=6488"},{"taxonomy":"product_cat","embeddable":true,"href":"https:\/\/fmp-components.com\/fr\/wp-json\/wp\/v2\/product_cat?post=6488"},{"taxonomy":"product_tag","embeddable":true,"href":"https:\/\/fmp-components.com\/fr\/wp-json\/wp\/v2\/product_tag?post=6488"}],"curies":[{"name":"wp","href":"https:\/\/api.w.org\/{rel}","templated":true}]}}