{"id":6427,"date":"2025-03-10T06:45:29","date_gmt":"2025-03-10T06:45:29","guid":{"rendered":"https:\/\/fmp-components.com\/?post_type=product&#038;p=6427"},"modified":"2025-03-10T06:45:29","modified_gmt":"2025-03-10T06:45:29","slug":"gicl-series-gear-couplings","status":"publish","type":"product","link":"https:\/\/fmp-components.com\/fr\/product\/gicl-series-gear-couplings\/","title":{"rendered":"Accouplements \u00e0 engrenages s\u00e9rie GICL"},"content":{"rendered":"<h2>Les accouplements \u00e0 engrenages de type GICL<\/h2>\n<p>L'accouplement \u00e0 engrenages de type GICL convient \u00e0 la connexion de deux s\u00e9ries d'arbres coaxiaux horizontaux et pr\u00e9sente une certaine performance compensatoire pour un d\u00e9calage relatif de deux axes.<\/p>\n<h3>Sch\u00e9ma structurel de l'accouplement \u00e0 engrenages de type GICL1-GICL30<\/h3>\n<table style=\"width: 100%;\" border=\"1\" width=\"100%\" cellspacing=\"0\" cellpadding=\"0\">\n<tbody>\n<tr style=\"height: 14.40pt;\">\n<td class=\"et2\" style=\"height: 14.40pt; width: 48.00pt;\" width=\"80\" height=\"24\"><img loading=\"lazy\" decoding=\"async\" class=\"alignnone size-full wp-image-6436\" src=\"https:\/\/fmp-components.com\/wp-content\/uploads\/2025\/03\/gear-coupling-1.webp\" alt=\"Accouplement \u00e0 engrenages\" width=\"421\" height=\"217\" title=\"\" srcset=\"https:\/\/fmp-components.com\/wp-content\/uploads\/2025\/03\/gear-coupling-1.webp 421w, https:\/\/fmp-components.com\/wp-content\/uploads\/2025\/03\/gear-coupling-1-300x155.webp 300w, https:\/\/fmp-components.com\/wp-content\/uploads\/2025\/03\/gear-coupling-1-18x9.webp 18w\" sizes=\"(max-width: 421px) 100vw, 421px\" \/><\/td>\n<td class=\"et3\" style=\"width: 48.00pt;\" align=\"right\" width=\"80\"><img loading=\"lazy\" decoding=\"async\" class=\"alignnone size-full wp-image-6437\" src=\"https:\/\/fmp-components.com\/wp-content\/uploads\/2025\/03\/gear-coupling-2.webp\" alt=\"Accouplement \u00e0 engrenages\" width=\"455\" height=\"349\" title=\"\" srcset=\"https:\/\/fmp-components.com\/wp-content\/uploads\/2025\/03\/gear-coupling-2.webp 455w, https:\/\/fmp-components.com\/wp-content\/uploads\/2025\/03\/gear-coupling-2-300x230.webp 300w, https:\/\/fmp-components.com\/wp-content\/uploads\/2025\/03\/gear-coupling-2-16x12.webp 16w\" sizes=\"(max-width: 455px) 100vw, 455px\" \/><\/td>\n<\/tr>\n<\/tbody>\n<\/table>\n<h3>Dimensions de l'accouplement \u00e0 engrenages de type GICL1-GICL30<\/h3>\n<p><img loading=\"lazy\" decoding=\"async\" class=\"wp-image-6438 aligncenter\" src=\"https:\/\/fmp-components.com\/wp-content\/uploads\/2025\/03\/gear-coupling-3.webp\" alt=\"Accouplement \u00e0 engrenages\" width=\"928\" height=\"858\" title=\"\" srcset=\"https:\/\/fmp-components.com\/wp-content\/uploads\/2025\/03\/gear-coupling-3.webp 928w, https:\/\/fmp-components.com\/wp-content\/uploads\/2025\/03\/gear-coupling-3-480x444.webp 480w\" sizes=\"(min-width: 0px) and (max-width: 480px) 480px, (min-width: 481px) 928px, 100vw\" \/><\/p>\n<p><img loading=\"lazy\" decoding=\"async\" class=\"wp-image-6428 aligncenter\" src=\"https:\/\/fmp-components.com\/wp-content\/uploads\/2025\/03\/gear-coupling-4.webp\" alt=\"Accouplement \u00e0 engrenages\" width=\"928\" height=\"847\" title=\"\" srcset=\"https:\/\/fmp-components.com\/wp-content\/uploads\/2025\/03\/gear-coupling-4.webp 928w, https:\/\/fmp-components.com\/wp-content\/uploads\/2025\/03\/gear-coupling-4-480x438.webp 480w\" sizes=\"(min-width: 0px) and (max-width: 480px) 480px, (min-width: 481px) 928px, 100vw\" \/> <img loading=\"lazy\" decoding=\"async\" class=\"wp-image-6429 aligncenter\" src=\"https:\/\/fmp-components.com\/wp-content\/uploads\/2025\/03\/gear-coupling-5.webp\" alt=\"Accouplement \u00e0 engrenages\" width=\"925\" height=\"638\" title=\"\" srcset=\"https:\/\/fmp-components.com\/wp-content\/uploads\/2025\/03\/gear-coupling-5.webp 925w, https:\/\/fmp-components.com\/wp-content\/uploads\/2025\/03\/gear-coupling-5-480x331.webp 480w\" sizes=\"(min-width: 0px) and (max-width: 480px) 480px, (min-width: 481px) 925px, 100vw\" \/><\/p>\n<h2>Accouplements \u00e0 engrenages de type GICLZ<\/h2>\n<p>Si la distance entre les deux extr\u00e9mit\u00e9s d'arbre est trop importante, vous pouvez opter pour le type GICLZ. Le couple nominal est compris entre 800 et 3\u00a0200\u00a0000 Nm. La temp\u00e9rature ambiante de fonctionnement est comprise entre -20 et +80 \u00b0C.<\/p>\n<h3>La structure des accouplements \u00e0 engrenages de type GICLZ<\/h3>\n<table style=\"border-collapse: collapse; width: 97.5625%; height: 130px;\" border=\"0\" width=\"160\" cellspacing=\"0\" cellpadding=\"0\">\n<tbody>\n<tr style=\"height: 14.40pt;\">\n<td class=\"et2\" style=\"height: 14.4pt; width: 46.3227%;\" width=\"80\" height=\"24\"><img loading=\"lazy\" decoding=\"async\" class=\"alignnone size-full wp-image-6430\" src=\"https:\/\/fmp-components.com\/wp-content\/uploads\/2025\/03\/gear-coupling-6.webp\" alt=\"Accouplement \u00e0 engrenages\" width=\"463\" height=\"372\" title=\"\" srcset=\"https:\/\/fmp-components.com\/wp-content\/uploads\/2025\/03\/gear-coupling-6.webp 463w, https:\/\/fmp-components.com\/wp-content\/uploads\/2025\/03\/gear-coupling-6-300x241.webp 300w, https:\/\/fmp-components.com\/wp-content\/uploads\/2025\/03\/gear-coupling-6-15x12.webp 15w\" sizes=\"(max-width: 463px) 100vw, 463px\" \/><\/td>\n<td class=\"et3\" style=\"width: 53.5675%;\" align=\"right\" width=\"80\"><img loading=\"lazy\" decoding=\"async\" class=\"size-full wp-image-6431 aligncenter\" src=\"https:\/\/fmp-components.com\/wp-content\/uploads\/2025\/03\/gear-coupling-7.webp\" alt=\"Accouplement \u00e0 engrenages\" width=\"441\" height=\"335\" title=\"\" srcset=\"https:\/\/fmp-components.com\/wp-content\/uploads\/2025\/03\/gear-coupling-7.webp 441w, https:\/\/fmp-components.com\/wp-content\/uploads\/2025\/03\/gear-coupling-7-300x228.webp 300w, https:\/\/fmp-components.com\/wp-content\/uploads\/2025\/03\/gear-coupling-7-16x12.webp 16w\" sizes=\"(max-width: 441px) 100vw, 441px\" \/><\/p>\n<p style=\"text-align: center;\"><strong>Sch\u00e9ma de structure de l'accouplement \u00e0 engrenages de type GICLZ15 ~ GICLZ30<\/strong><\/p>\n<\/td>\n<\/tr>\n<\/tbody>\n<\/table>\n<h3>Dimensions des accouplements \u00e0 engrenages de type GICLZ<\/h3>\n<p><img loading=\"lazy\" decoding=\"async\" class=\"alignnone  wp-image-6432\" src=\"https:\/\/fmp-components.com\/wp-content\/uploads\/2025\/03\/gear-coupling-7-09.webp\" alt=\"Accouplement \u00e0 engrenages\" width=\"902\" height=\"969\" title=\"\" srcset=\"https:\/\/fmp-components.com\/wp-content\/uploads\/2025\/03\/gear-coupling-7-09.webp 902w, https:\/\/fmp-components.com\/wp-content\/uploads\/2025\/03\/gear-coupling-7-09-480x516.webp 480w\" sizes=\"(min-width: 0px) and (max-width: 480px) 480px, (min-width: 481px) 902px, 100vw\" \/> <img loading=\"lazy\" decoding=\"async\" class=\"wp-image-6433 aligncenter\" src=\"https:\/\/fmp-components.com\/wp-content\/uploads\/2025\/03\/gear-coupling-7-10.webp\" alt=\"Accouplement \u00e0 engrenages\" width=\"910\" height=\"850\" title=\"\" srcset=\"https:\/\/fmp-components.com\/wp-content\/uploads\/2025\/03\/gear-coupling-7-10.webp 910w, https:\/\/fmp-components.com\/wp-content\/uploads\/2025\/03\/gear-coupling-7-10-480x448.webp 480w\" sizes=\"(min-width: 0px) and (max-width: 480px) 480px, (min-width: 481px) 910px, 100vw\" \/> <img loading=\"lazy\" decoding=\"async\" class=\"wp-image-6434 aligncenter\" src=\"https:\/\/fmp-components.com\/wp-content\/uploads\/2025\/03\/gear-coupling-7-11.webp\" alt=\"Accouplement \u00e0 engrenages\" width=\"919\" height=\"510\" title=\"\" srcset=\"https:\/\/fmp-components.com\/wp-content\/uploads\/2025\/03\/gear-coupling-7-11.webp 919w, https:\/\/fmp-components.com\/wp-content\/uploads\/2025\/03\/gear-coupling-7-11-480x266.webp 480w\" sizes=\"(min-width: 0px) and (max-width: 480px) 480px, (min-width: 481px) 919px, 100vw\" \/><\/p>","protected":false},"excerpt":{"rendered":"<p>The Type GICL Gear Couplings Type GICL gear coupling is suitable for connecting two horizontal coaxial shaft series and having a certain compensatory performance for a relative offset of two axes. The Structural Diagram of Type GICL1-GICL30 Gear Coupling The Dimensions of Type GICL1-GICL30 Gear Coupling The Type GICLZ Gear Couplings If the distance between [&hellip;]<\/p>","protected":false},"featured_media":6435,"comment_status":"open","ping_status":"closed","template":"","meta":{"_et_pb_use_builder":"","_et_pb_old_content":"","_et_gb_content_width":""},"product_brand":[],"product_cat":[101],"product_tag":[],"class_list":{"0":"post-6427","1":"product","2":"type-product","3":"status-publish","4":"has-post-thumbnail","6":"product_cat-coupling","8":"first","9":"instock","10":"shipping-taxable","11":"product-type-simple"},"_links":{"self":[{"href":"https:\/\/fmp-components.com\/fr\/wp-json\/wp\/v2\/product\/6427","targetHints":{"allow":["GET"]}}],"collection":[{"href":"https:\/\/fmp-components.com\/fr\/wp-json\/wp\/v2\/product"}],"about":[{"href":"https:\/\/fmp-components.com\/fr\/wp-json\/wp\/v2\/types\/product"}],"replies":[{"embeddable":true,"href":"https:\/\/fmp-components.com\/fr\/wp-json\/wp\/v2\/comments?post=6427"}],"wp:featuredmedia":[{"embeddable":true,"href":"https:\/\/fmp-components.com\/fr\/wp-json\/wp\/v2\/media\/6435"}],"wp:attachment":[{"href":"https:\/\/fmp-components.com\/fr\/wp-json\/wp\/v2\/media?parent=6427"}],"wp:term":[{"taxonomy":"product_brand","embeddable":true,"href":"https:\/\/fmp-components.com\/fr\/wp-json\/wp\/v2\/product_brand?post=6427"},{"taxonomy":"product_cat","embeddable":true,"href":"https:\/\/fmp-components.com\/fr\/wp-json\/wp\/v2\/product_cat?post=6427"},{"taxonomy":"product_tag","embeddable":true,"href":"https:\/\/fmp-components.com\/fr\/wp-json\/wp\/v2\/product_tag?post=6427"}],"curies":[{"name":"wp","href":"https:\/\/api.w.org\/{rel}","templated":true}]}}