{"id":6416,"date":"2025-03-10T06:11:29","date_gmt":"2025-03-10T06:11:29","guid":{"rendered":"https:\/\/fmp-components.com\/?post_type=product&#038;p=6416"},"modified":"2025-03-10T06:22:50","modified_gmt":"2025-03-10T06:22:50","slug":"spacer-couplings","status":"publish","type":"product","link":"https:\/\/fmp-components.com\/fr\/product\/spacer-couplings\/","title":{"rendered":"Accouplements d&#039;espacement"},"content":{"rendered":"<p><img loading=\"lazy\" decoding=\"async\" class=\"alignnone size-full wp-image-6418\" src=\"https:\/\/fmp-components.com\/wp-content\/uploads\/2025\/03\/Spacer-Couplings-2.webp\" alt=\"Accouplement d&#039;espacement\" width=\"1002\" height=\"362\" title=\"\" srcset=\"https:\/\/fmp-components.com\/wp-content\/uploads\/2025\/03\/Spacer-Couplings-2.webp 1002w, https:\/\/fmp-components.com\/wp-content\/uploads\/2025\/03\/Spacer-Couplings-2-980x354.webp 980w, https:\/\/fmp-components.com\/wp-content\/uploads\/2025\/03\/Spacer-Couplings-2-480x173.webp 480w\" sizes=\"(min-width: 0px) and (max-width: 480px) 480px, (min-width: 481px) and (max-width: 980px) 980px, (min-width: 981px) 1002px, 100vw\" \/><\/p>\n<p><img loading=\"lazy\" decoding=\"async\" class=\"alignnone size-full wp-image-6417\" src=\"https:\/\/fmp-components.com\/wp-content\/uploads\/2025\/03\/Spacer-Couplings-3.webp\" alt=\"Accouplement d&#039;espacement\" width=\"915\" height=\"844\" title=\"\" srcset=\"https:\/\/fmp-components.com\/wp-content\/uploads\/2025\/03\/Spacer-Couplings-3.webp 915w, https:\/\/fmp-components.com\/wp-content\/uploads\/2025\/03\/Spacer-Couplings-3-480x443.webp 480w\" sizes=\"(min-width: 0px) and (max-width: 480px) 480px, (min-width: 481px) 915px, 100vw\" \/><\/p>\n<div class=\"dad65929\">\n<div class=\"f9bf7997 d7dc56a8 c05b5566\">\n<div class=\"ds-markdown ds-markdown--block\">\n<h3>Accouplement \u00e0 entretoise vs. Accouplement flexible<\/h3>\n<ol start=\"1\">\n<li><strong>Fonction principale<\/strong>:\n<ul>\n<li><strong>Accouplement d&#039;espacement<\/strong>Con\u00e7ue pour maintenir un \u00e9cart pr\u00e9cis entre deux arbres reli\u00e9s. Couramment utilis\u00e9e lorsque des \u00e9quipements (pompes, moteurs, etc.) ne peuvent \u00eatre positionn\u00e9s \u00e0 proximit\u00e9 l'un de l'autre. L'entretoise sert de composant rigide ou r\u00e9glable pour combler l'espace.<\/li>\n<li><strong>Accouplement flexible<\/strong>Ce syst\u00e8me est con\u00e7u pour compenser les d\u00e9fauts d'alignement (angulaires, parall\u00e8les ou axiaux) et absorber les vibrations et les chocs. Il permet le mouvement entre les arbres sans transmettre de contraintes excessives aux machines connect\u00e9es.<\/li>\n<\/ul>\n<\/li>\n<li><strong>Conception et flexibilit\u00e9<\/strong>:\n<ul>\n<li><strong>Accouplement d&#039;espacement<\/strong>:\n<ul>\n<li>Peut \u00eatre\u00a0<strong>rigide<\/strong>\u00a0(pour un alignement pr\u00e9cis dans des configurations fixes) ou\u00a0<strong>flexible<\/strong>\u00a0(combinant l'espacement et la tol\u00e9rance de d\u00e9salignement).<\/li>\n<li>On peut citer comme exemples les manchons d'espacement rigides ou les entretoises flexibles comportant des \u00e9l\u00e9ments \u00e9lastom\u00e8res.<\/li>\n<\/ul>\n<\/li>\n<li><strong>Accouplement flexible<\/strong>:\n<ul>\n<li>Privil\u00e9gie la flexibilit\u00e9 gr\u00e2ce \u00e0 des mat\u00e9riaux comme les \u00e9lastom\u00e8res (par exemple, le caoutchouc dans les accouplements \u00e0 m\u00e2choires) ou les \u00e9l\u00e9ments m\u00e9caniques (par exemple, les ressorts m\u00e9talliques dans les accouplements \u00e0 disques).<\/li>\n<li>Les types comprennent les accouplements \u00e0 m\u00e2choires, \u00e0 engrenages, \u00e0 disques et \u00e9lastom\u00e8res.<\/li>\n<\/ul>\n<\/li>\n<\/ul>\n<\/li>\n<li><strong>Applications<\/strong>:\n<ul>\n<li><strong>Accouplement d&#039;espacement<\/strong>:\n<ul>\n<li>Utilis\u00e9 dans des sc\u00e9narios n\u00e9cessitant un \u00e9cartement fixe des arbres, tels que les grandes machines industrielles, les syst\u00e8mes de propulsion marine ou les convoyeurs \u00e0 bande.<\/li>\n<\/ul>\n<\/li>\n<li><strong>Accouplement flexible<\/strong>:\n<ul>\n<li>Utilis\u00e9 dans les syst\u00e8mes pr\u00e9sentant une dilatation thermique, des vibrations ou un d\u00e9faut d'alignement pr\u00e9visibles, comme les transmissions automobiles, les syst\u00e8mes de climatisation ou les turbines.<\/li>\n<\/ul>\n<\/li>\n<\/ul>\n<\/li>\n<li><strong>Installation et maintenance<\/strong>:\n<ul>\n<li><strong>Accouplement d&#039;espacement<\/strong>:\n<ul>\n<li>L'installation requiert souvent un alignement pr\u00e9cis, notamment pour les mod\u00e8les rigides. La maintenance peut impliquer la v\u00e9rification de l'int\u00e9grit\u00e9 des entretoises.<\/li>\n<\/ul>\n<\/li>\n<li><strong>Accouplement flexible<\/strong>:\n<ul>\n<li>Tol\u00e8re de l\u00e9gers d\u00e9fauts d'alignement, facilitant ainsi l'installation. L'entretien se concentre sur l'usure des \u00e9l\u00e9ments flexibles (par exemple, le remplacement des inserts en caoutchouc).<\/li>\n<\/ul>\n<\/li>\n<\/ul>\n<\/li>\n<li><strong>Consid\u00e9rations relatives aux mat\u00e9riaux<\/strong>:\n<ul>\n<li><strong>Accouplement d&#039;espacement<\/strong>G\u00e9n\u00e9ralement m\u00e9talliques (acier, aluminium) pour une durabilit\u00e9 optimale et un maintien de la distance. Les variantes flexibles peuvent inclure des \u00e9lastom\u00e8res.<\/li>\n<li><strong>Accouplement flexible<\/strong>: Combine des m\u00e9taux avec des mat\u00e9riaux flexibles (caoutchouc, ur\u00e9thane) ou utilise des composants m\u00e9talliques flexibles (par exemple, des disques en acier inoxydable).<\/li>\n<\/ul>\n<\/li>\n<\/ol>\n<p>Certains accouplements combinent ces deux caract\u00e9ristiques (par exemple, les accouplements \u00e0 entretoise flexible), offrant \u00e0 la fois une solution pour l'espacement et la compensation des d\u00e9fauts d'alignement. Toutefois, leur fonction principale reste la m\u00eame\u00a0: espacement ou flexibilit\u00e9. Choisissez un accouplement \u00e0 entretoise lorsque la distance est un facteur critique et un accouplement flexible lorsque le mouvement ou le d\u00e9faut d'alignement est la principale pr\u00e9occupation.<\/p>\n<\/div>\n<\/div>\n<\/div>","protected":false},"excerpt":{"rendered":"<p>Spacer Coupling vs. Flexible Coupling Primary Function: Spacer Coupling: Designed to maintain a specific distance between two connected shafts. Commonly used when equipment (e.g., pumps, motors) cannot be positioned close together. The spacer acts as a rigid or adjustable component to bridge the gap. Flexible Coupling: Focuses on accommodating misalignment (angular, parallel, or axial) and [&hellip;]<\/p>","protected":false},"featured_media":6419,"comment_status":"open","ping_status":"closed","template":"","meta":{"_et_pb_use_builder":"","_et_pb_old_content":"","_et_gb_content_width":""},"product_brand":[],"product_cat":[101],"product_tag":[],"class_list":{"0":"post-6416","1":"product","2":"type-product","3":"status-publish","4":"has-post-thumbnail","6":"product_cat-coupling","8":"first","9":"instock","10":"shipping-taxable","11":"product-type-simple"},"_links":{"self":[{"href":"https:\/\/fmp-components.com\/fr\/wp-json\/wp\/v2\/product\/6416","targetHints":{"allow":["GET"]}}],"collection":[{"href":"https:\/\/fmp-components.com\/fr\/wp-json\/wp\/v2\/product"}],"about":[{"href":"https:\/\/fmp-components.com\/fr\/wp-json\/wp\/v2\/types\/product"}],"replies":[{"embeddable":true,"href":"https:\/\/fmp-components.com\/fr\/wp-json\/wp\/v2\/comments?post=6416"}],"wp:featuredmedia":[{"embeddable":true,"href":"https:\/\/fmp-components.com\/fr\/wp-json\/wp\/v2\/media\/6419"}],"wp:attachment":[{"href":"https:\/\/fmp-components.com\/fr\/wp-json\/wp\/v2\/media?parent=6416"}],"wp:term":[{"taxonomy":"product_brand","embeddable":true,"href":"https:\/\/fmp-components.com\/fr\/wp-json\/wp\/v2\/product_brand?post=6416"},{"taxonomy":"product_cat","embeddable":true,"href":"https:\/\/fmp-components.com\/fr\/wp-json\/wp\/v2\/product_cat?post=6416"},{"taxonomy":"product_tag","embeddable":true,"href":"https:\/\/fmp-components.com\/fr\/wp-json\/wp\/v2\/product_tag?post=6416"}],"curies":[{"name":"wp","href":"https:\/\/api.w.org\/{rel}","templated":true}]}}