{"id":6409,"date":"2025-03-10T05:58:14","date_gmt":"2025-03-10T05:58:14","guid":{"rendered":"https:\/\/fmp-components.com\/?post_type=product&#038;p=6409"},"modified":"2025-03-10T05:58:16","modified_gmt":"2025-03-10T05:58:16","slug":"rigid-couplings","status":"publish","type":"product","link":"https:\/\/fmp-components.com\/fr\/product\/rigid-couplings\/","title":{"rendered":"Accouplements rigides"},"content":{"rendered":"<h2>Sp\u00e9cifications des accouplements rigides<\/h2>\n<p><img loading=\"lazy\" decoding=\"async\" class=\"alignnone size-full wp-image-6411\" src=\"https:\/\/fmp-components.com\/wp-content\/uploads\/2025\/03\/rigid-coupling-1.webp\" alt=\"accouplement rigide\" width=\"879\" height=\"698\" title=\"\" srcset=\"https:\/\/fmp-components.com\/wp-content\/uploads\/2025\/03\/rigid-coupling-1.webp 879w, https:\/\/fmp-components.com\/wp-content\/uploads\/2025\/03\/rigid-coupling-1-480x381.webp 480w\" sizes=\"(min-width: 0px) and (max-width: 480px) 480px, (min-width: 481px) 879px, 100vw\" \/><\/p>\n<h2>Caract\u00e9ristiques des accouplements rigides<\/h2>\n<ul>\n<li>L\u00e9ger, inertie ultra-faible et haute sensibilit\u00e9<\/li>\n<li>Sans entretien, super r\u00e9sistance \u00e0 l'huile et \u00e0 la corrosion<\/li>\n<li>mat\u00e9riaux en alliage d'aluminium et en acier inoxydable<\/li>\n<li>Indiquez le type de boulon de fixation, le type de clip et le type de s\u00e9paration.<\/li>\n<li>Des mod\u00e8les avec des diam\u00e8tres de trous diff\u00e9rents aux deux extr\u00e9mit\u00e9s sont \u00e9galement disponibles en stock.<\/li>\n<\/ul>\n<h2>Avantages et inconv\u00e9nients des accouplements rigides<\/h2>\n<p><strong>Avantages des accouplements rigides<\/strong><br \/>\nLes accouplements rigides sont largement utilis\u00e9s dans les applications \u00e0 basse vitesse et sans impact, o\u00f9 les arbres pr\u00e9sentent une rigidit\u00e9 \u00e9lev\u00e9e et un alignement pr\u00e9cis gr\u00e2ce \u00e0 leur conception simple, leur rentabilit\u00e9 et leur capacit\u00e9 \u00e0 transmettre un couple important. Un exemple courant est le\u00a0<strong>bride d'accouplement<\/strong>Il est constitu\u00e9 de deux disques \u00e0 brides reli\u00e9s par des boulons. Chaque disque est mont\u00e9 sur un arbre par un joint clavet\u00e9, permettant la transmission du couple et du mouvement entre les deux arbres.<\/p>\n<p>Les principaux avantages des raccords \u00e0 brides sont les suivants\u00a0:<\/p>\n<ol start=\"1\">\n<li><strong>Simplicit\u00e9 et accessibilit\u00e9<\/strong>Facile \u00e0 fabriquer, \u00e0 installer et \u00e0 entretenir, avec des co\u00fbts de production faibles.<\/li>\n<li><strong>Capacit\u00e9 de couple \u00e9lev\u00e9e<\/strong>Capable de transmettre un couple important de mani\u00e8re fiable.<\/li>\n<li><strong>Alignement pr\u00e9cis<\/strong>: Assure un alignement pr\u00e9cis des arbres, ce qui les rend id\u00e9aux pour les applications \u00e0 grande vitesse ou les syst\u00e8mes exigeant une pr\u00e9cision de transmission stricte.<\/li>\n<li><strong>Durabilit\u00e9<\/strong>Sa construction robuste minimise l'usure dans des conditions de charge stables.<\/li>\n<\/ol>\n<p>Cependant, les accouplements rigides ne comportent aucune compensation radiale, axiale ou angulaire. Un d\u00e9faut d'alignement de l'arbre en fonctionnement peut entra\u00eener une baisse de rendement, une usure acc\u00e9l\u00e9r\u00e9e, ainsi qu'une augmentation des vibrations et du bruit. Pour r\u00e9pondre aux exigences de couple, les accouplements \u00e0 brides peuvent utiliser des boulons \u00e0 al\u00e9sage pour la totalit\u00e9 ou la moiti\u00e9 des fixations, les boulons restants \u00e9tant standard.<\/p>\n<p><strong>Inconv\u00e9nients des accouplements rigides<\/strong><br \/>\nLe principal inconv\u00e9nient des accouplements rigides, tels que les accouplements \u00e0 brides, est leur\u00a0<strong>Exigence stricte d'alignement pr\u00e9cis de l'arbre<\/strong>Tout d\u00e9calage relatif entre les arbres induit des contraintes suppl\u00e9mentaires sur les composants connect\u00e9s, ce qui d\u00e9grade les conditions de fonctionnement. Cette limitation les rend inadapt\u00e9s aux syst\u00e8mes pr\u00e9sentant des risques de d\u00e9salignement, des charges dynamiques ou des besoins d'absorption des chocs.<\/p>\n<p>En r\u00e9sum\u00e9, bien que les accouplements rigides excellent en termes de simplicit\u00e9 et de transmission du couple pour les arbres bien align\u00e9s, leur incapacit\u00e9 \u00e0 compenser les d\u00e9fauts d'alignement limite leur utilisation dans les syst\u00e8mes plus dynamiques ou flexibles.<\/p>\n<p>&nbsp;<\/p>","protected":false},"excerpt":{"rendered":"<p>Specifications of Rigid Couplings Rigid Couplings Features Lightweight, ultra-low inertia, and high sensitivity Maintenance-free, super oil and corrosion resistance Aluminum alloy and stainless steel materials Provide fastening bolt type, clip type and separation type Models with different hole sizes at both ends are also available in stock Advantages and Disadvantages of Rigid Couplings Advantages of [&hellip;]<\/p>","protected":false},"featured_media":6410,"comment_status":"open","ping_status":"closed","template":"","meta":{"_et_pb_use_builder":"","_et_pb_old_content":"","_et_gb_content_width":""},"product_brand":[],"product_cat":[101],"product_tag":[],"class_list":{"0":"post-6409","1":"product","2":"type-product","3":"status-publish","4":"has-post-thumbnail","6":"product_cat-coupling","8":"first","9":"instock","10":"shipping-taxable","11":"product-type-simple"},"_links":{"self":[{"href":"https:\/\/fmp-components.com\/fr\/wp-json\/wp\/v2\/product\/6409","targetHints":{"allow":["GET"]}}],"collection":[{"href":"https:\/\/fmp-components.com\/fr\/wp-json\/wp\/v2\/product"}],"about":[{"href":"https:\/\/fmp-components.com\/fr\/wp-json\/wp\/v2\/types\/product"}],"replies":[{"embeddable":true,"href":"https:\/\/fmp-components.com\/fr\/wp-json\/wp\/v2\/comments?post=6409"}],"wp:featuredmedia":[{"embeddable":true,"href":"https:\/\/fmp-components.com\/fr\/wp-json\/wp\/v2\/media\/6410"}],"wp:attachment":[{"href":"https:\/\/fmp-components.com\/fr\/wp-json\/wp\/v2\/media?parent=6409"}],"wp:term":[{"taxonomy":"product_brand","embeddable":true,"href":"https:\/\/fmp-components.com\/fr\/wp-json\/wp\/v2\/product_brand?post=6409"},{"taxonomy":"product_cat","embeddable":true,"href":"https:\/\/fmp-components.com\/fr\/wp-json\/wp\/v2\/product_cat?post=6409"},{"taxonomy":"product_tag","embeddable":true,"href":"https:\/\/fmp-components.com\/fr\/wp-json\/wp\/v2\/product_tag?post=6409"}],"curies":[{"name":"wp","href":"https:\/\/api.w.org\/{rel}","templated":true}]}}