{"id":6408,"date":"2025-03-10T05:49:58","date_gmt":"2025-03-10T05:49:58","guid":{"rendered":"https:\/\/fmp-components.com\/?post_type=product&#038;p=6408"},"modified":"2025-03-10T05:49:59","modified_gmt":"2025-03-10T05:49:59","slug":"flexible-couplings","status":"publish","type":"product","link":"https:\/\/fmp-components.com\/fr\/product\/flexible-couplings\/","title":{"rendered":"Accouplements flexibles"},"content":{"rendered":"<p>Un accouplement flexible est un dispositif m\u00e9canique con\u00e7u pour relier deux arbres rotatifs tout en compensant le d\u00e9salignement, en absorbant les chocs et les vibrations et en transmettant le couple entre eux. Il est largement utilis\u00e9 dans les machines o\u00f9 un alignement parfait des arbres est impossible ou o\u00f9 les forces dynamiques (par exemple, la dilatation thermique et les vibrations) doivent \u00eatre att\u00e9nu\u00e9es. Voici une pr\u00e9sentation d\u00e9taill\u00e9e des accouplements flexibles\u00a0:<\/p>\n<h3>Caract\u00e9ristiques principales<\/h3>\n<ol start=\"1\">\n<li><strong>Compensation de d\u00e9salignement<\/strong>:\n<ul>\n<li><strong>D\u00e9salignement angulaire, parall\u00e8le et axial<\/strong>:Les accouplements flexibles tol\u00e8rent un d\u00e9placement angulaire, parall\u00e8le (d\u00e9cal\u00e9) ou axial mineur entre les arbres.<\/li>\n<li><strong>Types de flexibilit\u00e9<\/strong>:R\u00e9alis\u00e9 \u00e0 l'aide d'\u00e9l\u00e9ments \u00e9lastom\u00e8res, de composants m\u00e9talliques flexibles (par exemple, soufflets, poutres) ou de joints m\u00e9caniques (par exemple, joints universels).<\/li>\n<\/ul>\n<\/li>\n<li><strong>Amortissement des vibrations et des chocs<\/strong>:\n<ul>\n<li>R\u00e9duit la transmission des vibrations des moteurs, des moteurs ou des charges in\u00e9gales aux \u00e9quipements connect\u00e9s.<\/li>\n<li>Les accouplements \u00e9lastom\u00e8res (caoutchouc\/polyur\u00e9thane) excellent dans l'amortissement des vibrations \u00e0 haute fr\u00e9quence.<\/li>\n<\/ul>\n<\/li>\n<li><strong>Transmission de couple<\/strong>:\n<ul>\n<li>Transf\u00e8re efficacement la puissance de rotation tout en prot\u00e9geant les machines contre les surcharges (certaines conceptions incluent des fonctions de limitation de couple).<\/li>\n<\/ul>\n<\/li>\n<li><strong>Isolation \u00e9lectrique<\/strong>:\n<ul>\n<li>Certains accouplements (par exemple, les types \u00e9lastom\u00e8res non m\u00e9talliques) emp\u00eachent la corrosion galvanique en isolant \u00e9lectriquement des m\u00e9taux diff\u00e9rents.<\/li>\n<\/ul>\n<\/li>\n<li><strong>Sans entretien ou n\u00e9cessitant peu d'entretien<\/strong>:\n<ul>\n<li>De nombreux accouplements flexibles modernes ne n\u00e9cessitent aucune lubrification et ont une longue dur\u00e9e de vie.<\/li>\n<\/ul>\n<\/li>\n<\/ol>\n<p><img loading=\"lazy\" decoding=\"async\" class=\"alignnone size-full wp-image-6398\" src=\"https:\/\/fmp-components.com\/wp-content\/uploads\/2025\/03\/flexible-coupling-1.webp\" alt=\"Accouplement flexible\" width=\"911\" height=\"349\" title=\"\" srcset=\"https:\/\/fmp-components.com\/wp-content\/uploads\/2025\/03\/flexible-coupling-1.webp 911w, https:\/\/fmp-components.com\/wp-content\/uploads\/2025\/03\/flexible-coupling-1-480x184.webp 480w\" sizes=\"(min-width: 0px) and (max-width: 480px) 480px, (min-width: 481px) 911px, 100vw\" \/><\/p>\n<p><img loading=\"lazy\" decoding=\"async\" class=\"wp-image-6399 aligncenter\" src=\"https:\/\/fmp-components.com\/wp-content\/uploads\/2025\/03\/flexible-coupling-2.webp\" alt=\"accouplement flexible\" width=\"872\" height=\"938\" title=\"\" srcset=\"https:\/\/fmp-components.com\/wp-content\/uploads\/2025\/03\/flexible-coupling-2.webp 872w, https:\/\/fmp-components.com\/wp-content\/uploads\/2025\/03\/flexible-coupling-2-480x516.webp 480w\" sizes=\"(min-width: 0px) and (max-width: 480px) 480px, (min-width: 481px) 872px, 100vw\" \/><\/p>","protected":false},"excerpt":{"rendered":"<p>Un accouplement flexible est un dispositif m\u00e9canique con\u00e7u pour relier deux arbres rotatifs tout en compensant le d\u00e9salignement, en absorbant les chocs et les vibrations et en transmettant le couple entre eux. Il est largement utilis\u00e9 dans les machines o\u00f9 un alignement parfait des arbres est impossible ou lorsque les forces dynamiques (par exemple, la dilatation thermique, les vibrations) doivent \u00eatre att\u00e9nu\u00e9es. Voici une pr\u00e9sentation d\u00e9taill\u00e9e des accouplements flexibles\u00a0: Principales caract\u00e9ristiques\u00a0: D\u00e9salignement [\u2026]<\/p>","protected":false},"featured_media":6400,"comment_status":"open","ping_status":"closed","template":"","meta":{"_et_pb_use_builder":"","_et_pb_old_content":"","_et_gb_content_width":""},"product_brand":[],"product_cat":[101],"product_tag":[],"class_list":{"0":"post-6408","1":"product","2":"type-product","3":"status-publish","4":"has-post-thumbnail","6":"product_cat-coupling","8":"first","9":"instock","10":"shipping-taxable","11":"product-type-simple"},"_links":{"self":[{"href":"https:\/\/fmp-components.com\/fr\/wp-json\/wp\/v2\/product\/6408","targetHints":{"allow":["GET"]}}],"collection":[{"href":"https:\/\/fmp-components.com\/fr\/wp-json\/wp\/v2\/product"}],"about":[{"href":"https:\/\/fmp-components.com\/fr\/wp-json\/wp\/v2\/types\/product"}],"replies":[{"embeddable":true,"href":"https:\/\/fmp-components.com\/fr\/wp-json\/wp\/v2\/comments?post=6408"}],"wp:featuredmedia":[{"embeddable":true,"href":"https:\/\/fmp-components.com\/fr\/wp-json\/wp\/v2\/media\/6400"}],"wp:attachment":[{"href":"https:\/\/fmp-components.com\/fr\/wp-json\/wp\/v2\/media?parent=6408"}],"wp:term":[{"taxonomy":"product_brand","embeddable":true,"href":"https:\/\/fmp-components.com\/fr\/wp-json\/wp\/v2\/product_brand?post=6408"},{"taxonomy":"product_cat","embeddable":true,"href":"https:\/\/fmp-components.com\/fr\/wp-json\/wp\/v2\/product_cat?post=6408"},{"taxonomy":"product_tag","embeddable":true,"href":"https:\/\/fmp-components.com\/fr\/wp-json\/wp\/v2\/product_tag?post=6408"}],"curies":[{"name":"wp","href":"https:\/\/api.w.org\/{rel}","templated":true}]}}